{"id":3386,"date":"2025-05-15T14:17:15","date_gmt":"2025-05-15T06:17:15","guid":{"rendered":"https:\/\/www.ruiqigo.com\/?post_type=product&#038;p=3386"},"modified":"2025-05-15T14:17:15","modified_gmt":"2025-05-15T06:17:15","slug":"dark-circle-eye-cream","status":"publish","type":"product","link":"https:\/\/www.ruiqigo.com\/pt_pt\/product\/dark-circle-eye-cream","title":{"rendered":"Creme para olheiras"},"content":{"rendered":"<h2 class=\"wp-block-heading\">F\u00f3rmulas comuns de fabrica\u00e7\u00e3o de cremes para olheiras<\/h2>\n\n\n\n<p>A 3TOP \u00e9 uma fabricante profissional de cremes para olheiras. Utilizamos ingredientes seguros, suaves e altamente ativos, especialmente desenvolvidos para reduzir olheiras, clarear o tom da pele e melhorar as bolsas oculares. Repara a pele ao redor dos olhos, tratando problemas como pigmenta\u00e7\u00e3o e m\u00e1 circula\u00e7\u00e3o sangu\u00ednea, e melhora o brilho e a firmeza.<\/p>\n\n\n\n<p>1. <strong>Niacinamida: <\/strong>Sendo a forma ativa da vitamina B3, a niacinamida pode inibir o transporte de melanina, clarear olheiras pigmentadas e fortalecer a barreira cut\u00e2nea. O uso prolongado pode clarear a pele ao redor dos olhos e melhorar a textura geral da pele.<\/p>\n\n\n\n<p>2. <strong>Cafe\u00edna:<\/strong> A cafe\u00edna pode promover a circula\u00e7\u00e3o sangu\u00ednea ao redor dos olhos e reduzir o edema, o que pode melhorar eficazmente as olheiras vasculares. Tamb\u00e9m pode melhorar o metabolismo celular, ajudar a clarear a pele opaca e dar aos olhos uma apar\u00eancia mais energ\u00e9tica.<\/p>\n\n\n\n<p>3. <strong>Derivados da vitamina C: <\/strong>Os derivados da vitamina C podem clarear suavemente a pele ao redor dos olhos, promover a s\u00edntese de col\u00e1geno enquanto resistem \u00e0 oxida\u00e7\u00e3o, melhorar a opacidade e a fadiga e aumentar o brilho da pele.<\/p>\n\n\n\n<p>4. <strong>Tetrapept\u00eddeos:<\/strong> Os tetrapept\u00eddeos podem estimular a s\u00edntese de col\u00e1geno, aumentar a elasticidade da pele dos olhos e reduzir as rugas e a flacidez ocular causadas pelo envelhecimento. Tamb\u00e9m podem ajudar a retardar a inflama\u00e7\u00e3o da pele, tornando a pele ao redor dos olhos mais firme e jovem.<\/p>\n\n\n\n<h2 class=\"wp-block-heading\">As fun\u00e7\u00f5es do creme para olheiras<\/h2>\n\n\n\n<p>1. <strong>Hidrata\u00e7\u00e3o duradoura e reten\u00e7\u00e3o de \u00e1gua: <\/strong>O creme para olheiras cont\u00e9m \u00e1cido hialur\u00f4nico e v\u00e1rios ingredientes hidratantes, que podem hidratar a pele ao redor dos olhos por um longo tempo, prevenir a forma\u00e7\u00e3o de linhas secas e manter os olhos hidratados e vi\u00e7osos.<\/p>\n\n\n\n<p>2. <strong>Absor\u00e7\u00e3o r\u00e1pida:<\/strong> O Creme para Olheiras tem uma textura cremosa leve, de f\u00e1cil absor\u00e7\u00e3o e r\u00e1pida penetra\u00e7\u00e3o na pele ao redor dos olhos. N\u00e3o \u00e9 oleoso e \u00e9 adequado para uso diurno ou antes da maquiagem, sem afetar a maquiagem.<\/p>\n\n\n\n<p>3. <strong>Suave e n\u00e3o irritante: <\/strong>Nossa f\u00f3rmula de creme para olheiras n\u00e3o cont\u00e9m fragr\u00e2ncia ou \u00e1lcool, e seus ingredientes s\u00e3o suaves, permitindo que seja usado por pessoas com pele sens\u00edvel e gestantes. O produto foi testado quanto \u00e0 seguran\u00e7a para a pele dos olhos, garantindo que n\u00e3o cause irrita\u00e7\u00e3o ou desconforto durante o uso di\u00e1rio.<\/p>\n\n\n\n<p>4. <strong>M\u00faltiplas fun\u00e7\u00f5es: <\/strong>Al\u00e9m de suas m\u00faltiplas fun\u00e7\u00f5es, como firmar, suavizar e antioxidante, o creme para olheiras tamb\u00e9m pode resolver muitos problemas oculares, como atenuar olheiras e suavizar linhas finas. Um produto, m\u00faltiplas fun\u00e7\u00f5es, melhora a efici\u00eancia geral do cuidado com a pele.<\/p>\n\n\n\n<h2 class=\"wp-block-heading\">Como usar creme para olheiras<\/h2>\n\n\n\n<p>O uso correto do creme para olheiras pode melhorar significativamente sua efici\u00eancia de absor\u00e7\u00e3o e reduzir o efeito das olheiras.<\/p>\n\n\n\n<p>1. Ap\u00f3s a limpeza, use um t\u00f4nico para condicionar a pele e mant\u00ea-la hidratada.<\/p>\n\n\n\n<p>2. Pegue uma quantidade adequada de creme para os olhos e aplique-o abaixo dos olhos, no final dos olhos e no osso da sobrancelha.<\/p>\n\n\n\n<p>3. Use o dedo anelar para dar leves batidinhas at\u00e9 que o produto seja absorvido, evitando puxar a pele, pois isso a deixar\u00e1 relaxada. Se usado com um massageador ocular, o efeito ser\u00e1 melhor.<\/p>\n\n\n\n<p><strong>Recomenda\u00e7\u00e3o:<\/strong> Use uma vez pela manh\u00e3 e \u00e0 noite todos os dias, com t\u00e9cnicas de massagem suaves, para que os ingredientes possam penetrar melhor na camada inferior da pele e ativar a microcircula\u00e7\u00e3o dos olhos.<\/p>\n\n\n\n<h2 class=\"wp-block-heading\">Cuidado<\/h2>\n\n\n\n<p>1. <strong>A massagem ocular deve ser moderada: <\/strong>A massagem deve ser suave, evitando pux\u00f5es fortes, para n\u00e3o irritar a \u00e1rea fr\u00e1gil dos olhos e causar efeitos adversos.<\/p>\n\n\n\n<p>2. <strong>Evite contato direto com o globo ocular: <\/strong>Ao usar creme para os olhos, evite a \u00e1rea do globo ocular e da raiz dos c\u00edlios. Em caso de contato acidental com os olhos, enx\u00e1gue imediatamente com \u00e1gua limpa.<\/p>\n\n\n\n<p>3. <strong>Realize um teste de sensibilidade para o primeiro uso: <\/strong>Recomenda-se experiment\u00e1-lo atr\u00e1s das orelhas ou ao redor dos olhos por 24 horas e depois us\u00e1-lo normalmente ap\u00f3s confirmar que n\u00e3o h\u00e1 irrita\u00e7\u00e3o.<\/p>\n\n\n\n<p>4. <strong>Usar com protetor solar: <\/strong>Ap\u00f3s usar este produto, \u00e9 recomend\u00e1vel usar protetores solares para evitar que os raios ultravioleta agravem a deposi\u00e7\u00e3o de pigmentos e melhorem o efeito de atenua\u00e7\u00e3o das olheiras.<\/p>\n\n\n\n<h2 class=\"wp-block-heading\">Conclus\u00e3o<\/h2>\n\n\n\n<p>O Creme para Olheiras \u00e9 um produto de cuidado com a pele altamente eficaz, especialmente desenvolvido para problemas oculares. Combina m\u00faltiplos ingredientes ativos com foco na redu\u00e7\u00e3o de olheiras, firmeza da pele e melhora do incha\u00e7o. Possui textura suave e r\u00e1pida absor\u00e7\u00e3o, sendo adequado para todos os tipos de pele, proporcionando um bom equil\u00edbrio entre efic\u00e1cia e sensa\u00e7\u00e3o na pele. A 3TOP apoia a personaliza\u00e7\u00e3o de produtos para ajudar os clientes a criar uma competitividade diferenciada e atender \u00e0s necessidades espec\u00edficas de diferentes mercados.<\/p>","protected":false},"excerpt":{"rendered":"Dark Circle Eye Cream Manufacturing Common Formulas 3TOP is a professional dark circle eye cream manufacturer. We insist on using safe and mild, highly active ingredients, which are specially designed to reduce dark circles, brighten skin tone, and improve eye bags. It repairs the skin around the eyes for eye problems such as pigmentation and [&hellip;]","protected":false},"featured_media":3387,"menu_order":0,"template":"","meta":[],"product-tag":[],"products":[162],"class_list":["post-3386","product","type-product","status-publish","has-post-thumbnail","hentry","products-eye-cream"],"acf":[],"_links":{"self":[{"href":"https:\/\/www.ruiqigo.com\/pt_pt\/wp-json\/wp\/v2\/product\/3386","targetHints":{"allow":["GET"]}}],"collection":[{"href":"https:\/\/www.ruiqigo.com\/pt_pt\/wp-json\/wp\/v2\/product"}],"about":[{"href":"https:\/\/www.ruiqigo.com\/pt_pt\/wp-json\/wp\/v2\/types\/product"}],"version-history":[{"count":0,"href":"https:\/\/www.ruiqigo.com\/pt_pt\/wp-json\/wp\/v2\/product\/3386\/revisions"}],"wp:featuredmedia":[{"embeddable":true,"href":"https:\/\/www.ruiqigo.com\/pt_pt\/wp-json\/wp\/v2\/media\/3387"}],"wp:attachment":[{"href":"https:\/\/www.ruiqigo.com\/pt_pt\/wp-json\/wp\/v2\/media?parent=3386"}],"wp:term":[{"taxonomy":"product-tag","embeddable":true,"href":"https:\/\/www.ruiqigo.com\/pt_pt\/wp-json\/wp\/v2\/product-tag?post=3386"},{"taxonomy":"products","embeddable":true,"href":"https:\/\/www.ruiqigo.com\/pt_pt\/wp-json\/wp\/v2\/products?post=3386"}],"curies":[{"name":"wp","href":"https:\/\/api.w.org\/{rel}","templated":true}]}}