{"id":3392,"date":"2025-05-15T14:18:35","date_gmt":"2025-05-15T06:18:35","guid":{"rendered":"https:\/\/www.ruiqigo.com\/?post_type=product&#038;p=3392"},"modified":"2025-05-15T14:18:36","modified_gmt":"2025-05-15T06:18:36","slug":"collagen-eye-mask","status":"publish","type":"product","link":"https:\/\/www.ruiqigo.com\/pt_pt\/product\/collagen-eye-mask","title":{"rendered":"M\u00e1scara de col\u00e1geno para os olhos"},"content":{"rendered":"<h2 class=\"wp-block-heading\">F\u00f3rmulas comuns para fabrica\u00e7\u00e3o de m\u00e1scaras de col\u00e1geno para os olhos<\/h2>\n\n\n\n<p>Como fabricantes profissionais de m\u00e1scaras de col\u00e1geno para os olhos, selecionamos ingredientes ativos como col\u00e1geno hidrolisado de alta pureza, hialuronato de s\u00f3dio e derivados de vitamina C para ajudar a firmar a pele ao redor dos olhos, atenuar olheiras, suavizar linhas finas e trazer efeitos hidratantes e calmantes duradouros para os olhos.<\/p>\n\n\n\n<p>1.<strong> Col\u00e1geno hidrolisado:<\/strong> O col\u00e1geno hidrolisado promove a regenera\u00e7\u00e3o da elastina da pele, melhora a firmeza da \u00e1rea dos olhos, melhora as linhas finas e a flacidez ao redor dos olhos e deixa a pele ao redor dos olhos mais jovem e preenchida.<\/p>\n\n\n\n<p>2. <strong>Hialuronato de s\u00f3dio: <\/strong>O hialuronato de s\u00f3dio \u00e9 um ingrediente hidratante altamente eficaz que pode hidratar rapidamente a \u00e1rea dos olhos, aliviar o ressecamento ao redor dos olhos, reparar a barreira da pele e melhorar o conforto do produto durante o uso, al\u00e9m do efeito hidratante e de reten\u00e7\u00e3o de \u00e1gua a longo prazo.<\/p>\n\n\n\n<p>3. <strong>Derivados da vitamina C: <\/strong>Os derivados da vitamina C s\u00e3o fatores de clareamento suaves e est\u00e1veis que podem inibir eficazmente a produ\u00e7\u00e3o de melanina, clarear o tom da pele dos olhos e melhorar olheiras pigmentadas.<\/p>\n\n\n\n<p>4. <strong>Cafe\u00edna: <\/strong>A cafe\u00edna pode acelerar a circula\u00e7\u00e3o sangu\u00ednea ao redor dos olhos, ajudar a aliviar o incha\u00e7o e as olheiras vasculares e deixar a pele ao redor dos olhos mais revigorada.<\/p>\n\n\n\n<p>5. <strong>Extrato de hamam\u00e9lis:<\/strong> Tem um efeito calmante e adstringente, pode ajudar a acalmar a pele ao redor dos olhos, reduzir a vermelhid\u00e3o e o incha\u00e7o e \u00e9 adequado para pessoas com pele sens\u00edvel.<\/p>\n\n\n\n<h2 class=\"wp-block-heading\">As fun\u00e7\u00f5es da m\u00e1scara de col\u00e1geno para os olhos<\/h2>\n\n\n\n<p>1. <strong>Compressa fria e efeito calmante duplo em um:<\/strong> A m\u00e1scara de col\u00e1geno para os olhos \u00e9 feita de material de hidrogel, que n\u00e3o s\u00f3 \u00e9 altamente ajust\u00e1vel e f\u00e1cil de transportar, mas tamb\u00e9m pode resfriar continuamente e aliviar a fadiga ocular durante o uso, alcan\u00e7ando os efeitos duplos de compressa fria e calmante.<\/p>\n\n\n\n<p>2. <strong>Reparo r\u00e1pido, efeito r\u00e1pido: <\/strong>A m\u00e1scara de col\u00e1geno para os olhos faz efeito muito rapidamente ap\u00f3s o uso. Em apenas 15 minutos, voc\u00ea sentir\u00e1 uma melhora significativa na hidrata\u00e7\u00e3o ao redor dos olhos. \u00c9 uma escolha ideal para per\u00edodos de hidrata\u00e7\u00e3o, como depois de ficar acordado at\u00e9 tarde e antes da maquiagem.<\/p>\n\n\n\n<p>3. <strong>Alta efici\u00eancia de penetra\u00e7\u00e3o e absor\u00e7\u00e3o: <\/strong>Nossa m\u00e1scara de col\u00e1geno para os olhos \u00e9 macia e altamente aderente. N\u00e3o escorrega facilmente quando aplicada na pele ao redor dos olhos. Quando usada com massagem suave, pode promover a absor\u00e7\u00e3o de ingredientes essenciais e aumentar a taxa de penetra\u00e7\u00e3o.<\/p>\n\n\n\n<p>4. <strong>Um patch com m\u00faltiplos efeitos:<\/strong> A m\u00e1scara de col\u00e1geno para os olhos n\u00e3o s\u00f3 combate as olheiras como tamb\u00e9m alivia simultaneamente problemas como linhas finas e bolsas nos olhos, melhorando a apar\u00eancia geral da \u00e1rea dos olhos.<\/p>\n\n\n\n<h2 class=\"wp-block-heading\">Como usar m\u00e1scara de col\u00e1geno para os olhos<\/h2>\n\n\n\n<p>A m\u00e1scara de col\u00e1geno para os olhos \u00e9 f\u00e1cil de usar e eficaz, tornando-a perfeita para os cuidados di\u00e1rios com a pele e antes da maquiagem. Recomendamos us\u00e1-la ap\u00f3s a limpeza para maximizar os efeitos hidratantes e firmadores da m\u00e1scara para os olhos.<\/p>\n\n\n\n<p>1. <strong>Limpe a \u00e1rea dos olhos: <\/strong>Use um limpador suave para limpar bem o rosto e garantir que n\u00e3o haja res\u00edduos de \u00f3leo ou maquiagem ao redor dos olhos.<\/p>\n\n\n\n<p>2. <strong>Remova a m\u00e1scara para os olhos: <\/strong>Ap\u00f3s abrir a embalagem, remova cuidadosamente a m\u00e1scara para os olhos para evitar pux\u00e1-la com for\u00e7a ou deform\u00e1-la.<\/p>\n\n\n\n<p>3. <strong>Aplicar nos olhos:<\/strong> Aplique delicadamente a m\u00e1scara para os olhos na \u00e1rea das bolsas e ajuste-a para que fique justa.<\/p>\n\n\n\n<p>4. <strong>Aguarde de 10 a 20 minutos: <\/strong>Espere a pele dos olhos absorver a ess\u00eancia da m\u00e1scara.<\/p>\n\n\n\n<p>5. <strong>Remova e massageie:<\/strong> Retire a m\u00e1scara dos olhos e d\u00ea leves batidinhas com o dedo anelar na \u00e1rea dos olhos para ajudar a absorver a ess\u00eancia restante.<\/p>\n\n\n\n<h2 class=\"wp-block-heading\">Cuidado<\/h2>\n\n\n\n<p>1. <strong>Evite contato direto com os olhos:<\/strong> Ao usar, evite as p\u00e1lpebras e a raiz dos c\u00edlios para evitar que a ess\u00eancia entre em contato com os olhos. Em caso de contato acidental, enx\u00e1gue imediatamente com \u00e1gua limpa.<\/p>\n\n\n\n<p>2. <strong>N\u00e3o use com ess\u00eancias oculares fortes:<\/strong> Para evitar irrita\u00e7\u00e3o sobreposta ou afetar a absor\u00e7\u00e3o, evite usar este produto com produtos altamente ativos, como \u00e1cidos de frutas e retinol.<\/p>\n\n\n\n<p>3. <strong>Fa\u00e7a um teste local antes do primeiro uso: <\/strong>Embora a f\u00f3rmula da m\u00e1scara de col\u00e1geno para os olhos seja suave, ainda recomendamos testar atr\u00e1s da orelha ou no pulso antes do primeiro uso para garantir que n\u00e3o haja irrita\u00e7\u00e3o.<\/p>\n\n\n\n<p>4. <strong>Conservar em local fresco e seco:<\/strong> Altas temperaturas e luz solar podem afetar a textura do gel e a estabilidade dos ingredientes ativos. Recomenda-se evitar a luz solar direta e armazenar em local fresco e seco.<\/p>\n\n\n\n<h2 class=\"wp-block-heading\">Conclus\u00e3o<\/h2>\n\n\n\n<p>A m\u00e1scara de col\u00e1geno para os olhos \u00e9 um produto popular para o cuidado dos olhos, com sua combina\u00e7\u00e3o de ingredientes ativos altamente eficazes e suaves, textura confort\u00e1vel e m\u00faltiplas fun\u00e7\u00f5es. Seja para uso di\u00e1rio ou primeiros socorros antes da maquiagem, ela se destaca por seus efeitos significativos e \u00f3tima experi\u00eancia de uso.<\/p>","protected":false},"excerpt":{"rendered":"Collagen Eye Mask Manufacturing Common Formulas As a professional collagen eye mask manufacturer, we select active ingredients such as high-purity hydrolyzed collagen, sodium hyaluronate, and vitamin C derivatives to help tighten the skin around the eyes, fade dark circles, smooth fine lines, and bring long-lasting moisturizing and soothing effects to the eyes. 1. Hydrolyzed collagen: [&hellip;]","protected":false},"featured_media":3393,"menu_order":0,"template":"","meta":[],"product-tag":[],"products":[163],"class_list":["post-3392","product","type-product","status-publish","has-post-thumbnail","hentry","products-eye-mask"],"acf":[],"_links":{"self":[{"href":"https:\/\/www.ruiqigo.com\/pt_pt\/wp-json\/wp\/v2\/product\/3392","targetHints":{"allow":["GET"]}}],"collection":[{"href":"https:\/\/www.ruiqigo.com\/pt_pt\/wp-json\/wp\/v2\/product"}],"about":[{"href":"https:\/\/www.ruiqigo.com\/pt_pt\/wp-json\/wp\/v2\/types\/product"}],"version-history":[{"count":0,"href":"https:\/\/www.ruiqigo.com\/pt_pt\/wp-json\/wp\/v2\/product\/3392\/revisions"}],"wp:featuredmedia":[{"embeddable":true,"href":"https:\/\/www.ruiqigo.com\/pt_pt\/wp-json\/wp\/v2\/media\/3393"}],"wp:attachment":[{"href":"https:\/\/www.ruiqigo.com\/pt_pt\/wp-json\/wp\/v2\/media?parent=3392"}],"wp:term":[{"taxonomy":"product-tag","embeddable":true,"href":"https:\/\/www.ruiqigo.com\/pt_pt\/wp-json\/wp\/v2\/product-tag?post=3392"},{"taxonomy":"products","embeddable":true,"href":"https:\/\/www.ruiqigo.com\/pt_pt\/wp-json\/wp\/v2\/products?post=3392"}],"curies":[{"name":"wp","href":"https:\/\/api.w.org\/{rel}","templated":true}]}}