{"id":346,"date":"2024-07-08T10:40:04","date_gmt":"2024-07-08T02:40:04","guid":{"rendered":"https:\/\/ruiqigo.com\/?post_type=product&#038;p=346"},"modified":"2024-09-26T17:42:19","modified_gmt":"2024-09-26T09:42:19","slug":"hyaluronic-acid-body-lotion","status":"publish","type":"product","link":"https:\/\/www.ruiqigo.com\/pt_pt\/product\/hyaluronic-acid-body-lotion","title":{"rendered":"Lo\u00e7\u00e3o corporal de \u00e1cido hialur\u00f4nico"},"content":{"rendered":"<h3 class=\"wp-block-heading\">F\u00f3rmulas comuns para fabrica\u00e7\u00e3o de lo\u00e7\u00f5es corporais de \u00e1cido hialur\u00f4nico<\/h3>\n\n\n\n<p>O ingrediente principal desta lo\u00e7\u00e3o corporal de \u00e1cido hialur\u00f4nico \u00e9 o hialuronato de s\u00f3dio, um polissacar\u00eddeo de pol\u00edmero natural com excelentes propriedades hidratantes. Ele pode penetrar rapidamente na pele, formando uma pel\u00edcula protetora na camada interna da pele, umidade de bloqueio de longa dura\u00e7\u00e3o, para que a pele esteja sempre cheia de elasticidade e hidrata\u00e7\u00e3o. Ao mesmo tempo, a f\u00f3rmula tamb\u00e9m cont\u00e9m glicerina e outros ingredientes nutritivos, pode hidratar e nutrir profundamente a pele, melhorar o ressecamento e a aspereza do problema.<\/p>\n\n\n\n<h3 class=\"wp-block-heading\">Lo\u00e7\u00e3o corporal de \u00e1cido hialur\u00f4nico Cen\u00e1rios aplic\u00e1veis<\/h3>\n\n\n\n<p>Esta Lo\u00e7\u00e3o Corporal de \u00c1cido Hialur\u00f4nico \u00e9 um tratamento para o dia todo para hidrata\u00e7\u00e3o profunda e necessidades de hidrata\u00e7\u00e3o duradouras. Nos meses quentes e secos do ver\u00e3o, ela rep\u00f5e rapidamente a umidade para manter a pele hidratada e preenchida, enquanto nos meses frios e \u00famidos do inverno, seus ricos ingredientes nutritivos nutrem a pele, aliviando o desconforto da secura induzida pelo frio. N\u00e3o importa em que clima voc\u00ea esteja, esta lo\u00e7\u00e3o lhe dar\u00e1 cuidados totais com a pele. Ou temos mais <a href=\"https:\/\/www.ruiqigo.com\/pt_pt\/products\/body-lotion\/\">lo\u00e7\u00e3o corporal<\/a> op\u00e7\u00f5es para voc\u00ea escolher.<\/p>\n\n\n\n<h3 class=\"wp-block-heading\">Para quem s\u00e3o indicadas as lo\u00e7\u00f5es corporais de \u00e1cido hialur\u00f4nico<\/h3>\n\n\n\n<p>As Lo\u00e7\u00f5es Corporais de \u00c1cido Hialur\u00f4nico s\u00e3o para aqueles que buscam hidrata\u00e7\u00e3o profunda e hidrata\u00e7\u00e3o duradoura. \u00c9 particularmente adequado para pele seca ou madura, pois o \u00c1cido Hialur\u00f4nico atrai e ret\u00e9m grandes quantidades de umidade, reduzindo assim o ressecamento e a rigidez. Esta lo\u00e7\u00e3o tamb\u00e9m \u00e9 uma escolha ideal para indiv\u00edduos que precisam melhorar a elasticidade e a maciez da pele. Se voc\u00ea tiver outras necessidades, sinta-se \u00e0 vontade para saber mais sobre 3TOP <a href=\"https:\/\/www.ruiqigo.com\/pt_pt\/products\/body-care\/\">cuidados com o corpo<\/a> produtos.<\/p>\n\n\n\n<h3 class=\"wp-block-heading\">Processo de produ\u00e7\u00e3o de lo\u00e7\u00e3o corporal de \u00e1cido hialur\u00f4nico<\/h3>\n\n\n\n<p>As especialidades de produ\u00e7\u00e3o de lo\u00e7\u00f5es corporais de \u00e1cido hialur\u00f4nico s\u00e3o sua f\u00f3rmula \u00fanica e processo de fabrica\u00e7\u00e3o fino. O \u00e1cido hialur\u00f4nico de alta pureza \u00e9 usado para garantir sua r\u00e1pida penetra\u00e7\u00e3o e efeito hidratante profundo na pele por meio de tecnologia avan\u00e7ada de corte molecular. O pH e a temperatura s\u00e3o estritamente controlados durante o processo de produ\u00e7\u00e3o para manter a estabilidade e a atividade do \u00e1cido hialur\u00f4nico. Al\u00e9m disso, n\u00e3o h\u00e1 fragr\u00e2ncias e \u00e1lcool adicionados para reduzir o risco de desconforto que pode causar pele sens\u00edvel. Se voc\u00ea quiser saber mais, confira o relacionado <a href=\"https:\/\/www.ruiqigo.com\/pt_pt\/body-lotion-manufacturer-elevating-skincare-standards.html\/\">lo\u00e7\u00e3o corporal<\/a> informa\u00e7\u00f5es de fabrica\u00e7\u00e3o.<\/p>","protected":false},"excerpt":{"rendered":"Hyaluronic acid body lotion manufacturing Common Formulas The core ingredient of this hyaluronic acid body lotion is sodium hyaluronate, a natural polymer polysaccharide with excellent moisturizing properties. It can quickly penetrate the skin, forming a protective film in the inner layer of the skin, long-lasting lock moisture, so that the skin is always full of [&hellip;]","protected":false},"featured_media":440,"menu_order":0,"template":"","meta":[],"product-tag":[],"products":[56],"class_list":["post-346","product","type-product","status-publish","has-post-thumbnail","hentry","products-body-lotion"],"acf":[],"_links":{"self":[{"href":"https:\/\/www.ruiqigo.com\/pt_pt\/wp-json\/wp\/v2\/product\/346","targetHints":{"allow":["GET"]}}],"collection":[{"href":"https:\/\/www.ruiqigo.com\/pt_pt\/wp-json\/wp\/v2\/product"}],"about":[{"href":"https:\/\/www.ruiqigo.com\/pt_pt\/wp-json\/wp\/v2\/types\/product"}],"version-history":[{"count":0,"href":"https:\/\/www.ruiqigo.com\/pt_pt\/wp-json\/wp\/v2\/product\/346\/revisions"}],"wp:featuredmedia":[{"embeddable":true,"href":"https:\/\/www.ruiqigo.com\/pt_pt\/wp-json\/wp\/v2\/media\/440"}],"wp:attachment":[{"href":"https:\/\/www.ruiqigo.com\/pt_pt\/wp-json\/wp\/v2\/media?parent=346"}],"wp:term":[{"taxonomy":"product-tag","embeddable":true,"href":"https:\/\/www.ruiqigo.com\/pt_pt\/wp-json\/wp\/v2\/product-tag?post=346"},{"taxonomy":"products","embeddable":true,"href":"https:\/\/www.ruiqigo.com\/pt_pt\/wp-json\/wp\/v2\/products?post=346"}],"curies":[{"name":"wp","href":"https:\/\/api.w.org\/{rel}","templated":true}]}}