{"id":3463,"date":"2025-05-21T15:46:41","date_gmt":"2025-05-21T07:46:41","guid":{"rendered":"https:\/\/www.ruiqigo.com\/?post_type=product&#038;p=3463"},"modified":"2025-05-21T15:46:41","modified_gmt":"2025-05-21T07:46:41","slug":"natural-hair-mousse","status":"publish","type":"product","link":"https:\/\/www.ruiqigo.com\/pt_pt\/product\/natural-hair-mousse","title":{"rendered":"Mousse de cabelo natural"},"content":{"rendered":"<h2 class=\"wp-block-heading\">F\u00f3rmulas comuns para fabrica\u00e7\u00e3o de mousse capilar natural<\/h2>\n\n\n\n<p>A 3TOP Natural est\u00e1 comprometida em selecionar ingredientes vegetais seguros, suaves e eficazes, isentos de \u00f3leo de silicone, fragr\u00e2ncias sint\u00e9ticas, etc., para proteger a sa\u00fade do cabelo e do couro cabeludo durante a modelagem. A f\u00f3rmula comum da mousse capilar natural incorpora uma variedade de ingredientes ativos vegetais com fun\u00e7\u00f5es reparadoras, nutritivas e antioxidantes, ajudando os usu\u00e1rios a criar uma apar\u00eancia refrescante e natural e a aumentar a resist\u00eancia dos cabelos.<\/p>\n\n\n\n<p><strong>1. Goma xantana: <\/strong>A goma xantana \u00e9 extra\u00edda da fermenta\u00e7\u00e3o de plantas e pode proporcionar um poder de modelagem leve a moderado, al\u00e9m de aumentar a elasticidade e a maciez do cabelo.<\/p>\n\n\n\n<p><strong>2. \u00d3leo de coco: <\/strong>O \u00f3leo de coco \u00e9 rico em \u00e1cidos graxos de cadeia m\u00e9dia, como o \u00e1cido l\u00e1urico, que pode penetrar profundamente na haste capilar, reparar escamas danificadas, prevenir a perda de prote\u00edna e deixar o cabelo macio e forte.<\/p>\n\n\n\n<p><strong>3. Glicerina: <\/strong>A glicerina \u00e9 um hidratante natural que pode absorver a umidade do ar e reter a umidade no cabelo, ajudando a evitar que ele resseque e a manter a textura macia da espuma de mousse e a elasticidade do cabelo.<\/p>\n\n\n\n<p><strong>4. Suco de Aloe Vera: <\/strong>O suco de aloe vera tamb\u00e9m \u00e9 um hidratante natural que acalma o couro cabeludo, reduz a vermelhid\u00e3o e a coceira e repara os cabelos danificados. Ao mesmo tempo, ajuda a reter a umidade e a manter os cabelos macios durante o penteado.<\/p>\n\n\n\n<p><strong>5. Manteiga de Karit\u00e9: <\/strong>A manteiga de karit\u00e9 \u00e9 rica em \u00e1cidos graxos e vitamina E, e possui fortes fun\u00e7\u00f5es hidratantes e antioxidantes. Ela pode formar uma barreira natural na superf\u00edcie do cabelo, protegendo-o de danos causados por ferramentas quentes e controlando eficazmente o frizz e a eletricidade est\u00e1tica.<\/p>\n\n\n\n<h2 class=\"wp-block-heading\">As fun\u00e7\u00f5es da mousse capilar natural<\/h2>\n\n\n\n<p>A Mousse Capilar Natural segue o princ\u00edpio de &quot;leveza e multiefeito&quot; e foi desenvolvida para modelar e cuidar dos cabelos de forma natural. Sejam cabelos lisos, cacheados, curtos ou longos, voc\u00ea pode criar o penteado ideal enquanto cuida da sa\u00fade geral dos seus fios.<\/p>\n\n\n\n<p><strong>1. Forte poder de fixa\u00e7\u00e3o: <\/strong>Contando com a atividade das plantas e pol\u00edmeros suaves para obter uma configura\u00e7\u00e3o flex\u00edvel, o penteado fica mais natural, sem ser r\u00edgido ou irregular, adequado para modelagem di\u00e1ria e modifica\u00e7\u00e3o natural dos cachos.<\/p>\n\n\n\n<p><strong>2. Textura leve:<\/strong> A mousse capilar natural tem espuma fina e uniforme, \u00e9 leve, penetra rapidamente na fibra capilar, n\u00e3o obstrui os poros, n\u00e3o deixa grumos e \u00e9 adequada para uso durante todo o dia.<\/p>\n\n\n\n<p><strong>3. Bloqueia a umidade e hidrata, anti-frizz:<\/strong> A mousse natural para cabelos adiciona v\u00e1rios ingredientes hidratantes naturais para formar uma pel\u00edcula invis\u00edvel de \u00e1gua fora do cabelo, combatendo eficazmente a eletricidade est\u00e1tica, o ressecamento e o frizz, deixando o cabelo macio, brilhante e suave.<\/p>\n\n\n\n<p><strong>4. N\u00e3o irrita a pele e n\u00e3o irrita:<\/strong> N\u00e3o cont\u00e9m \u00e1lcool, fragr\u00e2ncias artificiais, conservantes alerg\u00eanicos comuns, etc. Ajuda a evitar vermelhid\u00e3o e descama\u00e7\u00e3o do couro cabeludo e pode ser usado com confian\u00e7a por pessoas sens\u00edveis.<\/p>\n\n\n\n<p><strong>5. Sem res\u00edduos, f\u00e1cil de enxaguar: <\/strong>A mousse natural para cabelo n\u00e3o adere facilmente ao couro cabeludo e \u00e0s escamas do cabelo e pode ser facilmente removida ap\u00f3s a lavagem, para que voc\u00ea possa manter seu cabelo fresco e sem pesar, sem usar produtos de limpeza fortes.<\/p>\n\n\n\n<h2 class=\"wp-block-heading\">Como usar mousse de cabelo natural<\/h2>\n\n\n\n<p>Usar mousse capilar natural \u00e9 muito f\u00e1cil. Basta seguir os passos abaixo ap\u00f3s a lavagem.<\/p>\n\n\n\n<p><strong>1. Limpe o cabelo: <\/strong>Use um xampu suave e n\u00e3o irritante para limpar o cabelo e certifique-se de que ele esteja limpo e sem oleosidade.<\/p>\n\n\n\n<p><strong>2. Seque o cabelo: <\/strong>Use uma toalha seca para secar delicadamente o cabelo, deixando-o levemente \u00famido.<\/p>\n\n\n\n<p><strong>3. Use o produto: <\/strong>Agite bem o frasco de mousse e borrife uma quantidade adequada de espuma (aproximadamente do tamanho de um ovo) em suas m\u00e3os.<\/p>\n\n\n\n<p><strong>4. Aplique uniformemente:<\/strong> Aplique a espuma uniformemente no cabelo, da raiz \u00e0s pontas, certificando-se de que todas as partes estejam cobertas.<\/p>\n\n\n\n<p><strong>5. Estilo: <\/strong>Use um secador de cabelo ou deixe secar naturalmente para finalizar o penteado, conforme necess\u00e1rio.<\/p>\n\n\n\n<h2 class=\"wp-block-heading\">Cuidado<\/h2>\n\n\n\n<p><strong>1. Teste de alergia:<\/strong> Antes do primeiro uso, teste uma pequena \u00e1rea atr\u00e1s da orelha ou dentro do pulso para garantir que n\u00e3o haja rea\u00e7\u00e3o al\u00e9rgica.<\/p>\n\n\n\n<p><strong>2. Evite o uso excessivo: <\/strong>O uso excessivo de mousse natural para cabelos pode deixar os cabelos pesados e afetar a sensa\u00e7\u00e3o natural e macia.<\/p>\n\n\n\n<p><strong>3. Evite contato com os olhos:<\/strong> Evite o contato com os olhos durante o uso. Em caso de contato acidental, enx\u00e1gue imediatamente com \u00e1gua limpa.<\/p>\n\n\n\n<p><strong>4. Mantenha fora do alcance de crian\u00e7as: <\/strong>Mantenha o produto fora do alcance de crian\u00e7as para evitar uso indevido.<\/p>\n\n\n\n<p><strong>5. Armazene em local fresco:<\/strong> Guarde este produto em um ambiente longe da luz solar direta e de altas temperaturas para evitar riscos \u00e0 seguran\u00e7a.<\/p>\n\n\n\n<h2 class=\"wp-block-heading\">Conclus\u00e3o<\/h2>\n\n\n\n<p>A mousse capilar natural tornou-se um produto ideal para modelar os cabelos, gra\u00e7as aos seus ingredientes naturais, excelente efeito modelador e m\u00faltiplas vantagens de cuidado. Seja para uso di\u00e1rio ou profissional, ela proporciona aos usu\u00e1rios uma experi\u00eancia de modelagem capilar saud\u00e1vel, natural e duradoura.<\/p>","protected":false},"excerpt":{"rendered":"Natural Hair Mousse Manufacturing Common Formulas 3TOP&#8217;s natural is committed to selecting safe, gentle, and effective plant-derived ingredients that do not contain silicone oil, synthetic fragrances, etc., to protect the health of hair and scalp while styling. The common formula of natural hair mousse incorporates a variety of plant active ingredients with repairing, nourishing, and [&hellip;]","protected":false},"featured_media":3464,"menu_order":0,"template":"","meta":[],"product-tag":[],"products":[165],"class_list":["post-3463","product","type-product","status-publish","has-post-thumbnail","hentry","products-hair-mousse"],"acf":[],"_links":{"self":[{"href":"https:\/\/www.ruiqigo.com\/pt_pt\/wp-json\/wp\/v2\/product\/3463","targetHints":{"allow":["GET"]}}],"collection":[{"href":"https:\/\/www.ruiqigo.com\/pt_pt\/wp-json\/wp\/v2\/product"}],"about":[{"href":"https:\/\/www.ruiqigo.com\/pt_pt\/wp-json\/wp\/v2\/types\/product"}],"version-history":[{"count":0,"href":"https:\/\/www.ruiqigo.com\/pt_pt\/wp-json\/wp\/v2\/product\/3463\/revisions"}],"wp:featuredmedia":[{"embeddable":true,"href":"https:\/\/www.ruiqigo.com\/pt_pt\/wp-json\/wp\/v2\/media\/3464"}],"wp:attachment":[{"href":"https:\/\/www.ruiqigo.com\/pt_pt\/wp-json\/wp\/v2\/media?parent=3463"}],"wp:term":[{"taxonomy":"product-tag","embeddable":true,"href":"https:\/\/www.ruiqigo.com\/pt_pt\/wp-json\/wp\/v2\/product-tag?post=3463"},{"taxonomy":"products","embeddable":true,"href":"https:\/\/www.ruiqigo.com\/pt_pt\/wp-json\/wp\/v2\/products?post=3463"}],"curies":[{"name":"wp","href":"https:\/\/api.w.org\/{rel}","templated":true}]}}