{"id":3474,"date":"2025-05-22T16:50:37","date_gmt":"2025-05-22T08:50:37","guid":{"rendered":"https:\/\/www.ruiqigo.com\/?post_type=product&#038;p=3474"},"modified":"2025-05-22T16:50:38","modified_gmt":"2025-05-22T08:50:38","slug":"foam-hand-soap","status":"publish","type":"product","link":"https:\/\/www.ruiqigo.com\/pt_pt\/product\/foam-hand-soap","title":{"rendered":"Sabonete de espuma para m\u00e3os"},"content":{"rendered":"<h2 class=\"wp-block-heading\">F\u00f3rmulas comuns para fabrica\u00e7\u00e3o de sabonete l\u00edquido espumado para as m\u00e3os<\/h2>\n\n\n\n<p>Nosso sabonete l\u00edquido espumante para as m\u00e3os seleciona uma variedade de ingredientes naturais e suaves para a pele, como cocamidopropil beta\u00edna, extratos vegetais naturais, glicerina, etc. Esses ingredientes hidratam e amaciam as cut\u00edculas, prevenindo o ressecamento das m\u00e3os, enquanto removem bact\u00e9rias e oleosidade da superf\u00edcie da pele.<\/p>\n\n\n\n<p><strong>1. Cocamidopropil Beta\u00edna: <\/strong>Este \u00e9 um sabonete suave derivado do coco que produz uma espuma rica, possui alto poder de limpeza e baixa irrita\u00e7\u00e3o. Remove eficazmente as bact\u00e9rias das m\u00e3os sem danificar a pel\u00edcula protetora natural da pele. Pode ser usado por crian\u00e7as e pessoas com pele sens\u00edvel.<\/p>\n\n\n\n<p><strong>2. Extrato de Aloe Vera:<\/strong> \u00c9 um ingrediente natural calmante e reparador que ajuda a aliviar pequenas irrita\u00e7\u00f5es causadas pela lavagem das m\u00e3os, sendo adequado para usu\u00e1rios que lavam as m\u00e3os com frequ\u00eancia.<\/p>\n\n\n\n<p><strong>3. Glicerina:<\/strong> Como ingrediente hidratante cl\u00e1ssico, a glicerina absorve a umidade do ar e forma uma pel\u00edcula protetora que impede a perda de hidrata\u00e7\u00e3o da pele. Portanto, ela hidrata a pele enquanto limpa as m\u00e3os, mantendo-a macia e sem sensa\u00e7\u00e3o de repuxamento.<\/p>\n\n\n\n<p><strong>4. \u00c1cido c\u00edtrico: <\/strong>Ele pode ajustar o valor do pH do sabonete l\u00edquido para as m\u00e3os, aproximando-o do equil\u00edbrio \u00e1cido-base da pele, ajudando a manter a barreira cut\u00e2nea e a reduzir alergias ou problemas de pele seca.<\/p>\n\n\n\n<h2 class=\"wp-block-heading\">As fun\u00e7\u00f5es do sabonete l\u00edquido para as m\u00e3os<\/h2>\n\n\n\n<p><strong>1. Alto poder de limpeza, mas baixa irrita\u00e7\u00e3o: <\/strong>A f\u00f3rmula do sabonete l\u00edquido espumante para as m\u00e3os combina tensoativos de origem vegetal e um sistema de regula\u00e7\u00e3o de acidez suave, proporcionando uma desinfec\u00e7\u00e3o eficaz e um cuidado delicado com a pele. O uso frequente n\u00e3o causa danos \u00e0 barreira cut\u00e2nea.<\/p>\n\n\n\n<p><strong>2. F\u00e1cil de enxaguar, sem deixar res\u00edduos: <\/strong>A f\u00f3rmula \u00e9 leve e n\u00e3o oleosa, podendo ser lavada facilmente com \u00e1gua sem deixar res\u00edduos oleosos, o que proporciona uma boa experi\u00eancia ao usu\u00e1rio.<\/p>\n\n\n\n<p><strong>3. Espuma fina e abundante: <\/strong>O sabonete l\u00edquido em espuma para as m\u00e3os adota uma f\u00f3rmula espumante eficiente e um design preciso com bomba de espuma. Com uma leve press\u00e3o, produz uma espuma densa que envolve rapidamente a sujeira e limpa profundamente, melhorando a experi\u00eancia do usu\u00e1rio e a efic\u00e1cia da limpeza.<\/p>\n\n\n\n<p><strong>4. Elimina eficazmente as bact\u00e9rias comuns: <\/strong>O sabonete l\u00edquido espumante para as m\u00e3os cont\u00e9m diversos ingredientes antibacterianos seguros, que podem reduzir o risco de fixa\u00e7\u00e3o bacteriana e remover bact\u00e9rias comuns enquanto limpam manchas das m\u00e3os.<\/p>\n\n\n\n<p><strong>5. Aroma fresco e natural: <\/strong>\u00d3leos essenciais naturais selecionados, como os c\u00edtricos e a lavanda, s\u00e3o usados para perfumar, proporcionando uma experi\u00eancia confort\u00e1vel e suave para a pele, adequada para usu\u00e1rios com sensibilidade a cheiros.<\/p>\n\n\n\n<h2 class=\"wp-block-heading\">Como usar sabonete l\u00edquido para as m\u00e3os<\/h2>\n\n\n\n<p>Usar sabonete l\u00edquido em espuma \u00e9 muito simples e eficiente. Basta pressionar para produzir espuma e concluir a limpeza facilmente. \u00c9 ideal para limpezas r\u00e1pidas.<\/p>\n\n\n\n<p><strong>1. Molhe as m\u00e3os: <\/strong>Use \u00e1gua limpa para umedecer rapidamente as palmas das m\u00e3os.<\/p>\n\n\n\n<p><strong>2. Pressione a cabe\u00e7a da bomba: <\/strong>Pressione o sabonete l\u00edquido para as m\u00e3os de 1 a 2 vezes para produzir bastante espuma na palma da m\u00e3o.<\/p>\n\n\n\n<p><strong>3. Esfregue bem: <\/strong>Esfregue as m\u00e3os por mais de 20 segundos para limpar a palma, o dorso da m\u00e3o e entre os dedos.<\/p>\n\n\n\n<p><strong>4. Enx\u00e1gue com \u00e1gua: <\/strong>Enx\u00e1gue bem a espuma rapidamente com \u00e1gua limpa.<\/p>\n\n\n\n<p><strong>5. Seque as m\u00e3os: <\/strong>Use uma toalha limpa ou papel toalha para secar as m\u00e3os.<\/p>\n\n\n\n<h2 class=\"wp-block-heading\">Cuidado<\/h2>\n\n\n\n<p><strong>1. Adequado para cabe\u00e7ote de bomba de espuma: <\/strong>Este produto \u00e9 um desinfetante para as m\u00e3os em espuma. Recomenda-se o uso de um frasco com v\u00e1lvula dosadora para espuma, a fim de evitar impactos negativos na experi\u00eancia do usu\u00e1rio, visto que v\u00e1lvulas dosadoras comuns n\u00e3o produzem espuma.<\/p>\n\n\n\n<p><strong>2. Evite contato com os olhos:<\/strong> Caso entre em contato acidental com os olhos, lave imediatamente com \u00e1gua em abund\u00e2ncia. Se a situa\u00e7\u00e3o for grave, procure atendimento m\u00e9dico imediatamente.<\/p>\n\n\n\n<p><strong>3. Evite luz solar direta: <\/strong>Guarde este produto em local fresco e seco, longe da luz solar direta, para manter a capacidade de forma\u00e7\u00e3o de espuma e a atividade dos ingredientes.<\/p>\n\n\n\n<h2 class=\"wp-block-heading\">Conclus\u00e3o<\/h2>\n\n\n\n<p>O sabonete l\u00edquido espumante para as m\u00e3os \u00e9 um produto de limpeza que combina uma higieniza\u00e7\u00e3o eficaz com o cuidado suave da pele. Seja em casa ou em locais p\u00fablicos de grande circula\u00e7\u00e3o, proporciona uma excelente experi\u00eancia de limpeza e aumenta a satisfa\u00e7\u00e3o do usu\u00e1rio.<\/p>","protected":false},"excerpt":{"rendered":"Foam Hand Soap Manufacturing Common Formulas Our foam hand soap selects a variety of natural and skin-friendly ingredients, such as cocamidopropyl betaine, natural plant extracts, glycerin, etc. These ingredients can effectively moisturize, soften cuticles, and prevent hands from drying out while cleaning bacteria and oil on the skin surface. 1. Cocamidopropyl Betaine: This is a [&hellip;]","protected":false},"featured_media":3475,"menu_order":0,"template":"","meta":[],"product-tag":[],"products":[181],"class_list":["post-3474","product","type-product","status-publish","has-post-thumbnail","hentry","products-hand-soap"],"acf":[],"_links":{"self":[{"href":"https:\/\/www.ruiqigo.com\/pt_pt\/wp-json\/wp\/v2\/product\/3474","targetHints":{"allow":["GET"]}}],"collection":[{"href":"https:\/\/www.ruiqigo.com\/pt_pt\/wp-json\/wp\/v2\/product"}],"about":[{"href":"https:\/\/www.ruiqigo.com\/pt_pt\/wp-json\/wp\/v2\/types\/product"}],"version-history":[{"count":0,"href":"https:\/\/www.ruiqigo.com\/pt_pt\/wp-json\/wp\/v2\/product\/3474\/revisions"}],"wp:featuredmedia":[{"embeddable":true,"href":"https:\/\/www.ruiqigo.com\/pt_pt\/wp-json\/wp\/v2\/media\/3475"}],"wp:attachment":[{"href":"https:\/\/www.ruiqigo.com\/pt_pt\/wp-json\/wp\/v2\/media?parent=3474"}],"wp:term":[{"taxonomy":"product-tag","embeddable":true,"href":"https:\/\/www.ruiqigo.com\/pt_pt\/wp-json\/wp\/v2\/product-tag?post=3474"},{"taxonomy":"products","embeddable":true,"href":"https:\/\/www.ruiqigo.com\/pt_pt\/wp-json\/wp\/v2\/products?post=3474"}],"curies":[{"name":"wp","href":"https:\/\/api.w.org\/{rel}","templated":true}]}}