{"id":3486,"date":"2025-05-28T17:18:28","date_gmt":"2025-05-28T09:18:28","guid":{"rendered":"https:\/\/www.ruiqigo.com\/?post_type=product&#038;p=3486"},"modified":"2025-05-28T11:19:22","modified_gmt":"2025-05-28T03:19:22","slug":"laser-hair-comb","status":"publish","type":"product","link":"https:\/\/www.ruiqigo.com\/pt_pt\/product\/laser-hair-comb","title":{"rendered":"Pente de cabelo a laser"},"content":{"rendered":"<h2 class=\"wp-block-heading\">Caracter\u00edsticas do pente de cabelo a laser<\/h2>\n\n\n\n<p>O pente a laser \u00e9 um produto inteligente para o cuidado capilar que integra cuidado e massagem. Utiliza a tecnologia LLLT para ajudar a estimular a atividade dos fol\u00edculos capilares, melhorar a microcircula\u00e7\u00e3o do couro cabeludo e promover o crescimento saud\u00e1vel dos fios.<\/p>\n\n\n\n<p><strong>1. Laser de baixa energia: <\/strong>O laser de baixa energia usado pelo pente de cabelo a laser pode estimular os fol\u00edculos capilares e aumentar a vitalidade do couro cabeludo.<\/p>\n\n\n\n<p><strong>2. Compacto e port\u00e1til: <\/strong>O pente a laser \u00e9 leve e ergonomicamente projetado para uso port\u00e1til, o que \u00e9 muito conveniente para uso di\u00e1rio e transporte.<\/p>\n\n\n\n<p><strong>3. Carregamento conveniente: <\/strong>Este produto possui uma bateria de l\u00edtio recarreg\u00e1vel integrada e suporta dois m\u00e9todos de carregamento: USB ou docking station. Voc\u00ea n\u00e3o precisa se preocupar em ficar sem bateria quando estiver fora de casa.<\/p>\n\n\n\n<p><strong>4. Opera\u00e7\u00e3o simples: <\/strong>O pente a laser pode ser usado com apenas um bot\u00e3o, o que \u00e9 muito simples. Possui fun\u00e7\u00e3o de ajuste de intensidade em v\u00e1rios n\u00edveis, que pode ser ajustada de acordo com as necessidades personalizadas do usu\u00e1rio.<\/p>\n\n\n\n<h2 class=\"wp-block-heading\">Vantagens do pente de cabelo a laser<\/h2>\n\n\n\n<p>Comparados aos pentes ou massageadores comuns, os pentes a laser apresentam vantagens significativas em termos de tecnologia e funcionalidade. Al\u00e9m de pentearem os cabelos fisicamente, eles tamb\u00e9m atuam diretamente nas camadas profundas do couro cabeludo por meio de lasers de comprimentos de onda espec\u00edficos, promovendo a circula\u00e7\u00e3o sangu\u00ednea e retardando a atrofia dos fol\u00edculos capilares. Essa tecnologia n\u00e3o invasiva \u00e9 adequada para uso a longo prazo e pode proporcionar melhorias auxiliares em problemas como afinamento capilar, baixa qualidade capilar e queda capilar.<\/p>\n\n\n\n<p><strong>1. Tecnologia de tratamento a laser: <\/strong>Este produto usa um laser de baixa energia de comprimento de onda de 650 nm para ativar profundamente as c\u00e9lulas do fol\u00edculo capilar, reparando e cuidando dos cabelos de forma segura e eficiente.<\/p>\n\n\n\n<p><strong>2. Opera\u00e7\u00e3o conveniente e inteligente: <\/strong>O pente de cabelo a laser \u00e9 muito pr\u00e1tico de operar, com in\u00edcio em um bot\u00e3o, sem limite de opera\u00e7\u00e3o e tamb\u00e9m \u00e9 equipado com fun\u00e7\u00f5es como ajuste de tempo e intensidade, o que o torna mais flex\u00edvel de usar.<\/p>\n\n\n\n<p><strong>3. Alivia problemas de queda de cabelo: <\/strong>O uso prolongado do pente a laser pode ajudar a reduzir a queda de cabelo, regular os fol\u00edculos capilares e promover o crescimento de novos cabelos.<\/p>\n\n\n\n<p><strong>4. Promova a circula\u00e7\u00e3o sangu\u00ednea do couro cabeludo: <\/strong>O uso do pente a laser pode melhorar o ambiente de microcircula\u00e7\u00e3o do couro cabeludo e ajudar os fol\u00edculos capilares a obter mais nutrientes.<\/p>\n\n\n\n<h2 class=\"wp-block-heading\">Grupo-alvo do pente de cabelo a laser<\/h2>\n\n\n\n<p>O pente a laser \u00e9 indicado principalmente para usu\u00e1rios que precisam de cuidados capilares, principalmente para aqueles que sofrem com a queda de cabelo e se preocupam com a sa\u00fade do couro cabeludo. \u00c9 adequado tanto para pessoas de meia-idade quanto para idosos, al\u00e9m de entusiastas da beleza.<\/p>\n\n\n\n<p>1. Pessoas com queda de cabelo, cabelos finos e couro cabeludo sens\u00edvel.<\/p>\n\n\n\n<p>2. Pessoas com perda de cabelo heredit\u00e1ria, como alopecia seborreica.<\/p>\n\n\n\n<p>3. Pessoas com cabelos secos, crespos e que quebram facilmente.<\/p>\n\n\n\n<p>4. Pessoas no local de trabalho que sofrem de estresse prolongado e trabalho e descanso irregulares, o que leva \u00e0 queda de cabelo.<\/p>\n\n\n\n<p>5. Clientes que prestam aten\u00e7\u00e3o aos cuidados com os cabelos em sal\u00f5es de beleza e outros locais.<\/p>\n\n\n\n<h2 class=\"wp-block-heading\">Processo de produ\u00e7\u00e3o de pentes de cabelo a laser<\/h2>\n\n\n\n<p>O processo de produ\u00e7\u00e3o do pente de cabelo a laser combina tecnologia eletr\u00f4nica e tecnologia de moldagem de precis\u00e3o. O comprimento de onda, a estabilidade e a seguran\u00e7a el\u00e9trica da fonte de luz s\u00e3o rigorosamente controlados durante o processo de produ\u00e7\u00e3o. Os principais processos incluem moldagem por inje\u00e7\u00e3o de inv\u00f3lucro pl\u00e1stico, montagem do m\u00f3dulo laser, soldagem da placa de circuito, testes funcionais e montagem completa da m\u00e1quina.<\/p>\n\n\n\n<h2 class=\"wp-block-heading\">Aplica\u00e7\u00f5es do pente de cabelo a laser<\/h2>\n\n\n\n<p>O pente de cabelo a laser \u00e9 amplamente utilizado no cuidado di\u00e1rio dos cabelos em casa, barbearias, sal\u00f5es de beleza, centros de fisioterapia profissionais e outros locais.<\/p>\n\n\n\n<p>1. Cuidado di\u00e1rio com o couro cabeludo e preven\u00e7\u00e3o da queda de cabelo em casa.<\/p>\n\n\n\n<p>2. Projetos de cuidados capilares em barbearias.<\/p>\n\n\n\n<p>3. Projetos de fisioterapia em sal\u00f5es de beleza.<\/p>\n\n\n\n<p>4. Leve acess\u00f3rios para cuidados com os cabelos em viagens de neg\u00f3cios.<\/p>\n\n\n\n<h2 class=\"wp-block-heading\">Como usar o pente de cabelo a laser<\/h2>\n\n\n\n<p>O pente a laser \u00e9 muito f\u00e1cil de usar. Geralmente, recomenda-se us\u00e1-lo por 10 a 15 minutos de cada vez, de 3 a 4 vezes por semana, e observar o efeito ap\u00f3s 8 a 12 semanas de uso.<\/p>\n\n\n\n<p>1. Limpe o cabelo e certifique-se de que ele esteja seco e sem oleosidade.<\/p>\n\n\n\n<p>2. Pressione longamente o bot\u00e3o liga\/desliga e selecione a marcha apropriada.<\/p>\n\n\n\n<p>3. Coloque os dentes do pente perto do couro cabeludo e penteie uniformemente da testa para tr\u00e1s.<\/p>\n\n\n\n<p>4. Mantenha cada \u00e1rea por alguns segundos e depois passe lentamente para a pr\u00f3xima \u00e1rea.<\/p>\n\n\n\n<p>5. Desligue a energia ap\u00f3s o uso e limpe suavemente a superf\u00edcie do pente com um pano seco.<\/p>","protected":false},"excerpt":{"rendered":"Laser Hair Comb Features The laser hair comb is an intelligent hair care product that integrates care and massage. It uses LLLT technology to help stimulate hair follicle activity, improve scalp microcirculation, and promote healthy hair growth. 1. Low-energy laser: The low-energy laser used by the laser hair comb can stimulate hair follicles and enhance [&hellip;]","protected":false},"featured_media":3487,"menu_order":0,"template":"","meta":[],"product-tag":[],"products":[164],"class_list":["post-3486","product","type-product","status-publish","has-post-thumbnail","hentry","products-laser-hair-comb"],"acf":[],"_links":{"self":[{"href":"https:\/\/www.ruiqigo.com\/pt_pt\/wp-json\/wp\/v2\/product\/3486","targetHints":{"allow":["GET"]}}],"collection":[{"href":"https:\/\/www.ruiqigo.com\/pt_pt\/wp-json\/wp\/v2\/product"}],"about":[{"href":"https:\/\/www.ruiqigo.com\/pt_pt\/wp-json\/wp\/v2\/types\/product"}],"version-history":[{"count":0,"href":"https:\/\/www.ruiqigo.com\/pt_pt\/wp-json\/wp\/v2\/product\/3486\/revisions"}],"wp:featuredmedia":[{"embeddable":true,"href":"https:\/\/www.ruiqigo.com\/pt_pt\/wp-json\/wp\/v2\/media\/3487"}],"wp:attachment":[{"href":"https:\/\/www.ruiqigo.com\/pt_pt\/wp-json\/wp\/v2\/media?parent=3486"}],"wp:term":[{"taxonomy":"product-tag","embeddable":true,"href":"https:\/\/www.ruiqigo.com\/pt_pt\/wp-json\/wp\/v2\/product-tag?post=3486"},{"taxonomy":"products","embeddable":true,"href":"https:\/\/www.ruiqigo.com\/pt_pt\/wp-json\/wp\/v2\/products?post=3486"}],"curies":[{"name":"wp","href":"https:\/\/api.w.org\/{rel}","templated":true}]}}