{"id":3542,"date":"2025-06-06T15:37:19","date_gmt":"2025-06-06T07:37:19","guid":{"rendered":"https:\/\/www.ruiqigo.com\/?post_type=product&#038;p=3542"},"modified":"2025-06-06T15:37:20","modified_gmt":"2025-06-06T07:37:20","slug":"silicone-bath-brush","status":"publish","type":"product","link":"https:\/\/www.ruiqigo.com\/pt_pt\/product\/silicone-bath-brush","title":{"rendered":"Escova de banho de silicone"},"content":{"rendered":"<h2 class=\"wp-block-heading\">Caracter\u00edsticas da escova de banho de silicone<\/h2>\n\n\n\n<p>Uma escova de banho de silicone \u00e9 um utens\u00edlio de limpeza para banheira feito de silicone como material principal. Possui diversas caracter\u00edsticas, como maciez, durabilidade e alta efici\u00eancia. Comparadas \u00e0s escovas de pl\u00e1stico tradicionais, as escovas de banho de silicone s\u00e3o mais suaves e suaves para a pele, n\u00e3o irritando ou arranhando facilmente. Alguns produtos tamb\u00e9m s\u00e3o equipados com ganchos ou part\u00edculas massageadoras para atender a diferentes necessidades de banho.<\/p>\n\n\n\n<p><strong>1. Suave e seguro:<\/strong> As escovas de banho de silicone geralmente s\u00e3o feitas de silicone de grau aliment\u00edcio ou m\u00e9dico, que \u00e9 ecologicamente correto, seguro, suave e n\u00e3o t\u00f3xico.&nbsp;<\/p>\n\n\n\n<p><strong>2. Macio e el\u00e1stico: <\/strong>O material de silicone \u00e9 muito macio, as cerdas tamb\u00e9m s\u00e3o flex\u00edveis e densas, com excelente elasticidade, n\u00e3o s\u00e3o f\u00e1ceis de danificar e t\u00eam excelente durabilidade.&nbsp;<\/p>\n\n\n\n<p><strong>3. F\u00e1cil de limpar:<\/strong> A escova de banho de silicone n\u00e3o mancha facilmente e n\u00e3o esconde a sujeira facilmente. Ela seca rapidamente ap\u00f3s a lavagem, evitando o crescimento de bact\u00e9rias e garantindo sua durabilidade.&nbsp;<\/p>\n\n\n\n<p><strong>4. Pode ser reutilizado: <\/strong>A escova de banho de silicone \u00e9 dur\u00e1vel, resistente a altas temperaturas e n\u00e3o envelhece facilmente, por isso pode ser reutilizada e tem uma longa vida \u00fatil.<\/p>\n\n\n\n<h2 class=\"wp-block-heading\">Vantagens da escova de banho de silicone<\/h2>\n\n\n\n<p>A escova de banho de silicone tem muitas vantagens significativas em termos de poder de limpeza, durabilidade, higiene, etc., combinando as vantagens de lavagem suave e limpeza profunda. <\/p>\n\n\n\n<p><strong>1. Limpeza profunda que n\u00e3o agride a pele: <\/strong>As cerdas s\u00e3o macias e densas, mas n\u00e3o irritam nem esfregam excessivamente a pele. Elas podem limpar profundamente os poros e a oleosidade da pele com efic\u00e1cia.&nbsp;<\/p>\n\n\n\n<p><strong>2. Alta durabilidade: <\/strong>O silicone possui excelente resist\u00eancia a altas temperaturas e durabilidade, al\u00e9m de prevenir o envelhecimento. \u00c9 muito adequado para uso em ambientes de banheiro quentes e \u00famidos, e sua vida \u00fatil \u00e9 muito maior do que a das escovas de banho de pl\u00e1stico comuns.&nbsp;<\/p>\n\n\n\n<p><strong>3. Boas propriedades antibacterianas: <\/strong>O material de silicone tem naturalmente excelentes propriedades antibacterianas, n\u00e3o \u00e9 f\u00e1cil de criar bact\u00e9rias e mofo e garante higiene e sa\u00fade durante o uso.&nbsp;<\/p>\n\n\n\n<p><strong>4. F\u00e1cil de limpar: <\/strong>A escova de banho de silicone pode ser limpa simplesmente enxaguando-a ap\u00f3s o uso, o que \u00e9 muito pr\u00e1tico e pode evitar res\u00edduos de espuma e sujeira.&nbsp;<\/p>\n\n\n\n<p><strong>5. Ampla aplicabilidade: <\/strong>A escova de banho de silicone \u00e9 adequada para todos os tipos de pele, desde crian\u00e7as a adultos e idosos. Mesmo pessoas com pele sens\u00edvel podem us\u00e1-la com confian\u00e7a, sem qualquer desconforto.<\/p>\n\n\n\n<h2 class=\"wp-block-heading\">Escova de banho de silicone Grupo alvo<\/h2>\n\n\n\n<p>A escova de banho de silicone \u00e9 adequada para pessoas de diferentes idades e tipos de pele, especialmente para crian\u00e7as, idosos, pele sens\u00edvel e outros grupos que precisam de lavagem e cuidados suaves.<\/p>\n\n\n\n<p><strong>1. Beb\u00eas e crian\u00e7as: <\/strong>A pele delicada deles n\u00e3o suporta est\u00edmulos excessivos, por isso as cerdas de silicone macias e delicadas s\u00e3o mais seguras para eles e n\u00e3o irritam a pele.&nbsp;<\/p>\n\n\n\n<p><strong>2. Pessoas de meia-idade e idosas: <\/strong>A pele deles \u00e9 mais fr\u00e1gil, e eles n\u00e3o conseguem usar uma escova de banho muito forte para limpar o corpo, enquanto uma escova de banho de silicone pode ser usada com mais conforto.&nbsp;<\/p>\n\n\n\n<p><strong>3. Usu\u00e1rios que buscam cuidados com o corpo: <\/strong>Eles se concentram na experi\u00eancia confort\u00e1vel do banho e no bom efeito de limpeza corporal, e as escovas de banho de silicone podem alcan\u00e7ar ambos.&nbsp;<\/p>\n\n\n\n<p><strong>4. Pessoas que praticam atividades frequentes ao ar livre:<\/strong> Ele pode limpar mais profundamente e remover suor e odores de forma mais eficaz.<\/p>\n\n\n\n<h2 class=\"wp-block-heading\">Processo de produ\u00e7\u00e3o de escovas de banho de silicone<\/h2>\n\n\n\n<p>As escovas de banho de silicone s\u00e3o produzidas principalmente por moldagem por inje\u00e7\u00e3o ou lamina\u00e7\u00e3o de uma \u00fanica pe\u00e7a, e a densidade das cerdas e a precis\u00e3o dimensional s\u00e3o garantidas pela moldagem. Ap\u00f3s o tratamento de superf\u00edcie e o polimento, o corpo da escova fica delicado e as cerdas s\u00e3o macias e sem espinhos. Em seguida, o excesso de bordas e rebarbas \u00e9 removido para garantir uma apar\u00eancia impec\u00e1vel. Por fim, os res\u00edduos da produ\u00e7\u00e3o s\u00e3o cuidadosamente limpos, passando pela esteriliza\u00e7\u00e3o em alta temperatura, testes finais e inspe\u00e7\u00e3o.&nbsp;<\/p>\n\n\n\n<p>Todo o processo passa por diversas inspe\u00e7\u00f5es de qualidade e polimento para garantir tratamento de superf\u00edcie de alta qualidade e consist\u00eancia de formato, atender \u00e0 produ\u00e7\u00e3o em massa e diversas necessidades de personaliza\u00e7\u00e3o, al\u00e9m de garantir que os produtos atendam aos padr\u00f5es, sejam \u00e0 prova d&#039;\u00e1gua e de mofo e dur\u00e1veis.<\/p>\n\n\n\n<h2 class=\"wp-block-heading\">Aplica\u00e7\u00f5es da escova de banho de silicone<\/h2>\n\n\n\n<p>A escova de banho de silicone n\u00e3o \u00e9 adequada apenas para uso di\u00e1rio em cuidados corporais em casa, mas tamb\u00e9m para uma variedade de cen\u00e1rios de banho e cuidados corporais, hot\u00e9is, sal\u00f5es de beleza e outros centros de atendimento.<\/p>\n\n\n\n<p><strong>1. Banho e limpeza domiciliar: <\/strong>Uma escova de banho de silicone pode substituir as toalhas de banho tradicionais, que s\u00e3o mais macias e higi\u00eanicas.<\/p>\n\n\n\n<p><strong>2. Artigos de higiene para viagem:<\/strong> A escova de banho de silicone \u00e9 pequena e leve, eficiente e muito adequada para viagens de neg\u00f3cios e turismo.<\/p>\n\n\n\n<p><strong>3. Configura\u00e7\u00e3o do produto de banho do hotel: <\/strong>O hotel configura este produto para melhorar a experi\u00eancia de banho do cliente, atender \u00e0s necessidades personalizadas de banho do cliente e atender \u00e0 configura\u00e7\u00e3o de suprimentos de quarto de h\u00f3spedes de alta qualidade.<\/p>\n\n\n\n<p><strong>4. Conjunto de presentes para cuidados pessoais: <\/strong>A escova de banho de silicone \u00e9 adequada para uso em conjuntos combinados de cuidados pessoais e pode ser usada como uma parte importante ao dar de presente.<\/p>\n\n\n\n<h2 class=\"wp-block-heading\">Como usar a escova de banho de silicone<\/h2>\n\n\n\n<p>A escova de banho de silicone \u00e9 f\u00e1cil de usar e adequada para diversas necessidades de limpeza. Pode ser usada com sabonete l\u00edquido ou \u00e1gua para completar a limpeza di\u00e1ria. \u00c9 adequada para todo o corpo, incluindo costas, pernas e bra\u00e7os.<\/p>\n\n\n\n<p><strong>1. Molhe a escova e o corpo:<\/strong> Molhe o corpo e a escova de banho com \u00e1gua morna para amolecer gradualmente a superf\u00edcie da pele.<\/p>\n\n\n\n<p><strong>2. Adicione gel de banho: <\/strong>Coloque o sabonete l\u00edquido na superf\u00edcie da escova, esfregue suavemente at\u00e9 formar bolhas e esfregue delicadamente as partes do corpo em movimentos circulares ou para frente e para tr\u00e1s. Voc\u00ea pode usar a parte de tr\u00e1s da escova para massagear os ombros, o pesco\u00e7o ou as pernas com a for\u00e7a adequada.<\/p>\n\n\n\n<p><strong>3. Limpe a escova de banho: <\/strong>Ap\u00f3s limpar o corpo, limpe bem a superf\u00edcie da escova e seque-a para mant\u00ea-la higi\u00eanica e evitar o crescimento de bact\u00e9rias ou mofo.<\/p>\n\n\n\n<p><strong>4. Armazenamento suspenso: <\/strong>Use o orif\u00edcio de suspens\u00e3o ou a ventosa da escova de banho de silicone para fix\u00e1-la na parede e evitar o ac\u00famulo de umidade e bact\u00e9rias em um ambiente \u00famido.<\/p>","protected":false},"excerpt":{"rendered":"Silicone Bath Brush Features A silicone bath brush is a bath cleaning tool made of silicone as the main material. It has many characteristics such as softness, durability, and high efficiency. Compared with traditional plastic brushes, silicone bath brushes are more gentle and skin-friendly, and are not easy to irritate or scratch the skin. Some [&hellip;]","protected":false},"featured_media":3552,"menu_order":0,"template":"","meta":[],"product-tag":[],"products":[166],"class_list":["post-3542","product","type-product","status-publish","has-post-thumbnail","hentry","products-bath-brush"],"acf":[],"_links":{"self":[{"href":"https:\/\/www.ruiqigo.com\/pt_pt\/wp-json\/wp\/v2\/product\/3542","targetHints":{"allow":["GET"]}}],"collection":[{"href":"https:\/\/www.ruiqigo.com\/pt_pt\/wp-json\/wp\/v2\/product"}],"about":[{"href":"https:\/\/www.ruiqigo.com\/pt_pt\/wp-json\/wp\/v2\/types\/product"}],"version-history":[{"count":0,"href":"https:\/\/www.ruiqigo.com\/pt_pt\/wp-json\/wp\/v2\/product\/3542\/revisions"}],"wp:featuredmedia":[{"embeddable":true,"href":"https:\/\/www.ruiqigo.com\/pt_pt\/wp-json\/wp\/v2\/media\/3552"}],"wp:attachment":[{"href":"https:\/\/www.ruiqigo.com\/pt_pt\/wp-json\/wp\/v2\/media?parent=3542"}],"wp:term":[{"taxonomy":"product-tag","embeddable":true,"href":"https:\/\/www.ruiqigo.com\/pt_pt\/wp-json\/wp\/v2\/product-tag?post=3542"},{"taxonomy":"products","embeddable":true,"href":"https:\/\/www.ruiqigo.com\/pt_pt\/wp-json\/wp\/v2\/products?post=3542"}],"curies":[{"name":"wp","href":"https:\/\/api.w.org\/{rel}","templated":true}]}}