{"id":356,"date":"2024-07-08T10:08:37","date_gmt":"2024-07-08T02:08:37","guid":{"rendered":"https:\/\/ruiqigo.com\/?post_type=product&#038;p=356"},"modified":"2024-10-28T15:39:54","modified_gmt":"2024-10-28T07:39:54","slug":"raw-sugar-body-wash","status":"publish","type":"product","link":"https:\/\/www.ruiqigo.com\/pt_pt\/product\/raw-sugar-body-wash","title":{"rendered":"Sabonete l\u00edquido com a\u00e7\u00facar mascavo"},"content":{"rendered":"<h3 class=\"wp-block-heading\">F\u00f3rmulas comuns para fabrica\u00e7\u00e3o de sabonete l\u00edquido com a\u00e7\u00facar bruto<\/h3>\n\n\n\n<p>O ingrediente principal deste sabonete l\u00edquido com a\u00e7\u00facar bruto \u00e9 o a\u00e7\u00facar bruto natural. Rico em a\u00e7\u00facares, minerais, vitaminas e outros nutrientes, o a\u00e7\u00facar bruto limpa e remove suavemente todos os tipos de impurezas e esfoliantes, proporcionando excelente hidrata\u00e7\u00e3o e al\u00edvio do ressecamento. Tamb\u00e9m adicionamos ingredientes de limpeza suaves \u00e0 f\u00f3rmula para potencializar ainda mais seu efeito, deixando sua pele com um brilho limpo e radiante. Al\u00e9m disso, extratos naturais de plantas s\u00e3o adicionados para fornecer nutri\u00e7\u00e3o extra \u00e0 pele.<\/p>\n\n\n\n<h3 class=\"wp-block-heading\">Sabonete l\u00edquido corporal com a\u00e7\u00facar bruto Cen\u00e1rios aplic\u00e1veis<\/h3>\n\n\n\n<p>Este gel de banho Raw Sugar \u00e9 um gel de banho para o dia todo com ingredientes hidratantes ricos para ajudar a aliviar o ressecamento causado por altas temperaturas. Durante os meses frios e secos do inverno, sua f\u00f3rmula de limpeza suave limpa profundamente a pele, enquanto os ingredientes hidratantes proporcionam cuidado total da pele e al\u00edvio dos problemas de pele relacionados ao frio.<\/p>\n\n\n\n<h3 class=\"wp-block-heading\">Para quem \u00e9 indicado o sabonete l\u00edquido Raw Sugar?<\/h3>\n\n\n\n<p>Com suas propriedades esfoliantes e hidratantes naturais, o Sabonete L\u00edquido Corporal Raw Sugar \u00e9 indicado para quem busca resultados naturais no cuidado da pele. \u00c9 especialmente indicado para pessoas cuja pele precisa ser limpa e nutrida suavemente, como peles secas ou sens\u00edveis, bem como para quem prefere produtos com ingredientes naturais. Tamb\u00e9m \u00e9 indicado para quem gosta de tratamentos de spa que proporcionam um cuidado completo para a pele.<\/p>\n\n\n\n<h3 class=\"wp-block-heading\">Processo de produ\u00e7\u00e3o de sabonete l\u00edquido com a\u00e7\u00facar bruto<\/h3>\n\n\n\n<p>O Sabonete L\u00edquido Corporal Raw Sugar \u00e9 produzido combinando artesanato tradicional e tecnologia moderna, selecionando manualmente a\u00e7\u00facar bruto de alta qualidade e combinando-o com um m\u00e9todo de extra\u00e7\u00e3o em baixa temperatura para preservar seus ingredientes esfoliantes e hidratantes naturais. O rigoroso controle de qualidade durante a produ\u00e7\u00e3o garante a aus\u00eancia de aditivos qu\u00edmicos, proporcionando uma experi\u00eancia de banho pura e suave.<\/p>","protected":false},"excerpt":{"rendered":"Raw sugar body wash manufacturing Common Formulas The core ingredient of this raw sugar body wash is natural raw sugar. Rich in sugars, minerals, vitamins and other nutrients, Raw Sugar cleanses and gently removes all types of impurities and exfoliants, while providing excellent moisturization and relief from dryness. We&#8217;ve also added gentle cleansing ingredients to [&hellip;]","protected":false},"featured_media":357,"menu_order":0,"template":"","meta":[],"product-tag":[],"products":[57],"class_list":["post-356","product","type-product","status-publish","has-post-thumbnail","hentry","products-body-wash"],"acf":[],"_links":{"self":[{"href":"https:\/\/www.ruiqigo.com\/pt_pt\/wp-json\/wp\/v2\/product\/356","targetHints":{"allow":["GET"]}}],"collection":[{"href":"https:\/\/www.ruiqigo.com\/pt_pt\/wp-json\/wp\/v2\/product"}],"about":[{"href":"https:\/\/www.ruiqigo.com\/pt_pt\/wp-json\/wp\/v2\/types\/product"}],"version-history":[{"count":0,"href":"https:\/\/www.ruiqigo.com\/pt_pt\/wp-json\/wp\/v2\/product\/356\/revisions"}],"wp:featuredmedia":[{"embeddable":true,"href":"https:\/\/www.ruiqigo.com\/pt_pt\/wp-json\/wp\/v2\/media\/357"}],"wp:attachment":[{"href":"https:\/\/www.ruiqigo.com\/pt_pt\/wp-json\/wp\/v2\/media?parent=356"}],"wp:term":[{"taxonomy":"product-tag","embeddable":true,"href":"https:\/\/www.ruiqigo.com\/pt_pt\/wp-json\/wp\/v2\/product-tag?post=356"},{"taxonomy":"products","embeddable":true,"href":"https:\/\/www.ruiqigo.com\/pt_pt\/wp-json\/wp\/v2\/products?post=356"}],"curies":[{"name":"wp","href":"https:\/\/api.w.org\/{rel}","templated":true}]}}