{"id":3620,"date":"2025-06-12T11:24:09","date_gmt":"2025-06-12T03:24:09","guid":{"rendered":"https:\/\/www.ruiqigo.com\/?post_type=product&#038;p=3620"},"modified":"2025-06-12T11:24:10","modified_gmt":"2025-06-12T03:24:10","slug":"wooden-bath-brush","status":"publish","type":"product","link":"https:\/\/www.ruiqigo.com\/pt_pt\/product\/wooden-bath-brush","title":{"rendered":"Escova de banho de madeira"},"content":{"rendered":"<h2 class=\"wp-block-heading\">Caracter\u00edsticas da escova de banho de madeira<\/h2>\n\n\n\n<p>A escova de banho de madeira \u00e9 natural e pr\u00e1tica. Ela n\u00e3o s\u00f3 mant\u00e9m o estilo r\u00fastico das escovas artesanais tradicionais, como tamb\u00e9m incorpora o conceito de ergonomia do design moderno. Seu corpo de madeira \u00e9 resistente e dur\u00e1vel, tem um toque quente e as cerdas adequadas oferecem uma variedade de op\u00e7\u00f5es de cuidados com a pele.<\/p>\n\n\n\n<p><strong>1. Corpo da escova em madeira maci\u00e7a natural: <\/strong>As escovas de banho de madeira s\u00e3o geralmente feitas de faia natural, carvalho e outras madeiras nobres. Elas t\u00eam uma estrutura compacta, n\u00e3o quebram facilmente, t\u00eam boa ader\u00eancia e propriedades antiderrapantes, al\u00e9m de serem de excelente qualidade.&nbsp;<\/p>\n\n\n\n<p><strong>2. Tecnologia de tratamento de superf\u00edcie requintada:<\/strong> A superf\u00edcie da escova de banho \u00e9 polida com muita suavidade e selada com \u00f3leo vegetal ou tinta ecol\u00f3gica para melhorar seu desempenho \u00e0 prova de umidade e mofo.&nbsp;<\/p>\n\n\n\n<p><strong>3. Longa vida \u00fatil: <\/strong>A estrutura de fixa\u00e7\u00e3o do cabelo \u00e9 firme e vem com uma al\u00e7a para facilitar o manuseio. Al\u00e9m disso, \u00e9 f\u00e1cil de secar ou guardar, o que pode prolongar a vida \u00fatil da escova de banho.&nbsp;<\/p>\n\n\n\n<p><strong>4. Adequado para uma variedade de cen\u00e1rios de lavagem e cuidados:<\/strong> Nossa escova de banho de madeira pode ser usada tanto para escova\u00e7\u00e3o a seco quanto \u00famida. \u00c9 adequada para uma variedade de situa\u00e7\u00f5es de lavagem e cuidado, seja para banho di\u00e1rio ou massagem com escova\u00e7\u00e3o a seco, e suas fun\u00e7\u00f5es s\u00e3o muito flex\u00edveis.&nbsp;<\/p>\n\n\n\n<p><strong>5. Diversas op\u00e7\u00f5es de cerdas:<\/strong> Escovas de banho de madeira podem ser combinadas com cerdas naturais, como cerdas de javali e crina de cavalo, ou fibras sint\u00e9ticas flex\u00edveis para atender \u00e0s necessidades de diferentes tipos de pele (como pele sens\u00edvel, pele oleosa, etc.).<\/p>\n\n\n\n<h2 class=\"wp-block-heading\">Vantagens da escova de banho de madeira<\/h2>\n\n\n\n<p>Em compara\u00e7\u00e3o com as escovas de banho de pl\u00e1stico, as escovas de banho de madeira apresentam vantagens naturais em termos de experi\u00eancia do usu\u00e1rio, respeito ao meio ambiente e textura. Al\u00e9m de proporcionar efeitos de esfolia\u00e7\u00e3o e massagem eficazes, elas tamb\u00e9m atendem \u00e0 busca dos usu\u00e1rios modernos por naturalidade e sustentabilidade.&nbsp;<\/p>\n\n\n\n<p><strong>1. Natural e ecol\u00f3gico:<\/strong> As escovas de banho de madeira s\u00e3o feitas inteiramente de madeira e cerdas n\u00e3o t\u00f3xicas, naturais e biodegrad\u00e1veis, o que est\u00e1 em linha com o conceito de consumo sustent\u00e1vel e verde, al\u00e9m de ser muito ecologicamente correto.&nbsp;<\/p>\n\n\n\n<p><strong>2. Dur\u00e1vel:<\/strong> O corpo da escova, feito de madeira natural, possui estrutura est\u00e1vel, \u00e9 resistente ao desgaste e \u00e0 press\u00e3o, al\u00e9m de ser dur\u00e1vel. Sua vida \u00fatil excede em muito a das escovas de banho de pl\u00e1stico comuns.&nbsp;<\/p>\n\n\n\n<p><strong>3. Limpeza e esfolia\u00e7\u00e3o poderosas:<\/strong> Cerdas naturais, como as de javali, t\u00eam dureza moderada e podem limpar eficazmente manchas de suor, sujeira e pele morta sem irritar ou danificar a pele.&nbsp;<\/p>\n\n\n\n<p><strong>4. Promova a circula\u00e7\u00e3o sangu\u00ednea: <\/strong>O uso de uma escova de banho de madeira pode estimular suavemente as termina\u00e7\u00f5es nervosas, despertar a vitalidade da pele e ajudar na circula\u00e7\u00e3o sangu\u00ednea, no metabolismo e na firmeza da pele do corpo.&nbsp;<\/p>\n\n\n\n<p><strong>5. Alto desempenho de custo:<\/strong> A escova de banho de madeira s\u00f3 precisa ser seca regularmente e mantida em ambiente ventilado. N\u00e3o requer manuten\u00e7\u00e3o complexa e \u00e9 simples e conveniente de usar, o que a torna muito econ\u00f4mica.<\/p>\n\n\n\n<h2 class=\"wp-block-heading\">Escova de banho de madeira Grupo alvo<\/h2>\n\n\n\n<p>A escova de banho de madeira \u00e9 amplamente utilizada por pessoas de diferentes idades e estilos de vida devido ao seu excelente desempenho, material natural, estrutura est\u00e1vel e diversas fun\u00e7\u00f5es. Seja para quem busca cuidados b\u00e1sicos di\u00e1rios de higiene pessoal ou para quem precisa de massagem e esfolia\u00e7\u00e3o, este produto pode ser uma \u00f3tima op\u00e7\u00e3o.&nbsp;<\/p>\n\n\n\n<p><strong>1. Usu\u00e1rios dom\u00e9sticos di\u00e1rios:<\/strong> Adequado para limpeza di\u00e1ria e conforto no banho.<\/p>\n\n\n\n<p><strong>2. Pessoas de meia-idade e idosas: <\/strong>Cerdas macias s\u00e3o adequadas para pessoas com pele fr\u00e1gil ou problemas de mobilidade, o que ajuda a promover a circula\u00e7\u00e3o sangu\u00ednea no corpo e melhorar a sa\u00fade.<\/p>\n\n\n\n<p><strong>3. Pessoas com pele sens\u00edvel:<\/strong> Voc\u00ea pode escolher cerdas macias, como crina de cavalo suave e fibras sint\u00e9ticas, para limpar suavemente a pele sem causar irrita\u00e7\u00e3o ou danos.<\/p>\n\n\n\n<p><strong>4. Pessoas que se exercitam e se mant\u00eam em forma:<\/strong> Ap\u00f3s o exerc\u00edcio, voc\u00ea pode usar uma escova de banho de madeira para escova\u00e7\u00e3o seca ou \u00famida, o que ajuda a aliviar a fadiga muscular, desobstruir os poros e limpar o suor.<\/p>\n\n\n\n<h2 class=\"wp-block-heading\">Processo de produ\u00e7\u00e3o de escovas de banho de madeira<\/h2>\n\n\n\n<p>O processo de fabrica\u00e7\u00e3o da escova de banho de madeira concentra-se na sele\u00e7\u00e3o e no artesanato refinado. Da sele\u00e7\u00e3o da mat\u00e9ria-prima \u00e0 implanta\u00e7\u00e3o das cerdas, diversos processos s\u00e3o necess\u00e1rios para garantir que o produto seja resistente, dur\u00e1vel, liso e sem rebarbas.<\/p>\n\n\n\n<p><strong>1. Sele\u00e7\u00e3o de mat\u00e9ria-prima:<\/strong> Madeira natural desengordurada e seca \u00e9 usada para evitar rachaduras e mofo.<\/p>\n\n\n\n<p><strong>2. Implanta\u00e7\u00e3o de cerdas: <\/strong>As cerdas s\u00e3o implantadas manualmente ou semiautom\u00e1ticamente e s\u00e3o dispostas de forma firme e uniforme.<\/p>\n\n\n\n<p><strong>3. Polimento: <\/strong>A superf\u00edcie da escova de banho passa por v\u00e1rias rodadas de lixamento para remover rebarbas e asperezas, garantindo uma pegada suave e segura.<\/p>\n\n\n\n<p><strong>4. Revestimento imperme\u00e1vel:<\/strong> Cera de madeira natural, \u00f3leo ou verniz s\u00e3o aplicados na superf\u00edcie do corpo da escova para aumentar o desempenho de resist\u00eancia \u00e0 umidade, mofo e durabilidade do corpo da escova.<\/p>\n\n\n\n<p><strong>5. Inspe\u00e7\u00e3o de qualidade do produto:<\/strong> Cada lote de produtos precisa passar por v\u00e1rias inspe\u00e7\u00f5es de qualidade, como inspe\u00e7\u00e3o de higiene, antes de sair da f\u00e1brica para garantir que cada lote de produtos atenda aos padr\u00f5es de mercado e \u00e0s necessidades do cliente.<\/p>\n\n\n\n<h2 class=\"wp-block-heading\">Aplica\u00e7\u00f5es de escovas de banho de madeira<\/h2>\n\n\n\n<p>A escova de banho de madeira possui uma ampla gama de aplica\u00e7\u00f5es. Ela n\u00e3o \u00e9 adequada apenas para o banho di\u00e1rio em casa, mas tamb\u00e9m \u00e9 frequentemente utilizada em ambientes de cuidados profissionais, como academias e spas. \u00c9 muito adequada para acordar pela manh\u00e3, relaxar ap\u00f3s exerc\u00edcios, fazer limpeza profunda e outros ambientes.<\/p>\n\n\n\n<p>1. Na limpeza di\u00e1ria da casa e no banho, pode ser usado para limpar as costas, as pernas e outras partes que s\u00e3o dif\u00edceis de escovar completamente.<\/p>\n\n\n\n<p>2. Depois de acordar de manh\u00e3, voc\u00ea tamb\u00e9m pode us\u00e1-lo para escovar a seco para acordar no novo dia, promover a circula\u00e7\u00e3o sangu\u00ednea no corpo e aumentar a vitalidade.<\/p>\n\n\n\n<p>3. Ap\u00f3s o exerc\u00edcio, voc\u00ea pode usar uma escova de banho de madeira para aliviar a tens\u00e3o muscular causada pelo exerc\u00edcio e ajudar na elimina\u00e7\u00e3o de res\u00edduos metab\u00f3licos.<\/p>\n\n\n\n<h2 class=\"wp-block-heading\">Como usar a escova de banho de madeira<\/h2>\n\n\n\n<p>A escova de banho de madeira \u00e9 f\u00e1cil de usar. Voc\u00ea pode escolher entre uma escova seca ou uma escova \u00famida, de acordo com suas diferentes necessidades de limpeza.<\/p>\n\n\n\n<p><strong>1. Escova seca:<\/strong> Escove o corpo a seco por cerca de 5 minutos todas as manh\u00e3s depois de acordar, o que \u00e9 ben\u00e9fico para promover a circula\u00e7\u00e3o sangu\u00ednea e estimular a vitalidade do corpo.<\/p>\n\n\n\n<p><strong>2. Escova molhada:<\/strong> Adequado para limpeza durante o banho. Molhe as cerdas, aplique uma pequena quantidade de sabonete l\u00edquido e limpe o corpo com movimentos circulares.<\/p>\n\n\n\n<p><strong>Observa\u00e7\u00e3o:<\/strong> Durante o processo de limpeza, n\u00e3o esfregue com for\u00e7a para evitar irritar a pele. Ap\u00f3s o uso, recomenda-se enxaguar as cerdas com \u00e1gua limpa, sec\u00e1-las e evitar deix\u00e1-las de molho por muito tempo para prolongar sua vida \u00fatil.<\/p>","protected":false},"excerpt":{"rendered":"Wooden Bath Brush Features The wooden bath brush is both natural and practical. It not only retains the rustic style of traditional handmade brushes but also incorporates the ergonomics concept of modern design. Its wooden brush body is sturdy and durable, feels warm, and the appropriate bristles provide a variety of skin care options. 1. [&hellip;]","protected":false},"featured_media":3621,"menu_order":0,"template":"","meta":[],"product-tag":[],"products":[166],"class_list":["post-3620","product","type-product","status-publish","has-post-thumbnail","hentry","products-bath-brush"],"acf":[],"_links":{"self":[{"href":"https:\/\/www.ruiqigo.com\/pt_pt\/wp-json\/wp\/v2\/product\/3620","targetHints":{"allow":["GET"]}}],"collection":[{"href":"https:\/\/www.ruiqigo.com\/pt_pt\/wp-json\/wp\/v2\/product"}],"about":[{"href":"https:\/\/www.ruiqigo.com\/pt_pt\/wp-json\/wp\/v2\/types\/product"}],"version-history":[{"count":0,"href":"https:\/\/www.ruiqigo.com\/pt_pt\/wp-json\/wp\/v2\/product\/3620\/revisions"}],"wp:featuredmedia":[{"embeddable":true,"href":"https:\/\/www.ruiqigo.com\/pt_pt\/wp-json\/wp\/v2\/media\/3621"}],"wp:attachment":[{"href":"https:\/\/www.ruiqigo.com\/pt_pt\/wp-json\/wp\/v2\/media?parent=3620"}],"wp:term":[{"taxonomy":"product-tag","embeddable":true,"href":"https:\/\/www.ruiqigo.com\/pt_pt\/wp-json\/wp\/v2\/product-tag?post=3620"},{"taxonomy":"products","embeddable":true,"href":"https:\/\/www.ruiqigo.com\/pt_pt\/wp-json\/wp\/v2\/products?post=3620"}],"curies":[{"name":"wp","href":"https:\/\/api.w.org\/{rel}","templated":true}]}}