{"id":3645,"date":"2025-06-16T11:20:07","date_gmt":"2025-06-16T03:20:07","guid":{"rendered":"https:\/\/www.ruiqigo.com\/?post_type=product&#038;p=3645"},"modified":"2025-06-19T09:22:49","modified_gmt":"2025-06-19T01:22:49","slug":"sensitive-toothpaste","status":"publish","type":"product","link":"https:\/\/www.ruiqigo.com\/pt_pt\/product\/sensitive-toothpaste","title":{"rendered":"Pasta de dente sens\u00edvel"},"content":{"rendered":"<h2 class=\"wp-block-heading\">F\u00f3rmulas comuns na fabrica\u00e7\u00e3o de pastas de dente para dentes sens\u00edveis<\/h2>\n\n\n\n<p>Ele usa principalmente nitrato de pot\u00e1ssio e ingredientes ativos de nano-hidroxiapatita para reduzir a sensibilidade dent\u00e1ria, reduzir efetivamente a dor intensa causada pela estimula\u00e7\u00e3o, bloqueando os sinais de dor de atingir as termina\u00e7\u00f5es nervosas e formar uma densa camada protetora na superf\u00edcie do dente, que pode n\u00e3o apenas resistir a est\u00edmulos externos, mas tamb\u00e9m promover a remineraliza\u00e7\u00e3o do esmalte, aumentar a capacidade dos dentes de resistir \u00e0 eros\u00e3o \u00e1cida, aliviar fundamentalmente o problema da sensibilidade dent\u00e1ria e fornecer prote\u00e7\u00e3o abrangente \u00e0 sa\u00fade bucal.<\/p>\n\n\n\n<h2 class=\"wp-block-heading\">Cen\u00e1rios aplic\u00e1veis \u00e0 pasta de dentes sens\u00edvel<\/h2>\n\n\n\n<p>O creme dental para dentes sens\u00edveis \u00e9 adequado para uma variedade de situa\u00e7\u00f5es, resolvendo problemas de sensibilidade dent\u00e1ria e cuidando da sa\u00fade bucal, especialmente nas seguintes situa\u00e7\u00f5es: Quando a sensibilidade dent\u00e1ria \u00e9 causada pela eros\u00e3o do esmalte, o uso de creme dental para dentes sens\u00edveis pode aliviar a dor causada pela irrita\u00e7\u00e3o, paralisando os nervos e formando uma camada protetora. Para pacientes com retra\u00e7\u00e3o gengival, pode aliviar o desconforto e proteger as \u00e1reas expostas. Ap\u00f3s o clareamento dental, pode neutralizar esse efeito colateral, permitindo que voc\u00ea continue usando produtos clareadores.<\/p>\n\n\n\n<h2 class=\"wp-block-heading\">Para quem \u00e9 indicado o creme dental para dentes sens\u00edveis<\/h2>\n\n\n\n<p>O creme dental Sensible \u00e9 indicado para grupos espec\u00edficos de pessoas que sofrem de problemas de sensibilidade dent\u00e1ria, sendo especialmente recomendado para os seguintes consumidores:<\/p>\n\n\n\n<p>1. Pessoas que frequentemente sentem sensibilidade nos dentes.<\/p>\n\n\n\n<p>2. Pessoas com problemas de desgaste do esmalte dent\u00e1rio.<\/p>\n\n\n\n<p>3. Pessoas sens\u00edveis devido \u00e0 retra\u00e7\u00e3o gengival e ra\u00edzes dent\u00e1rias expostas.<\/p>\n\n\n\n<p>4. Pessoas propensas \u00e0 sensibilidade dent\u00e1ria devido a fatores gen\u00e9ticos ou ao afinamento natural do esmalte dent\u00e1rio com a idade.<\/p>\n\n\n\n<p>5. Pessoas que desejam prevenir ativamente a sensibilidade dent\u00e1ria e manter a sa\u00fade bucal a longo prazo.<\/p>\n\n\n\n<h2 class=\"wp-block-heading\">Processo de produ\u00e7\u00e3o de pasta de dente sens\u00edvel<\/h2>\n\n\n\n<p>Como fabricantes profissionais de pastas de dente para dentes sens\u00edveis, implementamos os seguintes processos de produ\u00e7\u00e3o padronizados e sofisticados para garantir a qualidade e a efic\u00e1cia do produto:<\/p>\n\n\n\n<p>1) Selecione rigorosamente mat\u00e9rias-primas como nitrato de pot\u00e1ssio, nano-hidroxiapatita (n-Ha) e fl\u00faor para garantir que os ingredientes atendam aos padr\u00f5es de cuidados bucais.<\/p>\n\n\n\n<p>2) Controle de propor\u00e7\u00e3o: Me\u00e7a e misture com precis\u00e3o os ingredientes ativos e auxiliares.<\/p>\n\n\n\n<p>3) Mistura uniforme: use equipamento de mistura avan\u00e7ado para garantir dispers\u00e3o uniforme e formar uma estrutura de pasta est\u00e1vel para manter uma efic\u00e1cia consistente.<\/p>\n\n\n\n<p>4) Use a tecnologia de dispers\u00e3o de baixa temperatura para ativar completamente o n-Ha e outros minerais, ajudando-os a reparar melhor os defeitos do esmalte e a formar uma barreira protetora contra gatilhos sens\u00edveis.<\/p>\n\n\n\n<p>5) Envase em ambiente limpo e est\u00e9ril para evitar contamina\u00e7\u00e3o, mantendo a atividade dos ingredientes, garantindo a seguran\u00e7a e o prazo de validade do produto.<\/p>","protected":false},"excerpt":{"rendered":"Sensitive Toothpaste Manufacturing Common Formulas It mainly uses potassium nitrate and nano-hydroxyapatite active ingredients to reduce tooth sensitivity, effectively reduce the severe pain caused by stimulation by blocking pain signals from reaching nerve endings, and form a dense protective layer on the tooth surface, which can not only resist external stimuli, but also promote enamel [&hellip;]","protected":false},"featured_media":3646,"menu_order":0,"template":"","meta":[],"product-tag":[],"products":[71],"class_list":["post-3645","product","type-product","status-publish","has-post-thumbnail","hentry","products-toothpaste"],"acf":[],"_links":{"self":[{"href":"https:\/\/www.ruiqigo.com\/pt_pt\/wp-json\/wp\/v2\/product\/3645","targetHints":{"allow":["GET"]}}],"collection":[{"href":"https:\/\/www.ruiqigo.com\/pt_pt\/wp-json\/wp\/v2\/product"}],"about":[{"href":"https:\/\/www.ruiqigo.com\/pt_pt\/wp-json\/wp\/v2\/types\/product"}],"version-history":[{"count":0,"href":"https:\/\/www.ruiqigo.com\/pt_pt\/wp-json\/wp\/v2\/product\/3645\/revisions"}],"wp:featuredmedia":[{"embeddable":true,"href":"https:\/\/www.ruiqigo.com\/pt_pt\/wp-json\/wp\/v2\/media\/3646"}],"wp:attachment":[{"href":"https:\/\/www.ruiqigo.com\/pt_pt\/wp-json\/wp\/v2\/media?parent=3645"}],"wp:term":[{"taxonomy":"product-tag","embeddable":true,"href":"https:\/\/www.ruiqigo.com\/pt_pt\/wp-json\/wp\/v2\/product-tag?post=3645"},{"taxonomy":"products","embeddable":true,"href":"https:\/\/www.ruiqigo.com\/pt_pt\/wp-json\/wp\/v2\/products?post=3645"}],"curies":[{"name":"wp","href":"https:\/\/api.w.org\/{rel}","templated":true}]}}