{"id":366,"date":"2024-07-08T09:50:29","date_gmt":"2024-07-08T01:50:29","guid":{"rendered":"https:\/\/ruiqigo.com\/?post_type=product&#038;p=366"},"modified":"2024-10-28T15:36:38","modified_gmt":"2024-10-28T07:36:38","slug":"vanilla-body-wash","status":"publish","type":"product","link":"https:\/\/www.ruiqigo.com\/pt_pt\/product\/vanilla-body-wash","title":{"rendered":"Sabonete l\u00edquido de baunilha"},"content":{"rendered":"<h3 class=\"wp-block-heading\">F\u00f3rmulas comuns para fabrica\u00e7\u00e3o de sabonete l\u00edquido de baunilha<\/h3>\n\n\n\n<p>O ingrediente principal deste Vanilla Body Wash \u00e9 o \u00f3leo essencial de baunilha natural. O \u00f3leo essencial de baunilha \u00e9 rico em fitonutrientes naturais, como vitaminas e minerais, que n\u00e3o s\u00f3 tornam o banho perfumado, mas tamb\u00e9m nutrem a pele. Ao mesmo tempo, tamb\u00e9m adicionamos aveia, camomila e outros extratos naturais de plantas na f\u00f3rmula, podem limpar suavemente a pele, mas tamb\u00e9m para a pele trazer mais efeito de manuten\u00e7\u00e3o. Todos os ingredientes s\u00e3o rigorosamente selecionados para garantir a seguran\u00e7a e efic\u00e1cia do produto, para apresentar a voc\u00ea produtos de banho naturais de alta qualidade.<\/p>\n\n\n\n<h3 class=\"wp-block-heading\">Sabonete l\u00edquido de baunilha Cen\u00e1rios aplic\u00e1veis<\/h3>\n\n\n\n<p>Este sabonete l\u00edquido de baunilha \u00e9 adequado para todas as esta\u00e7\u00f5es e climas. No ver\u00e3o apaixonado, sua fragr\u00e2ncia fresca e agrad\u00e1vel pode trazer relaxamento total, mas tamb\u00e9m pode manter a pele fresca e limpa; no inverno frio e seco, seus ricos ingredientes nutritivos podem fornecer cuidados abrangentes para a pele para aliviar o ressecamento e outros problemas.<\/p>\n\n\n\n<h3 class=\"wp-block-heading\">Para quem \u00e9 o Vanilla Body Wash Suit?<\/h3>\n\n\n\n<p>Com suas propriedades calmantes e hidratantes, o sabonete l\u00edquido de baunilha \u00e9 adequado para todos os tipos de pele, especialmente para usu\u00e1rios que buscam uma experi\u00eancia arom\u00e1tica natural. Para aqueles com pele seca ou que precisam de relaxamento, os efeitos suaves e hidratantes da baunilha fornecem o tratamento de banho ideal. Tamb\u00e9m \u00e9 adequado para aqueles que s\u00e3o ambientalmente conscientes, pois o produto \u00e9 embalado em materiais ecologicamente corretos.<\/p>\n\n\n\n<h3 class=\"wp-block-heading\">Processo de produ\u00e7\u00e3o de sabonete l\u00edquido de baunilha<\/h3>\n\n\n\n<p>Na produ\u00e7\u00e3o do Vanilla Body Wash, gr\u00e3os de baunilha cuidadosamente selecionados s\u00e3o usados para extrair a fragr\u00e2ncia, e o aroma natural e os ingredientes de cuidados com a pele da baunilha s\u00e3o preservados por meio de um processo de extra\u00e7\u00e3o a frio. Durante o processo de produ\u00e7\u00e3o, a propor\u00e7\u00e3o e o valor do pH da f\u00f3rmula s\u00e3o rigorosamente controlados para garantir que o produto seja suave e n\u00e3o irritante, mantendo o equil\u00edbrio natural do pH da pele.<\/p>","protected":false},"excerpt":{"rendered":"Vanilla body wash manufacturing Common Formulas The core ingredient of this Vanilla Body Wash is natural vanilla essential oil. Vanilla essential oil is rich in natural phytonutrients such as vitamins and minerals, which not only make bath time scented, but also nourish the skin. At the same time, we also added oatmeal, chamomile and other [&hellip;]","protected":false},"featured_media":367,"menu_order":0,"template":"","meta":[],"product-tag":[],"products":[57],"class_list":["post-366","product","type-product","status-publish","has-post-thumbnail","hentry","products-body-wash"],"acf":[],"_links":{"self":[{"href":"https:\/\/www.ruiqigo.com\/pt_pt\/wp-json\/wp\/v2\/product\/366","targetHints":{"allow":["GET"]}}],"collection":[{"href":"https:\/\/www.ruiqigo.com\/pt_pt\/wp-json\/wp\/v2\/product"}],"about":[{"href":"https:\/\/www.ruiqigo.com\/pt_pt\/wp-json\/wp\/v2\/types\/product"}],"version-history":[{"count":0,"href":"https:\/\/www.ruiqigo.com\/pt_pt\/wp-json\/wp\/v2\/product\/366\/revisions"}],"wp:featuredmedia":[{"embeddable":true,"href":"https:\/\/www.ruiqigo.com\/pt_pt\/wp-json\/wp\/v2\/media\/367"}],"wp:attachment":[{"href":"https:\/\/www.ruiqigo.com\/pt_pt\/wp-json\/wp\/v2\/media?parent=366"}],"wp:term":[{"taxonomy":"product-tag","embeddable":true,"href":"https:\/\/www.ruiqigo.com\/pt_pt\/wp-json\/wp\/v2\/product-tag?post=366"},{"taxonomy":"products","embeddable":true,"href":"https:\/\/www.ruiqigo.com\/pt_pt\/wp-json\/wp\/v2\/products?post=366"}],"curies":[{"name":"wp","href":"https:\/\/api.w.org\/{rel}","templated":true}]}}