{"id":3671,"date":"2025-06-18T11:10:21","date_gmt":"2025-06-18T03:10:21","guid":{"rendered":"https:\/\/www.ruiqigo.com\/?post_type=product&#038;p=3671"},"modified":"2025-06-19T09:09:34","modified_gmt":"2025-06-19T01:09:34","slug":"herbal-essences-conditioner","status":"publish","type":"product","link":"https:\/\/www.ruiqigo.com\/pt_pt\/product\/herbal-essences-conditioner","title":{"rendered":"Condicionador Herbal Essences"},"content":{"rendered":"<h2 class=\"wp-block-heading\">F\u00f3rmulas comuns para fabrica\u00e7\u00e3o de condicionadores Herbal Essences<\/h2>\n\n\n\n<p>O condicionador REAL SPRING da Herbal Essences utiliza uma variedade de ingredientes naturais para criar uma solu\u00e7\u00e3o suave e eficaz para o cuidado dos cabelos. O \u00f3leo de coco \u00e9 rico em \u00e1cidos graxos, que penetram nos fios para reter a hidrata\u00e7\u00e3o, combater o ressecamento e melhorar a maleabilidade; o \u00f3leo de argan \u00e9 rico em vitaminas e antioxidantes, suavizando o frizz, adicionando brilho e fortalecendo os cabelos da raiz \u00e0s pontas; o \u00f3leo de abacate utiliza nutrientes como o \u00e1cido oleico para nutrir profundamente, reparar danos e melhorar a elasticidade dos fios. Esses ingredientes atuam em conjunto para que o condicionador limpe suavemente os res\u00edduos e nutra completamente os cabelos, deixando-os sedosos, f\u00e1ceis de pentear e com brilho natural.<\/p>\n\n\n\n<h2 class=\"wp-block-heading\">Cen\u00e1rios de aplica\u00e7\u00e3o do condicionador Herbal Essences<\/h2>\n\n\n\n<p>Os condicionadores Herbal Essence s\u00e3o adequados para diversas necessidades de cuidados com os cabelos. Para o cuidado di\u00e1rio, eles nutrem e suavizam delicadamente os fios, deixando-os macios e f\u00e1ceis de pentear, sem pesar. Ap\u00f3s um dia de sol e vento, rep\u00f5em a hidrata\u00e7\u00e3o e reparam pequenos danos causados por fatores ambientais. Para cabelos secos e com frizz, o uso cont\u00ednuo proporciona maior suavidade e real\u00e7a o brilho natural. Seja para o cuidado regular em casa, para manter os cabelos arrumados durante viagens ou ap\u00f3s o uso de produtos de finaliza\u00e7\u00e3o, os condicionadores Herbal Essence condicionam eficazmente e garantem que seus cabelos mantenham uma apar\u00eancia saud\u00e1vel e sejam f\u00e1ceis de pentear em diversas situa\u00e7\u00f5es.<\/p>\n\n\n\n<h2 class=\"wp-block-heading\">Para quem o condicionador Herbal Essences \u00e9 indicado?<\/h2>\n\n\n\n<p>O Condicionador Herbal Essence \u00e9 adequado para uma ampla gama de pessoas. Ideal para cabelos secos e com frizz, seus \u00f3leos essenciais vegetais (como \u00f3leo de coco e \u00f3leo de argan) hidratam profundamente e controlam o frizz; pessoas com cabelos tingidos tamb\u00e9m se beneficiam dos suaves extratos de ervas que protegem e fixam a cor sem danificar os fios; para quem tem cabelos danificados por ferramentas de calor e processos qu\u00edmicos, sua f\u00f3rmula nutritiva repara e fortalece os cabelos; mesmo para cabelos oleosos, os ingredientes naturais e leves limpam suavemente e equilibram a oleosidade sem ressecar. Seja para a manuten\u00e7\u00e3o di\u00e1ria de cabelos saud\u00e1veis ou para o reparo espec\u00edfico de cabelos danificados, ele nutre e deixa os fios mais macios e fortes.<\/p>\n\n\n\n<h2 class=\"wp-block-heading\">Processo de produ\u00e7\u00e3o do condicionador Herbal Essences<\/h2>\n\n\n\n<p>A produ\u00e7\u00e3o do condicionador Herbal Essence segue um rigoroso processo de m\u00faltiplas etapas para garantir a qualidade. Primeiramente, ingredientes naturais como \u00f3leo de coco, \u00f3leo de nozes e extratos vegetais s\u00e3o cuidadosamente selecionados e os fornecedores s\u00e3o rigorosamente auditados para assegurar sua pureza, sustentabilidade e efic\u00e1cia. Durante a fase de desenvolvimento da formula\u00e7\u00e3o, esses ingredientes naturais s\u00e3o combinados com emulsificantes suaves, hidratantes e ingredientes para o cuidado capilar. Durante o processo de produ\u00e7\u00e3o, a temperatura e o tempo de mistura s\u00e3o controlados com precis\u00e3o para otimizar a sinergia dos ingredientes e preservar a atividade dos ingredientes nutritivos. Ap\u00f3s a mistura, o produto \u00e9 testado quanto \u00e0 consist\u00eancia e seguran\u00e7a. Finalmente, \u00e9 embalado em materiais ecol\u00f3gicos e at\u00f3xicos. Cada etapa, da sele\u00e7\u00e3o dos ingredientes \u00e0 embalagem, visa criar um condicionador que nutra, suavize e proteja os cabelos de forma eficaz, atendendo aos mais altos padr\u00f5es de qualidade e ambientais.<\/p>","protected":false},"excerpt":{"rendered":"Herbal essences conditioner manufacturing common formulas This REAL SPRING Herbal Essences Conditioner uses a variety of natural ingredients to create a gentle and effective hair care solution. Coconut oil is rich in fatty acids, which can penetrate the hair to lock in moisture, fight dryness, and improve suppleness; Argan oil is rich in vitamins and [&hellip;]","protected":false},"featured_media":3678,"menu_order":0,"template":"","meta":[],"product-tag":[],"products":[52],"class_list":["post-3671","product","type-product","status-publish","has-post-thumbnail","hentry","products-conditioner"],"acf":[],"_links":{"self":[{"href":"https:\/\/www.ruiqigo.com\/pt_pt\/wp-json\/wp\/v2\/product\/3671","targetHints":{"allow":["GET"]}}],"collection":[{"href":"https:\/\/www.ruiqigo.com\/pt_pt\/wp-json\/wp\/v2\/product"}],"about":[{"href":"https:\/\/www.ruiqigo.com\/pt_pt\/wp-json\/wp\/v2\/types\/product"}],"version-history":[{"count":0,"href":"https:\/\/www.ruiqigo.com\/pt_pt\/wp-json\/wp\/v2\/product\/3671\/revisions"}],"wp:featuredmedia":[{"embeddable":true,"href":"https:\/\/www.ruiqigo.com\/pt_pt\/wp-json\/wp\/v2\/media\/3678"}],"wp:attachment":[{"href":"https:\/\/www.ruiqigo.com\/pt_pt\/wp-json\/wp\/v2\/media?parent=3671"}],"wp:term":[{"taxonomy":"product-tag","embeddable":true,"href":"https:\/\/www.ruiqigo.com\/pt_pt\/wp-json\/wp\/v2\/product-tag?post=3671"},{"taxonomy":"products","embeddable":true,"href":"https:\/\/www.ruiqigo.com\/pt_pt\/wp-json\/wp\/v2\/products?post=3671"}],"curies":[{"name":"wp","href":"https:\/\/api.w.org\/{rel}","templated":true}]}}