{"id":3680,"date":"2025-06-18T17:20:18","date_gmt":"2025-06-18T09:20:18","guid":{"rendered":"https:\/\/www.ruiqigo.com\/?post_type=product&#038;p=3680"},"modified":"2025-06-19T09:13:24","modified_gmt":"2025-06-19T01:13:24","slug":"biotin-shampoo-and-conditioner","status":"publish","type":"product","link":"https:\/\/www.ruiqigo.com\/pt_pt\/product\/biotin-shampoo-and-conditioner","title":{"rendered":"Shampoo e condicionador de biotina"},"content":{"rendered":"<h2 class=\"wp-block-heading\">F\u00f3rmulas comuns para fabrica\u00e7\u00e3o de xampu e condicionador de biotina<\/h2>\n\n\n\n<p>Ao produzir este xampu e condicionador de biotina, usamos uma variedade de ingredientes naturais que trabalham juntos para limpar, nutrir, fortalecer o cabelo e cuidar do couro cabeludo.<\/p>\n\n\n\n<p>1. Biotina: A biotina, tamb\u00e9m conhecida como vitamina B7, \u00e9 o ingrediente principal. Ela desempenha um papel fundamental na promo\u00e7\u00e3o da s\u00edntese de queratina, reduzindo a quebra capilar, tornando-a mais espessa e melhorando a vitalidade geral dos fios, melhorando a sa\u00fade dos fol\u00edculos capilares, estabelecendo uma base s\u00f3lida para cabelos fortes.<\/p>\n\n\n\n<p>2. Lavanda: O extrato de lavanda acalma o couro cabeludo, alivia a irrita\u00e7\u00e3o e a coceira, e seu aroma agrad\u00e1vel proporciona uma sensa\u00e7\u00e3o de relaxamento. Suas propriedades antioxidantes protegem o cabelo dos danos ambientais, ajudam a equilibrar a secre\u00e7\u00e3o de \u00f3leo do couro cabeludo e tamb\u00e9m conferem uma fragr\u00e2ncia floral leve e fresca para aprimorar a experi\u00eancia do usu\u00e1rio.<\/p>\n\n\n\n<p>3. Ginseng: O extrato de ginseng promove a circula\u00e7\u00e3o sangu\u00ednea no couro cabeludo e facilita o transporte de nutrientes para os fol\u00edculos capilares. Revitaliza cabelos opacos, melhora a for\u00e7a e a elasticidade dos fios e ajuda a aliviar os problemas de afinamento capilar, otimizando a fun\u00e7\u00e3o dos fol\u00edculos capilares, ajudando-os a recuperar a vitalidade.<\/p>\n\n\n\n<p>4. Algas vermelhas: As algas vermelhas s\u00e3o ricas em minerais, vitaminas e amino\u00e1cidos, hidratando profundamente, formando uma pel\u00edcula protetora para reter a umidade, protegendo contra danos externos, como raios UV e polui\u00e7\u00e3o, al\u00e9m de suavizar as escamas do cabelo, dando brilho e apresentando uma apar\u00eancia mais saud\u00e1vel.<\/p>\n\n\n\n<p>5. Gard\u00eania: O extrato de gard\u00eania condiciona o cabelo, deixando-o mais macio e f\u00e1cil de pentear. Ingredientes naturais nutrem o couro cabeludo, reduzem o frizz e conferem um leve aroma floral. Eles tamb\u00e9m ajudam a manter a sa\u00fade do microbioma do couro cabeludo, criando um ambiente prop\u00edcio para o crescimento capilar.<\/p>\n\n\n\n<h2 class=\"wp-block-heading\">As fun\u00e7\u00f5es do shampoo e condicionador de biotina<\/h2>\n\n\n\n<p>Como um produto profissional para cuidados com os cabelos que cont\u00e9m biotina, ele combina as vantagens de limpeza do xampu com as propriedades nutritivas do condicionador e usa ingredientes naturais como biotina, lavanda e ginseng para proporcionar uma experi\u00eancia de cuidado capilar suave e eficaz.<\/p>\n\n\n\n<p>1. Nutri\u00e7\u00e3o forte: O ingrediente principal biotina promove a produ\u00e7\u00e3o de queratina, fortalece o cabelo de dentro para fora e \u00e9 combinado com queratina hidrolisada para reparar cabelos danificados, reduzir a quebra do cabelo e nutrir profundamente e revitalizar a vitalidade geral.<\/p>\n\n\n\n<p>2. Reten\u00e7\u00e3o de umidade: o extrato de algas vermelhas cria uma barreira de reten\u00e7\u00e3o de \u00e1gua, os extratos de gard\u00eania e lavanda acalmam o couro cabeludo, rep\u00f5em sinergicamente a umidade do cabelo, ret\u00eam a umidade natural, previnem o ressecamento e o frizz e deixam o cabelo macio, suave e hidratado.<\/p>\n\n\n\n<p>3. Limpeza suave: Abandone os sulfatos irritantes e use ingredientes de limpeza naturais suaves para remover eficazmente a sujeira, a oleosidade e os res\u00edduos. Limpa, preservando a oleosidade natural do cabelo, adequado para uso di\u00e1rio e couro cabeludo sens\u00edvel, refrescante e n\u00e3o irritante ap\u00f3s a lavagem.<\/p>\n\n\n\n<p>4. Cuidado e calmante do couro cabeludo: o ginseng promove a circula\u00e7\u00e3o sangu\u00ednea e fornece nutrientes aos fol\u00edculos capilares; a lavanda e a gard\u00eania aliviam a irrita\u00e7\u00e3o, a coceira, equilibram a oleosidade do couro cabeludo, criam um ambiente saud\u00e1vel para o crescimento do cabelo e melhoram o conforto do couro cabeludo.<\/p>\n\n\n\n<p>5. Brilhante e macio: a queratina hidrolisada suaviza as escamas do cabelo, as algas vermelhas adicionam brilho, a f\u00f3rmula alisa o frizz, reduz os n\u00f3s, d\u00e1 ao cabelo um brilho natural e saud\u00e1vel e melhora a maleabilidade e a beleza.<\/p>\n\n\n\n<p>6. Adequado para cabelos tingidos: a f\u00f3rmula suave n\u00e3o danifica as escamas do cabelo nem acelera o desbotamento da cor, ajuda a manter o brilho da cor do cabelo tingido, protege o cabelo tingido dos danos ambientais, prolonga a durabilidade da cor do cabelo e mant\u00e9m o cabelo tingido brilhante.<\/p>\n\n\n\n<h2 class=\"wp-block-heading\">Como usar xampu e condicionador de biotina<\/h2>\n\n\n\n<p>Nossos produtos de xampu e condicionador com biotina s\u00e3o uma combina\u00e7\u00e3o de limpeza e nutri\u00e7\u00e3o, adequados para uma variedade de necessidades de cuidados capilares e f\u00e1ceis de usar.<\/p>\n\n\n\n<p>1. Molhe o cabelo: primeiro, molhe o cabelo com \u00e1gua morna para garantir que cada fio esteja hidratado, para que o produto seja distribu\u00eddo uniformemente e tenha total efic\u00e1cia.<\/p>\n\n\n\n<p>2. Aplique o produto: Coloque uma quantidade adequada de produto na palma da m\u00e3o, esfregue suavemente para emulsionar levemente e, em seguida, aplique uniformemente no couro cabeludo e nos cabelos. Massageie suavemente o couro cabeludo em movimentos circulares por 1 a 2 minutos para promover a circula\u00e7\u00e3o sangu\u00ednea e permitir que o produto nutra completamente o couro cabeludo e os cabelos.<\/p>\n\n\n\n<p>3. Enx\u00e1gue bem: Ap\u00f3s a massagem, enx\u00e1gue o cabelo com \u00e1gua morna at\u00e9 que n\u00e3o haja mais nenhum produto. Certifique-se de que a espuma e os ingredientes da f\u00f3rmula sejam removidos para manter o cabelo fresco e limpo.<\/p>\n\n\n\n<p>4. Cuidados complementares opcionais: Se o seu cabelo estiver seco ou danificado e voc\u00ea quiser aumentar a hidrata\u00e7\u00e3o, pode aplicar uma pequena quantidade de \u00f3leo essencial capilar no cabelo enquanto ele estiver levemente \u00famido. Em seguida, deixe o cabelo secar naturalmente ou use um secador em temperatura baixa para obter uma textura macia.<\/p>\n\n\n\n<h2 class=\"wp-block-heading\">Cuidado<\/h2>\n\n\n\n<p>1. Escolha o produto certo de acordo com seu tipo de cabelo para obter os melhores resultados.<\/p>\n\n\n\n<p>2. Aplique uma pequena quantidade do produto atr\u00e1s da orelha ao usar pela primeira vez. Se sentir rea\u00e7\u00f5es al\u00e9rgicas, como formigamento ou vermelhid\u00e3o, interrompa o uso imediatamente.<\/p>\n\n\n\n<p>3. Use o produto conforme necess\u00e1rio.<\/p>\n\n\n\n<p>4. Para a maioria dos tipos de cabelo, use de 2 a 3 vezes por semana. Para cabelos finos ou oleosos, aumente para 3 a 4 vezes por semana. A menos que seu cabelo seja extremamente seco, o uso frequente pode perturbar o equil\u00edbrio natural do couro cabeludo.<\/p>\n\n\n\n<p>5. Mantenha o produto em local fresco e seco, longe da luz solar direta e de altas temperaturas.<\/p>\n\n\n\n<h2 class=\"wp-block-heading\">Conclus\u00e3o<\/h2>\n\n\n\n<p>O Shampoo e Condicionador Biotin oferece uma solu\u00e7\u00e3o completa para o cuidado capilar. Cont\u00e9m ingredientes naturais como biotina, lavanda, ginseng, entre outros, que limpam suavemente, nutrem profundamente e fortalecem os fios. Sua f\u00f3rmula dois em um \u00e9 adequada para todos os tipos de cabelo e cen\u00e1rios de uso, desde o cuidado di\u00e1rio at\u00e9 a repara\u00e7\u00e3o p\u00f3s-modelagem. Ajuda os usu\u00e1rios a ter cabelos mais saud\u00e1veis, fortes e vibrantes. Seja para o cuidado di\u00e1rio ou para tratar problemas capilares espec\u00edficos, este produto combina efic\u00e1cia e suavidade para ajudar a manter os cabelos com a sa\u00fade ideal.<\/p>\n\n\n\n<p><\/p>","protected":false},"excerpt":{"rendered":"Biotin Shampoo And Conditioner Manufacturing Common Formulas When producing this biotin shampoo and conditioner, we use a variety of natural ingredients that work together to clean, nourish, strengthen hair, and care for the scalp. 1. Biotin: Biotin, also known as vitamin B7, is the core ingredient. It plays a key role in promoting keratin synthesis, [&hellip;]","protected":false},"featured_media":3683,"menu_order":0,"template":"","meta":[],"product-tag":[],"products":[54],"class_list":["post-3680","product","type-product","status-publish","has-post-thumbnail","hentry","products-shampoo-and-conditioner"],"acf":[],"_links":{"self":[{"href":"https:\/\/www.ruiqigo.com\/pt_pt\/wp-json\/wp\/v2\/product\/3680","targetHints":{"allow":["GET"]}}],"collection":[{"href":"https:\/\/www.ruiqigo.com\/pt_pt\/wp-json\/wp\/v2\/product"}],"about":[{"href":"https:\/\/www.ruiqigo.com\/pt_pt\/wp-json\/wp\/v2\/types\/product"}],"version-history":[{"count":0,"href":"https:\/\/www.ruiqigo.com\/pt_pt\/wp-json\/wp\/v2\/product\/3680\/revisions"}],"wp:featuredmedia":[{"embeddable":true,"href":"https:\/\/www.ruiqigo.com\/pt_pt\/wp-json\/wp\/v2\/media\/3683"}],"wp:attachment":[{"href":"https:\/\/www.ruiqigo.com\/pt_pt\/wp-json\/wp\/v2\/media?parent=3680"}],"wp:term":[{"taxonomy":"product-tag","embeddable":true,"href":"https:\/\/www.ruiqigo.com\/pt_pt\/wp-json\/wp\/v2\/product-tag?post=3680"},{"taxonomy":"products","embeddable":true,"href":"https:\/\/www.ruiqigo.com\/pt_pt\/wp-json\/wp\/v2\/products?post=3680"}],"curies":[{"name":"wp","href":"https:\/\/api.w.org\/{rel}","templated":true}]}}