{"id":3781,"date":"2025-07-09T15:11:38","date_gmt":"2025-07-09T07:11:38","guid":{"rendered":"https:\/\/www.ruiqigo.com\/?post_type=product&#038;p=3781"},"modified":"2025-07-09T15:12:07","modified_gmt":"2025-07-09T07:12:07","slug":"glycolic-facial-toner","status":"publish","type":"product","link":"https:\/\/www.ruiqigo.com\/pt_pt\/product\/glycolic-facial-toner","title":{"rendered":"T\u00f4nico Facial Glic\u00f3lico"},"content":{"rendered":"<h2 class=\"wp-block-heading\">F\u00f3rmulas comuns de fabrica\u00e7\u00e3o de t\u00f4nicos faciais glic\u00f3licos<\/h2>\n\n\n\n<p>Como fabricantes profissionais de t\u00f4nicos faciais \u00e0 base de \u00e1cido glic\u00f3lico, selecionamos cuidadosamente ingredientes ativos e extratos vegetais aprovados por dermatologistas em nossa f\u00f3rmula para criar um t\u00f4nico eficaz que limpa, rejuvenesce e acalma. Nossos produtos s\u00e3o suaves e n\u00e3o irritantes, ajudando a pele a manter um estado saud\u00e1vel e estabelecendo uma base s\u00f3lida para os cuidados subsequentes.\u00a0<\/p>\n\n\n\n<p><strong>1. \u00c1cido glic\u00f3lico: <\/strong>O \u00e1cido glic\u00f3lico penetra rapidamente na pele, quebra a queratina acumulada, ajuda a desobstruir os poros rapidamente e, ao mesmo tempo, atenua linhas finas. \u00c9 um ingrediente essencial para melhorar a pele \u00e1spera e opaca, sendo adequado para cuidados di\u00e1rios de rejuvenescimento da pele.\u00a0<\/p>\n\n\n\n<p><strong>2. Pantenol: <\/strong>Tamb\u00e9m conhecida como vitamina B5, \u00e9 um poderoso ingrediente hidratante e reparador com excelentes propriedades hidratantes e calmantes. Pode ajudar a pele a manter a hidrata\u00e7\u00e3o e reduzir a ard\u00eancia e o desconforto causados por est\u00edmulos externos.&nbsp;<\/p>\n\n\n\n<p><strong>3. Hialuronato de S\u00f3dio: <\/strong>Este \u00e9 um hidratante de alta qualidade que pode hidratar rapidamente a pele e reter a umidade durante os cuidados com a pele, evitando a perda de \u00e1gua e mantendo a pele hidratada.&nbsp;<\/p>\n\n\n\n<p><strong>4. Extrato de hamam\u00e9lis: <\/strong>O extrato de hamam\u00e9lis possui efeitos adstringentes e calmantes. Pode controlar a oleosidade da pele, reduzir poros dilatados e reduzir a irrita\u00e7\u00e3o e a vermelhid\u00e3o da pele durante os cuidados com a pele.&nbsp;<\/p>\n\n\n\n<p><strong>5. Hialuronato de s\u00f3dio: <\/strong>O hialuronato de s\u00f3dio \u00e9 um ingrediente que pode ajudar a pele a reter a hidrata\u00e7\u00e3o por muito tempo, melhorar a maciez da pele e torn\u00e1-la menos seca e tensa.&nbsp;<\/p>\n\n\n\n<h2 class=\"wp-block-heading\">As fun\u00e7\u00f5es do t\u00f4nico facial glic\u00f3lico<\/h2>\n\n\n\n<p><strong>1. Melhora o problema dos poros dilatados:<\/strong> O uso prolongado de t\u00f4nico facial glic\u00f3lico pode promover a normaliza\u00e7\u00e3o do metabolismo da queratina e equilibrar a distribui\u00e7\u00e3o de oleosidade da pele, melhorando assim os poros dilatados na superf\u00edcie da pele e tornando-a mais lisa e delicada.&nbsp;<\/p>\n\n\n\n<p><strong>2. Reduz linhas finas e pele \u00e1spera:<\/strong> O \u00e1cido glic\u00f3lico pode estimular levemente a produ\u00e7\u00e3o de col\u00e1geno, melhorar linhas finas e pele \u00e1spera, e \u00e9 muito adequado para usu\u00e1rios que desejam atingir o efeito \u201cantienvelhecimento\u201d.&nbsp;<\/p>\n\n\n\n<p><strong>3. Melhora a clareza e a luminosidade da pele: <\/strong>A presen\u00e7a de \u00e1cido glic\u00f3lico pode esfoliar a camada de c\u00e9lulas mortas da pele, melhorando significativamente a clareza da pele e deixando-a mais brilhante e radiante.&nbsp;<\/p>\n\n\n\n<p><strong>4. F\u00f3rmula suave e n\u00e3o irritante: <\/strong>O t\u00f4nico facial glic\u00f3lico n\u00e3o cont\u00e9m \u00e1lcool, fragr\u00e2ncias artificiais nem pigmentos, minimizando a irrita\u00e7\u00e3o da pele. \u00c9 adequado para todos os tipos de pele e \u00e9 essencial para o cuidado di\u00e1rio da pele.\u00a0<\/p>\n\n\n\n<p><strong>5. Efeito significativo no cuidado da pele: <\/strong>O \u00e1cido glic\u00f3lico no t\u00f4nico facial glic\u00f3lico pode acelerar a renova\u00e7\u00e3o das c\u00e9lulas epid\u00e9rmicas, promover a esfolia\u00e7\u00e3o natural da queratina, melhorar a efici\u00eancia metab\u00f3lica, restaurar a pele a um brilho saud\u00e1vel e o efeito de cuidado \u00e9 muito significativo.\u00a0<\/p>\n\n\n\n<h2 class=\"wp-block-heading\">Como usar o t\u00f4nico facial glic\u00f3lico<\/h2>\n\n\n\n<p>Recomendamos o uso de t\u00f4nico facial com \u00e1cido glic\u00f3lico ap\u00f3s a limpeza para obter o melhor efeito de cuidado com a pele. Pode ser usado todas as manh\u00e3s e noites para ajudar a pele a metabolizar c\u00e9lulas mortas e restaurar a translucidez e o brilho.&nbsp;<\/p>\n\n\n\n<p><strong>1. Limpeza: <\/strong>Use um limpador suave para limpar o rosto, garantindo que n\u00e3o haja res\u00edduos de impurezas ou sujeira no rosto, estabelecendo uma boa base para os cuidados posteriores com a pele.&nbsp;<\/p>\n\n\n\n<p><strong>2. Como usar este produto: <\/strong>Coloque uma quantidade adequada de t\u00f4nico facial glic\u00f3lico em um algod\u00e3o ou na palma da m\u00e3o e aplique suavemente no rosto, evitando a pele ao redor dos olhos.&nbsp;<\/p>\n\n\n\n<p><strong>3. Aguarde a absor\u00e7\u00e3o: <\/strong>Aguarde de 1 a 2 minutos at\u00e9 que a pele o absorva completamente antes de prosseguir para a pr\u00f3xima etapa do processo de cuidado com a pele.&nbsp;<\/p>\n\n\n\n<p><strong>4. Cuidados de acompanhamento: <\/strong>Pode ser usado com ess\u00eancia, lo\u00e7\u00e3o ou creme para obter o efeito de nutri\u00e7\u00e3o profunda da pele e repara\u00e7\u00e3o de reten\u00e7\u00e3o de umidade.\u00a0<\/p>\n\n\n\n<p><strong>5. Preste aten\u00e7\u00e3o \u00e0 prote\u00e7\u00e3o solar:<\/strong> Se usado durante o dia, use protetor solar para evitar rea\u00e7\u00f5es de fotossensibilidade, o que tornar\u00e1 o cuidado com a pele menos eficaz.\u00a0<\/p>\n\n\n\n<h2 class=\"wp-block-heading\">Cuidado<\/h2>\n\n\n\n<p><strong>1. Teste cut\u00e2neo: <\/strong>Recomenda-se realizar um teste cut\u00e2neo antes do primeiro uso para evitar alergias. Usu\u00e1rios iniciantes devem aumentar gradualmente a frequ\u00eancia de uso ap\u00f3s a pele desenvolver toler\u00e2ncia para reduzir a irrita\u00e7\u00e3o.\u00a0<\/p>\n\n\n\n<p><strong>2. Evite os olhos e os l\u00e1bios: <\/strong>Ao usar o t\u00f4nico facial glic\u00f3lico, evite os olhos e os l\u00e1bios para evitar irrita\u00e7\u00e3o e desconforto.&nbsp;<\/p>\n\n\n\n<p><strong>3. Reforce as medidas de prote\u00e7\u00e3o solar:<\/strong> O \u00e1cido glic\u00f3lico aumenta a fotossensibilidade da pele. Certifique-se de refor\u00e7ar a prote\u00e7\u00e3o solar durante o uso para evitar queimaduras UV ou escurecimento.&nbsp;<\/p>\n\n\n\n<p><strong>4. Mulheres gr\u00e1vidas devem us\u00e1-lo com cautela: <\/strong>Antes de usar t\u00f4nico facial glic\u00f3lico durante a gravidez, consulte um m\u00e9dico profissional com anteced\u00eancia para garantir a seguran\u00e7a.\u00a0<\/p>\n\n\n\n<p><strong>5. Evite usar <\/strong>produtos irritantes: N\u00e3o \u00e9 recomendado us\u00e1-los com produtos para a pele que contenham altas concentra\u00e7\u00f5es de vitamina C, retinol e outros ingredientes ao mesmo tempo, para n\u00e3o aumentar a carga e a irrita\u00e7\u00e3o na pele.\u00a0<\/p>\n\n\n\n<h2 class=\"wp-block-heading\">Conclus\u00e3o<\/h2>\n\n\n\n<p>O t\u00f4nico facial glic\u00f3lico \u00e9 um t\u00f4nico multiefeito desenvolvido para revitalizar e melhorar a qualidade da pele. Seu ingrediente principal, o \u00e1cido glic\u00f3lico, dissolve eficazmente as c\u00e9lulas mortas da pele, reduz o tamanho dos poros e as linhas finas, al\u00e9m de ajudar a criar uma pele transparente e saud\u00e1vel. Sua f\u00f3rmula suave \u00e9 adequada para uma variedade de tipos de pele, especialmente para quem tem poros dilatados e pele \u00e1spera e opaca.<\/p>","protected":false},"excerpt":{"rendered":"Glycolic Facial Toner Manufacturing Common Formulas As a professional glycolic facial toner manufacturer, we carefully select active ingredients and plant extracts approved by dermatology in our formula to create an efficient toner that cleanses, rejuvenates and soothes. Our products are mild and non-irritating, helping the skin maintain a healthy state and laying a solid foundation [&hellip;]","protected":false},"featured_media":3782,"menu_order":0,"template":"","meta":[],"product-tag":[],"products":[67],"class_list":["post-3781","product","type-product","status-publish","has-post-thumbnail","hentry","products-facial-toner"],"acf":[],"_links":{"self":[{"href":"https:\/\/www.ruiqigo.com\/pt_pt\/wp-json\/wp\/v2\/product\/3781","targetHints":{"allow":["GET"]}}],"collection":[{"href":"https:\/\/www.ruiqigo.com\/pt_pt\/wp-json\/wp\/v2\/product"}],"about":[{"href":"https:\/\/www.ruiqigo.com\/pt_pt\/wp-json\/wp\/v2\/types\/product"}],"version-history":[{"count":0,"href":"https:\/\/www.ruiqigo.com\/pt_pt\/wp-json\/wp\/v2\/product\/3781\/revisions"}],"wp:featuredmedia":[{"embeddable":true,"href":"https:\/\/www.ruiqigo.com\/pt_pt\/wp-json\/wp\/v2\/media\/3782"}],"wp:attachment":[{"href":"https:\/\/www.ruiqigo.com\/pt_pt\/wp-json\/wp\/v2\/media?parent=3781"}],"wp:term":[{"taxonomy":"product-tag","embeddable":true,"href":"https:\/\/www.ruiqigo.com\/pt_pt\/wp-json\/wp\/v2\/product-tag?post=3781"},{"taxonomy":"products","embeddable":true,"href":"https:\/\/www.ruiqigo.com\/pt_pt\/wp-json\/wp\/v2\/products?post=3781"}],"curies":[{"name":"wp","href":"https:\/\/api.w.org\/{rel}","templated":true}]}}