{"id":3835,"date":"2025-07-18T13:57:59","date_gmt":"2025-07-18T05:57:59","guid":{"rendered":"https:\/\/www.ruiqigo.com\/?post_type=product&#038;p=3835"},"modified":"2025-07-18T13:58:01","modified_gmt":"2025-07-18T05:58:01","slug":"makeup-remover-balm","status":"publish","type":"product","link":"https:\/\/www.ruiqigo.com\/pt_pt\/product\/makeup-remover-balm","title":{"rendered":"B\u00e1lsamo demaquilante"},"content":{"rendered":"<h2 class=\"wp-block-heading\">F\u00f3rmulas comuns de fabrica\u00e7\u00e3o de b\u00e1lsamos demaquilantes<\/h2>\n\n\n\n<p>Como fabricantes profissionais de b\u00e1lsamos demaquilantes, insistimos em selecionar uma variedade de ingredientes ativos de alta qualidade, como manteiga de karit\u00e9, ceramida, \u00f3leo de am\u00eandoa doce, etc., para alcan\u00e7ar efetivamente os efeitos duplos de remo\u00e7\u00e3o eficiente de maquiagem e cuidado profundo da pele.&nbsp;<\/p>\n\n\n\n<p><strong>1. Manteiga de karit\u00e9: <\/strong>A manteiga de karit\u00e9 \u00e9 rica em \u00e1cidos graxos insaturados e antioxidantes. Ela hidrata profundamente a pele enquanto remove res\u00edduos de maquiagem, deixando-a macia e sem repuxar. \u00c9 especialmente indicada para pele seca e esta\u00e7\u00f5es secas.&nbsp;<\/p>\n\n\n\n<p><strong>2. Ceramida:<\/strong> Pode fortalecer a barreira da pele e reduzir efetivamente a perda de umidade durante a remo\u00e7\u00e3o da maquiagem, para que a pele permane\u00e7a hidratada ap\u00f3s a remo\u00e7\u00e3o da maquiagem.&nbsp;<\/p>\n\n\n\n<p><strong>3. \u00d3leo de am\u00eandoa doce:<\/strong> O \u00f3leo de am\u00eandoas doces \u00e9 muito leve e suave para a pele. Dissolve eficazmente a maquiagem dos olhos e l\u00e1bios. Tamb\u00e9m \u00e9 rico em vitamina E, tem bons efeitos calmantes e antial\u00e9rgicos e reduz a irrita\u00e7\u00e3o da pele causada pela remo\u00e7\u00e3o da maquiagem.&nbsp;<\/p>\n\n\n\n<p><strong>4. \u00d3leo de semente de jojoba: <\/strong>Ele pode simular a composi\u00e7\u00e3o do sebo humano, ajudar a pele a equilibrar a oleosidade, reduzir a irrita\u00e7\u00e3o e promover o metabolismo da pele.<\/p>\n\n\n\n<h2 class=\"wp-block-heading\">As fun\u00e7\u00f5es do b\u00e1lsamo demaquilante<\/h2>\n\n\n\n<p><strong>1. Textura fina: <\/strong>A textura pastosa do b\u00e1lsamo demaquilante \u00e9 est\u00e1vel e n\u00e3o se solta facilmente, al\u00e9m de ser muito fina. Derrete imediatamente ao entrar em contato com a pele, dissolve profundamente a maquiagem e \u00e9 f\u00e1cil de enxaguar ap\u00f3s a emulsifica\u00e7\u00e3o, sem deixar res\u00edduos.&nbsp;<\/p>\n\n\n\n<p><strong>2. Suave e n\u00e3o irritante: <\/strong>Nossa f\u00f3rmula de b\u00e1lsamo demaquilante n\u00e3o cont\u00e9m ingredientes como \u00e1lcool, fragr\u00e2ncias artificiais e conservantes irritantes, por isso \u00e9 muito suave, e seu valor de pH \u00e9 pr\u00f3ximo ao da pele humana, tornando-o mais seguro de usar.&nbsp;<\/p>\n\n\n\n<p><strong>3. Port\u00e1til e n\u00e3o vaza facilmente:<\/strong> Este produto \u00e9 uma pasta s\u00f3lida, portanto, n\u00e3o h\u00e1 necessidade de se preocupar com vazamentos de produtos l\u00edquidos. \u00c9 muito leve e f\u00e1cil de armazenar, al\u00e9m de ser muito pr\u00e1tico para transportar em viagens de neg\u00f3cios.&nbsp;<\/p>\n\n\n\n<p><strong>4. Demaquilante e nutritivo dois em um: <\/strong>Al\u00e9m do efeito de remo\u00e7\u00e3o profunda da maquiagem, o b\u00e1lsamo demaquilante tamb\u00e9m pode nutrir e cuidar da pele ao mesmo tempo, mantendo-a macia e radiante.&nbsp;<\/p>\n\n\n\n<p><strong>5. Um frasco com m\u00faltiplos efeitos, remo\u00e7\u00e3o completa da maquiagem: <\/strong>N\u00e3o h\u00e1 necessidade de usar removedor de maquiagem adicional para olhos e l\u00e1bios, um frasco de b\u00e1lsamo demaquilante pode remover toda a maquiagem do rosto, economizando etapas de remo\u00e7\u00e3o de maquiagem e sendo muito pr\u00e1tico.&nbsp;<\/p>\n\n\n\n<h2 class=\"wp-block-heading\">Como usar b\u00e1lsamo demaquilante<\/h2>\n\n\n\n<p>Recomendamos usar o b\u00e1lsamo demaquilante com as m\u00e3os e o rosto secos para maximizar o efeito de remo\u00e7\u00e3o da maquiagem.<\/p>\n\n\n\n<p>1. Mantenha o rosto seco, pegue uma quantidade de b\u00e1lsamo demaquilante do tamanho de uma moeda de 1 yuan na palma da m\u00e3o e use a temperatura da palma para derreter o b\u00e1lsamo at\u00e9 deix\u00e1-lo em um estado oleoso.<\/p>\n\n\n\n<p>2. Aplique uniformemente em todo o rosto e massageie suavemente por cerca de 1 minuto para dissolver a maquiagem no rosto.<\/p>\n\n\n\n<p>3. Molhe as m\u00e3os com \u00e1gua e continue massageando o rosto para emulsionar a maquiagem e transform\u00e1-la em uma lo\u00e7\u00e3o branca.<\/p>\n\n\n\n<p>4. Enx\u00e1gue bem com \u00e1gua limpa e prossiga com o processo subsequente de cuidado com a pele.<\/p>\n\n\n\n<h2 class=\"wp-block-heading\">Cuidado<\/h2>\n\n\n\n<p><strong>1. Certifique-se de que suas m\u00e3os e rosto estejam secos antes de remover a maquiagem: <\/strong>Um rosto molhado reduzir\u00e1 a efici\u00eancia de emulsifica\u00e7\u00e3o da maquiagem, por isso \u00e9 recomend\u00e1vel remover a maquiagem quando o rosto e as m\u00e3os estiverem secos.&nbsp;<\/p>\n\n\n\n<p><strong>2. Enx\u00e1gue bem ap\u00f3s remover a maquiagem: <\/strong>Ap\u00f3s remover a maquiagem, enx\u00e1gue o rosto com bastante \u00e1gua para evitar que o \u00f3leo residual obstrua os poros.&nbsp;<\/p>\n\n\n\n<p><strong>3. Evite o contato com a parte interna dos olhos: <\/strong>Embora este produto seja suave e n\u00e3o irritante, deve-se evitar o contato direto com os olhos para evitar desconforto.&nbsp;<\/p>\n\n\n\n<p><strong>4. Sele e armazene ap\u00f3s o uso:<\/strong> Para manter o melhor efeito do b\u00e1lsamo demaquilante e evitar oxida\u00e7\u00e3o e deteriora\u00e7\u00e3o, aperte bem a tampa e feche-a ap\u00f3s o uso.&nbsp;<\/p>\n\n\n\n<h2 class=\"wp-block-heading\">Conclus\u00e3o<\/h2>\n\n\n\n<p>O B\u00e1lsamo Demaquilante combina remo\u00e7\u00e3o eficiente de maquiagem e cuidados com a pele. Possui uma textura pastosa s\u00f3lida que se funde \u00e0 pele e remove a maquiagem completamente. \u00c9 adequado para diversos tipos de pele e maquiagem. Um frasco pode remover v\u00e1rios tipos de maquiagem. \u00c9 muito eficiente e tamb\u00e9m adequado para peles sens\u00edveis e viajantes a neg\u00f3cios.<\/p>","protected":false},"excerpt":{"rendered":"Makeup Remover Balm Manufacturing Common Formulas As a professional manufacturer of makeup remover balm, we insist on selecting a variety of high-quality active care ingredients, such as shea butter, ceramide, sweet almond oil, etc., to effectively achieve the dual effects of efficient makeup removal and deep skin care.&nbsp; 1. Shea butter: Shea butter is rich [&hellip;]","protected":false},"featured_media":3836,"menu_order":0,"template":"","meta":[],"product-tag":[],"products":[66],"class_list":["post-3835","product","type-product","status-publish","has-post-thumbnail","hentry","products-makeup-remover"],"acf":[],"_links":{"self":[{"href":"https:\/\/www.ruiqigo.com\/pt_pt\/wp-json\/wp\/v2\/product\/3835","targetHints":{"allow":["GET"]}}],"collection":[{"href":"https:\/\/www.ruiqigo.com\/pt_pt\/wp-json\/wp\/v2\/product"}],"about":[{"href":"https:\/\/www.ruiqigo.com\/pt_pt\/wp-json\/wp\/v2\/types\/product"}],"version-history":[{"count":0,"href":"https:\/\/www.ruiqigo.com\/pt_pt\/wp-json\/wp\/v2\/product\/3835\/revisions"}],"wp:featuredmedia":[{"embeddable":true,"href":"https:\/\/www.ruiqigo.com\/pt_pt\/wp-json\/wp\/v2\/media\/3836"}],"wp:attachment":[{"href":"https:\/\/www.ruiqigo.com\/pt_pt\/wp-json\/wp\/v2\/media?parent=3835"}],"wp:term":[{"taxonomy":"product-tag","embeddable":true,"href":"https:\/\/www.ruiqigo.com\/pt_pt\/wp-json\/wp\/v2\/product-tag?post=3835"},{"taxonomy":"products","embeddable":true,"href":"https:\/\/www.ruiqigo.com\/pt_pt\/wp-json\/wp\/v2\/products?post=3835"}],"curies":[{"name":"wp","href":"https:\/\/api.w.org\/{rel}","templated":true}]}}