{"id":3855,"date":"2025-07-23T16:19:49","date_gmt":"2025-07-23T08:19:49","guid":{"rendered":"https:\/\/www.ruiqigo.com\/?post_type=product&#038;p=3855"},"modified":"2025-07-23T16:19:49","modified_gmt":"2025-07-23T08:19:49","slug":"gentle-facial-cleanser","status":"publish","type":"product","link":"https:\/\/www.ruiqigo.com\/pt_pt\/product\/gentle-facial-cleanser","title":{"rendered":"Limpador Facial Suave"},"content":{"rendered":"<h2 class=\"wp-block-heading\">F\u00f3rmulas comuns de fabrica\u00e7\u00e3o de limpadores faciais suaves<\/h2>\n\n\n\n<p>Selecionamos cuidadosamente uma variedade de ingredientes vegetais e surfactantes suaves para adicionar \u00e0 f\u00f3rmula do limpador facial suave, garantindo que a pele fique totalmente protegida e nutrida durante o processo de limpeza completa. Os ingredientes do produto s\u00e3o concisos e eficazes, principalmente surfactantes de amino\u00e1cidos, fatores calmantes extra\u00eddos de plantas e hidratantes naturais.&nbsp;<\/p>\n\n\n\n<p><strong>1. Cocoil glutamato de s\u00f3dio: <\/strong>Este \u00e9 um surfactante suave derivado do \u00f3leo de coco e amino\u00e1cidos. \u00c9 suave por natureza, n\u00e3o cont\u00e9m bases de sab\u00e3o, tem boa capacidade de forma\u00e7\u00e3o de espuma e limpeza, remove eficazmente a sujeira e o excesso de sebo e n\u00e3o deixa o rosto repuxado ou seco ap\u00f3s a limpeza.&nbsp;<\/p>\n\n\n\n<p><strong>2. Cocoil glicinato de s\u00f3dio:<\/strong> Tamb\u00e9m pertence ao sistema de amino\u00e1cidos, \u00e9 muito suave, tem espuma rica e \u00e9 o principal ingrediente de limpeza de muitos produtos de limpeza de alta qualidade. Ao mesmo tempo, possui excelente sensa\u00e7\u00e3o na pele e propriedades hidratantes, que ajudam a manter a hidrata\u00e7\u00e3o e a maciez da pele.\u00a0<\/p>\n\n\n\n<p><strong>3. Glicerina: <\/strong>A glicerina \u00e9 um ingrediente hidratante cl\u00e1ssico que ret\u00e9m a umidade e alivia o ressecamento durante a limpeza, evitando que a pele fique repuxada devido \u00e0 limpeza. Ela tamb\u00e9m pode aumentar o teor de \u00e1gua do estrato c\u00f3rneo e \u00e9 um ingrediente hidratante b\u00e1sico indispens\u00e1vel para uma limpeza suave.&nbsp;<\/p>\n\n\n\n<p><strong>4. Pantenol: <\/strong>O pantenol penetra profundamente no estrato c\u00f3rneo, ajudando a pele a reter a hidrata\u00e7\u00e3o. Ele tamb\u00e9m possui um efeito calmante e anti-inflamat\u00f3rio. Ele pode reparar microdanos e melhorar a maciez da pele durante o processo de limpeza, deixando-a mais lisa e delicada.&nbsp;<\/p>\n\n\n\n<p><strong>5. Extrato de aloe vera:<\/strong> Este ingrediente \u00e9 rico em v\u00e1rios amino\u00e1cidos e vitaminas. Possui efeitos calmantes, antioxidantes e reparadores significativos. Pode aliviar pequenas irrita\u00e7\u00f5es causadas pela limpeza e melhorar a estabilidade geral e a sensa\u00e7\u00e3o da pele.&nbsp;<\/p>\n\n\n\n<h2 class=\"wp-block-heading\">As fun\u00e7\u00f5es do limpador facial suave<\/h2>\n\n\n\n<p><strong>1. Suave e n\u00e3o irritante: <\/strong>Um limpador facial suave n\u00e3o utiliza fragr\u00e2ncias artificiais, bases de sab\u00e3o ou \u00e1lcool, por isso \u00e9 muito suave e reduz significativamente o risco de sensibilidade da pele. \u00c9 adequado para beb\u00eas, gestantes e pessoas com barreiras cut\u00e2neas danificadas, tornando a limpeza mais segura.\u00a0<\/p>\n\n\n\n<p><strong>2. Espuma rica e delicada:<\/strong> Nosso limpador facial suave tem espuma rica e pode ser facilmente aplicado sem a necessidade de muitas etapas. A espuma envolve firmemente a sujeira, e o processo de limpeza \u00e9 muito eficaz sem repuxar a pele.&nbsp;<\/p>\n\n\n\n<p><strong>3. Limpa e hidrata simultaneamente:<\/strong> Um limpador facial suave n\u00e3o apenas limpa completamente a sujeira do seu rosto, mas tamb\u00e9m ret\u00e9m os componentes de \u00e1gua e gordura necess\u00e1rios na sua pele, evitando a sensa\u00e7\u00e3o de pele muito repuxada ap\u00f3s a limpeza, e realmente proporciona uma limpeza suave.\u00a0<\/p>\n\n\n\n<p><strong>4. Alta adaptabilidade:<\/strong> O limpador facial suave \u00e9 adequado para uma variedade de condi\u00e7\u00f5es de pele, incluindo pele seca, pele oleosa, pele mista e pele sens\u00edvel, por isso tem alta adaptabilidade.\u00a0<\/p>\n\n\n\n<h2 class=\"wp-block-heading\">Como usar um limpador facial suave<\/h2>\n\n\n\n<p>O uso correto de um limpador facial suave pode garantir o efeito de limpeza, minimizando os danos \u00e0 pele. Recomenda-se us\u00e1-lo uma vez ao dia, de manh\u00e3 e \u00e0 noite, combinado com \u00e1gua morna para potencializar o efeito de limpeza e suaviza\u00e7\u00e3o.<\/p>\n\n\n\n<p>1. Molhe o rosto com \u00e1gua morna, coloque uma quantidade adequada de limpador facial na palma da m\u00e3o, adicione \u00e1gua e esfregue at\u00e9 formar espuma.<\/p>\n\n\n\n<p>2. Aplique a espuma uniformemente no rosto e massageie suavemente em c\u00edrculos por 30 segundos a 1 minuto.<\/p>\n\n\n\n<p>3. Enx\u00e1gue bem o rosto com \u00e1gua limpa.<\/p>\n\n\n\n<p>4. Use uma toalha limpa para pressionar suavemente o rosto e absorver a umidade, evitando esfregar e puxar a pele excessivamente.&nbsp;<\/p>\n\n\n\n<h2 class=\"wp-block-heading\">Cuidado<\/h2>\n\n\n\n<p><strong>1. Teste cut\u00e2neo: <\/strong>Recomendamos que voc\u00ea fa\u00e7a um teste local atr\u00e1s da orelha ou na linha do maxilar pela primeira vez para confirmar se n\u00e3o irrita a pele antes de us\u00e1-lo em uma \u00e1rea grande.\u00a0<\/p>\n\n\n\n<p><strong>2. Evite contato com os olhos: <\/strong>Se acidentalmente entrar em contato com os olhos, lave imediatamente com bastante \u00e1gua para evitar irrita\u00e7\u00e3o ou desconforto.&nbsp;<\/p>\n\n\n\n<p><strong>3. Use com \u00e1gua morna:<\/strong> \u00c1gua quente pode danificar a camada de sebo da pele, enquanto \u00e1gua fria pode n\u00e3o ser eficaz na limpeza. Portanto, recomendamos usar \u00e1gua morna para lavar o rosto, pois ela pode ajudar a dissolver a oleosidade e proteger a cut\u00edcula.\u00a0<\/p>\n\n\n\n<p><strong>4. Preste aten\u00e7\u00e3o \u00e0 hidrata\u00e7\u00e3o posterior: <\/strong>Ap\u00f3s a limpeza, voc\u00ea deve usar t\u00f4nico e hidratante o mais r\u00e1pido poss\u00edvel para continuar os cuidados com a pele e reter a hidrata\u00e7\u00e3o.&nbsp;<\/p>\n\n\n\n<h2 class=\"wp-block-heading\">Conclus\u00e3o<\/h2>\n\n\n\n<p>Este limpador facial suave n\u00e3o s\u00f3 atinge o equil\u00edbrio ideal entre poder de limpeza e suavidade, como tamb\u00e9m cuida cuidadosamente de cada cent\u00edmetro da sua pele com ingredientes cuidadosamente selecionados. Nossa f\u00f3rmula hipoalerg\u00eanica, sem sab\u00e3o e sem \u00e1lcool, combinada com diversos ingredientes calmantes e hidratantes, proporciona uma experi\u00eancia de limpeza segura para todos os tipos de pele.<\/p>","protected":false},"excerpt":{"rendered":"Gentle Facial Cleanser Manufacturing Common Formulas We carefully select a variety of plant-based ingredients and mild surfactants to add to the gentle facial cleanser formula to ensure that the skin is fully protected and nourished during the thorough cleansing process. The product ingredients are concise and effective, mainly amino acid surfactants, plant-extracted soothing factors, and [&hellip;]","protected":false},"featured_media":3856,"menu_order":0,"template":"","meta":[],"product-tag":[],"products":[65],"class_list":["post-3855","product","type-product","status-publish","has-post-thumbnail","hentry","products-facial-cleanser"],"acf":[],"_links":{"self":[{"href":"https:\/\/www.ruiqigo.com\/pt_pt\/wp-json\/wp\/v2\/product\/3855","targetHints":{"allow":["GET"]}}],"collection":[{"href":"https:\/\/www.ruiqigo.com\/pt_pt\/wp-json\/wp\/v2\/product"}],"about":[{"href":"https:\/\/www.ruiqigo.com\/pt_pt\/wp-json\/wp\/v2\/types\/product"}],"version-history":[{"count":0,"href":"https:\/\/www.ruiqigo.com\/pt_pt\/wp-json\/wp\/v2\/product\/3855\/revisions"}],"wp:featuredmedia":[{"embeddable":true,"href":"https:\/\/www.ruiqigo.com\/pt_pt\/wp-json\/wp\/v2\/media\/3856"}],"wp:attachment":[{"href":"https:\/\/www.ruiqigo.com\/pt_pt\/wp-json\/wp\/v2\/media?parent=3855"}],"wp:term":[{"taxonomy":"product-tag","embeddable":true,"href":"https:\/\/www.ruiqigo.com\/pt_pt\/wp-json\/wp\/v2\/product-tag?post=3855"},{"taxonomy":"products","embeddable":true,"href":"https:\/\/www.ruiqigo.com\/pt_pt\/wp-json\/wp\/v2\/products?post=3855"}],"curies":[{"name":"wp","href":"https:\/\/api.w.org\/{rel}","templated":true}]}}