{"id":402,"date":"2024-07-08T10:46:59","date_gmt":"2024-07-08T02:46:59","guid":{"rendered":"https:\/\/ruiqigo.com\/?post_type=product&#038;p=402"},"modified":"2024-10-28T15:41:34","modified_gmt":"2024-10-28T07:41:34","slug":"tea-tree-body-wash","status":"publish","type":"product","link":"https:\/\/www.ruiqigo.com\/pt_pt\/product\/tea-tree-body-wash","title":{"rendered":"Sabonete l\u00edquido de \u00e1rvore do ch\u00e1"},"content":{"rendered":"<h3 class=\"wp-block-heading\">Fabrica\u00e7\u00e3o de sabonete l\u00edquido de melaleuca F\u00f3rmulas comuns<\/h3>\n\n\n\n<p>O ingrediente principal deste sabonete l\u00edquido de Tea Tree \u00e9 o \u00f3leo essencial natural de Tea Tree. O \u00f3leo de Tea Tree \u00e9 um ingrediente antibacteriano e anti-inflamat\u00f3rio natural que n\u00e3o s\u00f3 limpa a pele, mas tamb\u00e9m repara a pele danificada e previne a ocorr\u00eancia de problemas de pele. Tamb\u00e9m adicionamos extratos de plantas, como \u00f3leo de folha de Melaleuca alternifolia e mentol para aumentar ainda mais os efeitos de limpeza e suaviza\u00e7\u00e3o, trazendo um cuidado mais abrangente para a pele. Todos os ingredientes s\u00e3o rigorosamente testados e selecionados para garantir a seguran\u00e7a e efic\u00e1cia dos produtos, apresentando a voc\u00ea uma experi\u00eancia de banho natural de alta qualidade.<\/p>\n\n\n\n<h3 class=\"wp-block-heading\">Cen\u00e1rios aplic\u00e1veis de sabonete l\u00edquido de \u00e1rvore do ch\u00e1<\/h3>\n\n\n\n<p>Este sabonete l\u00edquido de Tea tree \u00e9 perfeito para condi\u00e7\u00f5es quentes e \u00famidas de ver\u00e3o. Sua fragr\u00e2ncia refrescante de tea tree proporciona uma experi\u00eancia de banho refrescante e revigorante, ajudando voc\u00ea a se sentir instantaneamente revigorado no calor do ver\u00e3o. Ao mesmo tempo, seus ingredientes antibacterianos naturais s\u00e3o eficazes na preven\u00e7\u00e3o de problemas de pele causados pelo suor, para que voc\u00ea possa sempre manter a pele fresca e limpa no tempo quente.<\/p>\n\n\n\n<h3 class=\"wp-block-heading\">Para quem \u00e9 o sabonete l\u00edquido Tea Tree?<\/h3>\n\n\n\n<p>Este sabonete l\u00edquido de Tea tree \u00e9 ideal para aqueles que buscam limpeza e higiene e est\u00e3o preocupados com a sa\u00fade da pele. Seus ingredientes antibacterianos naturais podem efetivamente matar bact\u00e9rias nocivas, proporcionando uma limpeza mais segura e eficaz para a pele; ao mesmo tempo, seus ricos ingredientes nutritivos tamb\u00e9m podem trazer cuidados abrangentes para usu\u00e1rios de todos os tipos de pele, para ajudar a melhorar o ressecamento, a sensibilidade e outros problemas. Al\u00e9m disso, sua fragr\u00e2ncia fresca tamb\u00e9m pode trazer um banho agrad\u00e1vel para aqueles que gostam de uma experi\u00eancia fresca.<\/p>\n\n\n\n<h3 class=\"wp-block-heading\">Processo de produ\u00e7\u00e3o de sabonete l\u00edquido de \u00e1rvore de ch\u00e1<\/h3>\n\n\n\n<p>Na produ\u00e7\u00e3o do nosso sabonete l\u00edquido Tea tree, usamos \u00f3leo puro de Tea Tree e um processo de extra\u00e7\u00e3o suave para garantir que seus ingredientes ativos sejam retidos. Durante o processo de produ\u00e7\u00e3o, controlamos rigorosamente o n\u00edvel de pH e a concentra\u00e7\u00e3o de \u00f3leo de tea tree em nossas formula\u00e7\u00f5es para obter o melhor efeito de cuidado com a pele e experi\u00eancia de uso. Al\u00e9m disso, focamos na prote\u00e7\u00e3o ambiental e sustentabilidade para garantir que nossos produtos sejam ecologicamente corretos.<\/p>","protected":false},"excerpt":{"rendered":"Tea tree body wash manufacturing Common Formulas The main ingredient in this Tea Tree Body Wash is natural tea tree essential oil. Tea Tree oil is a natural anti-bacterial and anti-inflammatory ingredient that not only cleanses the skin, but also repairs damaged skin and prevents skin problems from occurring. We have also added plant extracts [&hellip;]","protected":false},"featured_media":406,"menu_order":0,"template":"","meta":[],"product-tag":[],"products":[57],"class_list":["post-402","product","type-product","status-publish","has-post-thumbnail","hentry","products-body-wash"],"acf":[],"_links":{"self":[{"href":"https:\/\/www.ruiqigo.com\/pt_pt\/wp-json\/wp\/v2\/product\/402","targetHints":{"allow":["GET"]}}],"collection":[{"href":"https:\/\/www.ruiqigo.com\/pt_pt\/wp-json\/wp\/v2\/product"}],"about":[{"href":"https:\/\/www.ruiqigo.com\/pt_pt\/wp-json\/wp\/v2\/types\/product"}],"version-history":[{"count":0,"href":"https:\/\/www.ruiqigo.com\/pt_pt\/wp-json\/wp\/v2\/product\/402\/revisions"}],"wp:featuredmedia":[{"embeddable":true,"href":"https:\/\/www.ruiqigo.com\/pt_pt\/wp-json\/wp\/v2\/media\/406"}],"wp:attachment":[{"href":"https:\/\/www.ruiqigo.com\/pt_pt\/wp-json\/wp\/v2\/media?parent=402"}],"wp:term":[{"taxonomy":"product-tag","embeddable":true,"href":"https:\/\/www.ruiqigo.com\/pt_pt\/wp-json\/wp\/v2\/product-tag?post=402"},{"taxonomy":"products","embeddable":true,"href":"https:\/\/www.ruiqigo.com\/pt_pt\/wp-json\/wp\/v2\/products?post=402"}],"curies":[{"name":"wp","href":"https:\/\/api.w.org\/{rel}","templated":true}]}}