{"id":403,"date":"2024-07-08T10:56:54","date_gmt":"2024-07-08T02:56:54","guid":{"rendered":"https:\/\/ruiqigo.com\/?post_type=product&#038;p=403"},"modified":"2024-10-28T11:35:04","modified_gmt":"2024-10-28T03:35:04","slug":"travel-size-body-wash","status":"publish","type":"product","link":"https:\/\/www.ruiqigo.com\/pt_pt\/product\/travel-size-body-wash","title":{"rendered":"Sabonete l\u00edquido tamanho viagem"},"content":{"rendered":"<h3 class=\"wp-block-heading\">F\u00f3rmulas comuns para fabrica\u00e7\u00e3o de sabonetes l\u00edquidos em tamanho de viagem<\/h3>\n\n\n\n<p>Este sabonete l\u00edquido de viagem \u00e9 formulado com ingredientes de limpeza suaves, n\u00e3o irritantes e \u00e0 base de plantas que limpam profundamente a pele, removendo impurezas e, ao mesmo tempo, protegendo a barreira da pele e mantendo uma boa condi\u00e7\u00e3o da pele. Al\u00e9m disso, adicionamos ingredientes nutritivos e hidratantes, como manteiga de karit\u00e9 e extrato de ch\u00e1 branco \u00e0 f\u00f3rmula, que fornecem cuidados abrangentes para a pele e rep\u00f5em os nutrientes necess\u00e1rios para mant\u00ea-la hidratada e suave durante toda a viagem. Todos os ingredientes s\u00e3o cuidadosamente selecionados para garantir a seguran\u00e7a e efic\u00e1cia do produto, para lhe proporcionar uma experi\u00eancia confort\u00e1vel e garantida.<\/p>\n\n\n\n<h3 class=\"wp-block-heading\">Sabonete l\u00edquido tamanho viagem Cen\u00e1rios aplic\u00e1veis<\/h3>\n\n\n\n<p>O sabonete l\u00edquido tamanho viagem \u00e9 um companheiro de limpeza personalizado para viajantes. \u00c9 adequado para viagens curtas, refrescante ap\u00f3s voos longos, limpeza r\u00e1pida ap\u00f3s atividades ao ar livre, cuidados de higiene pessoal durante viagens de neg\u00f3cios, banho conveniente ap\u00f3s exerc\u00edcios na academia e prote\u00e7\u00e3o de higiene durante estadias em hot\u00e9is. O design leve da embalagem facilita o transporte e garante uma experi\u00eancia de banho confort\u00e1vel em qualquer viagem.<\/p>\n\n\n\n<h3 class=\"wp-block-heading\">Para quem \u00e9 o Travel Size Body Wash Suit?<\/h3>\n\n\n\n<p>Projetado para viajantes frequentes, o sabonete l\u00edquido Travel size \u00e9 adequado para viajantes, pessoas de neg\u00f3cios ou entusiastas de aventura que precisam de cuidados pessoais convenientes. Sua embalagem port\u00e1til e f\u00f3rmula multifuncional atendem \u00e0 necessidade de limpeza e hidrata\u00e7\u00e3o em qualquer lugar, e \u00e9 adequado para todos os tipos de pele, especialmente para usu\u00e1rios que buscam uma solu\u00e7\u00e3o de cuidados com a pele simples e eficiente.<\/p>\n\n\n\n<h3 class=\"wp-block-heading\">Processo de produ\u00e7\u00e3o de sabonete l\u00edquido tamanho viagem<\/h3>\n\n\n\n<p>Ao produzir o sabonete l\u00edquido de tamanho de viagem, focamos na portabilidade e praticidade do produto. O design leve da embalagem garante que seja f\u00e1cil de transportar e n\u00e3o ocupe muito espa\u00e7o na sua bagagem. Ao mesmo tempo, a formula\u00e7\u00e3o \u00e9 otimizada para limpeza suave e hidrata\u00e7\u00e3o duradoura. Padr\u00f5es rigorosos de controle de qualidade s\u00e3o seguidos durante o processo de fabrica\u00e7\u00e3o para garantir que cada frasco de gel de banho proporcione uma experi\u00eancia consistente.<\/p>","protected":false},"excerpt":{"rendered":"Travel size body wash manufacturing Common Formulas This travel size body wash is formulated with gentle, non-irritating, plant-based cleansing ingredients that deeply cleanse the skin, removing impurities while also protecting the skin barrier and maintaining good skin condition. In addition, we have added nourishing and moisturizing ingredients such as Shea Butter and White Tea Extract [&hellip;]","protected":false},"featured_media":410,"menu_order":0,"template":"","meta":[],"product-tag":[],"products":[57],"class_list":["post-403","product","type-product","status-publish","has-post-thumbnail","hentry","products-body-wash"],"acf":[],"_links":{"self":[{"href":"https:\/\/www.ruiqigo.com\/pt_pt\/wp-json\/wp\/v2\/product\/403","targetHints":{"allow":["GET"]}}],"collection":[{"href":"https:\/\/www.ruiqigo.com\/pt_pt\/wp-json\/wp\/v2\/product"}],"about":[{"href":"https:\/\/www.ruiqigo.com\/pt_pt\/wp-json\/wp\/v2\/types\/product"}],"version-history":[{"count":0,"href":"https:\/\/www.ruiqigo.com\/pt_pt\/wp-json\/wp\/v2\/product\/403\/revisions"}],"wp:featuredmedia":[{"embeddable":true,"href":"https:\/\/www.ruiqigo.com\/pt_pt\/wp-json\/wp\/v2\/media\/410"}],"wp:attachment":[{"href":"https:\/\/www.ruiqigo.com\/pt_pt\/wp-json\/wp\/v2\/media?parent=403"}],"wp:term":[{"taxonomy":"product-tag","embeddable":true,"href":"https:\/\/www.ruiqigo.com\/pt_pt\/wp-json\/wp\/v2\/product-tag?post=403"},{"taxonomy":"products","embeddable":true,"href":"https:\/\/www.ruiqigo.com\/pt_pt\/wp-json\/wp\/v2\/products?post=403"}],"curies":[{"name":"wp","href":"https:\/\/api.w.org\/{rel}","templated":true}]}}