{"id":405,"date":"2024-07-08T11:19:22","date_gmt":"2024-07-08T03:19:22","guid":{"rendered":"https:\/\/ruiqigo.com\/?post_type=product&#038;p=405"},"modified":"2024-10-28T11:15:36","modified_gmt":"2024-10-28T03:15:36","slug":"retinol-hand-cream","status":"publish","type":"product","link":"https:\/\/www.ruiqigo.com\/pt_pt\/product\/retinol-hand-cream","title":{"rendered":"Creme para m\u00e3os com retinol"},"content":{"rendered":"<h3 class=\"wp-block-heading\">F\u00f3rmulas comuns para fabrica\u00e7\u00e3o de creme para as m\u00e3os com retinol<\/h3>\n\n\n\n<p>Os principais ingredientes deste Creme para as M\u00e3os com Retinol incluem Retinol e \u00d3leo de Semente de Jojoba. O retinol \u00e9 uma vitamina lipossol\u00favel que estimula a renova\u00e7\u00e3o celular e repara a pele danificada das m\u00e3os, enquanto o \u00d3leo de Semente de Jojoba \u00e9 rico em uma variedade de \u00e1cidos graxos naturais que nutrem profundamente a pele e melhoram o ressecamento e a aspereza. Al\u00e9m disso, a f\u00f3rmula tamb\u00e9m adiciona \u00f3leo de am\u00eandoas doces, \u00f3leo de gergelim e outros ingredientes hidratantes, que podem repor eficazmente as necessidades de hidrata\u00e7\u00e3o da pele, mantendo o equil\u00edbrio ideal entre \u00e1gua e \u00f3leo.<\/p>\n\n\n\n<h3 class=\"wp-block-heading\">Creme para m\u00e3os com retinol Cen\u00e1rios aplic\u00e1veis<\/h3>\n\n\n\n<p>Este creme para as m\u00e3os com retinol \u00e9 ideal para uso em climas secos e frios. As baixas temperaturas do inverno e o aquecimento artificial podem causar ressecamento, descama\u00e7\u00e3o e at\u00e9 rachaduras nas m\u00e3os. Os ricos ingredientes hidratantes deste creme para as m\u00e3os nutrem profundamente suas m\u00e3os, rep\u00f5em a hidrata\u00e7\u00e3o necess\u00e1ria, reparam as c\u00e9lulas danificadas e restauram sua maciez e brilho. Al\u00e9m disso, ele tamb\u00e9m fornece uma barreira protetora para as m\u00e3os, prevenindo eficazmente o ressecamento, rachaduras causadas pelo frio e outros problemas. Seja no inverno ou na esta\u00e7\u00e3o seca e ventosa, este creme para as m\u00e3os pode proporcionar um cuidado completo para suas m\u00e3os.<\/p>\n\n\n\n<h3 class=\"wp-block-heading\">Para quem \u00e9 indicado o creme para m\u00e3os com retinol?<\/h3>\n\n\n\n<p>Este creme para as m\u00e3os com retinol \u00e9 ideal para quem tem pele seca. Seja por causa da lavagem frequente ou da exposi\u00e7\u00e3o a produtos qu\u00edmicos, ou por causa da descama\u00e7\u00e3o causada pelo frio do inverno, este creme para as m\u00e3os fornecer\u00e1 a nutri\u00e7\u00e3o necess\u00e1ria. Ele penetra profundamente na pele para repor os nutrientes necess\u00e1rios e reparar as c\u00e9lulas danificadas, deixando as m\u00e3os macias e suaves. Ao mesmo tempo, \u00e9 rapidamente absorvido sem deixar uma sensa\u00e7\u00e3o pegajosa, tornando-o adequado para todos os tipos de pele.<\/p>\n\n\n\n<h3 class=\"wp-block-heading\">Processo de produ\u00e7\u00e3o do creme para as m\u00e3os com retinol<\/h3>\n\n\n\n<p>O processo especial de fabrica\u00e7\u00e3o do Creme para as M\u00e3os com Retinol inclui o uso de uma f\u00f3rmula de retinol estabilizada para manter sua atividade antioxidante e um processo de extra\u00e7\u00e3o em baixa temperatura para minimizar a destrui\u00e7\u00e3o dos ingredientes. O rigoroso controle do pH e da umidade ambiente durante a produ\u00e7\u00e3o garante a estabilidade e a efic\u00e1cia do retinol. Al\u00e9m disso, ingredientes hidratantes especiais, como glicerina e \u00e1cido hialur\u00f4nico, s\u00e3o precisamente proporcionados para proporcionar nutri\u00e7\u00e3o profunda sem oleosidade para todos os tipos de pele.<\/p>","protected":false},"excerpt":{"rendered":"Retinol hand cream manufacturing Common Formulas The core ingredients of this Retinol Hand Cream include Retinol and Jojoba Seed Oil. Retinol is a fat-soluble vitamin that stimulates cell renewal and repairs damaged skin on the hands, while Jojoba Seed Oil is rich in a variety of natural fatty acids that deeply nourish the skin and [&hellip;]","protected":false},"featured_media":414,"menu_order":0,"template":"","meta":[],"product-tag":[],"products":[58],"class_list":["post-405","product","type-product","status-publish","has-post-thumbnail","hentry","products-hand-cream"],"acf":[],"_links":{"self":[{"href":"https:\/\/www.ruiqigo.com\/pt_pt\/wp-json\/wp\/v2\/product\/405","targetHints":{"allow":["GET"]}}],"collection":[{"href":"https:\/\/www.ruiqigo.com\/pt_pt\/wp-json\/wp\/v2\/product"}],"about":[{"href":"https:\/\/www.ruiqigo.com\/pt_pt\/wp-json\/wp\/v2\/types\/product"}],"version-history":[{"count":0,"href":"https:\/\/www.ruiqigo.com\/pt_pt\/wp-json\/wp\/v2\/product\/405\/revisions"}],"wp:featuredmedia":[{"embeddable":true,"href":"https:\/\/www.ruiqigo.com\/pt_pt\/wp-json\/wp\/v2\/media\/414"}],"wp:attachment":[{"href":"https:\/\/www.ruiqigo.com\/pt_pt\/wp-json\/wp\/v2\/media?parent=405"}],"wp:term":[{"taxonomy":"product-tag","embeddable":true,"href":"https:\/\/www.ruiqigo.com\/pt_pt\/wp-json\/wp\/v2\/product-tag?post=405"},{"taxonomy":"products","embeddable":true,"href":"https:\/\/www.ruiqigo.com\/pt_pt\/wp-json\/wp\/v2\/products?post=405"}],"curies":[{"name":"wp","href":"https:\/\/api.w.org\/{rel}","templated":true}]}}