{"id":418,"date":"2024-07-08T11:28:04","date_gmt":"2024-07-08T03:28:04","guid":{"rendered":"https:\/\/ruiqigo.com\/?post_type=product&#038;p=418"},"modified":"2024-10-28T11:59:47","modified_gmt":"2024-10-28T03:59:47","slug":"goat-milk-hand-cream","status":"publish","type":"product","link":"https:\/\/www.ruiqigo.com\/pt_pt\/product\/goat-milk-hand-cream","title":{"rendered":"Creme para m\u00e3os de leite de cabra"},"content":{"rendered":"<h3 class=\"wp-block-heading\">Fabrica\u00e7\u00e3o de creme para as m\u00e3os de leite de cabra F\u00f3rmulas comuns<\/h3>\n\n\n\n<p>Um dos principais ingredientes deste creme para as m\u00e3os de leite de cabra \u00e9 o leite de cabra de alta qualidade. O leite de cabra \u00e9 rico em prote\u00ednas, vitaminas e minerais que nutrem profundamente e reparam a pele das m\u00e3os, melhorando o ressecamento e a aspereza. Al\u00e9m disso, a f\u00f3rmula tamb\u00e9m adiciona hialuronato de s\u00f3dio e glicerina e outros ingredientes hidratantes, que podem efetivamente repor a umidade da pele, melhorar a elasticidade e o brilho. Esses ingredientes naturais e de alta qualidade n\u00e3o s\u00e3o apenas seguros e n\u00e3o irritantes, mas tamb\u00e9m fornecem cuidados abrangentes para suas m\u00e3os, para que a pele fique sempre macia e suave.<\/p>\n\n\n\n<h3 class=\"wp-block-heading\">Creme para as m\u00e3os de leite de cabra Cen\u00e1rios aplic\u00e1veis<\/h3>\n\n\n\n<p>Este creme para as m\u00e3os de leite de cabra \u00e9 ideal para uso em climas secos e frios. As baixas temperaturas do inverno e o aquecimento artificial podem deixar as m\u00e3os secas, escamosas e at\u00e9 rachadas. Os ricos ingredientes hidratantes deste creme para as m\u00e3os nutrem profundamente e reparam a pele das suas m\u00e3os, repondo a umidade necess\u00e1ria para que fiquem macias e suaves. Al\u00e9m disso, ele tamb\u00e9m fornece uma barreira protetora para as m\u00e3os, prevenindo efetivamente a ocorr\u00eancia de ressecamento e congelamento. Seja um inverno frio ou uma esta\u00e7\u00e3o seca e ventosa, este creme para as m\u00e3os dar\u00e1 \u00e0s suas m\u00e3os todo o cuidado de que elas precisam.<\/p>\n\n\n\n<h3 class=\"wp-block-heading\">Para quem \u00e9 indicado o creme para m\u00e3os de leite de cabra?<\/h3>\n\n\n\n<p>Este creme para as m\u00e3os de leite de cabra \u00e9 ideal para usu\u00e1rios com pele seca. Quer suas m\u00e3os estejam secas devido \u00e0 lavagem frequente das m\u00e3os ou exposi\u00e7\u00e3o qu\u00edmica, ou sua pele esteja escamosa devido ao clima frio do inverno, este creme para as m\u00e3os fornecer\u00e1 a nutri\u00e7\u00e3o de que voc\u00ea precisa. Ele nutre profundamente e repara a pele das suas m\u00e3os, repondo a umidade e os nutrientes de que elas precisam para ficarem macias e suaves. Ao mesmo tempo, ele \u00e9 absorvido rapidamente sem deixar uma sensa\u00e7\u00e3o pegajosa, tornando-o adequado para todos os tipos de pele.<\/p>\n\n\n\n<h3 class=\"wp-block-heading\">Processo de produ\u00e7\u00e3o de creme para as m\u00e3os de leite de cabra<\/h3>\n\n\n\n<p>O processo especial de produ\u00e7\u00e3o do Goat Milk Hand Cream \u00e9 refletido na sele\u00e7\u00e3o cuidadosa e no tratamento de mat\u00e9rias-primas. Leite de cabra fresco de alta qualidade \u00e9 usado para extrair seus ricos nutrientes por meio de tratamento de baixa temperatura e tecnologia enzim\u00e1tica, o que garante que ingredientes ativos como \u00e1cido l\u00e1ctico e vitaminas sejam retidos no leite de cabra. Durante o processo de produ\u00e7\u00e3o, a propor\u00e7\u00e3o da f\u00f3rmula e o processo de emulsifica\u00e7\u00e3o s\u00e3o estritamente controlados para garantir que o creme para as m\u00e3os tenha uma textura fina e seja absorvido rapidamente. Al\u00e9m disso, n\u00e3o h\u00e1 fragr\u00e2ncias e cores adicionadas para reduzir a irrita\u00e7\u00e3o da pele, tornando-o adequado para peles sens\u00edveis.<\/p>","protected":false},"excerpt":{"rendered":"Goat milk hand cream manufacturing Common Formulas One of the core ingredients of this goat milk hand cream is high quality goat milk. Goat milk is rich in proteins, vitamins and minerals that deeply nourish and repair the skin on your hands, improving dryness and roughness. In addition, the formula also adds sodium hyaluronate and [&hellip;]","protected":false},"featured_media":419,"menu_order":0,"template":"","meta":[],"product-tag":[],"products":[58],"class_list":["post-418","product","type-product","status-publish","has-post-thumbnail","hentry","products-hand-cream"],"acf":[],"_links":{"self":[{"href":"https:\/\/www.ruiqigo.com\/pt_pt\/wp-json\/wp\/v2\/product\/418","targetHints":{"allow":["GET"]}}],"collection":[{"href":"https:\/\/www.ruiqigo.com\/pt_pt\/wp-json\/wp\/v2\/product"}],"about":[{"href":"https:\/\/www.ruiqigo.com\/pt_pt\/wp-json\/wp\/v2\/types\/product"}],"version-history":[{"count":0,"href":"https:\/\/www.ruiqigo.com\/pt_pt\/wp-json\/wp\/v2\/product\/418\/revisions"}],"wp:featuredmedia":[{"embeddable":true,"href":"https:\/\/www.ruiqigo.com\/pt_pt\/wp-json\/wp\/v2\/media\/419"}],"wp:attachment":[{"href":"https:\/\/www.ruiqigo.com\/pt_pt\/wp-json\/wp\/v2\/media?parent=418"}],"wp:term":[{"taxonomy":"product-tag","embeddable":true,"href":"https:\/\/www.ruiqigo.com\/pt_pt\/wp-json\/wp\/v2\/product-tag?post=418"},{"taxonomy":"products","embeddable":true,"href":"https:\/\/www.ruiqigo.com\/pt_pt\/wp-json\/wp\/v2\/products?post=418"}],"curies":[{"name":"wp","href":"https:\/\/api.w.org\/{rel}","templated":true}]}}