{"id":423,"date":"2024-07-08T11:46:52","date_gmt":"2024-07-08T03:46:52","guid":{"rendered":"https:\/\/ruiqigo.com\/?post_type=product&#038;p=423"},"modified":"2024-11-12T22:37:58","modified_gmt":"2024-11-12T14:37:58","slug":"shea-butter-hand-cream","status":"publish","type":"product","link":"https:\/\/www.ruiqigo.com\/pt_pt\/product\/shea-butter-hand-cream","title":{"rendered":"Creme para m\u00e3os de manteiga de karit\u00e9"},"content":{"rendered":"<h3 class=\"wp-block-heading\">F\u00f3rmulas comuns para fabrica\u00e7\u00e3o de creme para as m\u00e3os com manteiga de karit\u00e9<\/h3>\n\n\n\n<p>O ingrediente principal deste Creme para as M\u00e3os com Manteiga de Karit\u00e9 \u00e9 a manteiga de karit\u00e9 natural. Rica em \u00e1cidos graxos e vitaminas, a manteiga de karit\u00e9 nutre profundamente e repara a pele seca e \u00e1spera das m\u00e3os. Al\u00e9m disso, a f\u00f3rmula tamb\u00e9m adiciona nutrientes como a manteiga de karit\u00e9, que pode efetivamente repor a hidrata\u00e7\u00e3o da pele, aumentar a elasticidade e deixar as m\u00e3os macias e flex\u00edveis novamente. Esses ingredientes naturais de alta qualidade n\u00e3o s\u00e3o apenas seguros e n\u00e3o irritantes, mas tamb\u00e9m proporcionam um cuidado completo para as suas m\u00e3os, para que a pele fique sempre macia e suave.<\/p>\n\n\n\n<h3 class=\"wp-block-heading\">Cen\u00e1rios aplic\u00e1veis ao creme para m\u00e3os de manteiga de karit\u00e9<\/h3>\n\n\n\n<p>Este Creme para as M\u00e3os com Manteiga de Karit\u00e9 \u00e9 especialmente adequado para uso em climas secos e frios. As baixas temperaturas do inverno e o aquecimento artificial podem causar m\u00e3os secas, escamosas e at\u00e9 rachadas. Os ingredientes ricos e nutritivos deste creme para as m\u00e3os reparam profundamente a pele, repondo a hidrata\u00e7\u00e3o necess\u00e1ria para deixar suas m\u00e3os macias e suaves novamente. Al\u00e9m disso, ele tamb\u00e9m pode fornecer uma barreira protetora para as m\u00e3os, prevenindo eficazmente o ressecamento, rachaduras causadas pelo frio e outros problemas. Seja em um inverno frio ou em uma esta\u00e7\u00e3o seca e ventosa, este creme para as m\u00e3os proporcionar\u00e1 \u00e0s suas m\u00e3os o cuidado completo que elas precisam.<\/p>\n\n\n\n<h3 class=\"wp-block-heading\">Para quem \u00e9 indicado o creme para m\u00e3os com manteiga de karit\u00e9?<\/h3>\n\n\n\n<p>Este creme para as m\u00e3os com manteiga de karit\u00e9 \u00e9 ideal para quem tem pele seca. Sejam suas m\u00e3os secas devido \u00e0 lavagem frequente ou \u00e0 exposi\u00e7\u00e3o a produtos qu\u00edmicos, ou escamadas devido ao frio do inverno, este creme para as m\u00e3os fornecer\u00e1 a nutri\u00e7\u00e3o que voc\u00ea precisa. Ele nutre e repara profundamente a pele das suas m\u00e3os, repondo a umidade e os nutrientes necess\u00e1rios para que elas fiquem macias e suaves. Ao mesmo tempo, \u00e9 rapidamente absorvido sem deixar uma sensa\u00e7\u00e3o pegajosa, tornando-o adequado para todos os tipos de pele. Seja qual for a condi\u00e7\u00e3o das suas m\u00e3os, este creme para as m\u00e3os proporcionar\u00e1 a elas todo o cuidado necess\u00e1rio para que fiquem hidratadas e saud\u00e1veis.<\/p>\n\n\n\n<h3 class=\"wp-block-heading\">Processo de produ\u00e7\u00e3o do creme para as m\u00e3os com manteiga de karit\u00e9<\/h3>\n\n\n\n<p>O Creme para as M\u00e3os com Manteiga de Karit\u00e9 \u00e9 fabricado com aten\u00e7\u00e3o especial \u00e0 qualidade dos ingredientes e \u00e0 ci\u00eancia da f\u00f3rmula. Utiliza manteiga de karit\u00e9 selecionada de alta qualidade, combinada com vitamina E e outros ingredientes hidratantes naturais, e utiliza um processo de emulsifica\u00e7\u00e3o suave para garantir uma textura delicada e r\u00e1pida absor\u00e7\u00e3o. Todo o processo de produ\u00e7\u00e3o segue os padr\u00f5es GMP para garantir a pureza e a efic\u00e1cia do produto.<\/p>","protected":false},"excerpt":{"rendered":"Shea butter hand cream manufacturing Common Formulas The core ingredient of this Shea Butter Hand Cream is natural Shea Butter. Rich in fatty acids and vitamins, shea butter deeply nourishes and repairs dry and rough hand skin. In addition, the formula also adds nutrients such as shea butter, which can effectively replenish skin moisture, enhance [&hellip;]","protected":false},"featured_media":426,"menu_order":0,"template":"","meta":[],"product-tag":[],"products":[58],"class_list":["post-423","product","type-product","status-publish","has-post-thumbnail","hentry","products-hand-cream"],"acf":[],"_links":{"self":[{"href":"https:\/\/www.ruiqigo.com\/pt_pt\/wp-json\/wp\/v2\/product\/423","targetHints":{"allow":["GET"]}}],"collection":[{"href":"https:\/\/www.ruiqigo.com\/pt_pt\/wp-json\/wp\/v2\/product"}],"about":[{"href":"https:\/\/www.ruiqigo.com\/pt_pt\/wp-json\/wp\/v2\/types\/product"}],"version-history":[{"count":0,"href":"https:\/\/www.ruiqigo.com\/pt_pt\/wp-json\/wp\/v2\/product\/423\/revisions"}],"wp:featuredmedia":[{"embeddable":true,"href":"https:\/\/www.ruiqigo.com\/pt_pt\/wp-json\/wp\/v2\/media\/426"}],"wp:attachment":[{"href":"https:\/\/www.ruiqigo.com\/pt_pt\/wp-json\/wp\/v2\/media?parent=423"}],"wp:term":[{"taxonomy":"product-tag","embeddable":true,"href":"https:\/\/www.ruiqigo.com\/pt_pt\/wp-json\/wp\/v2\/product-tag?post=423"},{"taxonomy":"products","embeddable":true,"href":"https:\/\/www.ruiqigo.com\/pt_pt\/wp-json\/wp\/v2\/products?post=423"}],"curies":[{"name":"wp","href":"https:\/\/api.w.org\/{rel}","templated":true}]}}