{"id":424,"date":"2024-07-08T11:52:15","date_gmt":"2024-07-08T03:52:15","guid":{"rendered":"https:\/\/ruiqigo.com\/?post_type=product&#038;p=424"},"modified":"2024-11-06T15:04:57","modified_gmt":"2024-11-06T07:04:57","slug":"coconut-massage-oil","status":"publish","type":"product","link":"https:\/\/www.ruiqigo.com\/pt_pt\/product\/coconut-massage-oil","title":{"rendered":"\u00d3leo de massagem de coco"},"content":{"rendered":"<h2 class=\"wp-block-heading\">F\u00f3rmulas comuns de fabrica\u00e7\u00e3o de \u00f3leo de massagem de coco<\/h2>\n\n\n\n<p>Os principais ingredientes deste \u00d3leo de Coco para Massagem s\u00e3o \u00f3leo de coco naturalmente puro e \u00f3leo de semente de girassol. O \u00f3leo de coco \u00e9 rico em \u00e1cidos graxos de cadeia m\u00e9dia, que penetram profundamente na pele rapidamente e proporcionam poderosos efeitos hidratantes e reparadores. O \u00d3leo de Semente de Girassol \u00e9 rico em vitaminas e antioxidantes para ajudar a aliviar dores musculares e melhorar a condi\u00e7\u00e3o da pele. Como fabricante profissional de \u00f3leo de coco para massagem, esses ingredientes naturais de alta qualidade n\u00e3o s\u00e3o apenas seguros e n\u00e3o irritantes, mas tamb\u00e9m aproveitam ao m\u00e1ximo os efeitos lubrificantes, massageadores e calmantes para proporcionar um cuidado completo \u00e0 pele, ao corpo e \u00e0 mente.<\/p>\n\n\n\n<h2 class=\"wp-block-heading\">Cen\u00e1rios aplic\u00e1veis ao \u00f3leo de massagem de coco<\/h2>\n\n\n\n<p>Este \u00d3leo de Massagem de Coco \u00e9 ideal para uso em climas quentes e secos. Durante os meses quentes e suados do ver\u00e3o, a pele fica propensa a ressecamento e descama\u00e7\u00e3o, e os m\u00fasculos, a dores. Este \u00f3leo de massagem penetra e \u00e9 absorvido rapidamente sem deixar uma sensa\u00e7\u00e3o pegajosa na pele, ao mesmo tempo que proporciona nutri\u00e7\u00e3o profunda e alivia a fadiga, para que voc\u00ea se sinta fresco e confort\u00e1vel no calor do dia. Ele tamb\u00e9m protege a pele dos danos causados pelo sol, facilitando o desfrute de um cuidado completo em diversos ambientes.<\/p>\n\n\n\n<h2 class=\"wp-block-heading\">Para quem \u00e9 indicado o \u00f3leo de massagem de coco?<\/h2>\n\n\n\n<p>Este \u00f3leo de massagem de coco \u00e9 adequado para todos os tipos de pele. Seja voc\u00ea de pele seca, sens\u00edvel ou oleosa, voc\u00ea se beneficiar\u00e1 deste \u00f3leo de massagem. Ele penetra e \u00e9 absorvido rapidamente sem agredir a pele, proporcionando nutri\u00e7\u00e3o profunda e al\u00edvio de dores. Especialmente para quem se exercita ou faz trabalho bra\u00e7al, este \u00f3leo ajuda a relaxar os m\u00fasculos, aliviar a fadiga e devolv\u00ea-los a um estado de relaxamento e conforto. Seja qual for a sua condi\u00e7\u00e3o de pele, este \u00f3leo de massagem de coco proporcionar\u00e1 um mimo total.<\/p>\n\n\n\n<h2 class=\"wp-block-heading\">Processo de produ\u00e7\u00e3o de \u00f3leo de massagem de coco<\/h2>\n\n\n\n<p>O processo especial de produ\u00e7\u00e3o do \u00d3leo de Coco para Massagem enfatiza a extra\u00e7\u00e3o de \u00f3leo vegetal puro de cocos de alta qualidade. A tecnologia de prensagem a frio \u00e9 utilizada para manter a integridade dos \u00e1cidos graxos naturais e da vitamina E presentes no \u00f3leo. Durante o processo de produ\u00e7\u00e3o, como fabricante l\u00edder de \u00d3leo de Coco para Massagem, a temperatura e a press\u00e3o s\u00e3o rigorosamente controladas para evitar danos ao \u00f3leo causados por altas temperaturas, garantindo a pureza e o efeito nutritivo do \u00f3leo de massagem. Al\u00e9m disso, as impurezas s\u00e3o removidas por meio de uma filtragem fina, proporcionando um toque suave e um efeito hidratante profundo.<\/p>\n\n\n\n<p><\/p>","protected":false},"excerpt":{"rendered":"Coconut massage oil manufacturing common formulas The main ingredients of this Coconut Massage Oil are naturally pure coconut oil and sunflower seed oil. Coconut oil is rich in medium-chain fatty acids, which penetrate deep into the skin quickly and provide powerful moisturizing and repairing effects. Sunflower Seed Oil is rich in vitamins and antioxidants to [&hellip;]","protected":false},"featured_media":430,"menu_order":0,"template":"","meta":[],"product-tag":[],"products":[59],"class_list":["post-424","product","type-product","status-publish","has-post-thumbnail","hentry","products-massage-oil"],"acf":[],"_links":{"self":[{"href":"https:\/\/www.ruiqigo.com\/pt_pt\/wp-json\/wp\/v2\/product\/424","targetHints":{"allow":["GET"]}}],"collection":[{"href":"https:\/\/www.ruiqigo.com\/pt_pt\/wp-json\/wp\/v2\/product"}],"about":[{"href":"https:\/\/www.ruiqigo.com\/pt_pt\/wp-json\/wp\/v2\/types\/product"}],"version-history":[{"count":0,"href":"https:\/\/www.ruiqigo.com\/pt_pt\/wp-json\/wp\/v2\/product\/424\/revisions"}],"wp:featuredmedia":[{"embeddable":true,"href":"https:\/\/www.ruiqigo.com\/pt_pt\/wp-json\/wp\/v2\/media\/430"}],"wp:attachment":[{"href":"https:\/\/www.ruiqigo.com\/pt_pt\/wp-json\/wp\/v2\/media?parent=424"}],"wp:term":[{"taxonomy":"product-tag","embeddable":true,"href":"https:\/\/www.ruiqigo.com\/pt_pt\/wp-json\/wp\/v2\/product-tag?post=424"},{"taxonomy":"products","embeddable":true,"href":"https:\/\/www.ruiqigo.com\/pt_pt\/wp-json\/wp\/v2\/products?post=424"}],"curies":[{"name":"wp","href":"https:\/\/api.w.org\/{rel}","templated":true}]}}