{"id":473,"date":"2024-07-12T15:39:04","date_gmt":"2024-07-12T07:39:04","guid":{"rendered":"https:\/\/ruiqigo.com\/?post_type=product&#038;p=473"},"modified":"2024-11-06T13:36:00","modified_gmt":"2024-11-06T05:36:00","slug":"honey-facial-mask","status":"publish","type":"product","link":"https:\/\/www.ruiqigo.com\/pt_pt\/product\/honey-facial-mask","title":{"rendered":"M\u00e1scara facial de mel"},"content":{"rendered":"<h2 class=\"wp-block-heading\">F\u00f3rmulas comuns de fabrica\u00e7\u00e3o de m\u00e1scaras faciais de mel<\/h2>\n\n\n\n<p>Os ingredientes principais desta m\u00e1scara facial de mel incluem extrato de mel, extrato de geleia real e extrato de amaranto. O extrato de mel \u00e9 rico em a\u00e7\u00facares, amino\u00e1cidos e vitaminas, que n\u00e3o s\u00f3 rep\u00f5em a umidade da pele, mas tamb\u00e9m promovem a s\u00edntese de col\u00e1geno, tornando a pele mais flex\u00edvel e hidratada. O extrato de geleia real \u00e9 rico em uma variedade de vitaminas e minerais, pode efetivamente melhorar a textura da pele, aumentar a capacidade antioxidante da pele, de modo a atingir o efeito de pele branca brilhante. O extrato de amaranto, que \u00e9 rico em vitamina C, n\u00e3o s\u00f3 inibe a produ\u00e7\u00e3o de melanina e alivia a hiperpigmenta\u00e7\u00e3o, mas tamb\u00e9m acalma a inflama\u00e7\u00e3o desencadeada pelo ressecamento, permitindo que a pele recupere seu estado saud\u00e1vel e natural.<\/p>\n\n\n\n<h2 class=\"wp-block-heading\">Cen\u00e1rios aplic\u00e1veis \u00e0 m\u00e1scara facial de mel<\/h2>\n\n\n\n<p>A m\u00e1scara facial Honey \u00e9 adequada para uma ampla variedade de ocasi\u00f5es de cuidados com a pele, especialmente para hidrata\u00e7\u00e3o de emerg\u00eancia durante a esta\u00e7\u00e3o seca ou quando a pele est\u00e1 desidratada. Tamb\u00e9m \u00e9 adequada como uma rotina regular de cuidados com a pele para ajudar a manter o equil\u00edbrio de hidrata\u00e7\u00e3o e a sa\u00fade da pele. Al\u00e9m disso, para a pele que ficou em um ambiente com ar condicionado por um longo per\u00edodo de tempo ou ap\u00f3s exposi\u00e7\u00e3o ao sol, esta m\u00e1scara proporciona um efeito calmante e restaurador.<\/p>\n\n\n\n<h2 class=\"wp-block-heading\">Para quem \u00e9 indicada a m\u00e1scara facial Honey?<\/h2>\n\n\n\n<p>Esta m\u00e1scara facial de mel \u00e9 adequada para todos os tipos de pele, especialmente pele seca, desidratada e madura. \u00c9 uma escolha ideal para consumidores que buscam melhorar o tom da pele, reduzir a inflama\u00e7\u00e3o e melhorar a elasticidade da pele. Al\u00e9m disso, para peles sens\u00edveis, sua f\u00f3rmula suave reduz a irrita\u00e7\u00e3o e fornece calmante e prote\u00e7\u00e3o.<\/p>\n\n\n\n<h2 class=\"wp-block-heading\">Processo de produ\u00e7\u00e3o de m\u00e1scara facial de mel<\/h2>\n\n\n\n<p>Na produ\u00e7\u00e3o da nossa m\u00e1scara facial Honey, como um digno fabricante de m\u00e1scaras faciais Honey, utilizamos t\u00e9cnicas avan\u00e7adas de extra\u00e7\u00e3o e mistura para garantir a pot\u00eancia e atividade de todos os ingredientes. Por meio de um processo de extra\u00e7\u00e3o de baixa temperatura, retemos as enzimas e nutrientes naturais encontrados no mel e na geleia real. Al\u00e9m disso, usamos tecnologia de enchimento ass\u00e9ptico para garantir a pureza e estabilidade dos nossos produtos. Como um fabricante profissional de m\u00e1scaras faciais Honey, o processo de produ\u00e7\u00e3o da m\u00e1scara tamb\u00e9m inclui um processo de emulsifica\u00e7\u00e3o exclusivo, que ajuda a criar a textura sedosa da m\u00e1scara, tornando-a mais f\u00e1cil de aplicar e absorver na pele. Por meio desses processos especiais de produ\u00e7\u00e3o, garantimos a alta qualidade e os resultados superiores da nossa m\u00e1scara facial Honey.<\/p>","protected":false},"excerpt":{"rendered":"Honey facial mask manufacturing common formulas The core ingredients of this honey facial mask include honey extract, royal jelly extract and amaranth extract. Honey extract is rich in sugars, amino acids and vitamins, which not only replenishes skin moisture, but also promotes collagen synthesis, making skin more supple and moisturized. Royal jelly extract is rich [&hellip;]","protected":false},"featured_media":474,"menu_order":0,"template":"","meta":[],"product-tag":[],"products":[69],"class_list":["post-473","product","type-product","status-publish","has-post-thumbnail","hentry","products-facial-mask"],"acf":[],"_links":{"self":[{"href":"https:\/\/www.ruiqigo.com\/pt_pt\/wp-json\/wp\/v2\/product\/473","targetHints":{"allow":["GET"]}}],"collection":[{"href":"https:\/\/www.ruiqigo.com\/pt_pt\/wp-json\/wp\/v2\/product"}],"about":[{"href":"https:\/\/www.ruiqigo.com\/pt_pt\/wp-json\/wp\/v2\/types\/product"}],"version-history":[{"count":0,"href":"https:\/\/www.ruiqigo.com\/pt_pt\/wp-json\/wp\/v2\/product\/473\/revisions"}],"wp:featuredmedia":[{"embeddable":true,"href":"https:\/\/www.ruiqigo.com\/pt_pt\/wp-json\/wp\/v2\/media\/474"}],"wp:attachment":[{"href":"https:\/\/www.ruiqigo.com\/pt_pt\/wp-json\/wp\/v2\/media?parent=473"}],"wp:term":[{"taxonomy":"product-tag","embeddable":true,"href":"https:\/\/www.ruiqigo.com\/pt_pt\/wp-json\/wp\/v2\/product-tag?post=473"},{"taxonomy":"products","embeddable":true,"href":"https:\/\/www.ruiqigo.com\/pt_pt\/wp-json\/wp\/v2\/products?post=473"}],"curies":[{"name":"wp","href":"https:\/\/api.w.org\/{rel}","templated":true}]}}