{"id":484,"date":"2024-07-12T16:15:53","date_gmt":"2024-07-12T08:15:53","guid":{"rendered":"https:\/\/ruiqigo.com\/?post_type=product&#038;p=484"},"modified":"2024-11-05T23:16:03","modified_gmt":"2024-11-05T15:16:03","slug":"oat-facial-mask","status":"publish","type":"product","link":"https:\/\/www.ruiqigo.com\/pt_pt\/product\/oat-facial-mask","title":{"rendered":"M\u00e1scara facial de aveia"},"content":{"rendered":"<h2 class=\"wp-block-heading\">F\u00f3rmulas comuns para fabrica\u00e7\u00e3o de m\u00e1scaras faciais de aveia<\/h2>\n\n\n\n<p>Os principais ingredientes desta m\u00e1scara facial de aveia s\u00e3o extrato de gr\u00e3o de aveia, prote\u00edna de aveia hidrolisada e beta-glucana de aveia. Entre eles, o Extrato de Gr\u00e3o de Aveia \u00e9 rico em saponinas naturais, que esfoliam suavemente as impurezas e limpam profundamente os poros. Ao mesmo tempo, tamb\u00e9m pode regular a secre\u00e7\u00e3o seb\u00e1cea e controlar a forma\u00e7\u00e3o de cravos e acne. A prote\u00edna de aveia hidrolisada penetra profundamente na pele, repondo a rica nutri\u00e7\u00e3o proteica, melhorando assim a aspereza da pele, tornando-a mais delicada e macia. Quanto \u00e0 Beta-glucana de Aveia, como um fabricante respeit\u00e1vel de m\u00e1scaras faciais de aveia, sabemos que ela n\u00e3o s\u00f3 absorve \u00e1gua com efic\u00e1cia e melhora a capacidade de hidrata\u00e7\u00e3o da pele, como tamb\u00e9m ativa as c\u00e9lulas e melhora a fun\u00e7\u00e3o de autorrepara\u00e7\u00e3o da pele, permitindo que voc\u00ea recupere a boa qualidade de uma pele brilhante e cristalina.<\/p>\n\n\n\n<h2 class=\"wp-block-heading\">Cen\u00e1rios aplic\u00e1veis \u00e0 m\u00e1scara facial de aveia<\/h2>\n\n\n\n<p>A M\u00e1scara Facial de Aveia \u00e9 adequada para uma ampla gama de ocasi\u00f5es de cuidados com a pele, sendo especialmente indicada para uso quando a pele precisa de limpeza e nutri\u00e7\u00e3o profundas. Por exemplo, ap\u00f3s um dia de exposi\u00e7\u00e3o \u00e0 polui\u00e7\u00e3o externa ou durante a mudan\u00e7a de esta\u00e7\u00e3o, quando a pele precisa de cuidados especiais. Al\u00e9m disso, para peles que usam maquiagem h\u00e1 muito tempo, a M\u00e1scara Facial de Aveia proporciona uma limpeza suave e um efeito calmante.<\/p>\n\n\n\n<h2 class=\"wp-block-heading\">Para quem \u00e9 indicada a m\u00e1scara facial de aveia<\/h2>\n\n\n\n<p>Esta m\u00e1scara \u00e9 especialmente indicada para pessoas com cut\u00edculas mais grossas que precisam clarear o tom de pele. Para consumidores com pele \u00e1spera, poros dilatados ou que sofrem de acne, a m\u00e1scara facial de aveia pode ser uma solu\u00e7\u00e3o eficaz. Tamb\u00e9m \u00e9 uma escolha ideal para consumidores que buscam cuidados naturais com a pele e ingredientes bot\u00e2nicos.<\/p>\n\n\n\n<h2 class=\"wp-block-heading\">Processo de produ\u00e7\u00e3o de m\u00e1scara facial de aveia<\/h2>\n\n\n\n<p>O processo de produ\u00e7\u00e3o da M\u00e1scara Facial de Aveia concentra-se em preservar a atividade natural e a efic\u00e1cia dos ingredientes. Utilizamos tecnologia de extra\u00e7\u00e3o em baixa temperatura para extrair os ingredientes ativos da aveia, garantindo sua pureza e estabilidade. Durante o processo de produ\u00e7\u00e3o, controlamos rigorosamente o ambiente de produ\u00e7\u00e3o para garantir a esterilidade e a seguran\u00e7a dos nossos produtos. Al\u00e9m disso, como fabricante l\u00edder de m\u00e1scaras faciais de aveia, utilizamos formula\u00e7\u00f5es e processos de emulsifica\u00e7\u00e3o exclusivos para tornar as m\u00e1scaras cremosas e de f\u00e1cil absor\u00e7\u00e3o, proporcionando uma experi\u00eancia de cuidado com a pele suave e eficaz.<\/p>","protected":false},"excerpt":{"rendered":"Oat facial mask manufacturing common formulas The core ingredients of this oat facial mask are oat kernel extract, hydrolyzed oat protein and oat beta-glucan. Among them, Oat Kernel Extract is rich in natural saponins, which gently exfoliates impurities and deeply cleanses pores. At the same time, it can also regulate sebum secretion and control the [&hellip;]","protected":false},"featured_media":485,"menu_order":0,"template":"","meta":[],"product-tag":[],"products":[69],"class_list":["post-484","product","type-product","status-publish","has-post-thumbnail","hentry","products-facial-mask"],"acf":[],"_links":{"self":[{"href":"https:\/\/www.ruiqigo.com\/pt_pt\/wp-json\/wp\/v2\/product\/484","targetHints":{"allow":["GET"]}}],"collection":[{"href":"https:\/\/www.ruiqigo.com\/pt_pt\/wp-json\/wp\/v2\/product"}],"about":[{"href":"https:\/\/www.ruiqigo.com\/pt_pt\/wp-json\/wp\/v2\/types\/product"}],"version-history":[{"count":0,"href":"https:\/\/www.ruiqigo.com\/pt_pt\/wp-json\/wp\/v2\/product\/484\/revisions"}],"wp:featuredmedia":[{"embeddable":true,"href":"https:\/\/www.ruiqigo.com\/pt_pt\/wp-json\/wp\/v2\/media\/485"}],"wp:attachment":[{"href":"https:\/\/www.ruiqigo.com\/pt_pt\/wp-json\/wp\/v2\/media?parent=484"}],"wp:term":[{"taxonomy":"product-tag","embeddable":true,"href":"https:\/\/www.ruiqigo.com\/pt_pt\/wp-json\/wp\/v2\/product-tag?post=484"},{"taxonomy":"products","embeddable":true,"href":"https:\/\/www.ruiqigo.com\/pt_pt\/wp-json\/wp\/v2\/products?post=484"}],"curies":[{"name":"wp","href":"https:\/\/api.w.org\/{rel}","templated":true}]}}