{"id":489,"date":"2024-07-12T16:33:47","date_gmt":"2024-07-12T08:33:47","guid":{"rendered":"https:\/\/ruiqigo.com\/?post_type=product&#038;p=489"},"modified":"2024-11-05T23:09:49","modified_gmt":"2024-11-05T15:09:49","slug":"herb-facial-mask","status":"publish","type":"product","link":"https:\/\/www.ruiqigo.com\/pt_pt\/product\/herb-facial-mask","title":{"rendered":"M\u00e1scara facial de ervas"},"content":{"rendered":"<h2 class=\"wp-block-heading\">F\u00f3rmulas comuns para fabrica\u00e7\u00e3o de m\u00e1scaras faciais de ervas<\/h2>\n\n\n\n<p>A m\u00e1scara facial de ervas cont\u00e9m \u00e1gua de hamam\u00e9lis norte-americana, extrato de pepino e extrato de amaranto, ricos em v\u00e1rios extratos de ervas. A \u00e1gua de hamam\u00e9lis norte-americana \u00e9 conhecida por suas propriedades calmantes e adstringentes, ajudando a equilibrar a oleosidade da pele, minimizar poros dilatados e restaurar o frescor e o refinamento da pele. O extrato de pepino \u00e9 rico em \u00e1gua e vitaminas, proporcionando hidrata\u00e7\u00e3o imediata \u00e0 pele, ao mesmo tempo em que tem um efeito refrescante e calmante. Como um fabricante confi\u00e1vel de m\u00e1scaras faciais de ervas, sabemos que o extrato de amaranto tem propriedades anti-inflamat\u00f3rias e antioxidantes que reduzem a vermelhid\u00e3o, promovem a sa\u00fade da pele e aumentam a capacidade da pele de se proteger.<\/p>\n\n\n\n<h2 class=\"wp-block-heading\">Cen\u00e1rios aplic\u00e1veis de m\u00e1scara facial de ervas<\/h2>\n\n\n\n<p>A m\u00e1scara facial Herb \u00e9 adequada para uma ampla variedade de ocasi\u00f5es de cuidados com a pele, especialmente quando as esta\u00e7\u00f5es mudam, quando a pele \u00e9 exposta a est\u00edmulos externos ou quando fica em um ambiente com ar condicionado por um longo tempo. Tamb\u00e9m \u00e9 ideal para uso em uma rotina di\u00e1ria de cuidados com a pele para fornecer calmante e hidrata\u00e7\u00e3o regulares \u00e0 pele. Al\u00e9m disso, a Herbal Mask fornece propriedades calmantes e restauradoras essenciais \u00e0 pele ap\u00f3s uma longa viagem ou atividades ao ar livre.<\/p>\n\n\n\n<h2 class=\"wp-block-heading\">Para quem \u00e9 indicada a m\u00e1scara facial Herb<\/h2>\n\n\n\n<p>Esta m\u00e1scara \u00e9 adequada para todos os tipos de pele, especialmente para pele sens\u00edvel ou pele propensa a est\u00edmulos externos. Para consumidores que buscam cuidados naturais com a pele e querem minimizar a exposi\u00e7\u00e3o qu\u00edmica, a Herbal Mask oferece uma op\u00e7\u00e3o de cuidados com a pele suave, mas eficaz. Tamb\u00e9m \u00e9 adequada para aqueles que precisam aliviar a fadiga da pele e rejuvenescer a pele.<\/p>\n\n\n\n<h2 class=\"wp-block-heading\">Processo de produ\u00e7\u00e3o de m\u00e1scara facial de ervas<\/h2>\n\n\n\n<p>Usamos um processo exclusivo de moagem a v\u00e1cuo de baixa temperatura com controle rigoroso de temperatura e tempo para maximizar a reten\u00e7\u00e3o dos ricos nutrientes das ervas. Selecionamos cuidadosamente ingredientes vegetais naturais de alta qualidade e usamos f\u00f3rmula sem aditivos para garantir que a m\u00e1scara facial Herb seja segura e suave, e realmente cuide da sa\u00fade da pele. Como um digno fabricante de m\u00e1scaras faciais Herb, tamb\u00e9m usamos design de embalagem sem pl\u00e1stico, destacando o conceito de prote\u00e7\u00e3o ambiental.<\/p>","protected":false},"excerpt":{"rendered":"Herb facial mask manufacturing common formulas Herb facial mask contains North American Witch Hazel Water, Cucumber Extract, and Amaranth Extract, rich in multiple herbal extracts. North American Witch Hazel Water is known for its soothing and astringent properties, helping to balance the skin&#8217;s oil, minimize enlarged pores, and restore freshness and refinement to the skin. [&hellip;]","protected":false},"featured_media":490,"menu_order":0,"template":"","meta":[],"product-tag":[],"products":[69],"class_list":["post-489","product","type-product","status-publish","has-post-thumbnail","hentry","products-facial-mask"],"acf":[],"_links":{"self":[{"href":"https:\/\/www.ruiqigo.com\/pt_pt\/wp-json\/wp\/v2\/product\/489","targetHints":{"allow":["GET"]}}],"collection":[{"href":"https:\/\/www.ruiqigo.com\/pt_pt\/wp-json\/wp\/v2\/product"}],"about":[{"href":"https:\/\/www.ruiqigo.com\/pt_pt\/wp-json\/wp\/v2\/types\/product"}],"version-history":[{"count":0,"href":"https:\/\/www.ruiqigo.com\/pt_pt\/wp-json\/wp\/v2\/product\/489\/revisions"}],"wp:featuredmedia":[{"embeddable":true,"href":"https:\/\/www.ruiqigo.com\/pt_pt\/wp-json\/wp\/v2\/media\/490"}],"wp:attachment":[{"href":"https:\/\/www.ruiqigo.com\/pt_pt\/wp-json\/wp\/v2\/media?parent=489"}],"wp:term":[{"taxonomy":"product-tag","embeddable":true,"href":"https:\/\/www.ruiqigo.com\/pt_pt\/wp-json\/wp\/v2\/product-tag?post=489"},{"taxonomy":"products","embeddable":true,"href":"https:\/\/www.ruiqigo.com\/pt_pt\/wp-json\/wp\/v2\/products?post=489"}],"curies":[{"name":"wp","href":"https:\/\/api.w.org\/{rel}","templated":true}]}}