{"id":500,"date":"2024-07-16T10:38:36","date_gmt":"2024-07-16T02:38:36","guid":{"rendered":"https:\/\/ruiqigo.com\/?post_type=product&#038;p=500"},"modified":"2024-11-06T11:00:46","modified_gmt":"2024-11-06T03:00:46","slug":"foaming-cleanser","status":"publish","type":"product","link":"https:\/\/www.ruiqigo.com\/pt_pt\/product\/foaming-cleanser","title":{"rendered":"Limpador espumante"},"content":{"rendered":"<h2 class=\"wp-block-heading\">F\u00f3rmulas comuns na fabrica\u00e7\u00e3o de limpadores espumantes<\/h2>\n\n\n\n<p>O produto cont\u00e9m extrato de cam\u00e9lia e extrato de amaranto. Como fabricantes de espumas de limpeza, sabemos que o Extrato de Flor de Cam\u00e9lia \u00e9 conhecido por suas propriedades calmantes e antioxidantes, ajudando a proteger a pele dos radicais livres, al\u00e9m de melhorar a maciez e a elasticidade. Extrato de Amaranto: Conhecido por suas propriedades anti-inflamat\u00f3rias e antimicrobianas, ajuda a minimizar a vermelhid\u00e3o e a irrita\u00e7\u00e3o e promove a sa\u00fade da pele.<\/p>\n\n\n\n<h2 class=\"wp-block-heading\">Cen\u00e1rios aplic\u00e1veis ao limpador espumante<\/h2>\n\n\n\n<p>O Foaming Cleanser \u00e9 adequado para a limpeza facial di\u00e1ria, especialmente para peles secas, desidratadas, oleosas e problem\u00e1ticas da zona T. Proporciona uma experi\u00eancia de limpeza suave, por\u00e9m eficaz, tanto pela manh\u00e3, ao acordar, quanto \u00e0 noite, ap\u00f3s remover a maquiagem. Tamb\u00e9m \u00e9 adequado para uso ap\u00f3s exerc\u00edcios ou ap\u00f3s longos per\u00edodos ao ar livre, para ajudar a remover sujeira e poluentes da pele.<\/p>\n\n\n\n<h2 class=\"wp-block-heading\">Para quem \u00e9 indicado o Espuma de Limpeza?<\/h2>\n\n\n\n<p>Este limpador \u00e9 adequado para todos os tipos de pele, incluindo as sens\u00edveis. A espuma de limpeza \u00e9 a escolha ideal para quem busca uma limpeza suave e efeito hidratante, ou para quem precisa acalmar e revitalizar a pele.<\/p>\n\n\n\n<h2 class=\"wp-block-heading\">Processo de produ\u00e7\u00e3o de limpador espumante<\/h2>\n\n\n\n<p>Como fabricantes confi\u00e1veis de espumas de limpeza, utilizamos a tecnologia de ultramicromoagem em baixa temperatura para maximizar a reten\u00e7\u00e3o dos nutrientes da Camellia sinensis e do Amaranthus sinensis. Ao mesmo tempo, controlamos rigorosamente a temperatura e o tempo para garantir que os ingredientes estejam concentrados e n\u00e3o sejam danificados. Al\u00e9m disso, como fabricantes especializados de espumas de limpeza, optamos por uma f\u00f3rmula sem aditivos e sem produtos qu\u00edmicos, criando um produto de limpeza verdadeiramente suave e n\u00e3o irritante.<\/p>","protected":false},"excerpt":{"rendered":"Foaming cleanser manufacturing common formulas The product contains camellia extract and amaranth extract. As a Foaming cleanser manufacturer, we know that Camellia Flower Extract is known for its soothing and antioxidant properties, helping to protect the skin from free radicals while improving softness and elasticity. Amaranthus Extract: Known for its anti-inflammatory and antimicrobial properties, it [&hellip;]","protected":false},"featured_media":501,"menu_order":0,"template":"","meta":[],"product-tag":[],"products":[65],"class_list":["post-500","product","type-product","status-publish","has-post-thumbnail","hentry","products-facial-cleanser"],"acf":[],"_links":{"self":[{"href":"https:\/\/www.ruiqigo.com\/pt_pt\/wp-json\/wp\/v2\/product\/500","targetHints":{"allow":["GET"]}}],"collection":[{"href":"https:\/\/www.ruiqigo.com\/pt_pt\/wp-json\/wp\/v2\/product"}],"about":[{"href":"https:\/\/www.ruiqigo.com\/pt_pt\/wp-json\/wp\/v2\/types\/product"}],"version-history":[{"count":0,"href":"https:\/\/www.ruiqigo.com\/pt_pt\/wp-json\/wp\/v2\/product\/500\/revisions"}],"wp:featuredmedia":[{"embeddable":true,"href":"https:\/\/www.ruiqigo.com\/pt_pt\/wp-json\/wp\/v2\/media\/501"}],"wp:attachment":[{"href":"https:\/\/www.ruiqigo.com\/pt_pt\/wp-json\/wp\/v2\/media?parent=500"}],"wp:term":[{"taxonomy":"product-tag","embeddable":true,"href":"https:\/\/www.ruiqigo.com\/pt_pt\/wp-json\/wp\/v2\/product-tag?post=500"},{"taxonomy":"products","embeddable":true,"href":"https:\/\/www.ruiqigo.com\/pt_pt\/wp-json\/wp\/v2\/products?post=500"}],"curies":[{"name":"wp","href":"https:\/\/api.w.org\/{rel}","templated":true}]}}