{"id":505,"date":"2024-07-16T10:48:30","date_gmt":"2024-07-16T02:48:30","guid":{"rendered":"https:\/\/ruiqigo.com\/?post_type=product&#038;p=505"},"modified":"2024-11-05T22:55:49","modified_gmt":"2024-11-05T14:55:49","slug":"sulfur-cleanser","status":"publish","type":"product","link":"https:\/\/www.ruiqigo.com\/pt_pt\/product\/sulfur-cleanser","title":{"rendered":"Limpador de enxofre"},"content":{"rendered":"<h2 class=\"wp-block-heading\">F\u00f3rmulas comuns de fabrica\u00e7\u00e3o de limpadores de enxofre<\/h2>\n\n\n\n<p>O produto cont\u00e9m Enxofre, Alanto\u00edna e Alginato. Enxofre \u00e9 um ingrediente natural com poderosas propriedades de controle de oleosidade e antisseborreia, al\u00e9m de matar bact\u00e9rias e \u00e1caros causadores de acne. Alanto\u00edna: um ingrediente calmante e restaurador que ajuda a reduzir a irrita\u00e7\u00e3o que pode ser causada pelo processo de limpeza. Como um fabricante profissional de limpadores de Enxofre, sabemos que o Alginato \u00e9 um ingrediente hidratante que fornece umidade essencial \u00e0 pele durante a limpeza, mantendo-a hidratada.<\/p>\n\n\n\n<h2 class=\"wp-block-heading\">Cen\u00e1rios aplic\u00e1veis ao limpador de enxofre<\/h2>\n\n\n\n<p>O Sulfur Cleanser \u00e9 adequado para uma variedade de situa\u00e7\u00f5es em que a limpeza profunda \u00e9 necess\u00e1ria, especialmente para o cuidado di\u00e1rio da pele oleosa e propensa \u00e0 acne. \u00c9 adequado para uso pela manh\u00e3 ap\u00f3s acordar, \u00e0 noite ap\u00f3s remover a maquiagem ou ap\u00f3s exerc\u00edcios para ajudar a remover o \u00f3leo e a sujeira da pele.<\/p>\n\n\n\n<h2 class=\"wp-block-heading\">Para quem \u00e9 indicado o limpador de enxofre<\/h2>\n\n\n\n<p>Este limpador \u00e9 particularmente adequado para pele oleosa, pele mista e pele com problemas de acne e espinhas. Para aqueles que buscam uma limpeza profunda e uma pele saud\u00e1vel, o Sulfur Facial Cleanser \u00e9 a escolha ideal. No entanto, para pele sens\u00edvel, \u00e9 recomendado fazer um teste de pele antes do uso.<\/p>\n\n\n\n<h2 class=\"wp-block-heading\">Processo de produ\u00e7\u00e3o de limpador de enxofre<\/h2>\n\n\n\n<p>Durante a produ\u00e7\u00e3o do Limpador Facial de Enxofre, usamos tecnologia avan\u00e7ada de extra\u00e7\u00e3o e emulsifica\u00e7\u00e3o para garantir a efic\u00e1cia e estabilidade de todos os ingredientes. Como um fabricante l\u00edder de limpadores de Enxofre, ao controlar precisamente a quantidade de enxofre, garantimos a seguran\u00e7a e efic\u00e1cia de nossos produtos. Usamos tecnologia de enchimento ass\u00e9ptico para garantir a pureza e seguran\u00e7a de nossos produtos.<\/p>","protected":false},"excerpt":{"rendered":"Sulfur cleanser manufacturing common formulas The product contains Sulfur, Allantoin, and Alginate. Sulfur is a natural ingredient with powerful oil-control and anti-seborrhea properties, as well as killing acne-causing bacteria and mites. Allantoin: a soothing and restorative ingredient that helps reduce irritation that may be caused by the cleansing process. As a professional Sulfur cleanser manufacturer, [&hellip;]","protected":false},"featured_media":513,"menu_order":0,"template":"","meta":[],"product-tag":[],"products":[65],"class_list":["post-505","product","type-product","status-publish","has-post-thumbnail","hentry","products-facial-cleanser"],"acf":[],"_links":{"self":[{"href":"https:\/\/www.ruiqigo.com\/pt_pt\/wp-json\/wp\/v2\/product\/505","targetHints":{"allow":["GET"]}}],"collection":[{"href":"https:\/\/www.ruiqigo.com\/pt_pt\/wp-json\/wp\/v2\/product"}],"about":[{"href":"https:\/\/www.ruiqigo.com\/pt_pt\/wp-json\/wp\/v2\/types\/product"}],"version-history":[{"count":0,"href":"https:\/\/www.ruiqigo.com\/pt_pt\/wp-json\/wp\/v2\/product\/505\/revisions"}],"wp:featuredmedia":[{"embeddable":true,"href":"https:\/\/www.ruiqigo.com\/pt_pt\/wp-json\/wp\/v2\/media\/513"}],"wp:attachment":[{"href":"https:\/\/www.ruiqigo.com\/pt_pt\/wp-json\/wp\/v2\/media?parent=505"}],"wp:term":[{"taxonomy":"product-tag","embeddable":true,"href":"https:\/\/www.ruiqigo.com\/pt_pt\/wp-json\/wp\/v2\/product-tag?post=505"},{"taxonomy":"products","embeddable":true,"href":"https:\/\/www.ruiqigo.com\/pt_pt\/wp-json\/wp\/v2\/products?post=505"}],"curies":[{"name":"wp","href":"https:\/\/api.w.org\/{rel}","templated":true}]}}