{"id":506,"date":"2024-07-16T10:55:13","date_gmt":"2024-07-16T02:55:13","guid":{"rendered":"https:\/\/ruiqigo.com\/?post_type=product&#038;p=506"},"modified":"2024-11-06T11:01:08","modified_gmt":"2024-11-06T03:01:08","slug":"tea-tree-cleanser","status":"publish","type":"product","link":"https:\/\/www.ruiqigo.com\/pt_pt\/product\/tea-tree-cleanser","title":{"rendered":"Limpador de \u00e1rvore do ch\u00e1"},"content":{"rendered":"<h2 class=\"wp-block-heading\">F\u00f3rmulas comuns na fabrica\u00e7\u00e3o de produtos de limpeza \u00e0 base de melaleuca<\/h2>\n\n\n\n<p>Cont\u00e9m \u00f3leo da folha de Melaleuca alternifolia, extrato de Camellia sinensis e extrato de Amaranthus communis. O \u00f3leo da folha de Melaleuca alternifolia (\u00f3leo da \u00e1rvore do ch\u00e1) possui excelentes propriedades antibacterianas, anti-inflamat\u00f3rias e de fechamento dos poros, limpando os poros, eliminando bact\u00e9rias nocivas e inibindo a acne. O extrato de Camellia sinensis \u2013 rico em vitaminas naturais e uma variedade de nutrientes \u2013 pode reparar a pele danificada, fortalecer a fun\u00e7\u00e3o de barreira da pele e ajudar a manter a hidrata\u00e7\u00e3o e a elasticidade. Como fabricante l\u00edder de produtos de limpeza \u00e0 base de melaleuca, acreditamos que o extrato de amaranto possui excelentes propriedades de limpeza e adstring\u00eancia dos poros, removendo eficazmente a sujeira acumulada e a queratina antiga, fechando os poros e melhorando a aspereza da pele.<\/p>\n\n\n\n<h2 class=\"wp-block-heading\">Cen\u00e1rios aplic\u00e1veis ao limpador de melaleuca<\/h2>\n\n\n\n<p>Este Limpador Facial de Melaleuca \u00e9 adequado para todos os tipos de pele, especialmente para peles oleosas e com tend\u00eancia a acne. Seja voc\u00ea um trabalhador sedent\u00e1rio em busca de uma limpeza profunda, um amante da beleza que precisa melhorar os poros dilatados ou um esportista que precisa de uma limpeza completa, voc\u00ea pode usar este produto em seus cuidados di\u00e1rios e desfrutar do efeito duplo de limpeza e remo\u00e7\u00e3o de \u00e1caros.<\/p>\n\n\n\n<h2 class=\"wp-block-heading\">Para quem \u00e9 indicado o limpador de melaleuca<\/h2>\n\n\n\n<p>Este Limpador Facial de Melaleuca \u00e9 adequado para peles oleosas, mistas e com tend\u00eancia a acne. Seja voc\u00ea um estudante adolescente, um trabalhador de colarinho branco ou um homem de meia-idade, voc\u00ea pode usar este limpador para limpar sua pele com efic\u00e1cia, regular a secre\u00e7\u00e3o de sebo e melhorar todos os tipos de problemas de pele.<\/p>\n\n\n\n<h2 class=\"wp-block-heading\">Processo de produ\u00e7\u00e3o do limpador de melaleuca<\/h2>\n\n\n\n<p>Como fabricantes profissionais de produtos de limpeza \u00e0 base de melaleuca, utilizamos tecnologia avan\u00e7ada de extra\u00e7\u00e3o microcristalina em baixa temperatura para maximizar a reten\u00e7\u00e3o da efic\u00e1cia natural do \u00f3leo de melaleuca, extrato de cam\u00e9lia e extrato de amaranto. Ao mesmo tempo, controlamos rigorosamente a temperatura e o tempo para garantir que outros ingredientes ativos n\u00e3o sejam danificados. Al\u00e9m disso, optamos por uma f\u00f3rmula sem aditivos qu\u00edmicos, para criar um produto de limpeza verdadeiramente suave e n\u00e3o irritante.<\/p>","protected":false},"excerpt":{"rendered":"Tea tree cleanser manufacturing common formulas Contains Melaleuca alternifolia leaf oil, Camellia sinensis extract and Amaranthus communis extract. Melaleuca alternifolia leaf oil (tea tree oil) has excellent antibacterial, anti-inflammatory and pore-constricting properties, cleanses pores, kills harmful bacteria and inhibits acne. Camellia sinensis extract &#8211; rich in natural vitamins and a variety of nutrients, can repair [&hellip;]","protected":false},"featured_media":517,"menu_order":0,"template":"","meta":[],"product-tag":[],"products":[65],"class_list":["post-506","product","type-product","status-publish","has-post-thumbnail","hentry","products-facial-cleanser"],"acf":[],"_links":{"self":[{"href":"https:\/\/www.ruiqigo.com\/pt_pt\/wp-json\/wp\/v2\/product\/506","targetHints":{"allow":["GET"]}}],"collection":[{"href":"https:\/\/www.ruiqigo.com\/pt_pt\/wp-json\/wp\/v2\/product"}],"about":[{"href":"https:\/\/www.ruiqigo.com\/pt_pt\/wp-json\/wp\/v2\/types\/product"}],"version-history":[{"count":0,"href":"https:\/\/www.ruiqigo.com\/pt_pt\/wp-json\/wp\/v2\/product\/506\/revisions"}],"wp:featuredmedia":[{"embeddable":true,"href":"https:\/\/www.ruiqigo.com\/pt_pt\/wp-json\/wp\/v2\/media\/517"}],"wp:attachment":[{"href":"https:\/\/www.ruiqigo.com\/pt_pt\/wp-json\/wp\/v2\/media?parent=506"}],"wp:term":[{"taxonomy":"product-tag","embeddable":true,"href":"https:\/\/www.ruiqigo.com\/pt_pt\/wp-json\/wp\/v2\/product-tag?post=506"},{"taxonomy":"products","embeddable":true,"href":"https:\/\/www.ruiqigo.com\/pt_pt\/wp-json\/wp\/v2\/products?post=506"}],"curies":[{"name":"wp","href":"https:\/\/api.w.org\/{rel}","templated":true}]}}