{"id":525,"date":"2024-07-16T11:49:03","date_gmt":"2024-07-16T03:49:03","guid":{"rendered":"https:\/\/ruiqigo.com\/?post_type=product&#038;p=525"},"modified":"2024-11-05T23:06:02","modified_gmt":"2024-11-05T15:06:02","slug":"creamy-cleanser","status":"publish","type":"product","link":"https:\/\/www.ruiqigo.com\/pt_pt\/product\/creamy-cleanser","title":{"rendered":"Limpador cremoso"},"content":{"rendered":"<h2 class=\"wp-block-heading\">F\u00f3rmulas comuns na fabrica\u00e7\u00e3o de produtos de limpeza cremosos<\/h2>\n\n\n\n<p>O produto cont\u00e9m hialuronato de s\u00f3dio e tocoferol. O hialuronato de s\u00f3dio \u00e9 um poderoso umectante que atrai e ret\u00e9m grandes quantidades de umidade, proporcionando hidrata\u00e7\u00e3o duradoura e melhorando a elasticidade e a firmeza da pele. Como fabricante l\u00edder de produtos de limpeza cremosos, o tocoferol (vitamina E) \u00e9 um antioxidante natural que ajuda a proteger a pele dos radicais livres, promovendo a repara\u00e7\u00e3o e a manuten\u00e7\u00e3o da sa\u00fade da pele.<\/p>\n\n\n\n<h2 class=\"wp-block-heading\">Cen\u00e1rios aplic\u00e1veis ao limpador cremoso<\/h2>\n\n\n\n<p>O Creamy Cleanser \u00e9 adequado para a limpeza facial di\u00e1ria, especialmente de manh\u00e3, ao acordar, e \u00e0 noite, ap\u00f3s remover a maquiagem. Tamb\u00e9m \u00e9 adequado para uso em esta\u00e7\u00f5es secas ou em ambientes com ar condicionado, ajudando a proteger a pele contra a perda de hidrata\u00e7\u00e3o. Tamb\u00e9m \u00e9 ideal para peles sens\u00edveis que requerem uma limpeza suave.<\/p>\n\n\n\n<h2 class=\"wp-block-heading\">Para quem \u00e9 indicado o limpador cremoso<\/h2>\n\n\n\n<p>Este limpador \u00e9 adequado para todos os tipos de pele, especialmente peles secas, desidratadas ou maduras. Para consumidores que precisam de hidrata\u00e7\u00e3o e nutri\u00e7\u00e3o extra, ou para usu\u00e1rios com pele sens\u00edvel que buscam um efeito de limpeza suave, o Creamy Cleanser \u00e9 a solu\u00e7\u00e3o ideal.<\/p>\n\n\n\n<h2 class=\"wp-block-heading\">Processo de produ\u00e7\u00e3o de limpador cremoso<\/h2>\n\n\n\n<p>Durante a produ\u00e7\u00e3o do Creamy Facial Cleanser, utilizamos t\u00e9cnicas avan\u00e7adas de extra\u00e7\u00e3o e emulsifica\u00e7\u00e3o para garantir a pot\u00eancia e a estabilidade de todos os ingredientes. Ao controlar com precis\u00e3o a concentra\u00e7\u00e3o de hialuronato de s\u00f3dio e tocofer\u00f3is, garantimos os efeitos hidratantes e antioxidantes dos nossos produtos. Como fabricantes de Creamy Cleanser, utilizamos tecnologia de envase ass\u00e9ptico para garantir a pureza e a seguran\u00e7a dos nossos produtos. Al\u00e9m disso, nosso processo de fabrica\u00e7\u00e3o inclui uma formula\u00e7\u00e3o exclusiva que garante que o produto seja cremoso, f\u00e1cil de aplicar e levemente n\u00e3o irritante.<\/p>","protected":false},"excerpt":{"rendered":"Creamy cleanser manufacturing common formulas The product contains Sodium Hyaluronate, Tocopherol. Sodium Hyaluronate is a powerful humectant that attracts and locks in large amounts of moisture, providing long-lasting moisturization and improving the skin&#8217;s elasticity and firmness. As a leading Creamy cleanser manufacturer, Tocopherol (Vitamin E) is a natural antioxidant that helps protect the skin from [&hellip;]","protected":false},"featured_media":526,"menu_order":0,"template":"","meta":[],"product-tag":[],"products":[65],"class_list":["post-525","product","type-product","status-publish","has-post-thumbnail","hentry","products-facial-cleanser"],"acf":[],"_links":{"self":[{"href":"https:\/\/www.ruiqigo.com\/pt_pt\/wp-json\/wp\/v2\/product\/525","targetHints":{"allow":["GET"]}}],"collection":[{"href":"https:\/\/www.ruiqigo.com\/pt_pt\/wp-json\/wp\/v2\/product"}],"about":[{"href":"https:\/\/www.ruiqigo.com\/pt_pt\/wp-json\/wp\/v2\/types\/product"}],"version-history":[{"count":0,"href":"https:\/\/www.ruiqigo.com\/pt_pt\/wp-json\/wp\/v2\/product\/525\/revisions"}],"wp:featuredmedia":[{"embeddable":true,"href":"https:\/\/www.ruiqigo.com\/pt_pt\/wp-json\/wp\/v2\/media\/526"}],"wp:attachment":[{"href":"https:\/\/www.ruiqigo.com\/pt_pt\/wp-json\/wp\/v2\/media?parent=525"}],"wp:term":[{"taxonomy":"product-tag","embeddable":true,"href":"https:\/\/www.ruiqigo.com\/pt_pt\/wp-json\/wp\/v2\/product-tag?post=525"},{"taxonomy":"products","embeddable":true,"href":"https:\/\/www.ruiqigo.com\/pt_pt\/wp-json\/wp\/v2\/products?post=525"}],"curies":[{"name":"wp","href":"https:\/\/api.w.org\/{rel}","templated":true}]}}