{"id":533,"date":"2024-07-18T11:49:37","date_gmt":"2024-07-18T03:49:37","guid":{"rendered":"https:\/\/ruiqigo.com\/?post_type=product&#038;p=533"},"modified":"2024-11-15T17:02:20","modified_gmt":"2024-11-15T09:02:20","slug":"micellar-water-makeup-remover","status":"publish","type":"product","link":"https:\/\/www.ruiqigo.com\/pt_pt\/product\/micellar-water-makeup-remover","title":{"rendered":"Demaquilante de \u00e1gua micelar"},"content":{"rendered":"<h2 class=\"wp-block-heading\">F\u00f3rmulas comuns de fabrica\u00e7\u00e3o de removedores de maquiagem com \u00e1gua micelar<\/h2>\n\n\n\n<p>Os principais ingredientes do Removedor de Maquiagem com \u00c1gua Micelar incluem \u00d3leo de R\u00edcino Hidrogenado PEG-40, 1,1-Hexanediol, Fenoxietanol, \u00c1gua da Folha de Aloe Barbadensis e EDTA Diss\u00f3dico. O \u00d3leo de R\u00edcino Hidrogenado PEG-40 \u00e9 um excelente surfactante que dissolve contaminantes, enquanto o 1,1-Hexanediol e o Fenoxietanol s\u00e3o excelentes agentes bactericidas e antiss\u00e9pticos que mant\u00eam a higiene e a seguran\u00e7a do produto. Como fabricante confi\u00e1vel de removedores de maquiagem com \u00e1gua micelar, a \u00e1gua da folha de Aloe Barbadensis \u00e9 rica em vitaminas, minerais e polissacar\u00eddeos que nutrem a pele e melhoram a barreira cut\u00e2nea, enquanto o EDTA diss\u00f3dico \u00e9 um agente complexante que melhora a estabilidade do produto. Esses ingredientes trabalham juntos para proporcionar uma limpeza profunda e cuidado para a sua pele.<\/p>\n\n\n\n<h2 class=\"wp-block-heading\">Cen\u00e1rios aplic\u00e1veis \u00e0 demaquilante de \u00e1gua micelar<\/h2>\n\n\n\n<p>Este demaquilante com \u00e1gua micelar \u00e9 perfeito para o cuidado di\u00e1rio da pele. Seja para remover a maquiagem do dia a dia ou limpar a pele oleosa das impurezas acumuladas, \u00e9 f\u00e1cil de usar. Ele tamb\u00e9m remove com efic\u00e1cia a maquiagem \u00e0 prova d&#039;\u00e1gua, deixando a pele completamente limpa. Ap\u00f3s o uso, sua pele n\u00e3o s\u00f3 fica limpa e iluminada, como tamb\u00e9m suavizada e nutrida, estabelecendo uma boa base para o seu neg\u00f3cio de cuidados com a pele.<\/p>\n\n\n\n<h2 class=\"wp-block-heading\">Para quem \u00e9 indicado o demaquilante de \u00e1gua micelar<\/h2>\n\n\n\n<p>Este demaquilante com \u00e1gua micelar \u00e9 adequado para todos os tipos de pele. Peles oleosas e secas podem se beneficiar dele. Limpa suavemente sem causar irrita\u00e7\u00e3o ou rea\u00e7\u00f5es al\u00e9rgicas. Especialmente para os amantes da beleza, remove todos os tipos de maquiagem com facilidade e deixa a pele com apar\u00eancia fresca e nova. Ao mesmo tempo, \u00e9 enriquecido com uma variedade de bot\u00e2nicos naturais que nutrem e protegem a pele, para que voc\u00ea possa desfrutar do cuidado enquanto remove a maquiagem.<\/p>\n\n\n\n<h2 class=\"wp-block-heading\">Processo de produ\u00e7\u00e3o de demaquilante de \u00e1gua micelar<\/h2>\n\n\n\n<p>Utilizamos uma tecnologia exclusiva de micelas para criar este demaquilante. Primeiramente, combinamos surfactantes como o \u00d3leo de R\u00edcino Hidrogenado PEG-40 com \u00e1gua para formar uma estrutura micelar est\u00e1vel. Como fabricante confi\u00e1vel de demaquilantes de \u00e1gua micelar, essas micelas encapsulam eficazmente a sujeira e os res\u00edduos de maquiagem, dissolvendo-os e removendo-os de forma suave. Ingredientes para cuidados com a pele, como a \u00c1gua da Folha de Aloe Barbadensis e o EDTA Diss\u00f3dico, s\u00e3o ent\u00e3o adicionados para conferir ao produto ainda mais nutri\u00e7\u00e3o e prote\u00e7\u00e3o.<\/p>","protected":false},"excerpt":{"rendered":"Micellar water makeup remover manufacturing common formulas The core ingredients of Micellar Water Makeup Remover include PEG-40 Hydrogenated Castor Oil, 1,1-Hexanediol, Phenoxyethanol, Aloe Barbadensis Leaf Water and Disodium EDTA, PEG-40 Hydrogenated Castor Oil is an excellent surfactant that dissolves contaminants, while 1,1-Hexanediol and Phenoxyethanol are excellent bactericidal and antiseptic agents that maintain product hygiene and [&hellip;]","protected":false},"featured_media":542,"menu_order":0,"template":"","meta":[],"product-tag":[],"products":[66],"class_list":["post-533","product","type-product","status-publish","has-post-thumbnail","hentry","products-makeup-remover"],"acf":[],"_links":{"self":[{"href":"https:\/\/www.ruiqigo.com\/pt_pt\/wp-json\/wp\/v2\/product\/533","targetHints":{"allow":["GET"]}}],"collection":[{"href":"https:\/\/www.ruiqigo.com\/pt_pt\/wp-json\/wp\/v2\/product"}],"about":[{"href":"https:\/\/www.ruiqigo.com\/pt_pt\/wp-json\/wp\/v2\/types\/product"}],"version-history":[{"count":0,"href":"https:\/\/www.ruiqigo.com\/pt_pt\/wp-json\/wp\/v2\/product\/533\/revisions"}],"wp:featuredmedia":[{"embeddable":true,"href":"https:\/\/www.ruiqigo.com\/pt_pt\/wp-json\/wp\/v2\/media\/542"}],"wp:attachment":[{"href":"https:\/\/www.ruiqigo.com\/pt_pt\/wp-json\/wp\/v2\/media?parent=533"}],"wp:term":[{"taxonomy":"product-tag","embeddable":true,"href":"https:\/\/www.ruiqigo.com\/pt_pt\/wp-json\/wp\/v2\/product-tag?post=533"},{"taxonomy":"products","embeddable":true,"href":"https:\/\/www.ruiqigo.com\/pt_pt\/wp-json\/wp\/v2\/products?post=533"}],"curies":[{"name":"wp","href":"https:\/\/api.w.org\/{rel}","templated":true}]}}