{"id":551,"date":"2024-07-18T14:36:33","date_gmt":"2024-07-18T06:36:33","guid":{"rendered":"https:\/\/ruiqigo.com\/?post_type=product&#038;p=551"},"modified":"2024-11-15T17:00:56","modified_gmt":"2024-11-15T09:00:56","slug":"coconut-oil-makeup-remover","status":"publish","type":"product","link":"https:\/\/www.ruiqigo.com\/pt_pt\/product\/coconut-oil-makeup-remover","title":{"rendered":"Demaquilante de \u00f3leo de coco"},"content":{"rendered":"<h2 class=\"wp-block-heading\">F\u00f3rmulas comuns de fabrica\u00e7\u00e3o de removedores de maquiagem com \u00f3leo de coco<\/h2>\n\n\n\n<p>Os principais ingredientes deste produto incluem \u00f3leo de coco, tocofer\u00f3is e \u00f3leo de semente de girassol. O \u00f3leo de coco \u00e9 rico em \u00e1cidos graxos, como \u00e1cido l\u00e1urico e \u00e1cido este\u00e1rico, que possuem excelentes propriedades solubilizantes e de limpeza para remover todos os tipos de maquiagem. O tocoferol \u00e9 um poderoso antioxidante natural que repara e protege a pele dos danos ambientais. Como fabricantes confi\u00e1veis de demaquilantes \u00e0 base de \u00f3leo de coco, sabemos que o \u00f3leo de semente de girassol, rico em vitamina E e \u00e1cido linol\u00eanico, nutre profundamente a pele e alivia o ressecamento e a sensa\u00e7\u00e3o de repuxamento.<\/p>\n\n\n\n<h2 class=\"wp-block-heading\">Cen\u00e1rios aplic\u00e1veis ao removedor de maquiagem com \u00f3leo de coco<\/h2>\n\n\n\n<p>O demaquilante \u00e0 base de \u00f3leo de coco \u00e9 adequado para uma ampla gama de aplica\u00e7\u00f5es. Este demaquilante \u00e0 base de \u00f3leo de coco pode ser usado em uma ampla variedade de situa\u00e7\u00f5es. Seja para remover a maquiagem di\u00e1ria, limpar profundamente as impurezas acumuladas ou limpar a pele antes de dormir, \u00e9 uma \u00f3tima maneira de limpar e nutrir. Tamb\u00e9m \u00e9 ideal para quem ama cuidados naturais com a pele, pois cuida suavemente dela.<\/p>\n\n\n\n<h2 class=\"wp-block-heading\">Para quem \u00e9 indicado o demaquilante com \u00f3leo de coco?<\/h2>\n\n\n\n<p>Este produto \u00e9 voltado para mulheres urbanas de colarinho branco que buscam uma pele saud\u00e1vel e natural. Seja voc\u00ea uma trabalhadora de escrit\u00f3rio, uma estudante ou uma cuidadora natural, voc\u00ea pode escolher usar este produto de acordo com a sua condi\u00e7\u00e3o de pele. Para peles secas e sens\u00edveis, ele pode proporcionar hidrata\u00e7\u00e3o e nutri\u00e7\u00e3o ricas, aliviando o ressecamento e a tens\u00e3o; para peles mistas ou oleosas, tamb\u00e9m pode limpar os poros e regular a oleosidade.<\/p>\n\n\n\n<h2 class=\"wp-block-heading\">Processo de produ\u00e7\u00e3o de removedor de maquiagem com \u00f3leo de coco<\/h2>\n\n\n\n<p>Utilizamos um avan\u00e7ado processo de prensagem a frio para misturar com precis\u00e3o \u00f3leos vegetais naturais, como \u00f3leo de coco, tocoferol e \u00f3leo de semente de girassol, garantindo a preserva\u00e7\u00e3o de todos os nutrientes durante o processo de produ\u00e7\u00e3o. Como fabricantes confi\u00e1veis de demaquilantes \u00e0 base de \u00f3leo de coco, tamb\u00e9m utilizamos um processo de enchimento em baixa temperatura para evitar a destrui\u00e7\u00e3o de nutrientes por altas temperaturas. Comparado aos demaquilantes tradicionais, todo o processo \u00e9 sustent\u00e1vel e ecologicamente correto.<\/p>","protected":false},"excerpt":{"rendered":"Coconut oil makeup remover manufacturing common formulas The core ingredients of this product include coconut oil, tocopherols and sunflower seed oil. Coconut oil is rich in fatty acids such as lauric acid and stearic acid, which have excellent solubilizing and cleansing abilities to remove all types of makeup. Tocopherol is a powerful natural antioxidant that [&hellip;]","protected":false},"featured_media":552,"menu_order":0,"template":"","meta":[],"product-tag":[],"products":[66],"class_list":["post-551","product","type-product","status-publish","has-post-thumbnail","hentry","products-makeup-remover"],"acf":[],"_links":{"self":[{"href":"https:\/\/www.ruiqigo.com\/pt_pt\/wp-json\/wp\/v2\/product\/551","targetHints":{"allow":["GET"]}}],"collection":[{"href":"https:\/\/www.ruiqigo.com\/pt_pt\/wp-json\/wp\/v2\/product"}],"about":[{"href":"https:\/\/www.ruiqigo.com\/pt_pt\/wp-json\/wp\/v2\/types\/product"}],"version-history":[{"count":0,"href":"https:\/\/www.ruiqigo.com\/pt_pt\/wp-json\/wp\/v2\/product\/551\/revisions"}],"wp:featuredmedia":[{"embeddable":true,"href":"https:\/\/www.ruiqigo.com\/pt_pt\/wp-json\/wp\/v2\/media\/552"}],"wp:attachment":[{"href":"https:\/\/www.ruiqigo.com\/pt_pt\/wp-json\/wp\/v2\/media?parent=551"}],"wp:term":[{"taxonomy":"product-tag","embeddable":true,"href":"https:\/\/www.ruiqigo.com\/pt_pt\/wp-json\/wp\/v2\/product-tag?post=551"},{"taxonomy":"products","embeddable":true,"href":"https:\/\/www.ruiqigo.com\/pt_pt\/wp-json\/wp\/v2\/products?post=551"}],"curies":[{"name":"wp","href":"https:\/\/api.w.org\/{rel}","templated":true}]}}