{"id":566,"date":"2024-07-18T15:16:04","date_gmt":"2024-07-18T07:16:04","guid":{"rendered":"https:\/\/ruiqigo.com\/?post_type=product&#038;p=566"},"modified":"2024-11-06T14:05:41","modified_gmt":"2024-11-06T06:05:41","slug":"olive-oil-moisturizing-lotion","status":"publish","type":"product","link":"https:\/\/www.ruiqigo.com\/pt_pt\/product\/olive-oil-moisturizing-lotion","title":{"rendered":"Lo\u00e7\u00e3o hidratante de azeite de oliva"},"content":{"rendered":"<h3 class=\"wp-block-heading\">Fabrica\u00e7\u00e3o de lo\u00e7\u00e3o hidratante de azeite de oliva F\u00f3rmulas comuns<\/h3>\n\n\n\n<p>Os ingredientes ativos da Lo\u00e7\u00e3o Hidratante de Azeite de Oliva incluem principalmente Extrato de Azeite de Oliva, \u00c1cido Hialur\u00f4nico e Fator Hidratante. O Extrato de Azeite de Oliva \u00e9 rico em \u00e1cidos graxos insaturados, como o \u00c1cido Oleico, que ajuda a reduzir o colesterol, protege a sa\u00fade do cora\u00e7\u00e3o e tem propriedades antioxidantes. Como um fabricante l\u00edder de lo\u00e7\u00e3o hidratante de azeite de oliva, sabemos que o \u00c1cido Hialur\u00f4nico \u00e9 um ingrediente hidratante superior, carrega mais de 500 vezes seu pr\u00f3prio peso em \u00e1gua para hidratar profundamente a pele. Al\u00e9m disso, o fator hidratante ajuda a pele a reter a umidade e mant\u00e9m a hidrata\u00e7\u00e3o da pele.<\/p>\n\n\n\n<h3 class=\"wp-block-heading\">Lo\u00e7\u00e3o hidratante de azeite de oliva Cen\u00e1rios aplic\u00e1veis<\/h3>\n\n\n\n<p>A Lo\u00e7\u00e3o Hidratante de Azeite de Oliva \u00e9 adequada para uma ampla gama de cen\u00e1rios, incluindo cuidados di\u00e1rios com a pele, ambientes secos, salas com ar condicionado e ap\u00f3s atividades ao ar livre. \u00c9 especialmente adequada para pessoas que est\u00e3o frequentemente em ambientes secos. Usado duas vezes por semana, ajuda a pele a combater melhor os ambientes secos, melhora o ressecamento e os poros dilatados causados pela exposi\u00e7\u00e3o ao sol e mant\u00e9m a pele fresca e hidratada.<\/p>\n\n\n\n<h3 class=\"wp-block-heading\">Para quem \u00e9 indicado o uso da lo\u00e7\u00e3o hidratante com azeite de oliva<\/h3>\n\n\n\n<p>A Lo\u00e7\u00e3o Hidratante de Azeite de Oliva \u00e9 adequada para todos os tipos de pessoas, especialmente aquelas que precisam de hidrata\u00e7\u00e3o e nutri\u00e7\u00e3o extra para a pele. \u00c9 adequada para beb\u00eas, mulheres gr\u00e1vidas e m\u00e3es que amamentam porque os nutrientes do azeite de oliva s\u00e3o semelhantes ao leite materno, que s\u00e3o facilmente absorvidos e promovem o crescimento e o desenvolvimento dos nervos e ossos dos beb\u00eas. Tamb\u00e9m \u00e9 adequada para mulheres que amam a beleza porque cont\u00e9m subst\u00e2ncias antioxidantes que podem eliminar rugas faciais e prevenir o envelhecimento da pele. Al\u00e9m disso, para pacientes com doen\u00e7as cardiovasculares e cerebrovasculares, diabetes, gastrite e \u00falcera g\u00e1strica, bem como pessoas sub-saud\u00e1veis, a lo\u00e7\u00e3o hidratante de azeite de oliva pode fornecer cuidados adequados para a pele e efeitos de sa\u00fade.<\/p>\n\n\n\n<h3 class=\"wp-block-heading\">Processo de produ\u00e7\u00e3o de lo\u00e7\u00e3o hidratante de azeite de oliva<\/h3>\n\n\n\n<p>A lo\u00e7\u00e3o hidratante de azeite de oliva adota tecnologia de extra\u00e7\u00e3o de alta tecnologia exclusiva e equipamento de emulsifica\u00e7\u00e3o profissional importado original. Durante o processo de produ\u00e7\u00e3o, \u00e9 dada aten\u00e7\u00e3o especial \u00e0 manuten\u00e7\u00e3o dos nutrientes naturais do azeite de oliva sem aquecimento e tratamento qu\u00edmico para garantir que o extrato de azeite de oliva no produto mantenha sua atividade natural. Al\u00e9m disso, como um fabricante l\u00edder de lo\u00e7\u00e3o hidratante de azeite de oliva, os produtos foram aprovados por dermatologistas e testes de mercado durante o processo de pesquisa e desenvolvimento para garantir sua seguran\u00e7a e efic\u00e1cia.<\/p>","protected":false},"excerpt":{"rendered":"Olive oil moisturizing lotion manufacturing Common Formulas The active ingredients of Olive Oil Moisturizing Lotion mainly include Olive Oil Extract, Hyaluronic Acid and Moisturizing Factor. Olive Oil Extract is rich in unsaturated fatty acids such as Oleic Acid, which helps lower cholesterol, protects heart health and has antioxidant properties. As a leading Olive oil moisturizing [&hellip;]","protected":false},"featured_media":567,"menu_order":0,"template":"","meta":[],"product-tag":[],"products":[70],"class_list":["post-566","product","type-product","status-publish","has-post-thumbnail","hentry","products-moisturizing-lotion"],"acf":[],"_links":{"self":[{"href":"https:\/\/www.ruiqigo.com\/pt_pt\/wp-json\/wp\/v2\/product\/566","targetHints":{"allow":["GET"]}}],"collection":[{"href":"https:\/\/www.ruiqigo.com\/pt_pt\/wp-json\/wp\/v2\/product"}],"about":[{"href":"https:\/\/www.ruiqigo.com\/pt_pt\/wp-json\/wp\/v2\/types\/product"}],"version-history":[{"count":0,"href":"https:\/\/www.ruiqigo.com\/pt_pt\/wp-json\/wp\/v2\/product\/566\/revisions"}],"wp:featuredmedia":[{"embeddable":true,"href":"https:\/\/www.ruiqigo.com\/pt_pt\/wp-json\/wp\/v2\/media\/567"}],"wp:attachment":[{"href":"https:\/\/www.ruiqigo.com\/pt_pt\/wp-json\/wp\/v2\/media?parent=566"}],"wp:term":[{"taxonomy":"product-tag","embeddable":true,"href":"https:\/\/www.ruiqigo.com\/pt_pt\/wp-json\/wp\/v2\/product-tag?post=566"},{"taxonomy":"products","embeddable":true,"href":"https:\/\/www.ruiqigo.com\/pt_pt\/wp-json\/wp\/v2\/products?post=566"}],"curies":[{"name":"wp","href":"https:\/\/api.w.org\/{rel}","templated":true}]}}