{"id":581,"date":"2024-07-19T09:37:08","date_gmt":"2024-07-19T01:37:08","guid":{"rendered":"https:\/\/ruiqigo.com\/?post_type=product&#038;p=581"},"modified":"2024-11-15T16:59:03","modified_gmt":"2024-11-15T08:59:03","slug":"vitamin-e-facial-oil","status":"publish","type":"product","link":"https:\/\/www.ruiqigo.com\/pt_pt\/product\/vitamin-e-facial-oil","title":{"rendered":"\u00d3leo facial de vitamina E"},"content":{"rendered":"<h2 class=\"wp-block-heading\">F\u00f3rmulas comuns de fabrica\u00e7\u00e3o de \u00f3leo facial com vitamina E<\/h2>\n\n\n\n<p>A vitamina E, conhecida como a \u201cvitamina antienvelhecimento\u201d, \u00e9 um poderoso antioxidante que neutraliza os radicais livres, protege a pele das agress\u00f5es ambientais e retarda o processo de envelhecimento. A vitamina E tamb\u00e9m promove a circula\u00e7\u00e3o sangu\u00ednea e aumenta a capacidade da pele de se reparar. Como um fabricante l\u00edder de \u00f3leo facial de vitamina E, sabemos que o \u00f3leo de semente de jojoba, um \u00f3leo vegetal natural da planta de jojoba, tem uma estrutura molecular semelhante ao sebo humano, que \u00e9 facilmente absorvido pela pele e pode nutrir profundamente a pele, manter o equil\u00edbrio \u00e1gua-\u00f3leo da pele e reduzir o ressecamento e as linhas finas.<\/p>\n\n\n\n<h2 class=\"wp-block-heading\">Cen\u00e1rios aplic\u00e1veis ao \u00f3leo facial de vitamina E<\/h2>\n\n\n\n<p>O \u00d3leo Facial de Vitamina E \u00e9 adequado para uma ampla gama de cen\u00e1rios de cuidados com a pele, seja para manuten\u00e7\u00e3o di\u00e1ria ou tratamentos especiais. Use-o pela manh\u00e3 para fornecer \u00e0 sua pele a nutri\u00e7\u00e3o e a prote\u00e7\u00e3o de que ela precisa durante o dia; use-o \u00e0 noite para ajudar sua pele a se reparar \u00e0 noite e aumentar sua capacidade regenerativa. Durante a esta\u00e7\u00e3o seca ou em salas com ar condicionado, o \u00d3leo Facial de Vitamina E alivia efetivamente a pele seca e a mant\u00e9m hidratada.<\/p>\n\n\n\n<h2 class=\"wp-block-heading\">Para quem \u00e9 indicado o \u00f3leo facial de vitamina E<\/h2>\n\n\n\n<p>O \u00d3leo Facial de Vitamina E \u00e9 adequado para todos os tipos de pele, especialmente para pele madura, pele seca e consumidores que precisam de cuidados antienvelhecimento. Para pessoas que costumam ficar acordadas at\u00e9 tarde, vivem uma vida estressante e t\u00eam problemas de pele, o \u00d3leo Facial de Vitamina E pode fornecer a nutri\u00e7\u00e3o e o reparo necess\u00e1rios para ajudar a melhorar as condi\u00e7\u00f5es da pele.<\/p>\n\n\n\n<h2 class=\"wp-block-heading\">Processo de produ\u00e7\u00e3o de \u00f3leo facial de vitamina E<\/h2>\n\n\n\n<p>Como um fabricante l\u00edder de \u00f3leo facial de vitamina E, para garantir a qualidade do produto do \u00f3leo facial de vitamina E, usamos uma tecnologia exclusiva de extra\u00e7\u00e3o a frio e de baixa temperatura para maximizar a reten\u00e7\u00e3o dos ingredientes ativos da vitamina E e do \u00f3leo de semente de jojoba. Durante o processo de produ\u00e7\u00e3o, controlamos rigorosamente a temperatura e a press\u00e3o para evitar que a alta temperatura destrua os ingredientes ativos. Ao mesmo tempo, seguimos os padr\u00f5es de produ\u00e7\u00e3o ass\u00e9ptica para garantir a pureza e a seguran\u00e7a de nossos produtos.<\/p>\n\n\n\n<p><\/p>","protected":false},"excerpt":{"rendered":"Vitamin E facial oil manufacturing common formulas Vitamin E, known as the \u201canti-aging vitamin\u201d, is a powerful antioxidant that neutralizes free radicals, protects the skin from environmental aggressions and slows down the aging process. Vitamin E also promotes blood circulation and enhances the skin&#8217;s ability to repair itself. As a leading Vitamin E facial oil [&hellip;]","protected":false},"featured_media":583,"menu_order":0,"template":"","meta":[],"product-tag":[],"products":[62],"class_list":["post-581","product","type-product","status-publish","has-post-thumbnail","hentry","products-facial-oil"],"acf":[],"_links":{"self":[{"href":"https:\/\/www.ruiqigo.com\/pt_pt\/wp-json\/wp\/v2\/product\/581","targetHints":{"allow":["GET"]}}],"collection":[{"href":"https:\/\/www.ruiqigo.com\/pt_pt\/wp-json\/wp\/v2\/product"}],"about":[{"href":"https:\/\/www.ruiqigo.com\/pt_pt\/wp-json\/wp\/v2\/types\/product"}],"version-history":[{"count":0,"href":"https:\/\/www.ruiqigo.com\/pt_pt\/wp-json\/wp\/v2\/product\/581\/revisions"}],"wp:featuredmedia":[{"embeddable":true,"href":"https:\/\/www.ruiqigo.com\/pt_pt\/wp-json\/wp\/v2\/media\/583"}],"wp:attachment":[{"href":"https:\/\/www.ruiqigo.com\/pt_pt\/wp-json\/wp\/v2\/media?parent=581"}],"wp:term":[{"taxonomy":"product-tag","embeddable":true,"href":"https:\/\/www.ruiqigo.com\/pt_pt\/wp-json\/wp\/v2\/product-tag?post=581"},{"taxonomy":"products","embeddable":true,"href":"https:\/\/www.ruiqigo.com\/pt_pt\/wp-json\/wp\/v2\/products?post=581"}],"curies":[{"name":"wp","href":"https:\/\/api.w.org\/{rel}","templated":true}]}}