{"id":594,"date":"2024-07-24T16:45:46","date_gmt":"2024-07-24T08:45:46","guid":{"rendered":"https:\/\/ruiqigo.com\/?post_type=product&#038;p=594"},"modified":"2024-11-01T10:33:46","modified_gmt":"2024-11-01T02:33:46","slug":"xylitol-toothpaste","status":"publish","type":"product","link":"https:\/\/www.ruiqigo.com\/pt_pt\/product\/xylitol-toothpaste","title":{"rendered":"Pasta de dentes com xilitol"},"content":{"rendered":"<h2 class=\"wp-block-heading\">F\u00f3rmulas comuns de fabrica\u00e7\u00e3o de pasta de dente com xilitol<\/h2>\n\n\n\n<p>Xilitol, o ingrediente principal do creme dental Xilitol, \u00e9 um ado\u00e7ante natural com propriedades antic\u00e1ries. O xilitol pode inibir o crescimento de bact\u00e9rias causadoras de c\u00e1ries na cavidade oral e reduzir a forma\u00e7\u00e3o de placa, reduzindo assim a incid\u00eancia de c\u00e1ries dent\u00e1rias. Ao mesmo tempo, o xilitol tamb\u00e9m pode fornecer um sabor fresco, melhorar o ambiente oral e cuidar da sa\u00fade bucal.<\/p>\n\n\n\n<h2 class=\"wp-block-heading\">Cen\u00e1rios aplic\u00e1veis ao creme dental com xilitol<\/h2>\n\n\n\n<p>O creme dental com xilitol \u00e9 adequado para cuidados bucais di\u00e1rios, especialmente nas seguintes situa\u00e7\u00f5es: ap\u00f3s acordar de manh\u00e3, ajuda a remover o odor bucal e a restaurar o h\u00e1lito fresco; ap\u00f3s as refei\u00e7\u00f5es, limpa eficazmente os restos de comida e protege os dentes; antes de dormir, proporciona uma noite inteira de prote\u00e7\u00e3o aos dentes e previne c\u00e1ries noturnas.<\/p>\n\n\n\n<h2 class=\"wp-block-heading\">Para quem \u00e9 indicado o creme dental com xilitol?<\/h2>\n\n\n\n<p>O creme dental com xilitol \u00e9 adequado para uma ampla variedade de pessoas, sendo especialmente recomendado para os seguintes consumidores: <\/p>\n\n\n\n<p>1. crian\u00e7as, adolescentes e adultos, para prevenir c\u00e1ries e manter a sa\u00fade bucal; <\/p>\n\n\n\n<p>2. Pacientes diab\u00e9ticos, devido ao alto risco de doen\u00e7a periodontal, precisam ter aten\u00e7\u00e3o especial aos cuidados com a sa\u00fade bucal; <\/p>\n\n\n\n<p>3. sensibilidade oral, precisa ser limpa suavemente; <\/p>\n\n\n\n<p>4. Assim como os consumidores de pasta de dente doce, a pasta de dente com xilitol pode n\u00e3o apenas satisfazer o paladar, mas tamb\u00e9m proteger os dentes.<\/p>\n\n\n\n<h2 class=\"wp-block-heading\">Processo de produ\u00e7\u00e3o de pasta de dente com xilitol<\/h2>\n\n\n\n<p>Como um fabricante confi\u00e1vel de pasta de dente com xilitol, adotamos o seguinte processo de produ\u00e7\u00e3o especial: <\/p>\n\n\n\n<p>1. triagem rigorosa de mat\u00e9rias-primas de xilitol para garantir sua pureza e qualidade; <\/p>\n\n\n\n<p>2. controle preciso da quantidade de xilitol adicionada para garantir que o produto seja seguro e eficaz; <\/p>\n\n\n\n<p>3. o uso de tecnologia de moagem de baixa temperatura para liberar totalmente a atividade do xilitol; <\/p>\n\n\n\n<p>4. envase ass\u00e9ptico para garantir que o produto seja seguro e higi\u00eanico; <\/p>\n\n\n\n<p>5. Como um fabricante confi\u00e1vel de creme dental com xilitol, todo o processo de controle de qualidade garante que cada creme dental atenda aos padr\u00f5es nacionais.<\/p>","protected":false},"excerpt":{"rendered":"Xylitol toothpaste manufacturing common formulas Xylitol, the core ingredient of Xylitol toothpaste, is a natural sweetener with anti-cavity properties. Xylitol can inhibit the growth of caries-causing bacteria in the oral cavity and reduce the formation of plaque, thus reducing the incidence of tooth decay. At the same time, xylitol can also provide a fresh taste, [&hellip;]","protected":false},"featured_media":616,"menu_order":0,"template":"","meta":[],"product-tag":[],"products":[71],"class_list":["post-594","product","type-product","status-publish","has-post-thumbnail","hentry","products-toothpaste"],"acf":[],"_links":{"self":[{"href":"https:\/\/www.ruiqigo.com\/pt_pt\/wp-json\/wp\/v2\/product\/594","targetHints":{"allow":["GET"]}}],"collection":[{"href":"https:\/\/www.ruiqigo.com\/pt_pt\/wp-json\/wp\/v2\/product"}],"about":[{"href":"https:\/\/www.ruiqigo.com\/pt_pt\/wp-json\/wp\/v2\/types\/product"}],"version-history":[{"count":0,"href":"https:\/\/www.ruiqigo.com\/pt_pt\/wp-json\/wp\/v2\/product\/594\/revisions"}],"wp:featuredmedia":[{"embeddable":true,"href":"https:\/\/www.ruiqigo.com\/pt_pt\/wp-json\/wp\/v2\/media\/616"}],"wp:attachment":[{"href":"https:\/\/www.ruiqigo.com\/pt_pt\/wp-json\/wp\/v2\/media?parent=594"}],"wp:term":[{"taxonomy":"product-tag","embeddable":true,"href":"https:\/\/www.ruiqigo.com\/pt_pt\/wp-json\/wp\/v2\/product-tag?post=594"},{"taxonomy":"products","embeddable":true,"href":"https:\/\/www.ruiqigo.com\/pt_pt\/wp-json\/wp\/v2\/products?post=594"}],"curies":[{"name":"wp","href":"https:\/\/api.w.org\/{rel}","templated":true}]}}