{"id":606,"date":"2024-07-24T16:29:40","date_gmt":"2024-07-24T08:29:40","guid":{"rendered":"https:\/\/ruiqigo.com\/?post_type=product&#038;p=606"},"modified":"2024-11-01T10:36:30","modified_gmt":"2024-11-01T02:36:30","slug":"charcoal-toothpaste","status":"publish","type":"product","link":"https:\/\/www.ruiqigo.com\/pt_pt\/product\/charcoal-toothpaste","title":{"rendered":"Pasta de dentes de carv\u00e3o"},"content":{"rendered":"<h2 class=\"wp-block-heading\">F\u00f3rmulas comuns para fabrica\u00e7\u00e3o de pasta de dente com carv\u00e3o<\/h2>\n\n\n\n<p>O ingrediente principal do creme dental de carv\u00e3o \u00e9 o carv\u00e3o natural, cuja estrutura porosa d\u00e1 ao produto excelente capacidade de adsor\u00e7\u00e3o, que pode adsorver efetivamente pigmentos, impurezas e odores na boca. O Polietilenoglicol-400 tem um bom efeito lubrificante, o que torna o creme dental mais f\u00e1cil de espalhar durante a escova\u00e7\u00e3o e aumenta o efeito de limpeza. A glicerina tem uma fun\u00e7\u00e3o hidratante e pode formar uma pel\u00edcula protetora durante a escova\u00e7\u00e3o para evitar sensibilidade dent\u00e1ria e ressecamento oral.<\/p>\n\n\n\n<h2 class=\"wp-block-heading\">Cen\u00e1rios aplic\u00e1veis \u00e0 pasta de dentes de carv\u00e3o<\/h2>\n\n\n\n<p>O creme dental com carv\u00e3o \u00e9 adequado para cuidados bucais di\u00e1rios, especialmente nas seguintes situa\u00e7\u00f5es: ap\u00f3s acordar de manh\u00e3, ajuda a remover o odor bucal e a restaurar o h\u00e1lito fresco; ap\u00f3s as refei\u00e7\u00f5es, limpa eficazmente os restos de comida e protege os dentes; ap\u00f3s ficar acordado at\u00e9 tarde, fumar e beber, melhora rapidamente o ambiente bucal e reduz o desconforto bucal.<\/p>\n\n\n\n<h2 class=\"wp-block-heading\">Para quem \u00e9 indicado o creme dental com carv\u00e3o?<\/h2>\n\n\n\n<p>O creme dental com carv\u00e3o \u00e9 adequado para uma ampla variedade de pessoas, sendo especialmente recomendado para os seguintes consumidores: <\/p>\n\n\n\n<p>1. pessoas com mau h\u00e1lito, como fumantes, pessoas que costumam ficar acordadas at\u00e9 tarde; <\/p>\n\n\n\n<p>2. pessoas com pigmenta\u00e7\u00e3o dent\u00e1ria, que necessitam de limpeza profunda; <\/p>\n\n\n\n<p>3. crian\u00e7as e adolescentes, para cultivar bons h\u00e1bitos de higiene bucal; <\/p>\n\n\n\n<p>4. ambientalistas, a busca por produtos naturais e inofensivos para cuidados bucais.<\/p>\n\n\n\n<h2 class=\"wp-block-heading\">Processo de produ\u00e7\u00e3o de pasta de dentes de carv\u00e3o<\/h2>\n\n\n\n<p>Como um digno fabricante de pasta de dente de carv\u00e3o, adotamos o seguinte processo de produ\u00e7\u00e3o especial: <\/p>\n\n\n\n<p>1. triagem rigorosa do carv\u00e3o natural para garantir sua pureza e propriedades de adsor\u00e7\u00e3o; <\/p>\n\n\n\n<p>2. dosagem precisa, para que os ingredientes ativos desempenhem plenamente suas fun\u00e7\u00f5es para obter o melhor efeito de limpeza; <\/p>\n\n\n\n<p>3. tecnologia de moagem de baixa temperatura, para liberar totalmente a capacidade de adsor\u00e7\u00e3o do carv\u00e3o; <\/p>\n\n\n\n<p>4. envase ass\u00e9ptico, para garantir que o produto seja seguro e higi\u00eanico; <\/p>\n\n\n\n<p>5. como um fabricante l\u00edder de pasta de dentes de carv\u00e3o, todo o processo de controle de qualidade, para garantir que cada pasta de dentes atenda aos padr\u00f5es nacionais. Cumpra com o padr\u00e3o nacional.<\/p>","protected":false},"excerpt":{"rendered":"Charcoal toothpaste manufacturing common formulas The core ingredient of charcoal toothpaste is natural charcoal, whose porous structure gives the product excellent adsorption ability, which can effectively adsorb pigments, impurities and odors in the mouth. Polyethylene Glycol-400 has a good lubricating effect, which makes the toothpaste easier to spread when brushing and enhances the cleaning effect. [&hellip;]","protected":false},"featured_media":607,"menu_order":0,"template":"","meta":[],"product-tag":[],"products":[71],"class_list":["post-606","product","type-product","status-publish","has-post-thumbnail","hentry","products-toothpaste"],"acf":[],"_links":{"self":[{"href":"https:\/\/www.ruiqigo.com\/pt_pt\/wp-json\/wp\/v2\/product\/606","targetHints":{"allow":["GET"]}}],"collection":[{"href":"https:\/\/www.ruiqigo.com\/pt_pt\/wp-json\/wp\/v2\/product"}],"about":[{"href":"https:\/\/www.ruiqigo.com\/pt_pt\/wp-json\/wp\/v2\/types\/product"}],"version-history":[{"count":0,"href":"https:\/\/www.ruiqigo.com\/pt_pt\/wp-json\/wp\/v2\/product\/606\/revisions"}],"wp:featuredmedia":[{"embeddable":true,"href":"https:\/\/www.ruiqigo.com\/pt_pt\/wp-json\/wp\/v2\/media\/607"}],"wp:attachment":[{"href":"https:\/\/www.ruiqigo.com\/pt_pt\/wp-json\/wp\/v2\/media?parent=606"}],"wp:term":[{"taxonomy":"product-tag","embeddable":true,"href":"https:\/\/www.ruiqigo.com\/pt_pt\/wp-json\/wp\/v2\/product-tag?post=606"},{"taxonomy":"products","embeddable":true,"href":"https:\/\/www.ruiqigo.com\/pt_pt\/wp-json\/wp\/v2\/products?post=606"}],"curies":[{"name":"wp","href":"https:\/\/api.w.org\/{rel}","templated":true}]}}