{"id":615,"date":"2024-07-24T16:52:04","date_gmt":"2024-07-24T08:52:04","guid":{"rendered":"https:\/\/ruiqigo.com\/?post_type=product&#038;p=615"},"modified":"2024-11-01T10:33:36","modified_gmt":"2024-11-01T02:33:36","slug":"baking-soda-toothpaste","status":"publish","type":"product","link":"https:\/\/www.ruiqigo.com\/pt_pt\/product\/baking-soda-toothpaste","title":{"rendered":"Pasta de dente de bicarbonato de s\u00f3dio"},"content":{"rendered":"<h2 class=\"wp-block-heading\">F\u00f3rmulas comuns para fabrica\u00e7\u00e3o de pasta de dente com bicarbonato de s\u00f3dio<\/h2>\n\n\n\n<p>O ingrediente principal do creme dental de bicarbonato de s\u00f3dio, o bicarbonato de s\u00f3dio, comumente conhecido como bicarbonato de s\u00f3dio, tem um leve efeito abrasivo, que remove efetivamente manchas e placas da superf\u00edcie dos dentes. O bicarbonato de s\u00f3dio tamb\u00e9m pode neutralizar \u00e1cidos orais e melhorar o ambiente oral, ajudando a prevenir c\u00e1ries e doen\u00e7as periodontais. Al\u00e9m disso, o bicarbonato de s\u00f3dio \u00e9 inofensivo ao corpo humano e adequado para uso a longo prazo.<\/p>\n\n\n\n<h2 class=\"wp-block-heading\">Cen\u00e1rios aplic\u00e1veis \u00e0 pasta de dentes com bicarbonato de s\u00f3dio<\/h2>\n\n\n\n<p>O creme dental com bicarbonato de s\u00f3dio \u00e9 adequado para uma variedade de cen\u00e1rios, especialmente nas seguintes ocasi\u00f5es: depois de acordar de manh\u00e3, ajuda a remover o odor bucal e a restaurar o h\u00e1lito fresco; ap\u00f3s as refei\u00e7\u00f5es, limpa efetivamente os restos de comida e protege os dentes; depois de ficar acordado a noite toda fumando, reduz o odor bucal e cuida da sa\u00fade bucal.<\/p>\n\n\n\n<h2 class=\"wp-block-heading\">Para quem \u00e9 indicado o creme dental com bicarbonato de s\u00f3dio?<\/h2>\n\n\n\n<p>O creme dental com bicarbonato de s\u00f3dio \u00e9 adequado para uma ampla variedade de pessoas, sendo especialmente recomendado para os seguintes consumidores: <\/p>\n\n\n\n<p>1. Pessoas com manchas na superf\u00edcie dos dentes, necessidade de descontamina\u00e7\u00e3o suave; <\/p>\n\n\n\n<p>2. pessoas com alta acidez oral, necessidade de melhorar o ambiente oral; <\/p>\n\n\n\n<p>3. idosos, a necessidade de limpeza suave dos dentes, a preven\u00e7\u00e3o da doen\u00e7a periodontal; <\/p>\n\n\n\n<p>4. crian\u00e7as e adolescentes, para cultivar bons h\u00e1bitos de higiene bucal.<\/p>\n\n\n\n<h2 class=\"wp-block-heading\">Processo de produ\u00e7\u00e3o de pasta de dente de bicarbonato de s\u00f3dio<\/h2>\n\n\n\n<p>Como um fabricante confi\u00e1vel de pasta de dente de bicarbonato de s\u00f3dio, adotamos o seguinte processo de produ\u00e7\u00e3o especial: <\/p>\n\n\n\n<p>1. triagem rigorosa de mat\u00e9rias-primas de bicarbonato de s\u00f3dio para garantir sua pureza e qualidade; <\/p>\n\n\n\n<p>2. controle preciso da quantidade de bicarbonato de s\u00f3dio adicionado para garantir que o produto seja suave e com efeito de descontamina\u00e7\u00e3o; <\/p>\n\n\n\n<p>3. A tecnologia de moagem de baixa temperatura \u00e9 usada para liberar totalmente a atividade do bicarbonato de s\u00f3dio; <\/p>\n\n\n\n<p>4. envase ass\u00e9ptico, para garantir que o produto seja seguro e higi\u00eanico; <\/p>\n\n\n\n<p>5. todo o processo de controle de qualidade, para garantir que cada pasta de dente atenda aos padr\u00f5es nacionais. Como um fabricante l\u00edder de pasta de dente de bicarbonato de s\u00f3dio, cada pasta de dente est\u00e1 em conformidade com o padr\u00e3o nacional.<\/p>","protected":false},"excerpt":{"rendered":"Baking soda toothpaste manufacturing common formulas The core ingredient of baking soda toothpaste, sodium bicarbonate, commonly known as baking soda, has a slight abrasive effect, which effectively removes stains and plaque from the surface of teeth. Sodium bicarbonate can also neutralize oral acids and improve the oral environment, helping to prevent tooth decay and periodontal [&hellip;]","protected":false},"featured_media":620,"menu_order":0,"template":"","meta":[],"product-tag":[],"products":[71],"class_list":["post-615","product","type-product","status-publish","has-post-thumbnail","hentry","products-toothpaste"],"acf":[],"_links":{"self":[{"href":"https:\/\/www.ruiqigo.com\/pt_pt\/wp-json\/wp\/v2\/product\/615","targetHints":{"allow":["GET"]}}],"collection":[{"href":"https:\/\/www.ruiqigo.com\/pt_pt\/wp-json\/wp\/v2\/product"}],"about":[{"href":"https:\/\/www.ruiqigo.com\/pt_pt\/wp-json\/wp\/v2\/types\/product"}],"version-history":[{"count":0,"href":"https:\/\/www.ruiqigo.com\/pt_pt\/wp-json\/wp\/v2\/product\/615\/revisions"}],"wp:featuredmedia":[{"embeddable":true,"href":"https:\/\/www.ruiqigo.com\/pt_pt\/wp-json\/wp\/v2\/media\/620"}],"wp:attachment":[{"href":"https:\/\/www.ruiqigo.com\/pt_pt\/wp-json\/wp\/v2\/media?parent=615"}],"wp:term":[{"taxonomy":"product-tag","embeddable":true,"href":"https:\/\/www.ruiqigo.com\/pt_pt\/wp-json\/wp\/v2\/product-tag?post=615"},{"taxonomy":"products","embeddable":true,"href":"https:\/\/www.ruiqigo.com\/pt_pt\/wp-json\/wp\/v2\/products?post=615"}],"curies":[{"name":"wp","href":"https:\/\/api.w.org\/{rel}","templated":true}]}}