{"id":630,"date":"2024-07-24T17:29:38","date_gmt":"2024-07-24T09:29:38","guid":{"rendered":"https:\/\/ruiqigo.com\/?post_type=product&#038;p=630"},"modified":"2024-11-01T10:33:12","modified_gmt":"2024-11-01T02:33:12","slug":"tea-tree-oil-toothpaste","status":"publish","type":"product","link":"https:\/\/www.ruiqigo.com\/pt_pt\/product\/tea-tree-oil-toothpaste","title":{"rendered":"Pasta de dente com \u00f3leo de melaleuca"},"content":{"rendered":"<h2 class=\"wp-block-heading\">F\u00f3rmulas comuns na fabrica\u00e7\u00e3o de pasta de dente com \u00f3leo de melaleuca<\/h2>\n\n\n\n<p>O ingrediente principal do creme dental com \u00f3leo de melaleuca, o extrato de semente de Camellia Sinensis, \u00e9 um \u00f3leo natural extra\u00eddo das sementes de Camellia Sinensis, que possui efeitos anti-inflamat\u00f3rios e antibacterianos. O extrato de semente de ch\u00e1 pode inibir eficazmente o crescimento de bact\u00e9rias nocivas na cavidade oral, reduzindo a forma\u00e7\u00e3o de placa bacteriana e, assim, a incid\u00eancia de c\u00e1ries. Al\u00e9m disso, o extrato de semente de ch\u00e1 tamb\u00e9m possui uma fragr\u00e2ncia natural, que pode remover eficazmente o odor bucal e melhorar o ambiente bucal.<\/p>\n\n\n\n<h2 class=\"wp-block-heading\">Cen\u00e1rios aplic\u00e1veis \u00e0 pasta de dentes com \u00f3leo da \u00e1rvore do ch\u00e1<\/h2>\n\n\n\n<p>O creme dental com \u00f3leo da \u00e1rvore do ch\u00e1 \u00e9 adequado para uma variedade de cen\u00e1rios, especialmente nas seguintes ocasi\u00f5es: ap\u00f3s acordar de manh\u00e3, para ajudar a remover o odor bucal e restaurar o h\u00e1lito fresco; ap\u00f3s as refei\u00e7\u00f5es, para limpar efetivamente os restos de comida e proteger os dentes; ap\u00f3s ficar acordado a noite toda, fumando, para aliviar o odor bucal e cuidar da sa\u00fade bucal.<\/p>\n\n\n\n<h2 class=\"wp-block-heading\">Para quem \u00e9 indicado o creme dental com \u00f3leo da \u00e1rvore do ch\u00e1?<\/h2>\n\n\n\n<p>O creme dental com \u00f3leo de melaleuca \u00e9 adequado para uma ampla variedade de pessoas, sendo especialmente recomendado para os seguintes consumidores: <\/p>\n\n\n\n<p>1. Pessoas incomodadas com o odor bucal, como fumantes, costumam ficar acordadas at\u00e9 tarde; <\/p>\n\n\n\n<p>2. Pessoas com dentes sens\u00edveis precisam limpar suavemente a multid\u00e3o; <\/p>\n\n\n\n<p>3. Pacientes diab\u00e9ticos, devido ao alto risco de doen\u00e7a periodontal, precisam ter aten\u00e7\u00e3o especial aos cuidados bucais; <\/p>\n\n\n\n<p>4. gostaria de experimentar um novo tipo de produto de cuidado bucal para os consumidores, para aproveitar a sa\u00fade bucal proporcionada pelo \u00f3leo da \u00e1rvore do ch\u00e1.<\/p>\n\n\n\n<h2 class=\"wp-block-heading\">Processo de produ\u00e7\u00e3o de pasta de dente com \u00f3leo de melaleuca<\/h2>\n\n\n\n<p>Como fabricantes de pasta de dente de \u00f3leo de melaleuca de qualidade, usamos o seguinte processo de produ\u00e7\u00e3o especial: <\/p>\n\n\n\n<p>1. triagem rigorosa de mat\u00e9rias-primas do extrato de semente de Camellia sinensis para garantir sua pureza e qualidade; <\/p>\n\n\n\n<p>2. controle preciso da quantidade de extrato de semente de Camellia sinensis adicionado para garantir que o produto seja seguro e eficaz; <\/p>\n\n\n\n<p>3. A tecnologia de moagem em baixa temperatura \u00e9 usada para liberar totalmente a atividade do extrato de semente de Camellia sinensis; <\/p>\n\n\n\n<p>4. envase ass\u00e9ptico para garantir que o produto seja seguro e higi\u00eanico;<\/p>\n\n\n\n<p>5. Todo o processo de controle de qualidade garante que cada pasta de dente atenda aos padr\u00f5es nacionais. Como fabricante de pasta de dente de \u00f3leo de melaleuca de alta qualidade, cada pasta de dente atende aos padr\u00f5es nacionais.<\/p>","protected":false},"excerpt":{"rendered":"Tea tree oil toothpaste manufacturing common formulas The core ingredient of Tea Tree Oil Toothpaste, Camellia Sinensis Seed Extract, is a natural oil extracted from Camellia Sinensis seeds, which has anti-inflammatory and antibacterial effects. Oil tea seed extract can effectively inhibit the growth of harmful bacteria in the oral cavity, reduce the formation of plaque, [&hellip;]","protected":false},"featured_media":631,"menu_order":0,"template":"","meta":[],"product-tag":[],"products":[71],"class_list":["post-630","product","type-product","status-publish","has-post-thumbnail","hentry","products-toothpaste"],"acf":[],"_links":{"self":[{"href":"https:\/\/www.ruiqigo.com\/pt_pt\/wp-json\/wp\/v2\/product\/630","targetHints":{"allow":["GET"]}}],"collection":[{"href":"https:\/\/www.ruiqigo.com\/pt_pt\/wp-json\/wp\/v2\/product"}],"about":[{"href":"https:\/\/www.ruiqigo.com\/pt_pt\/wp-json\/wp\/v2\/types\/product"}],"version-history":[{"count":0,"href":"https:\/\/www.ruiqigo.com\/pt_pt\/wp-json\/wp\/v2\/product\/630\/revisions"}],"wp:featuredmedia":[{"embeddable":true,"href":"https:\/\/www.ruiqigo.com\/pt_pt\/wp-json\/wp\/v2\/media\/631"}],"wp:attachment":[{"href":"https:\/\/www.ruiqigo.com\/pt_pt\/wp-json\/wp\/v2\/media?parent=630"}],"wp:term":[{"taxonomy":"product-tag","embeddable":true,"href":"https:\/\/www.ruiqigo.com\/pt_pt\/wp-json\/wp\/v2\/product-tag?post=630"},{"taxonomy":"products","embeddable":true,"href":"https:\/\/www.ruiqigo.com\/pt_pt\/wp-json\/wp\/v2\/products?post=630"}],"curies":[{"name":"wp","href":"https:\/\/api.w.org\/{rel}","templated":true}]}}