{"id":635,"date":"2024-07-25T15:47:07","date_gmt":"2024-07-25T07:47:07","guid":{"rendered":"https:\/\/ruiqigo.com\/?post_type=product&#038;p=635"},"modified":"2025-09-03T15:22:48","modified_gmt":"2025-09-03T07:22:48","slug":"fluoride-mouthwash","status":"publish","type":"product","link":"https:\/\/www.ruiqigo.com\/pt_pt\/product\/fluoride-mouthwash","title":{"rendered":"Enxaguante bucal com fl\u00faor"},"content":{"rendered":"<h2 class=\"wp-block-heading\">F\u00f3rmulas comuns<\/h2>\n\n\n\n<p><strong>Monofluorofosfato de s\u00f3dio<\/strong>O ingrediente principal do enxaguante bucal com fl\u00faor \u00e9 um tipo de fl\u00faor amplamente utilizado em produtos de higiene bucal, que pode efetivamente aumentar a capacidade anti\u00e1cida do esmalte dent\u00e1rio e reduzir a incid\u00eancia de c\u00e1ries. O teor de fl\u00faor 0,02% est\u00e1 em conformidade com os padr\u00f5es nacionais e internacionais, o que pode desempenhar um papel importante no fl\u00faor, al\u00e9m de garantir a seguran\u00e7a do uso. Al\u00e9m disso, o monofluorofosfato de s\u00f3dio tamb\u00e9m pode promover a remineraliza\u00e7\u00e3o dent\u00e1ria e reparar c\u00e1ries precoces.<\/p>\n\n\n\n<h2 class=\"wp-block-heading\">Cen\u00e1rios aplic\u00e1veis<\/h2>\n\n\n\n<p>O enxaguante bucal com fl\u00faor \u00e9 adequado para uma variedade de cen\u00e1rios, especialmente para as seguintes ocasi\u00f5es: <\/p>\n\n\n\n<p>1. ap\u00f3s as refei\u00e7\u00f5es, limpeza eficaz de restos de alimentos e prote\u00e7\u00e3o dos dentes; <\/p>\n\n\n\n<p>2. depois de ficar acordado a noite toda fumando, para reduzir o gosto ruim da boca e cuidar da sa\u00fade dos dentes; <\/p>\n\n\n\n<p>3. em ocasi\u00f5es especiais, como casamentos, entrevistas, etc., para manter o h\u00e1lito fresco; <\/p>\n\n\n\n<p>4. ap\u00f3s o tratamento de doen\u00e7as bucais, para auxiliar na limpeza da cavidade oral.<\/p>\n\n\n\n<h2 class=\"wp-block-heading\">Para quem \u00e9 indicado o enxaguante bucal com fl\u00faor<\/h2>\n\n\n\n<p>Os enxaguat\u00f3rios bucais com fl\u00faor s\u00e3o adequados para uma ampla variedade de pessoas, sendo especialmente recomendados para os seguintes consumidores: <\/p>\n\n\n\n<p>1. crian\u00e7as, adolescentes e adultos para prevenir c\u00e1ries e manter a sa\u00fade bucal; <\/p>\n\n\n\n<p>2. pessoas com dentes sens\u00edveis que precisam aumentar a dureza do esmalte; <\/p>\n\n\n\n<p>3. pacientes diab\u00e9ticos que apresentam alto risco de doen\u00e7a periodontal e precisam de aten\u00e7\u00e3o especial aos cuidados com a sa\u00fade bucal; <\/p>\n\n\n\n<p>4. Consumidores que gostam de experimentar novos produtos para a sa\u00fade bucal aproveitam os benef\u00edcios do enxaguante bucal com fl\u00faor. A sa\u00fade bucal proporcionada pelo enxaguante bucal com fl\u00faor.<\/p>\n\n\n\n<h2 class=\"wp-block-heading\">Processo de produ\u00e7\u00e3o<\/h2>\n\n\n\n<p>Para garantir a qualidade do enxaguante bucal com fl\u00faor, adotamos o seguinte processo especial de produ\u00e7\u00e3o: <\/p>\n\n\n\n<p>1. triagem rigorosa de mat\u00e9rias-primas de monofluorofosfato de s\u00f3dio para garantir sua pureza e qualidade; <\/p>\n\n\n\n<p>2. controle preciso da quantidade de monofluorofosfato de s\u00f3dio adicionado para garantir a seguran\u00e7a e efic\u00e1cia do produto; <\/p>\n\n\n\n<p>3. A tecnologia de mistura de baixa temperatura \u00e9 usada para liberar a atividade do monofluorofosfato de s\u00f3dio em toda a extens\u00e3o; <\/p>\n\n\n\n<p>4. envase ass\u00e9ptico, para garantir que o produto seja seguro e higi\u00eanico; <\/p>\n\n\n\n<p>5. Controle de qualidade completo para garantir que cada frasco de enxaguante bucal com fl\u00faor seja seguro e higi\u00eanico. Controle de qualidade para garantir que cada frasco de enxaguante bucal com fl\u00faor atenda aos padr\u00f5es nacionais. <\/p>\n\n\n\n<p>Por meio do processo acima, oferecemos a voc\u00ea um produto de cuidado bucal confi\u00e1vel e de alta qualidade.<\/p>","protected":false},"excerpt":{"rendered":"Common Formulas Sodium Monofluorophosphate, the core ingredient of Fluoride Mouthwash, is a kind of fluoride widely used in oral care products, which can effectively enhance the anti-acid ability of tooth enamel and reduce the incidence of tooth decay.0.02% fluorine content is in line with national and international standards, which can play a role in the [&hellip;]","protected":false},"featured_media":667,"menu_order":0,"template":"","meta":[],"product-tag":[201,206,207,208,212,213,214,216],"products":[72],"class_list":["post-635","product","type-product","status-publish","has-post-thumbnail","hentry","product-tag-mouthwash-manufacturer","product-tag-mouthwash-companies","product-tag-mouthwash-factory","product-tag-mouthwash-suppliers","product-tag-mouthwash-contract-manufacturer","product-tag-antiseptic-mouthwashes-manufacturer","product-tag-mouthwash-manufacturers-usa","product-tag-private-label-mouthwash-manufacturers","products-mouthwash"],"acf":[],"_links":{"self":[{"href":"https:\/\/www.ruiqigo.com\/pt_pt\/wp-json\/wp\/v2\/product\/635","targetHints":{"allow":["GET"]}}],"collection":[{"href":"https:\/\/www.ruiqigo.com\/pt_pt\/wp-json\/wp\/v2\/product"}],"about":[{"href":"https:\/\/www.ruiqigo.com\/pt_pt\/wp-json\/wp\/v2\/types\/product"}],"version-history":[{"count":0,"href":"https:\/\/www.ruiqigo.com\/pt_pt\/wp-json\/wp\/v2\/product\/635\/revisions"}],"wp:featuredmedia":[{"embeddable":true,"href":"https:\/\/www.ruiqigo.com\/pt_pt\/wp-json\/wp\/v2\/media\/667"}],"wp:attachment":[{"href":"https:\/\/www.ruiqigo.com\/pt_pt\/wp-json\/wp\/v2\/media?parent=635"}],"wp:term":[{"taxonomy":"product-tag","embeddable":true,"href":"https:\/\/www.ruiqigo.com\/pt_pt\/wp-json\/wp\/v2\/product-tag?post=635"},{"taxonomy":"products","embeddable":true,"href":"https:\/\/www.ruiqigo.com\/pt_pt\/wp-json\/wp\/v2\/products?post=635"}],"curies":[{"name":"wp","href":"https:\/\/api.w.org\/{rel}","templated":true}]}}