{"id":636,"date":"2024-07-24T18:01:18","date_gmt":"2024-07-24T10:01:18","guid":{"rendered":"https:\/\/ruiqigo.com\/?post_type=product&#038;p=636"},"modified":"2024-11-01T14:21:18","modified_gmt":"2024-11-01T06:21:18","slug":"floss-with-stick","status":"publish","type":"product","link":"https:\/\/www.ruiqigo.com\/pt_pt\/product\/floss-with-stick","title":{"rendered":"Fio dental com palito"},"content":{"rendered":"<h2 class=\"wp-block-heading\">F\u00f3rmulas comuns de fabrica\u00e7\u00e3o de fio dental com bast\u00e3o<\/h2>\n\n\n\n<p>O ingrediente ativo do Fio Dental com Bast\u00e3o, a fibra UHMWPE, possui caracter\u00edsticas de alta resist\u00eancia e alto atrito, que podem penetrar profundamente nos sulcos dos dentes e remover eficazmente res\u00edduos de alimentos e placa bacteriana. O bast\u00e3o \u00e9 feito de pl\u00e1stico HIPS de grau aliment\u00edcio, com cabo ergon\u00f4mico, o que o torna confort\u00e1vel de segurar e economiza energia. Como fabricante l\u00edder de Fio Dental com Bast\u00e3o, o fator menta\/fruta adicionado pode refrescar o h\u00e1lito e remover res\u00edduos de alimentos.<\/p>\n\n\n\n<h2 class=\"wp-block-heading\">Cen\u00e1rios aplic\u00e1veis ao uso do fio dental com bast\u00e3o<\/h2>\n\n\n\n<p>O fio dental com bast\u00e3o \u00e9 adequado para uma variedade de cen\u00e1rios, especialmente para as seguintes ocasi\u00f5es: <\/p>\n\n\n\n<p>1. Ap\u00f3s as refei\u00e7\u00f5es, limpe eficazmente os res\u00edduos de alimentos e mantenha o h\u00e1lito fresco; <\/p>\n\n\n\n<p>2. durante a ortodontia, limpeza auxiliar de lacuna; <\/p>\n\n\n\n<p>3. ocasi\u00f5es especiais, como casamentos, entrevistas de emprego, etc., para manter o h\u00e1lito fresco; <\/p>\n\n\n\n<p>4. Ap\u00f3s o tratamento da doen\u00e7a bucal, lacuna de limpeza auxiliar.<\/p>\n\n\n\n<h2 class=\"wp-block-heading\">Para quem \u00e9 indicado o uso do fio dental com bast\u00e3o?<\/h2>\n\n\n\n<p>O fio dental com bast\u00e3o \u00e9 adequado para uma ampla variedade de pessoas, sendo especialmente recomendado para os seguintes consumidores: <\/p>\n\n\n\n<p>1. pessoas com alta conscientiza\u00e7\u00e3o sobre higiene bucal; <\/p>\n\n\n\n<p>2. pessoas com necessidades especiais, como ortodontia e implantes dent\u00e1rios; <\/p>\n\n\n\n<p>3. pessoas que precisam manter o h\u00e1lito fresco em ocasi\u00f5es especiais; <\/p>\n\n\n\n<p>4. pessoas que precisam limpar os dentes ap\u00f3s o tratamento de doen\u00e7as bucais.<\/p>\n\n\n\n<h2 class=\"wp-block-heading\">Processo de produ\u00e7\u00e3o de fio dental com bast\u00e3o<\/h2>\n\n\n\n<p>Como fabricantes profissionais de fio dental com bast\u00e3o, adotamos o seguinte processo especial de produ\u00e7\u00e3o: <\/p>\n\n\n\n<p>1. Triagem rigorosa de mat\u00e9rias-primas de fibra de polietileno de ultra-alto peso molecular UHMWPE para garantir sua pureza e qualidade; <\/p>\n\n\n\n<p>2. Controle preciso do processo de tecelagem do fio dental para garantir que o produto n\u00e3o pare e n\u00e3o se desfa\u00e7a; <\/p>\n\n\n\n<p>3. O uso de pl\u00e1sticos de grau aliment\u00edcio HIPS para garantir a seguran\u00e7a do Stick; <\/p>\n\n\n\n<p>4. Envase ass\u00e9ptico para garantir que o produto seja seguro e higi\u00eanico; <\/p>\n\n\n\n<p>5. Controle de qualidade total para garantir que cada fio dental com bast\u00e3o atenda ao padr\u00e3o nacional.<\/p>","protected":false},"excerpt":{"rendered":"Floss with stick manufacturing common formulas The active ingredient in Floss with Stick, UHMWPE fiber, has the characteristics of high strength and high friction, which can penetrate deep into the crevices of the teeth and effectively remove food residues and plaque.Stick is made of HIPS food-grade plastic, with an ergonomic handle, which makes it comfortable [&hellip;]","protected":false},"featured_media":637,"menu_order":0,"template":"","meta":[],"product-tag":[],"products":[74],"class_list":["post-636","product","type-product","status-publish","has-post-thumbnail","hentry","products-floss-stick"],"acf":[],"_links":{"self":[{"href":"https:\/\/www.ruiqigo.com\/pt_pt\/wp-json\/wp\/v2\/product\/636","targetHints":{"allow":["GET"]}}],"collection":[{"href":"https:\/\/www.ruiqigo.com\/pt_pt\/wp-json\/wp\/v2\/product"}],"about":[{"href":"https:\/\/www.ruiqigo.com\/pt_pt\/wp-json\/wp\/v2\/types\/product"}],"version-history":[{"count":0,"href":"https:\/\/www.ruiqigo.com\/pt_pt\/wp-json\/wp\/v2\/product\/636\/revisions"}],"wp:featuredmedia":[{"embeddable":true,"href":"https:\/\/www.ruiqigo.com\/pt_pt\/wp-json\/wp\/v2\/media\/637"}],"wp:attachment":[{"href":"https:\/\/www.ruiqigo.com\/pt_pt\/wp-json\/wp\/v2\/media?parent=636"}],"wp:term":[{"taxonomy":"product-tag","embeddable":true,"href":"https:\/\/www.ruiqigo.com\/pt_pt\/wp-json\/wp\/v2\/product-tag?post=636"},{"taxonomy":"products","embeddable":true,"href":"https:\/\/www.ruiqigo.com\/pt_pt\/wp-json\/wp\/v2\/products?post=636"}],"curies":[{"name":"wp","href":"https:\/\/api.w.org\/{rel}","templated":true}]}}