{"id":641,"date":"2024-07-24T18:09:35","date_gmt":"2024-07-24T10:09:35","guid":{"rendered":"https:\/\/ruiqigo.com\/?post_type=product&#038;p=641"},"modified":"2024-11-01T14:23:37","modified_gmt":"2024-11-01T06:23:37","slug":"biodegradable-floss-sticks","status":"publish","type":"product","link":"https:\/\/www.ruiqigo.com\/pt_pt\/product\/biodegradable-floss-sticks","title":{"rendered":"Fio dental biodegrad\u00e1vel"},"content":{"rendered":"<h2 class=\"wp-block-heading\">F\u00f3rmulas comuns para fabrica\u00e7\u00e3o de fio dental biodegrad\u00e1vel<\/h2>\n\n\n\n<p>O ingrediente ativo dos bast\u00f5es de fio dental biodegrad\u00e1veis, a fibra UHMWPE, possui alta resist\u00eancia e caracter\u00edsticas de alta fric\u00e7\u00e3o, que podem penetrar profundamente nos sulcos dos dentes, removendo eficazmente restos de comida e placa bacteriana. O bast\u00e3o cont\u00e9m amido de milho degrad\u00e1vel (PLA), e o cabo \u00e9 ergonomicamente projetado para torn\u00e1-lo confort\u00e1vel de segurar e economizar esfor\u00e7o no uso. O fator menta\/fruta adicionado pode refrescar o h\u00e1lito e remover res\u00edduos de comida.<\/p>\n\n\n\n<h2 class=\"wp-block-heading\">Cen\u00e1rios aplic\u00e1veis ao fio dental biodegrad\u00e1vel<\/h2>\n\n\n\n<p>Os fios dentais biodegrad\u00e1veis podem ser usados em diversas situa\u00e7\u00f5es, principalmente nas seguintes ocasi\u00f5es: <\/p>\n\n\n\n<p>1. ap\u00f3s as refei\u00e7\u00f5es, para limpar eficazmente os res\u00edduos de alimentos e manter o h\u00e1lito fresco; <\/p>\n\n\n\n<p>2. durante o tratamento ortod\u00f4ntico, para auxiliar na limpeza do espa\u00e7o; <\/p>\n\n\n\n<p>3. ocasi\u00f5es especiais, como casamentos, entrevistas, etc., para manter o h\u00e1lito fresco; <\/p>\n\n\n\n<p>4. ap\u00f3s o tratamento de doen\u00e7as bucais, para auxiliar na limpeza do espa\u00e7o.<\/p>\n\n\n\n<h2 class=\"wp-block-heading\">Para quem \u00e9 indicado o fio dental biodegrad\u00e1vel?<\/h2>\n\n\n\n<p>Os fios dentais biodegrad\u00e1veis s\u00e3o adequados para uma ampla variedade de pessoas, sendo especialmente recomendados para os seguintes consumidores: <\/p>\n\n\n\n<p>1. pessoas com alta conscientiza\u00e7\u00e3o sobre higiene bucal; <\/p>\n\n\n\n<p>2. pessoas especiais, como ortodontistas e implantodontistas; <\/p>\n\n\n\n<p>3. pessoas que precisam manter o h\u00e1lito fresco em ocasi\u00f5es especiais; <\/p>\n\n\n\n<p>4. pessoas que precisam auxiliar na limpeza ap\u00f3s o tratamento de doen\u00e7as bucais.<\/p>\n\n\n\n<h2 class=\"wp-block-heading\">Processo de produ\u00e7\u00e3o de fio dental biodegrad\u00e1vel<\/h2>\n\n\n\n<p>Como um fabricante respeit\u00e1vel de fio dental biodegrad\u00e1vel, adotamos o seguinte processo especial de produ\u00e7\u00e3o: <\/p>\n\n\n\n<p>1. Examine rigorosamente as mat\u00e9rias-primas da fibra de polietileno de ultra-alto peso molecular UHMWPE para garantir sua pureza e qualidade; <\/p>\n\n\n\n<p>2. Controle com precis\u00e3o o processo de tecelagem do fio dental para garantir que o produto n\u00e3o se quebre e n\u00e3o se desfa\u00e7a; <\/p>\n\n\n\n<p>3. Utiliza\u00e7\u00e3o de amido de milho biodegrad\u00e1vel PLA para garantir que os Sticks sejam ecologicamente corretos; <\/p>\n\n\n\n<p>4. O envase ass\u00e9ptico garante que os produtos sejam seguros e higi\u00eanicos; <\/p>\n\n\n\n<p>Como fabricante l\u00edder de fios dentais biodegrad\u00e1veis, todo o processo de controle de qualidade garante que cada fio dental biodegrad\u00e1vel atenda aos padr\u00f5es nacionais.<\/p>\n\n\n\n<p><\/p>","protected":false},"excerpt":{"rendered":"Biodegradable floss stick manufacturing common formulas The active ingredient in Biodegradable Floss Sticks, UHMWPE fiber, has high strength and high friction characteristics, which can penetrate deep into the crevices of the teeth, effectively removing food debris and plaque, while PLA degradable corn starch is made into the Stick, the handle is ergonomically designed to make [&hellip;]","protected":false},"featured_media":642,"menu_order":0,"template":"","meta":[],"product-tag":[],"products":[74],"class_list":["post-641","product","type-product","status-publish","has-post-thumbnail","hentry","products-floss-stick"],"acf":[],"_links":{"self":[{"href":"https:\/\/www.ruiqigo.com\/pt_pt\/wp-json\/wp\/v2\/product\/641","targetHints":{"allow":["GET"]}}],"collection":[{"href":"https:\/\/www.ruiqigo.com\/pt_pt\/wp-json\/wp\/v2\/product"}],"about":[{"href":"https:\/\/www.ruiqigo.com\/pt_pt\/wp-json\/wp\/v2\/types\/product"}],"version-history":[{"count":0,"href":"https:\/\/www.ruiqigo.com\/pt_pt\/wp-json\/wp\/v2\/product\/641\/revisions"}],"wp:featuredmedia":[{"embeddable":true,"href":"https:\/\/www.ruiqigo.com\/pt_pt\/wp-json\/wp\/v2\/media\/642"}],"wp:attachment":[{"href":"https:\/\/www.ruiqigo.com\/pt_pt\/wp-json\/wp\/v2\/media?parent=641"}],"wp:term":[{"taxonomy":"product-tag","embeddable":true,"href":"https:\/\/www.ruiqigo.com\/pt_pt\/wp-json\/wp\/v2\/product-tag?post=641"},{"taxonomy":"products","embeddable":true,"href":"https:\/\/www.ruiqigo.com\/pt_pt\/wp-json\/wp\/v2\/products?post=641"}],"curies":[{"name":"wp","href":"https:\/\/api.w.org\/{rel}","templated":true}]}}