{"id":677,"date":"2024-07-25T16:01:02","date_gmt":"2024-07-25T08:01:02","guid":{"rendered":"https:\/\/ruiqigo.com\/?post_type=product&#038;p=677"},"modified":"2025-09-03T15:22:29","modified_gmt":"2025-09-03T07:22:29","slug":"xylitol-mouthwash","status":"publish","type":"product","link":"https:\/\/www.ruiqigo.com\/pt_pt\/product\/xylitol-mouthwash","title":{"rendered":"Enxaguante bucal com xilitol"},"content":{"rendered":"<h2 class=\"wp-block-heading\">F\u00f3rmulas comuns<\/h2>\n\n\n\n<p>O ingrediente principal do enxaguat\u00f3rio bucal com xilitol,<strong> Xilitol<\/strong>, \u00e9 um ado\u00e7ante natural com propriedades antic\u00e1ries. O xilitol inibe o crescimento de bact\u00e9rias causadoras de c\u00e1ries na boca e reduz a forma\u00e7\u00e3o de placa, reduzindo assim a incid\u00eancia de c\u00e1ries dent\u00e1rias. Al\u00e9m disso, o xilitol pode fornecer um sabor fresco, melhorar o ambiente oral e cuidar da sa\u00fade bucal.<\/p>\n\n\n\n<h2 class=\"wp-block-heading\">Cen\u00e1rios aplic\u00e1veis<\/h2>\n\n\n\n<p>O enxaguat\u00f3rio bucal com xilitol \u00e9 adequado para uma variedade de cen\u00e1rios, especialmente nas seguintes ocasi\u00f5es: <\/p>\n\n\n\n<p>1. ap\u00f3s as refei\u00e7\u00f5es, limpando eficazmente os restos de comida, protegendo os dentes; <\/p>\n\n\n\n<p>2. depois de ficar acordado a noite toda, fumando, para reduzir o gosto ruim da boca e cuidar da sa\u00fade bucal; <\/p>\n\n\n\n<p>3. em ocasi\u00f5es especiais, como casamentos, entrevistas de emprego, etc., para manter o h\u00e1lito fresco; <\/p>\n\n\n\n<p>4. ap\u00f3s o tratamento de doen\u00e7as bucais, para auxiliar na limpeza da cavidade oral.<\/p>\n\n\n\n<h2 class=\"wp-block-heading\">Para quem \u00e9 indicado o enxaguat\u00f3rio bucal com xilitol<\/h2>\n\n\n\n<p>O enxaguante bucal com xilitol \u00e9 adequado para uma ampla variedade de pessoas, sendo especialmente recomendado para os seguintes consumidores: <\/p>\n\n\n\n<p>1. crian\u00e7as, adolescentes e adultos, para prevenir c\u00e1ries e manter a sa\u00fade bucal; <\/p>\n\n\n\n<p>2. pessoas com dentes sens\u00edveis que necessitam de uma limpeza suave; <\/p>\n\n\n\n<p>3. Pacientes diab\u00e9ticos, devido ao alto risco de doen\u00e7a periodontal, precisam ter aten\u00e7\u00e3o especial aos cuidados com a sa\u00fade bucal; <\/p>\n\n\n\n<p>4. consumidores que gostam de experimentar novos produtos de sa\u00fade bucal, aproveitem! O enxaguat\u00f3rio bucal com xilitol traz sa\u00fade bucal.<\/p>\n\n\n\n<h2 class=\"wp-block-heading\">Processo de produ\u00e7\u00e3o<\/h2>\n\n\n\n<p>Para garantir a qualidade do enxaguat\u00f3rio bucal com xilitol, adotamos o seguinte processo especial de produ\u00e7\u00e3o: <\/p>\n\n\n\n<p>1. triagem rigorosa de mat\u00e9rias-primas de xilitol para garantir sua pureza e qualidade; <\/p>\n\n\n\n<p>2. controle preciso da quantidade de xilitol adicionada para garantir que o produto seja seguro e eficaz; <\/p>\n\n\n\n<p>3. o uso de tecnologia de mistura de baixa temperatura, a libera\u00e7\u00e3o total da atividade do xilitol; <\/p>\n\n\n\n<p>4. envase ass\u00e9ptico para garantir que o produto seja seguro e higi\u00eanico; <\/p>\n\n\n\n<p>5. todo o processo de controle de qualidade para garantir que cada frasco de Xilitol Mouthwash seja seguro e higi\u00eanico. Cada frasco de Xilitol Mouthwash atende ao padr\u00e3o nacional. <\/p>\n\n\n\n<p>Por meio do processo acima, oferecemos a voc\u00ea um produto de cuidado bucal confi\u00e1vel e de alta qualidade.<\/p>","protected":false},"excerpt":{"rendered":"Common Formulas Xylitol Mouthwash&#8217;s core ingredient, Xylitol, is a natural sweetener with anti-cavity properties. Xylitol inhibits the growth of caries-causing bacteria in the mouth and reduces the formation of plaque, thus reducing the incidence of tooth decay. In addition, xylitol can provide a fresh taste, improve the oral environment and take care of dental health. [&hellip;]","protected":false},"featured_media":678,"menu_order":0,"template":"","meta":[],"product-tag":[201,206,207,208,212,213,216],"products":[72],"class_list":["post-677","product","type-product","status-publish","has-post-thumbnail","hentry","product-tag-mouthwash-manufacturer","product-tag-mouthwash-companies","product-tag-mouthwash-factory","product-tag-mouthwash-suppliers","product-tag-mouthwash-contract-manufacturer","product-tag-antiseptic-mouthwashes-manufacturer","product-tag-private-label-mouthwash-manufacturers","products-mouthwash"],"acf":[],"_links":{"self":[{"href":"https:\/\/www.ruiqigo.com\/pt_pt\/wp-json\/wp\/v2\/product\/677","targetHints":{"allow":["GET"]}}],"collection":[{"href":"https:\/\/www.ruiqigo.com\/pt_pt\/wp-json\/wp\/v2\/product"}],"about":[{"href":"https:\/\/www.ruiqigo.com\/pt_pt\/wp-json\/wp\/v2\/types\/product"}],"version-history":[{"count":0,"href":"https:\/\/www.ruiqigo.com\/pt_pt\/wp-json\/wp\/v2\/product\/677\/revisions"}],"wp:featuredmedia":[{"embeddable":true,"href":"https:\/\/www.ruiqigo.com\/pt_pt\/wp-json\/wp\/v2\/media\/678"}],"wp:attachment":[{"href":"https:\/\/www.ruiqigo.com\/pt_pt\/wp-json\/wp\/v2\/media?parent=677"}],"wp:term":[{"taxonomy":"product-tag","embeddable":true,"href":"https:\/\/www.ruiqigo.com\/pt_pt\/wp-json\/wp\/v2\/product-tag?post=677"},{"taxonomy":"products","embeddable":true,"href":"https:\/\/www.ruiqigo.com\/pt_pt\/wp-json\/wp\/v2\/products?post=677"}],"curies":[{"name":"wp","href":"https:\/\/api.w.org\/{rel}","templated":true}]}}