{"id":692,"date":"2024-07-25T20:26:42","date_gmt":"2024-07-25T12:26:42","guid":{"rendered":"https:\/\/ruiqigo.com\/?post_type=product&#038;p=692"},"modified":"2025-09-03T15:22:06","modified_gmt":"2025-09-03T07:22:06","slug":"nystatin-mouthwash","status":"publish","type":"product","link":"https:\/\/www.ruiqigo.com\/pt_pt\/product\/nystatin-mouthwash","title":{"rendered":"Enxaguante bucal de nistatina"},"content":{"rendered":"<h2 class=\"wp-block-heading\">F\u00f3rmulas comuns<\/h2>\n\n\n\n<p>O ingrediente principal do enxaguat\u00f3rio bucal com nistatina, <strong>micotoxina<\/strong>, \u00e9 um agente antimicrobiano de amplo espectro que pode inibir efetivamente o crescimento de bact\u00e9rias na boca e prevenir doen\u00e7as orais. \u00c9 inofensivo ao corpo humano e adequado para uso a longo prazo. <\/p>\n\n\n\n<p><strong>\u00d3leo de r\u00edcino hidrogenado PEG-40<\/strong> tem um efeito desinfetante suave, que pode efetivamente remover o odor oral e melhorar o ambiente oral. <\/p>\n\n\n\n<p>Al\u00e9m disso, <strong>morango, laranja, canela, ch\u00e1 verde, menta e outros sabores<\/strong> pode proporcionar um sabor fresco e ajudar a aliviar o desconforto oral.<\/p>\n\n\n\n<h2 class=\"wp-block-heading\">Cen\u00e1rios aplic\u00e1veis<\/h2>\n\n\n\n<p>O enxaguat\u00f3rio bucal com nistatina pode ser usado em diversos cen\u00e1rios, especialmente nas seguintes ocasi\u00f5es: <\/p>\n\n\n\n<p>1. ap\u00f3s as refei\u00e7\u00f5es, para limpar eficazmente os restos de comida e manter o h\u00e1lito fresco; <\/p>\n\n\n\n<p>2. depois de ficar acordado a noite toda fumando, para reduzir o mau h\u00e1lito e cuidar da sa\u00fade dos dentes; <\/p>\n\n\n\n<p>3. em ocasi\u00f5es especiais, como casamentos, entrevistas, etc., para manter o h\u00e1lito fresco; <\/p>\n\n\n\n<p>4. ap\u00f3s o tratamento de doen\u00e7as bucais, para auxiliar na limpeza da cavidade oral.<\/p>\n\n\n\n<h2 class=\"wp-block-heading\">Para quem \u00e9 o enxaguat\u00f3rio bucal com nistatina<\/h2>\n\n\n\n<p>O enxaguat\u00f3rio bucal com nistatina \u00e9 adequado para uma ampla variedade de pessoas, sendo especialmente recomendado para os seguintes consumidores: <\/p>\n\n\n\n<p>1. Pessoas incomodadas com o odor bucal, como fumantes, costumam ficar acordadas at\u00e9 tarde; <\/p>\n\n\n\n<p>2. Pessoas com dentes sens\u00edveis precisam limpar suavemente a multid\u00e3o; <\/p>\n\n\n\n<p>3. Pacientes diab\u00e9ticos, devido ao alto risco de doen\u00e7a periodontal, precisam ter aten\u00e7\u00e3o especial aos cuidados bucais; <\/p>\n\n\n\n<p>4. gostaria de experimentar um novo tipo de produtos de cuidados orais para os consumidores aproveitarem! Nystatin Mouthwash traz sa\u00fade bucal.<\/p>\n\n\n\n<h2 class=\"wp-block-heading\">Processo de produ\u00e7\u00e3o<\/h2>\n\n\n\n<p>Para garantir a qualidade do enxaguat\u00f3rio bucal de nistatina, adotamos o seguinte processo especial de produ\u00e7\u00e3o: <\/p>\n\n\n\n<p>1. Triagem rigorosa de mat\u00e9rias-primas de \u00e1cido micofen\u00f3lico e \u00f3leo de r\u00edcino hidrogenado PEG-40 para garantir sua pureza e qualidade; <\/p>\n\n\n\n<p>2. Controle preciso da quantidade de mat\u00e9ria-prima adicionada para garantir que o produto seja seguro e eficaz; <\/p>\n\n\n\n<p>3. O uso de tecnologia de mistura de baixa temperatura, as mat\u00e9rias-primas para liberar totalmente a atividade do envase ass\u00e9ptico para garantir que o produto seja seguro e higi\u00eanico. <\/p>\n\n\n\n<p>4. Controle de qualidade total para garantir que o produto seja seguro e higi\u00eanico; <\/p>\n\n\n\n<p>5. Todo o processo de controle de qualidade para garantir que cada frasco de enxaguante bucal de nistatina atenda aos padr\u00f5es nacionais. <\/p>\n\n\n\n<p>Por meio do processo acima, oferecemos a voc\u00ea um produto de cuidado bucal confi\u00e1vel e de alta qualidade.<\/p>","protected":false},"excerpt":{"rendered":"Common Formulas The core ingredient of Nystatin Mouthwash, mycotoxin, is a broad-spectrum antimicrobial agent that can effectively inhibit the growth of bacteria in the mouth and prevent oral diseases. It is harmless to human body and suitable for long-term use. PEG-40 hydrogenated castor oil has a mild disinfectant effect, which can effectively remove oral odor [&hellip;]","protected":false},"featured_media":698,"menu_order":0,"template":"","meta":[],"product-tag":[201,206,207,208,212,213,216],"products":[72],"class_list":["post-692","product","type-product","status-publish","has-post-thumbnail","hentry","product-tag-mouthwash-manufacturer","product-tag-mouthwash-companies","product-tag-mouthwash-factory","product-tag-mouthwash-suppliers","product-tag-mouthwash-contract-manufacturer","product-tag-antiseptic-mouthwashes-manufacturer","product-tag-private-label-mouthwash-manufacturers","products-mouthwash"],"acf":[],"_links":{"self":[{"href":"https:\/\/www.ruiqigo.com\/pt_pt\/wp-json\/wp\/v2\/product\/692","targetHints":{"allow":["GET"]}}],"collection":[{"href":"https:\/\/www.ruiqigo.com\/pt_pt\/wp-json\/wp\/v2\/product"}],"about":[{"href":"https:\/\/www.ruiqigo.com\/pt_pt\/wp-json\/wp\/v2\/types\/product"}],"version-history":[{"count":0,"href":"https:\/\/www.ruiqigo.com\/pt_pt\/wp-json\/wp\/v2\/product\/692\/revisions"}],"wp:featuredmedia":[{"embeddable":true,"href":"https:\/\/www.ruiqigo.com\/pt_pt\/wp-json\/wp\/v2\/media\/698"}],"wp:attachment":[{"href":"https:\/\/www.ruiqigo.com\/pt_pt\/wp-json\/wp\/v2\/media?parent=692"}],"wp:term":[{"taxonomy":"product-tag","embeddable":true,"href":"https:\/\/www.ruiqigo.com\/pt_pt\/wp-json\/wp\/v2\/product-tag?post=692"},{"taxonomy":"products","embeddable":true,"href":"https:\/\/www.ruiqigo.com\/pt_pt\/wp-json\/wp\/v2\/products?post=692"}],"curies":[{"name":"wp","href":"https:\/\/api.w.org\/{rel}","templated":true}]}}