{"id":702,"date":"2024-07-25T20:34:12","date_gmt":"2024-07-25T12:34:12","guid":{"rendered":"https:\/\/ruiqigo.com\/?post_type=product&#038;p=702"},"modified":"2025-09-03T15:21:59","modified_gmt":"2025-09-03T07:21:59","slug":"biotin-mouthwash","status":"publish","type":"product","link":"https:\/\/www.ruiqigo.com\/pt_pt\/product\/biotin-mouthwash","title":{"rendered":"Enxaguante bucal com biotina"},"content":{"rendered":"<h2 class=\"wp-block-heading\">F\u00f3rmulas comuns<\/h2>\n\n\n\n<p>O ingrediente principal do enxaguante bucal com biotina, o \u00f3leo de r\u00edcino hidrogenado PEG-40, tem um efeito desinfetante suave, que pode remover efetivamente o odor bucal e melhorar o ambiente bucal. <\/p>\n\n\n\n<p>A biotina \u00e9 um complexo de vitamina B que pode promover o reparo da mucosa oral, melhorar a imunidade oral e prevenir doen\u00e7as bucais. <\/p>\n\n\n\n<p>Al\u00e9m disso, morango, laranja, canela, ch\u00e1 verde, menta e outros sabores podem proporcionar um sabor fresco e ajudar a aliviar o desconforto oral.<\/p>\n\n\n\n<h2 class=\"wp-block-heading\">Cen\u00e1rios aplic\u00e1veis<\/h2>\n\n\n\n<p>O enxaguante bucal com biotina pode ser usado em diversas situa\u00e7\u00f5es, principalmente nas seguintes ocasi\u00f5es: <\/p>\n\n\n\n<p>1. ap\u00f3s as refei\u00e7\u00f5es, para limpar eficazmente os restos de comida e manter o h\u00e1lito fresco; <\/p>\n\n\n\n<p>2. depois de ficar acordado a noite toda fumando, para aliviar o gosto ruim da boca e cuidar da sa\u00fade dos dentes; <\/p>\n\n\n\n<p>3. em ocasi\u00f5es especiais, como casamentos, entrevistas, etc., para manter o h\u00e1lito fresco; <\/p>\n\n\n\n<p>4. ap\u00f3s o tratamento de doen\u00e7as bucais, para auxiliar na limpeza da cavidade oral.<\/p>\n\n\n\n<h2 class=\"wp-block-heading\">Para quem \u00e9 indicado o enxaguat\u00f3rio bucal com biotina<\/h2>\n\n\n\n<p>O enxaguante bucal com biotina \u00e9 adequado para uma ampla variedade de pessoas, sendo especialmente recomendado para os seguintes consumidores: <\/p>\n\n\n\n<p>1. pessoas que se incomodam com o odor bucal, como fumantes, pessoas que costumam ficar acordadas at\u00e9 tarde; <\/p>\n\n\n\n<p>2. pessoas que t\u00eam dentes sens\u00edveis e precisam limp\u00e1-los com cuidado; <\/p>\n\n\n\n<p>3. pessoas com diabetes, que apresentam alto risco de doen\u00e7a periodontal e precisam prestar aten\u00e7\u00e3o especial aos cuidados bucais; <\/p>\n\n\n\n<p>4. consumidores que gostam de experimentar novos produtos de higiene bucal para aproveitar os benef\u00edcios \u00e0 sa\u00fade bucal proporcionados pelo enxaguante bucal com biotina; <\/p>\n\n\n\n<p>5. consumidores que gostam de experimentar novos produtos de cuidados orais para aproveitar os benef\u00edcios da sa\u00fade bucal trazidos pelo Biotin Mouthwash. O enxaguante bucal traz sa\u00fade bucal.<\/p>\n\n\n\n<h2 class=\"wp-block-heading\">Processo de produ\u00e7\u00e3o<\/h2>\n\n\n\n<p>Para garantir a qualidade do enxaguat\u00f3rio bucal com biotina, adotamos o seguinte processo especial de produ\u00e7\u00e3o: <\/p>\n\n\n\n<p>1. Selecionar rigorosamente as mat\u00e9rias-primas do \u00f3leo de r\u00edcino hidrogenado PEG-40 e da biotina para garantir sua pureza e qualidade; <\/p>\n\n\n\n<p>2. Controlar com precis\u00e3o a quantidade de mat\u00e9rias-primas adicionadas para garantir que o produto seja seguro e eficaz; <\/p>\n\n\n\n<p>3. Adote a tecnologia de mistura de baixa temperatura para liberar totalmente a atividade das mat\u00e9rias-primas; <\/p>\n\n\n\n<p>4. Envase ass\u00e9ptico, para garantir que o produto seja seguro e higi\u00eanico; <\/p>\n\n\n\n<p>5. Controle de qualidade total para garantir que cada frasco de Biotin Mouthwash atenda ao padr\u00e3o nacional. Por meio do processo acima, trazemos a voc\u00ea um produto de cuidado bucal confi\u00e1vel e de alta qualidade.<\/p>","protected":false},"excerpt":{"rendered":"Common Formulas Biotin Mouthwash&#8217;s core ingredient, PEG-40 Hydrogenated Castor Oil, has a mild disinfecting effect, which can effectively remove oral odor and improve the oral environment. Biotin is a vitamin B complex, which can promote the repair of oral mucosa, improve oral immunity and prevent oral diseases. In addition, strawberry, orange, cinnamon, green tea, mint [&hellip;]","protected":false},"featured_media":703,"menu_order":0,"template":"","meta":[],"product-tag":[201,206,208,211,212,216],"products":[72],"class_list":["post-702","product","type-product","status-publish","has-post-thumbnail","hentry","product-tag-mouthwash-manufacturer","product-tag-mouthwash-companies","product-tag-mouthwash-suppliers","product-tag-alkaline-mouthwash-manufacturer","product-tag-mouthwash-contract-manufacturer","product-tag-private-label-mouthwash-manufacturers","products-mouthwash"],"acf":[],"_links":{"self":[{"href":"https:\/\/www.ruiqigo.com\/pt_pt\/wp-json\/wp\/v2\/product\/702","targetHints":{"allow":["GET"]}}],"collection":[{"href":"https:\/\/www.ruiqigo.com\/pt_pt\/wp-json\/wp\/v2\/product"}],"about":[{"href":"https:\/\/www.ruiqigo.com\/pt_pt\/wp-json\/wp\/v2\/types\/product"}],"version-history":[{"count":0,"href":"https:\/\/www.ruiqigo.com\/pt_pt\/wp-json\/wp\/v2\/product\/702\/revisions"}],"wp:featuredmedia":[{"embeddable":true,"href":"https:\/\/www.ruiqigo.com\/pt_pt\/wp-json\/wp\/v2\/media\/703"}],"wp:attachment":[{"href":"https:\/\/www.ruiqigo.com\/pt_pt\/wp-json\/wp\/v2\/media?parent=702"}],"wp:term":[{"taxonomy":"product-tag","embeddable":true,"href":"https:\/\/www.ruiqigo.com\/pt_pt\/wp-json\/wp\/v2\/product-tag?post=702"},{"taxonomy":"products","embeddable":true,"href":"https:\/\/www.ruiqigo.com\/pt_pt\/wp-json\/wp\/v2\/products?post=702"}],"curies":[{"name":"wp","href":"https:\/\/api.w.org\/{rel}","templated":true}]}}