{"id":708,"date":"2024-07-25T20:42:48","date_gmt":"2024-07-25T12:42:48","guid":{"rendered":"https:\/\/ruiqigo.com\/?post_type=product&#038;p=708"},"modified":"2024-11-01T14:19:30","modified_gmt":"2024-11-01T06:19:30","slug":"xylitol-breath-spray","status":"publish","type":"product","link":"https:\/\/www.ruiqigo.com\/pt_pt\/product\/xylitol-breath-spray","title":{"rendered":"Spray de h\u00e1lito de xilitol"},"content":{"rendered":"<h2 class=\"wp-block-heading\">F\u00f3rmulas comuns de fabrica\u00e7\u00e3o de spray de xilitol<\/h2>\n\n\n\n<p>O ingrediente principal do Xylitol Breath Spray, xilitol, \u00e9 um ado\u00e7ante natural com propriedades antic\u00e1ries. O xilitol inibe o crescimento de bact\u00e9rias causadoras de c\u00e1ries na boca e reduz a forma\u00e7\u00e3o de placa, reduzindo assim a incid\u00eancia de c\u00e1ries dent\u00e1rias. Al\u00e9m disso, o xilitol pode fornecer um sabor fresco, melhorar o ambiente oral e cuidar da sa\u00fade bucal.<\/p>\n\n\n\n<h2 class=\"wp-block-heading\">Cen\u00e1rios aplic\u00e1veis ao spray respirat\u00f3rio com xilitol<\/h2>\n\n\n\n<p>O spray de xilitol pode ser usado em uma variedade de cen\u00e1rios, especialmente nas seguintes ocasi\u00f5es: <\/p>\n\n\n\n<p>1. Ap\u00f3s as refei\u00e7\u00f5es, limpe eficazmente os restos de comida, mantendo o h\u00e1lito fresco; <\/p>\n\n\n\n<p>2. depois de ficar acordado at\u00e9 tarde, fumar, reduzir o gosto ruim da boca, cuidar da sa\u00fade dos dentes; <\/p>\n\n\n\n<p>3. ocasi\u00f5es especiais, como casamentos, entrevistas de emprego, etc., para manter o h\u00e1lito fresco; <\/p>\n\n\n\n<p>4. ap\u00f3s o tratamento de doen\u00e7as bucais, para auxiliar na limpeza da cavidade oral.<\/p>\n\n\n\n<h2 class=\"wp-block-heading\">Para quem \u00e9 indicado o spray de xilitol?<\/h2>\n\n\n\n<p>O spray de xilitol para h\u00e1lito \u00e9 adequado para uma ampla variedade de pessoas, sendo especialmente recomendado para os seguintes consumidores: <\/p>\n\n\n\n<p>1. pessoas que se incomodam com o odor bucal, como fumantes, pessoas que costumam ficar acordadas at\u00e9 tarde da noite; <\/p>\n\n\n\n<p>2. pessoas que t\u00eam dentes sens\u00edveis e precisam de uma limpeza suave; <\/p>\n\n\n\n<p>3. pacientes diab\u00e9ticos que apresentam alto risco de doen\u00e7a periodontal e precisam de aten\u00e7\u00e3o especial aos cuidados bucais; <\/p>\n\n\n\n<p>4. consumidores que gostam de experimentar novos produtos de cuidados orais para aproveitar os benef\u00edcios do produto. O spray de h\u00e1lito de xilitol traz sa\u00fade bucal.<\/p>\n\n\n\n<h2 class=\"wp-block-heading\">Processo de produ\u00e7\u00e3o de spray de h\u00e1lito de xilitol<\/h2>\n\n\n\n<p>Como um digno fabricante de spray de xilitol, adotamos o seguinte processo de produ\u00e7\u00e3o especial: <\/p>\n\n\n\n<p>1. triagem rigorosa de mat\u00e9rias-primas de xilitol para garantir sua pureza e qualidade; <\/p>\n\n\n\n<p>2. controle preciso da quantidade de xilitol adicionada para garantir a seguran\u00e7a e efic\u00e1cia do produto;<\/p>\n\n\n\n<p>3. o uso de tecnologia de mistura de baixa temperatura, a libera\u00e7\u00e3o total da atividade do xilitol; <\/p>\n\n\n\n<p>4. envase ass\u00e9ptico, para garantir que o produto seja seguro e higi\u00eanico; <\/p>\n\n\n\n<p>5. todo o processo de controle de qualidade. Garanta que cada frasco de Xylitol Breath Spray atenda ao padr\u00e3o nacional.<\/p>\n\n\n\n<p>Por meio do processo acima, como fabricantes profissionais de spray de xilitol, oferecemos a voc\u00ea um produto de cuidado bucal confi\u00e1vel e de alta qualidade.<\/p>","protected":false},"excerpt":{"rendered":"Xylitol breath spray manufacturing common formulas Xylitol Breath Spray&#8217;s core ingredient, xylitol, is a natural sweetener with anti-cavity properties. Xylitol inhibits the growth of caries-causing bacteria in the mouth and reduces the formation of plaque, thus reducing the incidence of tooth decay. In addition, xylitol can provide a fresh taste, improve the oral environment and [&hellip;]","protected":false},"featured_media":713,"menu_order":0,"template":"","meta":[],"product-tag":[],"products":[73],"class_list":["post-708","product","type-product","status-publish","has-post-thumbnail","hentry","products-breath-spray"],"acf":[],"_links":{"self":[{"href":"https:\/\/www.ruiqigo.com\/pt_pt\/wp-json\/wp\/v2\/product\/708","targetHints":{"allow":["GET"]}}],"collection":[{"href":"https:\/\/www.ruiqigo.com\/pt_pt\/wp-json\/wp\/v2\/product"}],"about":[{"href":"https:\/\/www.ruiqigo.com\/pt_pt\/wp-json\/wp\/v2\/types\/product"}],"version-history":[{"count":0,"href":"https:\/\/www.ruiqigo.com\/pt_pt\/wp-json\/wp\/v2\/product\/708\/revisions"}],"wp:featuredmedia":[{"embeddable":true,"href":"https:\/\/www.ruiqigo.com\/pt_pt\/wp-json\/wp\/v2\/media\/713"}],"wp:attachment":[{"href":"https:\/\/www.ruiqigo.com\/pt_pt\/wp-json\/wp\/v2\/media?parent=708"}],"wp:term":[{"taxonomy":"product-tag","embeddable":true,"href":"https:\/\/www.ruiqigo.com\/pt_pt\/wp-json\/wp\/v2\/product-tag?post=708"},{"taxonomy":"products","embeddable":true,"href":"https:\/\/www.ruiqigo.com\/pt_pt\/wp-json\/wp\/v2\/products?post=708"}],"curies":[{"name":"wp","href":"https:\/\/api.w.org\/{rel}","templated":true}]}}