{"id":63,"date":"2024-04-26T00:53:00","date_gmt":"2024-04-25T16:53:00","guid":{"rendered":"https:\/\/ruiqigo.com\/?page_id=63"},"modified":"2024-12-24T10:13:44","modified_gmt":"2024-12-24T02:13:44","slug":"terms-conditions","status":"publish","type":"page","link":"https:\/\/www.ruiqigo.com\/sv\/terms-conditions","title":{"rendered":"Allm\u00e4nna villkor"},"content":{"rendered":"<p>Dessa anv\u00e4ndarvillkor (nedan kallade &quot;Anv\u00e4ndarvillkor&quot;) g\u00e4ller f\u00f6r webbplatserna - www.ruiqigo.com - (sammantaget &quot;3TOP-webbplatsen&quot;), som \u00e4gs och drivs av 3TOP, Inc. (nedan kallat &quot;3TOP&quot;). Dessa anv\u00e4ndarvillkor, tillsammans med v\u00e5r integritetspolicy och cookiepolicy, utg\u00f6r tillsammans ett avtal (nedan kallat &quot;Avtalet&quot;) mellan dig, slutanv\u00e4ndaren och 3TOP.<\/p>\n\n\n\n<p>Din anv\u00e4ndning av 3TOP-webbplatsen \u00e4r villkorad av att du accepterar utan \u00e4ndring av villkoren och meddelanden i detta avtal. Genom att komma \u00e5t, anv\u00e4nda, ladda ner, visa och\/eller installera n\u00e5got Webbplatsinneh\u00e5ll som finns p\u00e5 3TOP-webbplatsen eller webbplatstj\u00e4nster som erbjuds p\u00e5 3TOP-webbplatsen, bekr\u00e4ftar du att du har l\u00e4st detta avtal i dess helhet och att du f\u00f6rst\u00e5r det, och att du samtycker till anv\u00e4ndarvillkoren, sekretesspolicyn och cookiepolicyn i detta avtal.<\/p>\n\n\n\n<p>Du samtycker ocks\u00e5 till att inga skriftliga eller muntliga framst\u00e4llningar fr\u00e5n 3TOP och dess distribut\u00f6rer, agenter eller anst\u00e4llda ska ut\u00f6ka omfattningen av avsnitten om begr\u00e4nsad garanti och ansvarsbegr\u00e4nsningar som anges nedan i detta avtal.<\/p>\n\n\n\n<p>Din anv\u00e4ndning av 3TOP-webbplatsen utg\u00f6r ditt samtycke till villkoren i detta avtal. Om du inte accepterar villkoren i detta avtal, g\u00e5 inte in p\u00e5 3TOP-webbplatsen eller anv\u00e4nd, ladda ner, spara, visa eller installera n\u00e5got webbplatsinneh\u00e5ll eller webbplatstj\u00e4nster.<\/p>\n\n\n\n<p>I. Definitioner<br>&quot;Digital information&quot; avser all data som \u00e4r tillg\u00e4nglig fr\u00e5n 3TOP-webbplatsen, som inkluderar, men \u00e4r inte begr\u00e4nsad till, text, tabeller, kalkylblad, grafer, dokument, bilder eller foton eller programvara som finns i digitala filer.<\/p>\n\n\n\n<p>&quot;Webbplatsinneh\u00e5ll&quot; betyder digital information som kan erh\u00e5llas genom att ladda ner, spara eller kopiera fr\u00e5n 3TOP-webbplatsen som sedan lagras, installeras, exekveras, anv\u00e4nds, visas, redigeras eller manipuleras av dig, slutanv\u00e4ndaren. S\u00e5dant webbplatsinneh\u00e5ll kan inneh\u00e5lla ytterligare villkor som anges i ett separat avtal som medf\u00f6ljer dessa delar.<\/p>\n\n\n\n<p>&quot;Webbplatstj\u00e4nster&quot; avser digital information som g\u00f6rs tillg\u00e4nglig f\u00f6r dig, slutanv\u00e4ndaren, f\u00f6r att ladda ner, spara eller kopiera fr\u00e5n 3TOP-webbplatsen.<\/p>\n\n\n\n<p>II. Modifiering<br>3TOP f\u00f6rbeh\u00e5ller sig r\u00e4tten att \u00e4ndra och modifiera dessa anv\u00e4ndarvillkor n\u00e4r som helst med eller utan f\u00f6reg\u00e5ende meddelande. Din fortsatta \u00e5tkomst eller anv\u00e4ndning av webbplatsens inneh\u00e5ll eller webbplatstj\u00e4nster inneb\u00e4r att du accepterar alla nya villkor. Om du inv\u00e4nder mot n\u00e5got nytt villkor eller villkor: (a) avbryt \u00e5tkomst och anv\u00e4ndning av 3TOP-webbplatsen och alla webbplatsinneh\u00e5ll och webbplatstj\u00e4nster; och (b) returnera allt webbplatsinneh\u00e5ll till 3TOP eller f\u00f6rst\u00f6ra allt webbplatsinneh\u00e5ll i din \u00e4go eller under din kontroll.<\/p>\n\n\n\n<p>3TOP kan n\u00e4r som helst g\u00f6ra \u00e4ndringar i webbplatsinneh\u00e5llet, webbplatstj\u00e4nsten eller alla objekt som h\u00e4nvisas till d\u00e4r utan f\u00f6reg\u00e5ende meddelande och \u00e4r inte skyldig att st\u00f6dja eller uppdatera webbplatsens inneh\u00e5ll eller webbplatstj\u00e4nster.<\/p>\n\n\n\n<p>III. F\u00f6rbjudet beteende<br>\u00c5tkomst och anv\u00e4ndning av 3TOP-webbplatsen och webbplatsinneh\u00e5llet ges som en licens, inte en \u00f6verf\u00f6ring av titel, och \u00e4r strikt begr\u00e4nsad till endast informations\u00e4ndam\u00e5l och f\u00f6r inga andra \u00e4ndam\u00e5l. Alla r\u00e4ttigheter som inte uttryckligen beviljas h\u00e4ri \u00e4r uttryckligen f\u00f6rbeh\u00e5llna 3TOP och inga andra r\u00e4ttigheter ska vara underf\u00f6rst\u00e5dda. Utan att begr\u00e4nsa det f\u00f6reg\u00e5ende, och om inte annat skriftligen avtalats med 3TOP, godk\u00e4nner du f\u00f6ljande specifika begr\u00e4nsningar f\u00f6r din anv\u00e4ndning av 3TOP-webbplatsen och webbplatsens inneh\u00e5ll:<\/p>\n\n\n\n<p>Du f\u00e5r inte kopiera, modifiera, \u00e4ndra, anpassa, hyra ut, s\u00e4lja, distribuera, offentligt visa, utf\u00f6ra eller \u00f6verf\u00f6ra n\u00e5gon del av webbplatsens inneh\u00e5ll eller digital information, skapa h\u00e4rledda verk baserat p\u00e5 n\u00e5gon del av webbplatsens inneh\u00e5ll eller digital information, eller anv\u00e4nda n\u00e5gon del av webbplatsens inneh\u00e5ll eller digital information f\u00f6r n\u00e5got kommersiellt syfte f\u00f6rutom vad som anges ovan;<br>Du f\u00e5r inte erh\u00e5lla eller f\u00f6rs\u00f6ka erh\u00e5lla material eller information p\u00e5 n\u00e5got s\u00e4tt som inte avsiktligt gjorts tillg\u00e4ngligt eller tillhandah\u00e5lls via 3TOP-webbplatsen;<br>Du f\u00e5r inte f\u00f6rs\u00f6ka bak\u00e5tkonstruera, dekompilera eller demontera n\u00e5got webbplatsinneh\u00e5ll, digital information eller delar av 3TOP-webbplatsen, eller introducera n\u00e5gra enheter eller material som skulle vara skadliga eller tekniskt skadliga f\u00f6r 3TOP-webbplatsen, webbplatsens inneh\u00e5ll eller digital information, s\u00e5som men inte begr\u00e4nsat till virus, trojanska h\u00e4star, maskar och logiska bomber;<br>Du f\u00e5r inte inf\u00f6rliva n\u00e5got webbplatsinneh\u00e5ll, digital information eller delar d\u00e4rav i n\u00e5got annat material, produkter eller tj\u00e4nster, eller anv\u00e4nda webbplatsens inneh\u00e5ll eller digital information f\u00f6r produktions\u00e4ndam\u00e5l;<br>Du f\u00e5r inte ta bort, \u00e4ndra eller d\u00f6lja n\u00e5gon propriet\u00e4r f\u00f6rklaring, patent, varum\u00e4rke eller upphovsr\u00e4ttsmeddelande som finns p\u00e5 eller p\u00e5 3TOP-webbplatsen, webbplatsinneh\u00e5ll eller digital information;<br>Du f\u00e5r inte anv\u00e4nda 3TOP-webbplatsen p\u00e5 n\u00e5got s\u00e4tt som kan skada, inaktivera, \u00f6verbelasta eller f\u00f6rs\u00e4mra 3TOP-webbplatsen eller st\u00f6ra n\u00e5gon annan parts anv\u00e4ndning och gl\u00e4dje av 3TOP-webbplatsen;<br>Du f\u00e5r inte f\u00f6rs\u00f6ka f\u00e5 obeh\u00f6rig \u00e5tkomst till, st\u00f6ra, skada eller st\u00f6ra n\u00e5gon del av 3TOP-webbplatsen, servrarna p\u00e5 vilka 3TOP-webbplatsen \u00e4r lagrad, eller n\u00e5gon server, dator eller databas som \u00e4r ansluten till 3TOP-webbplatsen, eller p\u00e5 annat s\u00e4tt f\u00f6rs\u00f6ka st\u00f6ra 3TOP-webbplatsens korrekta funktion;<br>Du f\u00e5r inte anv\u00e4nda 3TOP-webbplatsen, webbplatsinneh\u00e5llet eller digital information f\u00f6r n\u00e5got syfte som p\u00e5 n\u00e5got s\u00e4tt bryter mot n\u00e5gon till\u00e4mplig federal, statlig, lokal eller internationell lag eller f\u00f6rordning (inklusive, utan begr\u00e4nsning, n\u00e5gra lagar ang\u00e5ende export av data eller programvara till och fr\u00e5n USA eller andra l\u00e4nder), eller som \u00e4r f\u00f6rbjudna enligt detta avtal.<br>Du samtycker ocks\u00e5 till att vidta rimliga anstr\u00e4ngningar f\u00f6r att f\u00f6rhindra obeh\u00f6rig anv\u00e4ndning, reproduktion, distribution eller publicering av webbplatsinneh\u00e5ll eller digital information. All otill\u00e5ten anv\u00e4ndning, reproduktion, distribution eller publicering av webbplatsinneh\u00e5ll eller digital information \u00e4r f\u00f6rbjuden och utg\u00f6r ett brott mot detta avtal.<\/p>\n\n\n\n<p>IV. Material som tillhandah\u00e5lls till 3TOP<br>3TOP g\u00f6r inte anspr\u00e5k p\u00e5 \u00e4gander\u00e4tten till det material som du tillhandah\u00e5ller till 3TOP (inklusive feedback och f\u00f6rslag) eller l\u00e4gger upp, laddar upp, matar in eller skickar till n\u00e5gon 3TOP-webbplats eller dess associerade tj\u00e4nster (gemensamt &quot;Inl\u00e4mningar&quot;). Genom att l\u00e4gga upp, ladda upp, mata in, tillhandah\u00e5lla eller skicka in ditt bidrag ger du dock 3TOP, dess anslutna f\u00f6retag och n\u00f6dv\u00e4ndiga underlicenstagare tillst\u00e5nd att anv\u00e4nda ditt bidrag i samband med driften av deras internetf\u00f6retag inklusive, utan begr\u00e4nsning, r\u00e4ttigheterna att: kopiera, distribuera, \u00f6verf\u00f6ra, offentligt visa, offentligt utf\u00f6ra, reproducera, redigera, \u00f6vers\u00e4tta och omformatera ditt bidrag; och att publicera ditt namn i samband med din inl\u00e4mning.<\/p>\n\n\n\n<p>Ingen ers\u00e4ttning kommer att betalas med avseende p\u00e5 anv\u00e4ndningen av ditt bidrag, enligt vad som anges h\u00e4r. 3TOP \u00e4r inte skyldig att publicera eller anv\u00e4nda n\u00e5got inl\u00e4gg som du tillhandah\u00e5ller och kan n\u00e4r som helst ta bort n\u00e5got inl\u00e4gg efter 3TOPs eget gottfinnande.<\/p>\n\n\n\n<p>Genom att l\u00e4gga upp, ladda upp, mata in, tillhandah\u00e5lla eller skicka in ditt bidrag, garanterar och intygar du att du \u00e4ger eller p\u00e5 annat s\u00e4tt kontrollerar alla r\u00e4ttigheter till ditt bidrag enligt beskrivningen i detta avsnitt inklusive, utan begr\u00e4nsning, upphovsr\u00e4tt och alla r\u00e4ttigheter som kr\u00e4vs f\u00f6r att du ska kunna tillhandah\u00e5lla, l\u00e4gga upp, ladda upp, mata in eller skicka in bidragen.<\/p>\n\n\n\n<p>V. Immateriella r\u00e4ttigheter och \u00e4gande<br>Du har inga \u00e4gander\u00e4ttigheter till 3TOP-webbplatsen, n\u00e5got webbplatsinneh\u00e5ll eller digital information. Du f\u00e5r anv\u00e4nda webbplatsens inneh\u00e5ll och digital information s\u00e5 l\u00e4nge du samtycker till och f\u00f6ljer villkoren i detta avtal. 3TOP f\u00f6rbeh\u00e5ller sig alla r\u00e4ttigheter, \u00e4gander\u00e4tt och intressen i och till webbplatsens inneh\u00e5ll och digital information inklusive alla immateriella r\u00e4ttigheter d\u00e4rtill. Om inte annat uttryckligen anges, ger 3TOP inga uttryckliga eller underf\u00f6rst\u00e5dda r\u00e4ttigheter under n\u00e5gra 3TOP-patent, upphovsr\u00e4tter, varum\u00e4rken eller andra immateriella r\u00e4ttigheter enligt detta avtal. Alla r\u00e4ttigheter som inte uttryckligen beviljas i detta avtal \u00e4r f\u00f6rbeh\u00e5llna 3TOP f\u00f6r dess enda och fullst\u00e4ndiga anv\u00e4ndning och \u00e4gande.<\/p>\n\n\n\n<p>Allt inneh\u00e5ll p\u00e5 webbplatsen och digital information \u00e4r f\u00f6rem\u00e5l f\u00f6r upphovsr\u00e4ttsskydd enligt lagarna i USA och andra l\u00e4nder, och internationella f\u00f6rdragsbest\u00e4mmelser. Att ladda ner, kopiera och modifiera upphovsr\u00e4ttsskyddat material utan korrekt tillst\u00e5nd kan vara ett brott mot upphovsr\u00e4ttslagen.<\/p>\n\n\n\n<p>3TOP\u00ae och olika produktnamn, handelsnamn, tj\u00e4nstenamn, slogans och logotyper som visas p\u00e5 3TOP-webbplatsen \u00e4r varum\u00e4rken som tillh\u00f6r 3TOP, oavsett om de \u00e4r registrerade eller oregistrerade. 3TOPs varum\u00e4rken och kl\u00e4dsel f\u00e5r inte anv\u00e4ndas i samband med n\u00e5gon produkt eller tj\u00e4nst som inte \u00e4r relaterad till 3TOP, p\u00e5 n\u00e5got s\u00e4tt som sannolikt kan orsaka f\u00f6rvirring bland kunder, eller p\u00e5 n\u00e5got s\u00e4tt som neds\u00e4tter eller misskrediterar 3TOP. Du f\u00e5r inte anv\u00e4nda s\u00e5dana m\u00e4rken utan f\u00f6reg\u00e5ende skriftligt tillst\u00e5nd fr\u00e5n 3TOP, vilket samtycke kan undanh\u00e5llas av 3TOP i dess enda riktning.<\/p>\n\n\n\n<p>VI. Skadeers\u00e4ttning<br>DU GODK\u00c4NNER ATT SKADERS\u00c4TTA, F\u00d6RSVARA OCH H\u00c5LLA 3TOP OSKADLIG INKLUSIVE DESS FUNKTIONER, DIREKT\u00d6RER, ANST\u00c4LLDA, AFFILIATE, LICENSGIVARE, LEVERANT\u00d6RER, INFORMATIONSLEVERANT\u00d6RER OCH AGENTER FR\u00c5N OCH MOT ALLA F\u00d6Rluster, KLASSER, SKYLDIGHETER, SKADOR, DOMAR, F\u00d6RLUSTER, KOSTNADER, KOSTNADER OCH AVGIFTER, INKLUSIVE UTAN BEGR\u00c4NSNING R\u00c4MLIGA advokatarvoden OCH RELATERADE UTGIFTER, RELATANDE TILL ELLER SOM UTS\u00c4TTS FR\u00c5N: DIN ANV\u00c4NDNING TILL ANV\u00c4NDNING ELLER O\u00d6JLIGHET 3. OCH DIGITAL INFORMATION; EVENTUELL INL\u00c4MNING AV DIG; N\u00c5GON BROTT AV DIG AV VILLKOR I DETTA AVTAL ELLER EN TREDJE PARTS R\u00c4TTIGHETER; ELLER BROTT AV N\u00c5GON TILL\u00c4MPLIGA LAGAR, REGLER ELLER REGLER AV DIG, INKLUSIVE F\u00d6RSIKTIGT ELLER FELAKTIGT UPPf\u00f6rande.<\/p>\n\n\n\n<p>VII. Friskrivningsklausul och begr\u00e4nsad garanti<br>ANSVARSFRISKRIVNING AVSEENDE WEBBPLATSENS INNEH\u00c5LL, DIGITAL INFORMATION OCH WEBBPLATSENS TJ\u00c4NSTER: F\u00d6RUTOM SOM ANGES I DETTA AVTAL, SKA 3TOP UNDER INGA OMST\u00c4NDIGHETER VARA ANSVARIGT F\u00d6R N\u00c5GOT ANSVAR AV N\u00c5GON KARAKTER, UNDER N\u00c5GON JURIDISK TEORIREKTOR, RELATERAT TILL:<\/p>\n\n\n\n<p>WEBBPLATSENS INNEH\u00c5LL, DIGITAL INFORMATION ELLER WEBBPLATSENS TJ\u00c4NSTER SOM G\u00d6R TILLG\u00c4NGLIGA P\u00c5 ELLER GENOM 3TOP WEBBPLATS, INKLUSIVE FEL ELLER UNDERL\u00c4TEN I S\u00c5DAN WEBBPLATSINNEH\u00c5LL, DIGITAL INFORMATION ELLER WEBBPLATSENS TJ\u00c4NSTER; ELLER<br>F\u00d6RLUST ELLER SKADA SOM RESULTAT AV \u00c5TKOMST, ANV\u00c4NDNING AV WEBBPLATSENS INNEH\u00c5LL, DIGITAL INFORMATION ELLER WEBBPLATSENS TJ\u00c4NSTER.<br>I DEN UTSTR\u00c4CKNING SOM TILL\u00c5TS ENLIGT TILL\u00c4MPLIG LAG TILLHANDAH\u00c5LLS WEBBPLATSENS INNEH\u00c5LL, DIGITAL INFORMATION OCH WEBBPLATSTS TJ\u00c4NSTER &quot;I BEFINTLIGT SKICK&quot; OCH 3TOP FR\u00c5S\u00c4GER UTTRYCKLIGEN ALLA GARANTIER AV N\u00c5GOT SLAG, OAVSETT OAVSETT UTTRYCKLIGT AV S\u00c4LJBARHET, TILLF\u00c4LLIG KVALITET, L\u00c4MPLIGHET F\u00d6R ETT S\u00c4RSKILT SYFTE, TITEL OCH ICKE-INTR\u00c4DE. TILL EXEMPEL OCH INTE BEGR\u00c4NSNING GARANTERAR 3TOP INTE ATT:<\/p>\n\n\n\n<p>WEBBPLATSENS INNEH\u00c5LL, DIGITAL INFORMATION ELLER WEBBPLATSTS TJ\u00c4NSTER TILLHANDAH\u00c5LLS ELLER KOMMER ATT TILLHANDAH\u00c5LLAS P\u00c5 ETT S\u00c4TT SOM \u00c4R OAVBRUTT, L\u00c4GE, S\u00c4KERT ELLER FELFRITT;<br>WEBBPLATSENS INNEH\u00c5LL, DIGITAL INFORMATION ELLER WEBBPLATSTS TJ\u00c4NSTER \u00c4R ELLER KOMMER ATT VARA FULLST\u00c4NDIG, KORREKT, S\u00c4KER ELLER P\u00c5LITLIG;<br>WEBBPLATSENS INNEH\u00c5LL, DIGITAL INFORMATION ELLER WEBBPLATSENS TJ\u00c4NSTER \u00c4R ELLER KOMMER ATT VARA FRI FR\u00c5N VIRUS ELLER ANDRA SKADLIGA KOMPONENTER; ELLER<br>WEBBPLATSENS INNEH\u00c5LL, DIGITAL INFORMATION ELLER WEBBPLATSTS TJ\u00c4NSTER KOMMER ATT UPPFYLA N\u00c5GOT AV DINA KRAV.<br>DENNA ANSVARSFRASKRIVNING \u00c4R AVSIKTIGT AV PARTERNA ATT HA F\u00d6RETR\u00c5D GENOM N\u00c5GON STAT, UCC ELLER N\u00c5GON LIKNANDE UNDERF\u00d6RST\u00c5DDA GARANTIBEST\u00c4MMELSER.<\/p>\n\n\n\n<p>VIII. Ansvarsbegr\u00e4nsningar<br>I FULLST\u00c4NDIG UTSTR\u00c4CKNING SOM TILL\u00c5TS ENLIGT LAG, HAR 3TOP INGEN SKYLDIGHET ELLER ANSVAR MOT DIG F\u00d6R 3TOP-WEBBPLATSEN, WEBBPLATSENS INNEH\u00c5LL, DIGITAL INFORMATION ELLER WEBBPLATSENS TJ\u00c4NSTER (VARE det uppst\u00e5r i samband med KONTRAKT, TORTEGRANS, GARANTI). ANSVAR, INTR\u00c4NGD AV COPYRIGHT ELLER ANNAN \u00c5TG\u00c4RD ENLIGT LAG ELLER SKYLDIGHET) F\u00d6R EVENTUELLA DIREKTA, OAVSIKTLIGA, INDIREKTA, SPECIELLA, F\u00d6LJDSKADOR ELLER STRAFSKADOR ELLER SKYLDIGHETER (INKLUSIVE, UTAN BEGR\u00c4NSNING, F\u00d6RLUST AV DATA, F\u00d6RL\u00d6SNING AV DATA, F\u00d6RLUST AV VERKSAMHET ELLER F\u00d6RV\u00c4NTADE BESPARINGAR, F\u00d6RLUST AV ANV\u00c4NDNING, F\u00d6RLUST AV GOODWILL ELLER ANNAT S\u00c4TT) SOM HAR UPPST\u00c5TT FR\u00c5N ELLER I SAMBAND MED DIN ANV\u00c4NDNING ELLER \u00c5TKOMST TILL (ELLER OF\u00d6JLIGHET ATT ANV\u00c4NDA ELLER \u00c5TKOMMA) 3TOP WEBBPLATSENS WEBBPLATS, INFORMATION, TJ\u00c4NSTER. DENNA BEGR\u00c4NSNING G\u00c4LLER F\u00d6R SKADOR SOM UPPST\u00c5R AV, UTAN BEGR\u00c4NSNING:<\/p>\n\n\n\n<p>ANV\u00c4NDNING ELLER OF\u00d6JLIGHET ATT \u00c5TKOMMA ELLER ANV\u00c4NDA WEBBPLATSENS INNEH\u00c5LL, DIGITAL INFORMATION ELLER WEBBPLATSENS TJ\u00c4NSTER;<br>KOSTNADER F\u00d6R UPPHANDLING AV ERS\u00c4TTNINGSVAROR OCH TJ\u00c4NSTER;<br>OBEH\u00d6RIG \u00c5TKOMST TILL ELLER \u00c4NDRING AV DINA \u00d6VERF\u00d6RINGAR AV TREDJE PART;<br>TREDJE PARTS INNEH\u00c5LL G\u00d6R TILLG\u00c4NGLIGT F\u00d6R DIG GENOM 3TOP-WEBBPLATSEN; ELLER<br>N\u00c5GON ANNAN FR\u00c5GOR SOM RELAS TILL WEBBPLATSENS INNEH\u00c5LL, DIGITAL INFORMATION ELLER WEBBPLATSENS TJ\u00c4NSTER.<br>VISSA STATER TILL\u00c5TER INTE UNDANTAG ELLER BEGR\u00c4NSNING AV OAVSIKTLIGA SKADOR ELLER F\u00d6LJDSKADOR, S\u00c5 OVANST\u00c5ENDE BEGR\u00c4NSNING ELLER UNDANTAG KANSKE INTE G\u00c4LLER DIG. DENNA GARANTI GER DIG S\u00c4RSKILDA LAGLIGA R\u00c4TTIGHETER, OCH DU KAN HA ANDRA R\u00c4TTIGHETER SOM VARIERAR FR\u00c5N STAT TILL STAT.<\/p>\n\n\n\n<p>IX. Upps\u00e4gning<br>3TOP kan, efter eget gottfinnande, avsluta din anv\u00e4ndning eller \u00e5tkomst till webbplatsens inneh\u00e5ll, digital information eller webbplatstj\u00e4nster, och ta bort och kassera webbplatsinneh\u00e5ll, digital information eller webbplatstj\u00e4nster n\u00e4r som helst, utan f\u00f6rvarning, av n\u00e5gon anledning, inklusive men inte begr\u00e4nsat till beteende som bryter mot dessa anv\u00e4ndarvillkor eller andra policyer eller riktlinjer som anges av 3TOP n\u00e5gon annanstans inom webbplatsens inneh\u00e5llstj\u00e4nster, digitala information. Under inga omst\u00e4ndigheter kommer 3TOP att vara ansvarigt gentemot dig eller n\u00e5gon tredje part f\u00f6r n\u00e5gon upps\u00e4gning av din anv\u00e4ndning eller \u00e5tkomst till webbplatsens inneh\u00e5ll, digital information eller webbplatstj\u00e4nster.<\/p>\n\n\n\n<p>X. Lagval<br>Alla tvister som uppst\u00e5r fr\u00e5n eller relaterade till detta avtal kommer att regleras av lagen i Pennsylvania, exklusive dess lagvalsregler. De statliga och federala domstolarna i Pennsylvania \u00e4r det exklusiva forumet och platsen f\u00f6r att l\u00f6sa alla tvister som uppst\u00e5r till f\u00f6ljd av eller p\u00e5 annat s\u00e4tt relaterade till dessa anv\u00e4ndarvillkor eller detta avtal. Ditt samtycke till personlig jurisdiktion och plats f\u00f6r statens och federala domstolar i Pennsylvania tillhandah\u00e5lls av din anv\u00e4ndning eller \u00e5tkomst till webbplatsens inneh\u00e5ll, digital information eller webbplatstj\u00e4nster.<\/p>\n\n\n\n<p>XI. Avskiljbarhet<br>Om n\u00e5gon best\u00e4mmelse i detta avtal ska anses ogiltig, om\u00f6jlig att verkst\u00e4lla eller olaglig, ska denna best\u00e4mmelse anses ersatt av en giltig, verkst\u00e4llbar best\u00e4mmelse som n\u00e4rmast matchar syftet med den ursprungliga best\u00e4mmelsen och ska inte p\u00e5 n\u00e5got s\u00e4tt p\u00e5verka giltigheten eller verkst\u00e4llbarheten av de \u00e5terst\u00e5ende best\u00e4mmelserna.<\/p>","protected":false},"excerpt":{"rendered":"These Terms and Conditions of Use (hereinafter \u201cTerms of Use\u201d) apply to the websites \u2014 www.ruiqigo.com \u2014 (collectively, the \u201c3TOP Website\u201d), which are owned and operated by 3TOP, Inc. (hereinafter \u201c3TOP\u201d). These Terms of Use, together with our Privacy Policy and Cookie Policy, collectively form an agreement (hereinafter \u201cAgreement\u201d) between you, the end user, and [&hellip;]","protected":false},"author":9,"featured_media":0,"parent":0,"menu_order":0,"comment_status":"closed","ping_status":"closed","template":"","meta":{"footnotes":""},"class_list":["post-63","page","type-page","status-publish","hentry"],"acf":[],"_links":{"self":[{"href":"https:\/\/www.ruiqigo.com\/sv\/wp-json\/wp\/v2\/pages\/63","targetHints":{"allow":["GET"]}}],"collection":[{"href":"https:\/\/www.ruiqigo.com\/sv\/wp-json\/wp\/v2\/pages"}],"about":[{"href":"https:\/\/www.ruiqigo.com\/sv\/wp-json\/wp\/v2\/types\/page"}],"author":[{"embeddable":true,"href":"https:\/\/www.ruiqigo.com\/sv\/wp-json\/wp\/v2\/users\/9"}],"replies":[{"embeddable":true,"href":"https:\/\/www.ruiqigo.com\/sv\/wp-json\/wp\/v2\/comments?post=63"}],"version-history":[{"count":0,"href":"https:\/\/www.ruiqigo.com\/sv\/wp-json\/wp\/v2\/pages\/63\/revisions"}],"wp:attachment":[{"href":"https:\/\/www.ruiqigo.com\/sv\/wp-json\/wp\/v2\/media?parent=63"}],"curies":[{"name":"wp","href":"https:\/\/api.w.org\/{rel}","templated":true}]}}