{"id":64,"date":"2024-04-26T00:55:27","date_gmt":"2024-04-25T16:55:27","guid":{"rendered":"https:\/\/ruiqigo.com\/?page_id=64"},"modified":"2024-12-24T10:07:42","modified_gmt":"2024-12-24T02:07:42","slug":"privacy-policy","status":"publish","type":"page","link":"https:\/\/www.ruiqigo.com\/sv\/privacy-policy","title":{"rendered":"Sekretesspolicy"},"content":{"rendered":"<h3 class=\"wp-block-heading\">Vilken information samlar vi in?<\/h3>\n\n\n\n<p>Vi samlar in information fr\u00e5n dig n\u00e4r du registrerar dig p\u00e5 webbplatsen, g\u00f6r en best\u00e4llning, deltar i en t\u00e4vling eller lotterier, svarar p\u00e5 en unders\u00f6kning eller kommunikation som e-post eller deltar i en annan webbplatsfunktion. N\u00e4r du best\u00e4ller eller registrerar dig kan vi be dig om ditt namn, e-postadress, postadress, telefonnummer, kreditkortsinformation eller annan information. Du kan dock bes\u00f6ka v\u00e5r webbplats anonymt. Vi samlar \u00e4ven in information om g\u00e5vomottagare s\u00e5 att vi kan fullf\u00f6lja g\u00e5vok\u00f6pet. Den information vi samlar in om g\u00e5vomottagare anv\u00e4nds inte i marknadsf\u00f6ringssyfte. Liksom m\u00e5nga webbplatser anv\u00e4nder vi &quot;cookies&quot; f\u00f6r att f\u00f6rb\u00e4ttra din upplevelse och samla information om bes\u00f6kare och bes\u00f6k p\u00e5 v\u00e5ra webbplatser. Se avsnittet &quot;Anv\u00e4nder vi &#039;cookies&#039;?&quot; nedan f\u00f6r information om cookies och hur vi anv\u00e4nder dem.<\/p>\n\n\n\n<h3 class=\"wp-block-heading\">Hur anv\u00e4nder vi din information?<\/h3>\n\n\n\n<p>Vi kan anv\u00e4nda informationen vi samlar in fr\u00e5n dig n\u00e4r du registrerar dig, k\u00f6per produkter, deltar i en t\u00e4vling eller kampanj, svarar p\u00e5 en unders\u00f6kning eller marknadskommunikation, surfar p\u00e5 webbplatsen eller anv\u00e4nder vissa andra webbplatsfunktioner p\u00e5 f\u00f6ljande s\u00e4tt: F\u00f6r att anpassa din webbplatsupplevelse och f\u00f6r att till\u00e5ta oss att leverera den typ av inneh\u00e5ll och produkterbjudanden som du \u00e4r mest intresserad av. F\u00f6r att vi ska kunna ge dig b\u00e4ttre service n\u00e4r det g\u00e4ller att svara p\u00e5 dina kundtj\u00e4nstf\u00f6rfr\u00e5gningar. F\u00f6r att snabbt bearbeta dina transaktioner. F\u00f6r att administrera en t\u00e4vling, marknadsf\u00f6ring, unders\u00f6kning eller annan webbplatsfunktion. Om du har valt att ta emot v\u00e5rt nyhetsbrev via e-post kan vi komma att skicka dig regelbundna e-postmeddelanden. Om du inte l\u00e4ngre vill ta emot reklammeddelanden fr\u00e5n oss, se avsnittet &quot;\u00c5terkalla ditt samtycke&quot; nedan. Om du inte har valt att ta emot nyhetsbrev via e-post kommer du inte att f\u00e5 dessa e-postmeddelanden. Bes\u00f6kare som registrerar sig eller deltar i andra webbplatsfunktioner som marknadsf\u00f6ringsprogram och inneh\u00e5ll som \u00e4r &quot;endast f\u00f6r medlemmar&quot; kommer att f\u00e5 v\u00e4lja om de vill vara med p\u00e5 v\u00e5r e-postlista och f\u00e5 e-postkommunikation fr\u00e5n oss.<\/p>\n\n\n\n<h3 class=\"wp-block-heading\">Hur skyddar vi bes\u00f6ksinformation?<\/h3>\n\n\n\n<p>Vi implementerar en m\u00e4ngd olika s\u00e4kerhets\u00e5tg\u00e4rder f\u00f6r att uppr\u00e4tth\u00e5lla s\u00e4kerheten f\u00f6r din personliga information. Din personliga information finns bakom s\u00e4krade n\u00e4tverk och \u00e4r endast tillg\u00e4nglig f\u00f6r ett begr\u00e4nsat antal personer som har s\u00e4rskilda \u00e5tkomstr\u00e4ttigheter till s\u00e5dana system, och som \u00e4r skyldiga att h\u00e5lla informationen konfidentiell. N\u00e4r du g\u00f6r best\u00e4llningar eller kommer \u00e5t din personliga information erbjuder vi anv\u00e4ndningen av en s\u00e4ker server. All k\u00e4nslig information\/kreditinformation som du tillhandah\u00e5ller \u00f6verf\u00f6rs via Secure Socket Layer-teknik (SSL) och krypteras sedan i v\u00e5ra databaser f\u00f6r att endast n\u00e5s enligt ovan.<\/p>\n\n\n\n<h3 class=\"wp-block-heading\">Anv\u00e4nder vi &quot;cookies&quot;?<\/h3>\n\n\n\n<p>Ja. Cookies \u00e4r sm\u00e5 filer som en webbplats eller dess tj\u00e4nsteleverant\u00f6r \u00f6verf\u00f6r till din dators h\u00e5rddisk via din webbl\u00e4sare (om du till\u00e5ter) som g\u00f6r det m\u00f6jligt f\u00f6r webbplatsens eller tj\u00e4nsteleverant\u00f6rens system att k\u00e4nna igen din webbl\u00e4sare och f\u00e5nga och komma ih\u00e5g viss information. Vi anv\u00e4nder till exempel cookies f\u00f6r att hj\u00e4lpa oss komma ih\u00e5g och bearbeta varorna i din kundvagn. De anv\u00e4nds ocks\u00e5 f\u00f6r att hj\u00e4lpa oss att f\u00f6rst\u00e5 dina preferenser baserat p\u00e5 tidigare eller aktuell webbplatsaktivitet, vilket g\u00f6r att vi kan ge dig f\u00f6rb\u00e4ttrade tj\u00e4nster. Vi anv\u00e4nder ocks\u00e5 cookies f\u00f6r att hj\u00e4lpa oss att sammanst\u00e4lla samlad data om webbplatstrafik och webbplatsinteraktion s\u00e5 att vi kan erbjuda b\u00e4ttre webbplatsupplevelser och verktyg i framtiden. Vi kan komma att avtala med tredje parts tj\u00e4nsteleverant\u00f6rer f\u00f6r att hj\u00e4lpa oss att b\u00e4ttre f\u00f6rst\u00e5 v\u00e5ra webbplatsbes\u00f6kare. Dessa tj\u00e4nsteleverant\u00f6rer har inte till\u00e5telse att anv\u00e4nda informationen som samlas in f\u00f6r v\u00e5r r\u00e4kning f\u00f6rutom f\u00f6r att hj\u00e4lpa oss att bedriva och f\u00f6rb\u00e4ttra v\u00e5r verksamhet. Du kan v\u00e4lja att din dator varnar dig varje g\u00e5ng en cookie skickas, eller s\u00e5 kan du v\u00e4lja att st\u00e4nga av alla cookies. Du g\u00f6r detta via inst\u00e4llningarna i din webbl\u00e4sare (som Google Chrome, Microsoft Edge eller Safari). Varje webbl\u00e4sare \u00e4r lite olika, s\u00e5 titta p\u00e5 din webbl\u00e4sares &quot;Hj\u00e4lp&quot;-meny f\u00f6r att l\u00e4ra dig det korrekta s\u00e4ttet att \u00e4ndra dina cookies. Om du st\u00e4nger av cookies kommer du inte att ha tillg\u00e5ng till m\u00e5nga funktioner som g\u00f6r din webbplatsupplevelse mer effektiv och vissa av v\u00e5ra tj\u00e4nster kommer inte att fungera korrekt. Du kan dock fortfarande g\u00f6ra best\u00e4llningar via telefon genom att kontakta kundtj\u00e4nst.<\/p>\n\n\n\n<h3 class=\"wp-block-heading\">Avsl\u00f6jar vi informationen vi samlar in till externa parter?<\/h3>\n\n\n\n<p>Vi s\u00e4ljer, handlar inte med eller p\u00e5 annat s\u00e4tt \u00f6verf\u00f6r din personligt identifierbara information till externa parter s\u00e5vida vi inte ger dig ett f\u00f6rhandsmeddelande, f\u00f6rutom vad som beskrivs nedan. Termen &quot;utomst\u00e5ende parter&quot; inkluderar inte v\u00e5r verksamhet. Det inkluderar inte heller webbhotellpartners och andra parter som hj\u00e4lper oss att driva v\u00e5r webbplats, bedriva v\u00e5r verksamhet eller betj\u00e4na dig, s\u00e5 l\u00e4nge dessa parter samtycker till att h\u00e5lla denna information konfidentiell. Vi kan ocks\u00e5 sl\u00e4ppa din information n\u00e4r vi anser att det \u00e4r l\u00e4mpligt f\u00f6r att f\u00f6lja lagen, uppr\u00e4tth\u00e5lla v\u00e5r webbplatspolicy eller skydda v\u00e5ra eller andras r\u00e4ttigheter, egendom eller s\u00e4kerhet. D\u00e4remot kan icke-personligt identifierbar bes\u00f6ksinformation l\u00e4mnas till andra parter f\u00f6r marknadsf\u00f6ring, reklam eller annan anv\u00e4ndning. Hur kan du v\u00e4lja bort, ta bort eller \u00e4ndra information du har l\u00e4mnat till oss? F\u00f6r att \u00e4ndra dina e-postprenumerationer, v\u00e4nligen meddela oss genom att \u00e4ndra dina inst\u00e4llningar i avsnittet &quot;Mitt konto&quot;. Observera att p\u00e5 grund av e-postproduktionsscheman kan du f\u00e5 e-postmeddelanden som redan \u00e4r i produktion. F\u00f6r att radera all din onlinekontoinformation fr\u00e5n v\u00e5r databas, logga in p\u00e5 avsnittet &quot;Mitt konto&quot; p\u00e5 v\u00e5r webbplats och ta bort dina leveransadresser, faktureringsadresser och betalningsinformation. Observera att vi kan beh\u00e5lla information om en enskild f\u00f6rs\u00e4ljningstransaktion f\u00f6r att kunna betj\u00e4na den transaktionen och f\u00f6r journalf\u00f6ring. Tredjepartsl\u00e4nkar i ett f\u00f6rs\u00f6k att ge dig \u00f6kat v\u00e4rde, kan vi inkludera tredjepartsl\u00e4nkar p\u00e5 v\u00e5r webbplats. Dessa l\u00e4nkade webbplatser har separata och oberoende sekretesspolicyer. Vi har d\u00e4rf\u00f6r inget ansvar eller ansvar f\u00f6r inneh\u00e5llet och aktiviteterna p\u00e5 dessa l\u00e4nkade webbplatser. Icke desto mindre str\u00e4var vi efter att skydda v\u00e5r webbplatss integritet och v\u00e4lkomnar all feedback om dessa l\u00e4nkade webbplatser (inklusive om en specifik l\u00e4nk inte fungerar). \u00c4ndringar av v\u00e5r policy, om vi beslutar att \u00e4ndra v\u00e5r integritetspolicy, kommer att publiceras p\u00e5 denna sida. Policy\u00e4ndringar kommer endast att g\u00e4lla information som samlas in efter datumet f\u00f6r \u00e4ndringen. Denna policy \u00e4ndrades senast den 25 maj 2018.<\/p>\n\n\n\n<h3 class=\"wp-block-heading\">Fr\u00e5gor och feedback<\/h3>\n\n\n\n<p>Vi v\u00e4lkomnar dina fr\u00e5gor, kommentarer och bekymmer om integritet. Skicka oss feedback om integritet eller andra problem. Endast onlinepolicy. Denna online sekretesspolicy g\u00e4ller endast information som samlas in via v\u00e5r webbplats och inte information som samlas in offline.<\/p>\n\n\n\n<h3 class=\"wp-block-heading\">Ditt samtycke<\/h3>\n\n\n\n<p>Genom att g\u00f6ra ett k\u00f6p via v\u00e5r webbplats eller skicka en f\u00f6rfr\u00e5gan med personlig information eller f\u00f6retagsinformation f\u00f6r att f\u00e5 en offert eller g\u00f6ra en betalning p\u00e5 n\u00e5got s\u00e4tt f\u00f6r en best\u00e4llning, eller ordna med en leverans, samtycker du till att vi samlar in, lagrar och anv\u00e4nder den informationen till din f\u00f6rdel och\/eller f\u00f6r att f\u00f6rb\u00e4ttra v\u00e5ra tj\u00e4nster och erbjudanden. Genom att g\u00f6ra det samtycker du ocks\u00e5 till att vi avsl\u00f6jar att du \u00e4r MugFactory-kund, och samtycker ocks\u00e5 till att vi anv\u00e4nder namnet p\u00e5 ditt f\u00f6retag, logotyp och f\u00f6rpackning i syfte att visa upp v\u00e5ra produkter och tj\u00e4nster, om inte annat anges.<\/p>\n\n\n\n<h3 class=\"wp-block-heading\">\u00c5terkalla ditt samtycke<\/h3>\n\n\n\n<p>Du kan n\u00e4r som helst v\u00e4lja att \u00e5terkalla ditt samtycke f\u00f6r MugFactorys insamling, anv\u00e4ndning eller utl\u00e4mnande av din information, n\u00e4r som helst, genom att kontakta oss. MugFactory f\u00f6rbeh\u00e5ller sig r\u00e4tten att beh\u00e5lla all information som tidigare samlats in f\u00f6r att utf\u00f6ra best\u00e4llningar eller f\u00f6r att l\u00f6sa eventuella tvister eller utredningar. N\u00e4r vi bes\u00f6ker v\u00e5r webbplats f\u00e5r vi automatiskt din enhets internetprotokolladress (IP), grov geografisk region och annan grundl\u00e4ggande information om din webbl\u00e4sare och operativsystem f\u00f6r att b\u00e4ttre hj\u00e4lpa och ge en b\u00e4ttre, mer anpassad upplevelse f\u00f6r v\u00e5ra kunder.<\/p>","protected":false},"excerpt":{"rendered":"What information do we collect? We collect information from you when you register on the site, place an order, enter a contest or sweepstakes, respond to a survey or communication such as e-mail, or participate in another site feature. When ordering or registering, we may ask you for your name, e-mail address, mailing address, phone [&hellip;]","protected":false},"author":9,"featured_media":0,"parent":0,"menu_order":0,"comment_status":"closed","ping_status":"closed","template":"","meta":{"footnotes":""},"class_list":["post-64","page","type-page","status-publish","hentry"],"acf":[],"_links":{"self":[{"href":"https:\/\/www.ruiqigo.com\/sv\/wp-json\/wp\/v2\/pages\/64","targetHints":{"allow":["GET"]}}],"collection":[{"href":"https:\/\/www.ruiqigo.com\/sv\/wp-json\/wp\/v2\/pages"}],"about":[{"href":"https:\/\/www.ruiqigo.com\/sv\/wp-json\/wp\/v2\/types\/page"}],"author":[{"embeddable":true,"href":"https:\/\/www.ruiqigo.com\/sv\/wp-json\/wp\/v2\/users\/9"}],"replies":[{"embeddable":true,"href":"https:\/\/www.ruiqigo.com\/sv\/wp-json\/wp\/v2\/comments?post=64"}],"version-history":[{"count":0,"href":"https:\/\/www.ruiqigo.com\/sv\/wp-json\/wp\/v2\/pages\/64\/revisions"}],"wp:attachment":[{"href":"https:\/\/www.ruiqigo.com\/sv\/wp-json\/wp\/v2\/media?parent=64"}],"curies":[{"name":"wp","href":"https:\/\/api.w.org\/{rel}","templated":true}]}}