{"id":7,"date":"2024-04-24T15:36:45","date_gmt":"2024-04-24T07:36:45","guid":{"rendered":"https:\/\/ruiqigo.com\/?page_id=7"},"modified":"2026-03-18T11:16:16","modified_gmt":"2026-03-18T03:16:16","slug":"about","status":"publish","type":"page","link":"https:\/\/www.ruiqigo.com\/sv\/about","title":{"rendered":"Om oss"},"content":{"rendered":"<div data-elementor-type=\"wp-page\" data-elementor-id=\"7\" class=\"elementor elementor-7\" data-elementor-post-type=\"page\">\n\t\t\t\t<div class=\"elementor-element elementor-element-d10c7eb e-flex e-con-boxed e-con e-parent\" data-id=\"d10c7eb\" data-element_type=\"container\" data-e-type=\"container\">\n\t\t\t\t\t<div class=\"e-con-inner\">\n\t\t<div class=\"elementor-element elementor-element-9b6fcdb e-con-full e-flex e-con e-child\" data-id=\"9b6fcdb\" data-element_type=\"container\" data-e-type=\"container\">\n\t\t\t\t<div class=\"elementor-element elementor-element-4b5b7e6 elementor-widget__width-inherit elementor-widget elementor-widget-heading\" data-id=\"4b5b7e6\" data-element_type=\"widget\" data-e-type=\"widget\" data-widget_type=\"heading.default\">\n\t\t\t\t<div class=\"elementor-widget-container\">\n\t\t\t\t\t<h2 class=\"elementor-heading-title elementor-size-default\">Vilka vi \u00e4r<\/h2>\t\t\t\t<\/div>\n\t\t\t\t<\/div>\n\t\t\t\t<div class=\"elementor-element elementor-element-59e7b52 elementor-widget__width-inherit elementor-widget elementor-widget-text-editor\" data-id=\"59e7b52\" data-element_type=\"widget\" data-e-type=\"widget\" data-widget_type=\"text-editor.default\">\n\t\t\t\t<div class=\"elementor-widget-container\">\n\t\t\t\t\t\t\t\t\t<p>En kvalitativ, kostnadseffektiv och resultatinriktad partner f\u00f6r dig.<\/p>\t\t\t\t\t\t\t\t<\/div>\n\t\t\t\t<\/div>\n\t\t\t\t<div class=\"elementor-element elementor-element-baf9d12 elementor-widget__width-initial elementor-widget-tablet__width-inherit elementor-widget elementor-widget-text-editor\" data-id=\"baf9d12\" data-element_type=\"widget\" data-e-type=\"widget\" data-widget_type=\"text-editor.default\">\n\t\t\t\t<div class=\"elementor-widget-container\">\n\t\t\t\t\t\t\t\t\t<p>3TOP \u00e4r ett varum\u00e4rke som tillh\u00f6r RuiqiGO, ett dotterbolag till Sanzhuangyuan Biotechnology, som har varit ledande inom sk\u00f6nhets- och hygienbranschen i \u00f6ver 20 \u00e5r. F\u00f6retaget har nu en storskalig, fullt utrustad kemisk fabrik f\u00f6r daglig anv\u00e4ndning, specialiserad p\u00e5 bearbetning av alla typer av kemiska produkter f\u00f6r daglig anv\u00e4ndning.<\/p>\n<!-- \/wp:paragraph --><!-- wp:paragraph -->\n<p>De viktigaste dagliga kemiska bearbetningstj\u00e4nsterna f\u00f6r 3TOP inkluderar alla typer av\u00a0<a href=\"https:\/\/www.ruiqigo.com\/sv\/products\/hair-care\/\" target=\"_blank\" rel=\"noopener\">tillverkning av h\u00e5rv\u00e5rdsprodukter<\/a>,\u00a0<a href=\"https:\/\/www.ruiqigo.com\/sv\/products\/body-care\/\" target=\"_blank\" rel=\"noopener\">tillverkning av kropps- och hudv\u00e5rdsprodukter<\/a>,\u00a0<a href=\"https:\/\/www.ruiqigo.com\/sv\/products\/oral-care\/\" target=\"_blank\" rel=\"noopener\">tillverkning av munv\u00e5rdsprodukter<\/a>, och\u00a0<a href=\"https:\/\/www.ruiqigo.com\/sv\/products\/facial-care\/\" target=\"_blank\" rel=\"noopener\">tillverkning av ansiktsv\u00e5rdsprodukter<\/a>. Som en professionell daglig kemikaliefabrik kan 3TOP inte bara tillhandah\u00e5lla alla typer av daglig kemikalietillverkning av privat m\u00e4rke utan ocks\u00e5 tillhandah\u00e5lla\u00a0<a href=\"https:\/\/www.ruiqigo.com\/sv\/service\/\" target=\"_blank\" rel=\"noopener\">dagliga kemikalier OEM och ODM tj\u00e4nster<\/a>\u00a0f\u00f6r dagliga kemikalier, och kan hj\u00e4lpa kunder att framg\u00e5ngsrikt utveckla sin egen dagliga kemikalieverksamhet fr\u00e5n design av dagliga kemikalier, produktion av dagliga kemikalier och design av f\u00f6rpackningar f\u00f6r dagliga kemikalier.<\/p>\n<p>F\u00f6r dedikerade tillverkningsprogram f\u00f6r munsk\u00f6lj och andningssprayer driver vi \u00e4ven en specialiserad plattform f\u00f6r munv\u00e5rd: <a href=\"https:\/\/oralabx.com\/mouthwash-oem-manufacturer\/\" target=\"_blank\" rel=\"noopener\">Tillverkare av munsk\u00f6lj med privat etikett<\/a>.<\/p>\t\t\t\t\t\t\t\t<\/div>\n\t\t\t\t<\/div>\n\t\t\t\t<div class=\"elementor-element elementor-element-7d98755 elementor-widget__width-initial elementor-widget-tablet__width-inherit elementor-widget elementor-widget-image\" data-id=\"7d98755\" data-element_type=\"widget\" data-e-type=\"widget\" data-widget_type=\"image.default\">\n\t\t\t\t<div class=\"elementor-widget-container\">\n\t\t\t\t\t\t\t\t\t\t\t\t\t\t\t<img fetchpriority=\"high\" decoding=\"async\" width=\"900\" height=\"500\" src=\"https:\/\/www.ruiqigo.com\/wp-content\/uploads\/2024\/08\/About-Us.jpg\" class=\"attachment-full size-full wp-image-941\" alt=\"daglig kemisk bearbetning\" srcset=\"https:\/\/www.ruiqigo.com\/wp-content\/uploads\/2024\/08\/About-Us.jpg 900w, https:\/\/www.ruiqigo.com\/wp-content\/uploads\/2024\/08\/About-Us-768x427.jpg 768w\" sizes=\"(max-width: 900px) 100vw, 900px\" \/>\t\t\t\t\t\t\t\t\t\t\t\t\t\t\t<\/div>\n\t\t\t\t<\/div>\n\t\t\t\t<div class=\"elementor-element elementor-element-f228ce6 elementor-widget__width-initial elementor-widget-tablet__width-inherit elementor-widget elementor-widget-video\" data-id=\"f228ce6\" data-element_type=\"widget\" data-e-type=\"widget\" data-settings=\"{&quot;youtube_url&quot;:&quot;https:\\\/\\\/youtu.be\\\/t-G1J8qjwMY&quot;,&quot;autoplay&quot;:&quot;yes&quot;,&quot;loop&quot;:&quot;yes&quot;,&quot;video_type&quot;:&quot;youtube&quot;,&quot;controls&quot;:&quot;yes&quot;}\" data-widget_type=\"video.default\">\n\t\t\t\t<div class=\"elementor-widget-container\">\n\t\t\t\t\t\t\t<div class=\"elementor-wrapper elementor-open-inline\">\n\t\t\t<div class=\"elementor-video\"><\/div>\t\t<\/div>\n\t\t\t\t\t\t<\/div>\n\t\t\t\t<\/div>\n\t\t\t\t<div class=\"elementor-element elementor-element-df1cfca elementor-widget__width-initial elementor-widget-tablet__width-inherit elementor-widget elementor-widget-text-editor\" data-id=\"df1cfca\" data-element_type=\"widget\" data-e-type=\"widget\" data-widget_type=\"text-editor.default\">\n\t\t\t\t<div class=\"elementor-widget-container\">\n\t\t\t\t\t\t\t\t\t<p>Med ett starkt engagemang f\u00f6r kvalitet och kundn\u00f6jdhet har fabriken i 3TOP en m\u00e5natlig produktionskapacitet p\u00e5 \u00f6ver 200 000 ton schampo och kroppstv\u00e4tt och en \u00e5rlig exportvolym p\u00e5 \u00f6ver 250 ton. Fabriken \u00e4r utrustad med avancerade produktionslinjer, inklusive ett steriliseringsrum, r\u00e5varulager, batchrum, dispenseringsrum, p\u00e5fyllningslinje och f\u00f6rpackningslinje. Fabriken har ocks\u00e5 ett helt\u00e4ckande kvalitetsledningssystem, med rigor\u00f6sa kvalitetstester fr\u00e5n val av r\u00e5material till f\u00e4rdig produktf\u00f6rpackning. Dessutom har fabriken en storskalig produktionskapacitet och snabb respons, vilket g\u00f6r att den snabbt kan anpassa sig till f\u00f6r\u00e4ndringar p\u00e5 marknaden.<\/p>\t\t\t\t\t\t\t\t<\/div>\n\t\t\t\t<\/div>\n\t\t\t\t<\/div>\n\t\t\t\t<div class=\"elementor-element elementor-element-4eb5aaf6 elementor-widget elementor-widget-text-editor\" data-id=\"4eb5aaf6\" data-element_type=\"widget\" data-e-type=\"widget\" data-widget_type=\"text-editor.default\">\n\t\t\t\t<div class=\"elementor-widget-container\">\n\t\t\t\t\t\t\t\t\t<!-- wp:heading {\"textAlign\":\"center\",\"style\":{\"color\":{\"text\":\"#007f44\"},\"elements\":{\"link\":{\"color\":{\"text\":\"#007f44\"}}}},\"fontSize\":\"x-large\"} -->\n<div class=\"wp-block-columns are-vertically-aligned-center mb-40\">\n<div class=\"wp-block-column is-vertically-aligned-center\"><!-- \/wp:paragraph --><\/div>\n<!-- \/wp:column --><\/div>\n<!-- \/wp:columns --><!-- wp:columns {\"className\":\"pt-60 pb-60 mb-60\",\"style\":{\"color\":{\"background\":\"#eaeff2\"},\"elements\":{\"link\":{\"color\":{\"text\":\"var:preset|color|black\"}}}},\"textColor\":\"black\"} -->\n<div class=\"wp-block-columns pt-60 pb-60 mb-60 has-black-color has-text-color has-background has-link-color\" style=\"background-color: #eaeff2;\"><!-- wp:column -->\n<div class=\"wp-block-column\"><!-- wp:heading {\"textAlign\":\"center\",\"level\":3} -->\n<h3 class=\"wp-block-heading has-text-align-center\"><strong>20+ \u00e5r<\/strong><\/h3>\n<!-- \/wp:heading --><!-- wp:paragraph {\"align\":\"center\"} -->\n<p class=\"has-text-align-center\">20 \u00e5rs erfarenhet av odling av teolja<\/p>\n<!-- \/wp:paragraph --><\/div>\n<!-- \/wp:column --><!-- wp:column -->\n<div class=\"wp-block-column\"><!-- wp:heading {\"textAlign\":\"center\",\"level\":3} -->\n<h3 class=\"wp-block-heading has-text-align-center\"><strong>10,000<\/strong>m<sup>2<\/sup><\/h3>\n<!-- \/wp:heading --><!-- wp:paragraph {\"align\":\"center\"} -->\n<p class=\"has-text-align-center\">10 000 tunnland teoljeplantage<\/p>\n<!-- \/wp:paragraph --><\/div>\n<!-- \/wp:column --><!-- wp:column -->\n<div class=\"wp-block-column\"><!-- wp:heading {\"textAlign\":\"center\",\"level\":3} -->\n<h3 class=\"wp-block-heading has-text-align-center\"><strong>200,000<\/strong><\/h3>\n<!-- \/wp:heading --><!-- wp:paragraph {\"align\":\"center\"} -->\n<p class=\"has-text-align-center\">200 000 ton m\u00e5nadsproduktion<\/p>\n<!-- \/wp:paragraph --><\/div>\n<!-- \/wp:column --><\/div>\n<!-- \/wp:columns --><!-- wp:paragraph {\"align\":\"center\",\"style\":{\"color\":{\"text\":\"#007f44\"},\"elements\":{\"link\":{\"color\":{\"text\":\"#007f44\"}}}},\"fontSize\":\"x-large\"} -->\n<p class=\"has-text-align-center has-text-color has-link-color has-x-large-font-size\" style=\"color: #007f44;\"><strong>Vad vi g\u00f6r<\/strong><\/p>\n<!-- \/wp:paragraph --><!-- wp:paragraph {\"align\":\"center\",\"style\":{\"color\":{\"text\":\"#6c757d\"},\"elements\":{\"link\":{\"color\":{\"text\":\"#6c757d\"}}}}} -->\n<p class=\"has-text-align-center has-text-color has-link-color\" style=\"color: #6c757d;\">Vi erbjuder tj\u00e4nster dedikerade till att uppfylla din vision<\/p>\n<!-- \/wp:paragraph --><!-- wp:columns {\"className\":\"mb-60\"} -->\n<div class=\"wp-block-columns mb-60\"><!-- wp:column {\"style\":{\"color\":{\"background\":\"#eaeff2\"}}} -->\n<div class=\"wp-block-column has-background\" style=\"background-color: #eaeff2;\"><!-- wp:image {\"id\":953,\"sizeSlug\":\"full\",\"linkDestination\":\"none\"} -->\n<figure class=\"wp-block-image size-full\"><img decoding=\"async\" width=\"600\" height=\"400\" class=\"wp-image-953\" src=\"https:\/\/ruiqigo.com\/wp-content\/uploads\/2024\/08\/Customized-formulas.jpg\" alt=\"Anpassa formler f\u00f6r daglig anv\u00e4ndning\" \/><\/figure>\n<!-- \/wp:image --><!-- wp:group {\"className\":\"pl-20 pr-20 pt-30 pb-30\",\"layout\":{\"type\":\"constrained\"}} -->\n<div class=\"wp-block-group pl-20 pr-20 pt-30 pb-30\"><!-- wp:heading {\"textAlign\":\"center\",\"level\":3} -->\n<h3 class=\"wp-block-heading has-text-align-center\"><strong>Skr\u00e4ddarsydda formler<\/strong><\/h3>\n<!-- \/wp:heading --><!-- wp:paragraph -->\n<p>Har du inget recept att ta fram men vill starta ditt varum\u00e4rke? Kontakta oss! Vi kommer att f\u00f6rs\u00f6ka k\u00e4nna ditt varum\u00e4rkes syfte, arbeta med dig f\u00f6r att anpassa formeln och producera de produkter du vill ha p\u00e5 ett enda stopp!<\/p>\n<!-- \/wp:paragraph --><\/div>\n<!-- \/wp:group --><\/div>\n<!-- \/wp:column --><!-- wp:column {\"style\":{\"color\":{\"background\":\"#eaeff2\"}}} -->\n<div class=\"wp-block-column has-background\" style=\"background-color: #eaeff2;\"><!-- wp:image {\"id\":954,\"sizeSlug\":\"full\",\"linkDestination\":\"none\"} -->\n<figure class=\"wp-block-image size-full\"><img decoding=\"async\" width=\"600\" height=\"400\" class=\"wp-image-954\" src=\"https:\/\/ruiqigo.com\/wp-content\/uploads\/2024\/08\/Ready-made-recipes.jpg\" alt=\"F\u00e4rdiga recept\" \/><\/figure>\n<!-- \/wp:image --><!-- wp:group {\"className\":\"pl-20 pr-20 pt-30 pb-30\",\"layout\":{\"type\":\"constrained\"}} -->\n<div class=\"wp-block-group pl-20 pr-20 pt-30 pb-30\"><!-- wp:heading {\"textAlign\":\"center\",\"level\":3} -->\n<h3 class=\"wp-block-heading has-text-align-center\"><strong>F\u00e4rdiga recept<\/strong><\/h3>\n<!-- \/wp:heading --><!-- wp:paragraph -->\n<p>Vill du producera en specifik vara men vet inte receptet? Har du n\u00e5gra id\u00e9er men inget vettigt recept? Arbeta med oss f\u00f6r att l\u00f6sa dina formulerings- och produktionsproblem. V\u00e4lj bland recepten vi har och g\u00f6r n\u00e5gra justeringar f\u00f6r att f\u00f6rverkliga din produkt.<\/p>\n<!-- \/wp:paragraph --><\/div>\n<!-- \/wp:group --><\/div>\n<!-- \/wp:column --><!-- wp:column {\"style\":{\"color\":{\"background\":\"#eaeff2\"}}} -->\n<div class=\"wp-block-column has-background\" style=\"background-color: #eaeff2;\"><!-- wp:image {\"id\":956,\"sizeSlug\":\"full\",\"linkDestination\":\"none\"} -->\n<figure class=\"wp-block-image size-full\"><img loading=\"lazy\" decoding=\"async\" width=\"600\" height=\"400\" class=\"wp-image-956\" src=\"https:\/\/ruiqigo.com\/wp-content\/uploads\/2024\/08\/Customizable-packaging.jpg\" alt=\"Anpassa f\u00f6rpackningar f\u00f6r daglig anv\u00e4ndning\" \/><\/figure>\n<!-- \/wp:image --><!-- wp:group {\"className\":\"pl-20 pr-20 pt-30 pb-30\",\"layout\":{\"type\":\"constrained\"}} -->\n<div class=\"wp-block-group pl-20 pr-20 pt-30 pb-30\"><!-- wp:heading {\"textAlign\":\"center\",\"level\":3} -->\n<h3 class=\"wp-block-heading has-text-align-center\"><strong>Anpassningsbar f\u00f6rpackning<\/strong><\/h3>\n<!-- \/wp:heading --><!-- wp:paragraph -->\n<p>F\u00f6r dagliga v\u00e5rdprodukter \u00e4r vackra f\u00f6rpackningar en symbol f\u00f6r deras h\u00f6ga kvalitet och goda ingredienser. Vi har erfarenhet av att designa f\u00f6rpackningar f\u00f6r produkter, s\u00e5 samarbeta med oss s\u00e5 kan vi designa ett paket som s\u00e4tter pricken \u00f6ver i:et.<\/p>\n<!-- \/wp:paragraph --><\/div>\n<!-- \/wp:group --><\/div>\n<!-- \/wp:column --><!-- wp:column {\"style\":{\"color\":{\"background\":\"#eaeff2\"}}} -->\n<div class=\"wp-block-column has-background\" style=\"background-color: #eaeff2;\"><!-- wp:image {\"id\":957,\"sizeSlug\":\"full\",\"linkDestination\":\"none\"} -->\n<figure class=\"wp-block-image size-full\"><img decoding=\"async\" class=\"wp-image-957\" src=\"https:\/\/ruiqigo.com\/wp-content\/uploads\/2024\/08\/Sustainable-manner.jpg\" alt=\"H\u00e5llbart s\u00e4tt\" \/><\/figure>\n<!-- \/wp:image --><!-- wp:group {\"className\":\"pl-20 pr-20 pt-30 pb-30\",\"layout\":{\"type\":\"constrained\"}} -->\n<div class=\"wp-block-group pl-20 pr-20 pt-30 pb-30\"><!-- wp:heading {\"textAlign\":\"center\",\"level\":3} -->\n<h3 class=\"wp-block-heading has-text-align-center\"><strong>H\u00e5llbart s\u00e4tt<\/strong><\/h3>\n<!-- \/wp:heading --><!-- wp:paragraph -->\n<p>Funderar du p\u00e5 h\u00e5llbarhet? V\u00e5ra fabriker \u00e4r engagerade i en h\u00e5llbar produktionsfilosofi och v\u00e5ra produkter \u00e4r fulla av h\u00e5llbara f\u00e4rger, ett partnerskap med oss kan bidra till din h\u00e5llbara vision.<\/p>\n<!-- \/wp:paragraph --><\/div>\n<!-- \/wp:group --><\/div>\n<!-- \/wp:column --><\/div>\n<!-- \/wp:columns --><!-- wp:paragraph {\"align\":\"center\",\"style\":{\"color\":{\"text\":\"#007f44\"},\"elements\":{\"link\":{\"color\":{\"text\":\"#007f44\"}}}},\"fontSize\":\"x-large\"} -->\n<p class=\"has-text-align-center has-text-color has-link-color has-x-large-font-size\" style=\"color: #007f44;\"><strong>Vi hj\u00e4lper dig<\/strong><\/p>\n<!-- \/wp:paragraph --><!-- wp:columns {\"className\":\"mb-60\"} -->\n<div class=\"wp-block-columns mb-60\"><!-- wp:column -->\n<div class=\"wp-block-column\"><!-- wp:cover {\"url\":\"https:\/\/ruiqigo.com\/wp-content\/uploads\/2024\/08\/1.-Help-you-build-your-own-brand.jpg\",\"id\":959,\"dimRatio\":30,\"overlayColor\":\"black\",\"isUserOverlayColor\":true,\"isDark\":false,\"layout\":{\"type\":\"constrained\"}} -->\n<div class=\"wp-block-cover is-light\"><img loading=\"lazy\" decoding=\"async\" width=\"600\" height=\"400\" class=\"wp-block-cover__image-background wp-image-959\" src=\"https:\/\/ruiqigo.com\/wp-content\/uploads\/2024\/08\/1.-Help-you-build-your-own-brand.jpg\" alt=\"\" data-object-fit=\"cover\" \/>\n<div class=\"wp-block-cover__inner-container\"><!-- wp:paragraph {\"align\":\"center\",\"style\":{\"elements\":{\"link\":{\"color\":{\"text\":\"var:preset|color|white\"}}},\"typography\":{\"fontSize\":\"24px\"}},\"textColor\":\"white\"} -->\n<p class=\"has-text-align-center has-white-color has-text-color has-link-color\" style=\"font-size: 24px;\">1. Hj\u00e4lp dig att bygga ditt eget varum\u00e4rke<\/p>\n<!-- \/wp:paragraph --><\/div>\n<\/div>\n<!-- \/wp:cover --><\/div>\n<!-- \/wp:column --><!-- wp:column -->\n<div class=\"wp-block-column\"><!-- wp:cover {\"url\":\"https:\/\/ruiqigo.com\/wp-content\/uploads\/2024\/08\/2.-Help-you-produce-products-that-meet-the-specific-needs-of-beauty-salons.jpg\",\"id\":960,\"dimRatio\":30,\"overlayColor\":\"black\",\"isUserOverlayColor\":true,\"isDark\":false,\"layout\":{\"type\":\"constrained\"}} -->\n<div class=\"wp-block-cover is-light\"><img loading=\"lazy\" decoding=\"async\" width=\"600\" height=\"400\" class=\"wp-block-cover__image-background wp-image-960\" src=\"https:\/\/ruiqigo.com\/wp-content\/uploads\/2024\/08\/2.-Help-you-produce-products-that-meet-the-specific-needs-of-beauty-salons.jpg\" alt=\"\" data-object-fit=\"cover\" \/>\n<div class=\"wp-block-cover__inner-container\"><!-- wp:paragraph {\"align\":\"center\",\"placeholder\":\"\u7f16\u5199\u6807\u9898\u2026\",\"style\":{\"elements\":{\"link\":{\"color\":{\"text\":\"var:preset|color|white\"}}},\"typography\":{\"fontSize\":\"24px\"}},\"textColor\":\"white\"} -->\n<p class=\"has-text-align-center has-white-color has-text-color has-link-color\" style=\"font-size: 24px;\">2. Hj\u00e4lpa dig att producera produkter som m\u00f6ter sk\u00f6nhetssalongernas specifika behov<\/p>\n<!-- \/wp:paragraph --><\/div>\n<\/div>\n<!-- \/wp:cover --><\/div>\n<!-- \/wp:column --><!-- wp:column -->\n<div class=\"wp-block-column\"><!-- wp:cover {\"url\":\"https:\/\/ruiqigo.com\/wp-content\/uploads\/2024\/08\/3.-Producing-products-with-established-formulations-and-packaging-in-large-quantities-for-you.jpg\",\"id\":961,\"dimRatio\":30,\"overlayColor\":\"black\",\"isUserOverlayColor\":true,\"isDark\":false,\"layout\":{\"type\":\"constrained\"}} -->\n<div class=\"wp-block-cover is-light\"><img loading=\"lazy\" decoding=\"async\" width=\"600\" height=\"400\" class=\"wp-block-cover__image-background wp-image-961\" src=\"https:\/\/ruiqigo.com\/wp-content\/uploads\/2024\/08\/3.-Producing-products-with-established-formulations-and-packaging-in-large-quantities-for-you.jpg\" alt=\"\" data-object-fit=\"cover\" \/>\n<div class=\"wp-block-cover__inner-container\"><!-- wp:paragraph {\"align\":\"center\",\"placeholder\":\"\u7f16\u5199\u6807\u9898\u2026\",\"style\":{\"elements\":{\"link\":{\"color\":{\"text\":\"var:preset|color|white\"}}},\"typography\":{\"fontSize\":\"24px\"}},\"textColor\":\"white\"} -->\n<p class=\"has-text-align-center has-white-color has-text-color has-link-color\" style=\"font-size: 24px;\">3. Att producera produkter med etablerade formuleringar och f\u00f6rpackningar i stora m\u00e4ngder \u00e5t dig<\/p>\n<!-- \/wp:paragraph --><\/div>\n<\/div>\n<!-- \/wp:cover --><\/div>\n<!-- \/wp:column --><\/div>\n<!-- \/wp:columns --><!-- wp:paragraph {\"align\":\"center\",\"style\":{\"color\":{\"text\":\"#007f44\"},\"elements\":{\"link\":{\"color\":{\"text\":\"#007f44\"}}}},\"fontSize\":\"x-large\"} -->\n<p class=\"has-text-align-center has-text-color has-link-color has-x-large-font-size\" style=\"color: #007f44;\"><strong>Varf\u00f6r v\u00e4lja oss<\/strong><\/p>\n<!-- \/wp:paragraph --><!-- wp:paragraph {\"align\":\"center\",\"style\":{\"color\":{\"text\":\"#6c757d\"},\"elements\":{\"link\":{\"color\":{\"text\":\"#6c757d\"}}}}} -->\n<p class=\"has-text-align-center has-text-color has-link-color\" style=\"color: #6c757d;\">V\u00e5ra f\u00f6rdelar \u00e4r betydelsen av ditt r\u00e4tta val<\/p>\n<!-- \/wp:paragraph --><!-- wp:list {\"ordered\":true,\"className\":\"mb-60\"} -->\n<ol class=\"wp-block-list mb-60\"><!-- wp:list-item -->\n<li><strong>H\u00d6GKVALITETSPRODUKTER<\/strong>: Avancerade dagliga kemikalieproduktionsanl\u00e4ggningar och strikta kvalitetskontrollsystem s\u00e4kerst\u00e4ller att produkterna uppfyller internationella standarder. H\u00f6gkvalitativa r\u00e5varor och strikt kontroll av produktionsprocessen s\u00e4kerst\u00e4ller produkternas s\u00e4kerhet och effektivitet.<\/li>\n<!-- \/wp:list-item --><!-- wp:list-item -->\n<li><strong>ANPASSNING:<\/strong>\u00a0Vi kan anpassa dagliga kemiska produkter f\u00f6r att m\u00f6ta behoven hos v\u00e5ra kunder enligt deras varum\u00e4rkeskoncept, m\u00e5lmarknad och produktpositionering.<\/li>\n<!-- \/wp:list-item --><!-- wp:list-item -->\n<li><strong>SNABB SVAR: <\/strong>En effektiv produktionsprocess kan snabbt svara p\u00e5 dina behov. Vi kan flexibelt anpassa produktionsschemat efter din best\u00e4llningskvantitet och leveranstid f\u00f6r att s\u00e4kerst\u00e4lla snabb leverans av produkter.<\/li>\n<!-- \/wp:list-item --><!-- wp:list-item -->\n<li><strong>PRISF\u00d6RDEL: <\/strong>3TOP har en kostnadsf\u00f6rdel och kan erbjuda konkurrenskraftiga priser till kunderna. Vi kan effektivt kontrollera produktionskostnaden och ge dig ett f\u00f6rm\u00e5nligt pris.<\/li>\n<!-- \/wp:list-item --><!-- wp:list-item -->\n<li><strong>MILJ\u00d6V\u00c4NLIG F\u00d6RPACKNING:<\/strong>\u00a0Vi anv\u00e4nder biologiskt nedbrytbara och \u00e5tervinningsbara dagliga kemikalief\u00f6rpackningsmaterial och anv\u00e4nder aktivt milj\u00f6v\u00e4nliga produktionsprocesser f\u00f6r att minimera p\u00e5verkan p\u00e5 milj\u00f6n.<\/li>\n<!-- \/wp:list-item --><!-- wp:list-item -->\n<li><strong>PROFESSIONELLT TEAM:<\/strong>\u00a0Med ett erfaret FoU-team kan vi ge dig professionell teknisk support. Vi kan tillhandah\u00e5lla formeldesign, f\u00f6rpackningsdesign, produkttester och andra tj\u00e4nster enligt dina behov.<\/li>\n<!-- \/wp:list-item --><\/ol>\n<!-- \/wp:list --><!-- wp:paragraph {\"align\":\"center\",\"style\":{\"color\":{\"text\":\"#007f44\"},\"elements\":{\"link\":{\"color\":{\"text\":\"#007f44\"}}}},\"fontSize\":\"x-large\"} -->\n<p class=\"has-text-align-center has-text-color has-link-color has-x-large-font-size\" style=\"color: #007f44;\"><strong>Certifikat<\/strong><\/p>\n<!-- \/wp:paragraph --><!-- wp:columns -->\n<div class=\"wp-block-columns\"><!-- wp:column -->\n<div class=\"wp-block-column\"><!-- wp:image {\"id\":211,\"sizeSlug\":\"full\",\"linkDestination\":\"none\"} -->\n<figure class=\"wp-block-image size-full\"><img loading=\"lazy\" decoding=\"async\" width=\"1200\" height=\"1600\" class=\"wp-image-211\" src=\"https:\/\/ruiqigo.com\/wp-content\/uploads\/2024\/06\/GMP.jpg\" alt=\"Certifikat\" srcset=\"https:\/\/www.ruiqigo.com\/wp-content\/uploads\/2024\/06\/GMP.jpg 1200w, https:\/\/www.ruiqigo.com\/wp-content\/uploads\/2024\/06\/GMP-768x1024.jpg 768w, https:\/\/www.ruiqigo.com\/wp-content\/uploads\/2024\/06\/GMP-1152x1536.jpg 1152w\" sizes=\"(max-width: 1200px) 100vw, 1200px\" \/><\/figure>\n<!-- \/wp:image --><\/div>\n<!-- \/wp:column --><!-- wp:column -->\n<div class=\"wp-block-column\"><!-- wp:image {\"id\":210,\"sizeSlug\":\"full\",\"linkDestination\":\"none\"} -->\n<figure class=\"wp-block-image size-full\"><img loading=\"lazy\" decoding=\"async\" width=\"1200\" height=\"1600\" class=\"wp-image-210\" src=\"https:\/\/ruiqigo.com\/wp-content\/uploads\/2024\/06\/FDA.jpg\" alt=\"Certifikat\" srcset=\"https:\/\/www.ruiqigo.com\/wp-content\/uploads\/2024\/06\/FDA.jpg 1200w, https:\/\/www.ruiqigo.com\/wp-content\/uploads\/2024\/06\/FDA-768x1024.jpg 768w, https:\/\/www.ruiqigo.com\/wp-content\/uploads\/2024\/06\/FDA-1152x1536.jpg 1152w\" sizes=\"(max-width: 1200px) 100vw, 1200px\" \/><\/figure>\n<!-- \/wp:image --><\/div>\n<!-- \/wp:column --><!-- wp:column -->\n<div class=\"wp-block-column\"><!-- wp:image {\"id\":208,\"sizeSlug\":\"full\",\"linkDestination\":\"none\"} -->\n<figure class=\"wp-block-image size-full\"><img loading=\"lazy\" decoding=\"async\" width=\"1200\" height=\"1600\" class=\"wp-image-208\" src=\"https:\/\/ruiqigo.com\/wp-content\/uploads\/2024\/06\/ISO22716.jpg\" alt=\"Certifikat\" srcset=\"https:\/\/www.ruiqigo.com\/wp-content\/uploads\/2024\/06\/ISO22716.jpg 1200w, https:\/\/www.ruiqigo.com\/wp-content\/uploads\/2024\/06\/ISO22716-768x1024.jpg 768w, https:\/\/www.ruiqigo.com\/wp-content\/uploads\/2024\/06\/ISO22716-1152x1536.jpg 1152w\" sizes=\"(max-width: 1200px) 100vw, 1200px\" \/><\/figure>\n<!-- \/wp:image --><\/div>\n<!-- \/wp:column --><!-- wp:column -->\n<div class=\"wp-block-column\"><!-- wp:image {\"id\":209,\"sizeSlug\":\"full\",\"linkDestination\":\"none\"} -->\n<figure class=\"wp-block-image size-full\"><img loading=\"lazy\" decoding=\"async\" width=\"1200\" height=\"1600\" class=\"wp-image-209\" src=\"https:\/\/ruiqigo.com\/wp-content\/uploads\/2024\/06\/WALMART.jpg\" alt=\"Certifikat\" srcset=\"https:\/\/www.ruiqigo.com\/wp-content\/uploads\/2024\/06\/WALMART.jpg 1200w, https:\/\/www.ruiqigo.com\/wp-content\/uploads\/2024\/06\/WALMART-768x1024.jpg 768w, https:\/\/www.ruiqigo.com\/wp-content\/uploads\/2024\/06\/WALMART-1152x1536.jpg 1152w\" sizes=\"(max-width: 1200px) 100vw, 1200px\" \/><\/figure>\n<!-- \/wp:image --><\/div>\n<!-- \/wp:column --><!-- wp:column -->\n<div class=\"wp-block-column\"><!-- wp:image {\"id\":207,\"sizeSlug\":\"full\",\"linkDestination\":\"none\"} -->\n<figure class=\"wp-block-image size-full\"><img loading=\"lazy\" decoding=\"async\" width=\"1200\" height=\"1600\" class=\"wp-image-207\" src=\"https:\/\/ruiqigo.com\/wp-content\/uploads\/2024\/06\/ISO9001.jpg\" alt=\"Certifikat\" srcset=\"https:\/\/www.ruiqigo.com\/wp-content\/uploads\/2024\/06\/ISO9001.jpg 1200w, https:\/\/www.ruiqigo.com\/wp-content\/uploads\/2024\/06\/ISO9001-768x1024.jpg 768w, https:\/\/www.ruiqigo.com\/wp-content\/uploads\/2024\/06\/ISO9001-1152x1536.jpg 1152w\" sizes=\"(max-width: 1200px) 100vw, 1200px\" \/><\/figure>\n<!-- \/wp:image --><\/div>\n<!-- \/wp:column --><\/div>\n<!-- \/wp:columns -->\t\t\t\t\t\t\t\t<\/div>\n\t\t\t\t<\/div>\n\t\t\t\t\t<\/div>\n\t\t\t\t<\/div>\n\t\t\t\t<\/div>","protected":false},"excerpt":{"rendered":"Who We Are A quality, cost-effective and result-oriented partner for you. 3TOP is the proprietary brand of RuiqiGO, a subsidiary of Sanzhuangyuan Biotechnology, which has been a leader in the beauty and personal care industry for over 20 years. By now, it has a large-scale, fully equipped daily chemical factory specializing in the processing of [&hellip;]","protected":false},"author":9,"featured_media":764,"parent":0,"menu_order":0,"comment_status":"closed","ping_status":"closed","template":"","meta":{"footnotes":""},"class_list":["post-7","page","type-page","status-publish","has-post-thumbnail","hentry"],"acf":[],"_links":{"self":[{"href":"https:\/\/www.ruiqigo.com\/sv\/wp-json\/wp\/v2\/pages\/7","targetHints":{"allow":["GET"]}}],"collection":[{"href":"https:\/\/www.ruiqigo.com\/sv\/wp-json\/wp\/v2\/pages"}],"about":[{"href":"https:\/\/www.ruiqigo.com\/sv\/wp-json\/wp\/v2\/types\/page"}],"author":[{"embeddable":true,"href":"https:\/\/www.ruiqigo.com\/sv\/wp-json\/wp\/v2\/users\/9"}],"replies":[{"embeddable":true,"href":"https:\/\/www.ruiqigo.com\/sv\/wp-json\/wp\/v2\/comments?post=7"}],"version-history":[{"count":0,"href":"https:\/\/www.ruiqigo.com\/sv\/wp-json\/wp\/v2\/pages\/7\/revisions"}],"wp:featuredmedia":[{"embeddable":true,"href":"https:\/\/www.ruiqigo.com\/sv\/wp-json\/wp\/v2\/media\/764"}],"wp:attachment":[{"href":"https:\/\/www.ruiqigo.com\/sv\/wp-json\/wp\/v2\/media?parent=7"}],"curies":[{"name":"wp","href":"https:\/\/api.w.org\/{rel}","templated":true}]}}