{"id":8,"date":"2024-04-24T15:41:08","date_gmt":"2024-04-24T07:41:08","guid":{"rendered":"https:\/\/ruiqigo.com\/?page_id=8"},"modified":"2024-11-21T17:44:56","modified_gmt":"2024-11-21T09:44:56","slug":"sustainability","status":"publish","type":"page","link":"https:\/\/www.ruiqigo.com\/sv\/sustainability","title":{"rendered":"H\u00e5llbarhet"},"content":{"rendered":"<p>Kinas industrier fokuserar p\u00e5 m\u00e5let &quot;dual-carbon&quot;, som syftar till att minska koldioxidutsl\u00e4pp och f\u00f6roreningar. Detta \u00e4r viktigt f\u00f6r att g\u00f6ra ekonomin och samh\u00e4llet mer milj\u00f6v\u00e4nligt och h\u00e5llbart. Den dagliga hudv\u00e5rdsindustrin arbetar ocks\u00e5 mot detta m\u00e5l. 3TOP st\u00f6djer id\u00e9n om h\u00e5llbar utveckling och har gjort bra ifr\u00e5n sig n\u00e4r det g\u00e4ller att spara energi, minska koldioxidutsl\u00e4ppen och skydda milj\u00f6n. 3TOP visar sitt engagemang f\u00f6r h\u00e5llbarhet p\u00e5 tre huvudsakliga s\u00e4tt: hur man odlar r\u00e5varor, hur man driver sina fabriker och vilka f\u00f6rpackningar man anv\u00e4nder. F\u00f6retagets strategi inkluderar h\u00e5llbara ink\u00f6p, milj\u00f6v\u00e4nlig tillverkning och f\u00f6rpackningsmaterial.<\/p>\n\n\n\n<h2 class=\"wp-block-heading has-text-align-center\"><strong>1. R\u00e5varuproduktionsbas<\/strong><\/h2>\n\n\n\n<h3 class=\"wp-block-heading\"><strong>Urval av h\u00e5llbara r\u00e5varor<\/strong><\/h3>\n\n\n\n<div class=\"wp-block-columns are-vertically-aligned-center mb-60 is-layout-flex wp-container-core-columns-is-layout-9d6595d7 wp-block-columns-is-layout-flex\">\n<div class=\"wp-block-column is-vertically-aligned-center is-layout-flow wp-block-column-is-layout-flow\">\n<figure class=\"wp-block-image size-full\"><img fetchpriority=\"high\" decoding=\"async\" width=\"800\" height=\"450\" src=\"https:\/\/www.ruiqigo.com\/wp-content\/uploads\/2024\/07\/7.jpg\" alt=\"\" class=\"wp-image-719\" srcset=\"https:\/\/www.ruiqigo.com\/wp-content\/uploads\/2024\/07\/7.jpg 800w, https:\/\/www.ruiqigo.com\/wp-content\/uploads\/2024\/07\/7-768x432.jpg 768w\" sizes=\"(max-width: 800px) 100vw, 800px\" \/><\/figure>\n<\/div>\n\n\n\n<div class=\"wp-block-column is-vertically-aligned-center is-layout-flow wp-block-column-is-layout-flow\">\n<p>3TOP prioriterar h\u00e5llbara certifierade r\u00e5varor, s\u00e5som ekologiska v\u00e4xtextrakt och naturliga ingredienser, f\u00f6r att minska den negativa p\u00e5verkan p\u00e5 milj\u00f6n. En av de representativa ingredienserna \u00e4r teolja, som inte bara \u00e4r en matolja utan ocks\u00e5 har en l\u00e5ng historia av hudv\u00e5rd. Teolja har f\u00f6rm\u00e5gan att ge n\u00e4ring till h\u00e5ret och skydda h\u00e5rbotten. Teolja \u00e4r rik p\u00e5 n\u00e4rings\u00e4mnen som ger n\u00e4ring \u00e5t h\u00e5ret fr\u00e5n rot till topp, vilket ger en omfattande v\u00e5rd f\u00f6r h\u00e5ret. F\u00f6r m\u00e5nga m\u00e4nniskor \u00e4r teolja en naturlig h\u00e5rv\u00e5rdsprodukt v\u00e4rd att prova. Det finns ocks\u00e5 Tea Saponin Extract, ett naturligt v\u00e4xtextrakt som h\u00e4rr\u00f6r fr\u00e5n temj\u00f6lskaka efter oljeextraktion, som har en m\u00e4ngd olika antioxidanter och antiinflammatoriska egenskaper som ocks\u00e5 g\u00f6r den till en utm\u00e4rkt produkt f\u00f6r naturliga behandlingar.<\/p>\n<\/div>\n<\/div>\n\n\n\n<div class=\"wp-block-columns are-vertically-aligned-center mb-60 is-layout-flex wp-container-core-columns-is-layout-9d6595d7 wp-block-columns-is-layout-flex\">\n<div class=\"wp-block-column is-vertically-aligned-center is-layout-flow wp-block-column-is-layout-flow\">\n<p>3TOP anv\u00e4nder tesaponin i sina produkter, som kommer fr\u00e5n deras egen teplantage. Denna plantage t\u00e4cker 10 000 hektar i Yong Tai County, n\u00e4ra Fuzhou, huvudstaden i Fujian-provinsen. 3TOP hanterar noggrant kvaliteten p\u00e5 teplantan fr\u00e5n k\u00e4llan och justerar hur den bearbetas f\u00f6r anv\u00e4ndning i hudv\u00e5rdsindustrin. F\u00f6retagets stora teplantage \u00e4r v\u00e4lsk\u00f6tt f\u00f6r att s\u00e4kerst\u00e4lla att r\u00e5varorna \u00e4r rena och s\u00e4kra. Med ett s\u00e4tt att g\u00f6ra saker kan 3TOP h\u00e5lla kvaliteten p\u00e5 r\u00e5varorna konsekvent och p\u00e5litlig.<\/p>\n<\/div>\n\n\n\n<div class=\"wp-block-column is-vertically-aligned-center is-layout-flow wp-block-column-is-layout-flow\">\n<figure class=\"wp-block-image size-full\"><img decoding=\"async\" width=\"800\" height=\"450\" src=\"https:\/\/www.ruiqigo.com\/wp-content\/uploads\/2024\/07\/5.jpg\" alt=\"\" class=\"wp-image-721\" srcset=\"https:\/\/www.ruiqigo.com\/wp-content\/uploads\/2024\/07\/5.jpg 800w, https:\/\/www.ruiqigo.com\/wp-content\/uploads\/2024\/07\/5-768x432.jpg 768w\" sizes=\"(max-width: 800px) 100vw, 800px\" \/><\/figure>\n<\/div>\n<\/div>\n\n\n\n<h3 class=\"wp-block-heading\"><strong>Den ekologiska och milj\u00f6v\u00e4nliga planteringsmodellen<\/strong><\/h3>\n\n\n\n<div class=\"wp-block-columns are-vertically-aligned-center mb-60 is-layout-flex wp-container-core-columns-is-layout-9d6595d7 wp-block-columns-is-layout-flex\">\n<div class=\"wp-block-column is-vertically-aligned-center is-layout-flow wp-block-column-is-layout-flow\">\n<figure class=\"wp-block-image size-full\"><img decoding=\"async\" width=\"800\" height=\"450\" src=\"https:\/\/www.ruiqigo.com\/wp-content\/uploads\/2024\/07\/10.jpg\" alt=\"\" class=\"wp-image-723\" srcset=\"https:\/\/www.ruiqigo.com\/wp-content\/uploads\/2024\/07\/10.jpg 800w, https:\/\/www.ruiqigo.com\/wp-content\/uploads\/2024\/07\/10-768x432.jpg 768w\" sizes=\"(max-width: 800px) 100vw, 800px\" \/><\/figure>\n<\/div>\n\n\n\n<div class=\"wp-block-column is-vertically-aligned-center is-layout-flow wp-block-column-is-layout-flow\">\n<p>I 3TOPs bas anammar vi ekologiska odlingsmetoder och v\u00e4grar att anv\u00e4nda kemiska bek\u00e4mpningsmedel och konstg\u00f6dsel. Vi l\u00e5ter v\u00e4xterna v\u00e4xa under det naturligt \u00e5terfuktade regnet och lever i harmoni med jorden och mikroorganismerna f\u00f6r att s\u00e4kerst\u00e4lla r\u00e5varornas renhet och s\u00e4kerhet. Samtidigt fokuserar 3TOP p\u00e5 att bevara den biologiska m\u00e5ngfalden och skydda de hem d\u00e4r alla slags varelser trivs. Ut\u00f6ver ekologisk odling introducerar 3TOP \u00e4ven aktivt avancerade vattenbesparande bevattningssystem f\u00f6r att minimera sl\u00f6seri med vatten genom att exakt kontrollera m\u00e4ngden vatten och bevattningstid. Vi fokuserar ocks\u00e5 p\u00e5 rening och \u00e5tervinning av avloppsvatten f\u00f6r att s\u00e4kerst\u00e4lla att varje droppe vatten utnyttjas till sitt fulla v\u00e4rde.<\/p>\n<\/div>\n<\/div>\n\n\n\n<h2 class=\"wp-block-heading has-text-align-center\"><strong>2. Produktionsanl\u00e4ggning<\/strong><\/h2>\n\n\n\n<div class=\"wp-block-columns are-vertically-aligned-center mb-60 is-layout-flex wp-container-core-columns-is-layout-9d6595d7 wp-block-columns-is-layout-flex\">\n<div class=\"wp-block-column is-vertically-aligned-center is-layout-flow wp-block-column-is-layout-flow\">\n<h3 class=\"wp-block-heading\"><strong>Energibesparing och effektivitetsf\u00f6rb\u00e4ttring<\/strong><\/h3>\n\n\n\n<p>3TOP f\u00f6ljer en &quot;gr\u00f6n och omt\u00e4nksam&quot; produktionsmetod. De har byggt en stor, milj\u00f6v\u00e4nlig fabrik som \u00e4r 40 000 kvadratmeter stor, med en 60 hektar stor industritomt och en ren verkstad av h\u00f6g standard. De h\u00e5ller sig till en &quot;spara energi, g\u00e5 gr\u00f6nt, skydda milj\u00f6n&quot;-policy. 3TOP anv\u00e4nder uppdaterad utrustning och linjer som uppfyller GMP-standarderna, som anv\u00e4nds vid tillverkning av medicin. I deras fabrik d\u00e4r de tillverkar schampo och annat \u00e4r de gaser som sl\u00e4pps ut mycket l\u00e4gre \u00e4n vad Kinas inhemska standarder kr\u00e4ver. Detta hj\u00e4lper dem att spara \u00f6ver 600 kubikmeter naturgas varje dag och mer \u00e4n 600 000 RMB i gaskostnader varje \u00e5r.<\/p>\n<\/div>\n\n\n\n<div class=\"wp-block-column is-vertically-aligned-center is-layout-flow wp-block-column-is-layout-flow\">\n<figure class=\"wp-block-image size-full\"><img loading=\"lazy\" decoding=\"async\" width=\"800\" height=\"450\" src=\"https:\/\/www.ruiqigo.com\/wp-content\/uploads\/2024\/07\/11.jpg\" alt=\"\" class=\"wp-image-726\" srcset=\"https:\/\/www.ruiqigo.com\/wp-content\/uploads\/2024\/07\/11.jpg 800w, https:\/\/www.ruiqigo.com\/wp-content\/uploads\/2024\/07\/11-768x432.jpg 768w\" sizes=\"(max-width: 800px) 100vw, 800px\" \/><\/figure>\n<\/div>\n<\/div>\n\n\n\n<div class=\"wp-block-columns are-vertically-aligned-center mb-60 is-layout-flex wp-container-core-columns-is-layout-9d6595d7 wp-block-columns-is-layout-flex\">\n<div class=\"wp-block-column is-vertically-aligned-center is-layout-flow wp-block-column-is-layout-flow\">\n<figure class=\"wp-block-image size-full\"><img loading=\"lazy\" decoding=\"async\" width=\"800\" height=\"450\" src=\"https:\/\/www.ruiqigo.com\/wp-content\/uploads\/2024\/07\/3.jpg\" alt=\"\" class=\"wp-image-728\" srcset=\"https:\/\/www.ruiqigo.com\/wp-content\/uploads\/2024\/07\/3.jpg 800w, https:\/\/www.ruiqigo.com\/wp-content\/uploads\/2024\/07\/3-768x432.jpg 768w\" sizes=\"(max-width: 800px) 100vw, 800px\" \/><\/figure>\n<\/div>\n\n\n\n<div class=\"wp-block-column is-vertically-aligned-center is-layout-flow wp-block-column-is-layout-flow\">\n<h3 class=\"wp-block-heading\"><strong>Ren energianv\u00e4ndning<\/strong><strong><\/strong><\/h3>\n\n\n\n<p>Genom att installera 2 upps\u00e4ttningar solcellskraftgenereringssystem, utnyttjar 3TOP gr\u00f6n energi och minskar elf\u00f6rbrukningen, vilket ger h\u00f6g effektivitet och energibesparing i produktionen. Att generera el med solceller minskar inte bara avsev\u00e4rt beroendet av traditionella energik\u00e4llor, utan minskar ocks\u00e5 avsev\u00e4rt koldioxidutsl\u00e4ppen, vilket bidrar till jordens milj\u00f6skydd.<\/p>\n<\/div>\n<\/div>\n\n\n\n<div class=\"wp-block-columns are-vertically-aligned-center mb-60 is-layout-flex wp-container-core-columns-is-layout-9d6595d7 wp-block-columns-is-layout-flex\">\n<div class=\"wp-block-column is-vertically-aligned-center is-layout-flow wp-block-column-is-layout-flow\">\n<h3 class=\"wp-block-heading\"><strong>Gr\u00f6n process<\/strong><strong><\/strong><\/h3>\n\n\n\n<p>3TOP utforskar st\u00e4ndigt gr\u00f6na produktionsprocesser f\u00f6r att uppn\u00e5 n\u00e5gra speciella milj\u00f6m\u00e5l. Till exempel att avvisa mikrop\u00e4rlor av plast. Vardagliga toalettartiklar inneh\u00e5ller ofta stora m\u00e4ngder mikrop\u00e4rlor av plast, som \u00e4r plastpartiklar mindre \u00e4n 2 millimeter. Eftersom de \u00e4r sm\u00e5, n\u00e4r du anv\u00e4nder toalettartiklar med mikrop\u00e4rlor av plast, g\u00e5r dessa p\u00e4rlor ner i diskb\u00e4nken, tar sig f\u00f6rbi vattenreningsverk och hamnar i havet. Fisk och skaldjur \u00e4ter dem, och sedan blir de en del av v\u00e5r mat och \u00e4ven v\u00e5ra kroppar. 2015 sa en grupp i Europa som arbetar med kosmetika och personlig v\u00e5rd att f\u00f6retag borde sluta anv\u00e4nda mikrop\u00e4rlor av plast i sina produkter p\u00e5 egen hand.<\/p>\n<\/div>\n\n\n\n<div class=\"wp-block-column is-vertically-aligned-center is-layout-flow wp-block-column-is-layout-flow\">\n<figure class=\"wp-block-image size-full\"><img loading=\"lazy\" decoding=\"async\" width=\"800\" height=\"450\" src=\"https:\/\/www.ruiqigo.com\/wp-content\/uploads\/2024\/07\/6.jpg\" alt=\"\" class=\"wp-image-741\" srcset=\"https:\/\/www.ruiqigo.com\/wp-content\/uploads\/2024\/07\/6.jpg 800w, https:\/\/www.ruiqigo.com\/wp-content\/uploads\/2024\/07\/6-768x432.jpg 768w\" sizes=\"(max-width: 800px) 100vw, 800px\" \/><\/figure>\n<\/div>\n<\/div>\n\n\n\n<p>3TOP har tillverkat hudv\u00e5rds- och handtv\u00e4ttprodukter med naturliga grejer ist\u00e4llet f\u00f6r sm\u00e5 plastp\u00e4rlor ett tag nu. De anv\u00e4nder saker som valn\u00f6tter, mandel och olivgropar eftersom de \u00e4r precis r\u00e4tt f\u00f6r att g\u00f6ra kosmetika och de reng\u00f6r f\u00f6rsiktigt utan att repa huden. 3TOP f\u00f6rvandlar dessa till naturliga scrubs f\u00f6r att ers\u00e4tta plastp\u00e4rlor. Dessutom kan naturliga saker ibland f\u00e5 produkterna att se m\u00f6rkare ut, men 3TOP fixar detta genom att l\u00e4gga till ljusa f\u00e4rger som titandioxid. Detta \u00e4r s\u00e4kert och st\u00f6r inte din hud. Dessutom anv\u00e4nder 3TOP en speciell typ av majsst\u00e4rkelse som \u00e4r lite grov. Den reng\u00f6r bra, repar inte och g\u00e5r l\u00e4tt s\u00f6nder, vilket \u00e4r bra f\u00f6r milj\u00f6n.<\/p>\n\n\n\n<div class=\"wp-block-columns are-vertically-aligned-center mb-60 is-layout-flex wp-container-core-columns-is-layout-9d6595d7 wp-block-columns-is-layout-flex\">\n<div class=\"wp-block-column is-vertically-aligned-center is-layout-flow wp-block-column-is-layout-flow\">\n<figure class=\"wp-block-image size-full\"><img loading=\"lazy\" decoding=\"async\" width=\"800\" height=\"450\" src=\"https:\/\/www.ruiqigo.com\/wp-content\/uploads\/2024\/07\/12.jpg\" alt=\"\" class=\"wp-image-733\" srcset=\"https:\/\/www.ruiqigo.com\/wp-content\/uploads\/2024\/07\/12.jpg 800w, https:\/\/www.ruiqigo.com\/wp-content\/uploads\/2024\/07\/12-768x432.jpg 768w\" sizes=\"(max-width: 800px) 100vw, 800px\" \/><\/figure>\n<\/div>\n\n\n\n<div class=\"wp-block-column is-vertically-aligned-center is-layout-flow wp-block-column-is-layout-flow\">\n<h3 class=\"wp-block-heading\"><strong>\u00c5tervinning av avloppsvatten och gas<\/strong><strong><\/strong><\/h3>\n\n\n\n<p>3TOP f\u00f6ljer id\u00e9n om &quot;gr\u00f6nt uppdrag, klar framtid&quot; n\u00e4r det g\u00e4ller avloppsvatten och gas. De har inf\u00f6rt system f\u00f6r att \u00e5tervinna avloppsvatten och reng\u00f6ra spillgas i sin fabrik. Avloppsvattensystemet anv\u00e4nder bra filter och speciell reng\u00f6ring f\u00f6r att f\u00f6rvandla smutsigt vatten fr\u00e5n att g\u00f6ra saker till vatten som kan anv\u00e4ndas igen, vilket \u00e4r b\u00e4ttre f\u00f6r milj\u00f6n. Samtidigt anv\u00e4nder spillgassystemet tjusiga s\u00e4tt att rensa upp d\u00e5liga gaser och g\u00f6ra dem s\u00e4kra. Avloppsvattensystemet kan rensa upp 100 ton vatten varje dag, och spillgassystemet kan minska kemisk gas med 70% och CO2-gas med ytterligare 30% f\u00f6r varje sak de g\u00f6r. Dessutom tar 3TOP hand om hur de anv\u00e4nder och sl\u00e4nger saker som r\u00e5varor och kemikalier. De har ett system f\u00f6r att h\u00e5lla dem \u00e5tskilda och lagra dem, och de arbetar med ett annat f\u00f6retag f\u00f6r att \u00e5tervinna dem i tid.<\/p>\n<\/div>\n<\/div>\n\n\n\n<h2 class=\"wp-block-heading has-text-align-center\"><strong>3. Milj\u00f6v\u00e4nligt f\u00f6rpackningsmaterial<\/strong><\/h2>\n\n\n\n<div class=\"wp-block-columns are-vertically-aligned-center mb-60 is-layout-flex wp-container-core-columns-is-layout-9d6595d7 wp-block-columns-is-layout-flex\">\n<div class=\"wp-block-column is-vertically-aligned-center is-layout-flow wp-block-column-is-layout-flow\">\n<h3 class=\"wp-block-heading\"><strong>Anv\u00e4ndning av f\u00f6rstklassiga milj\u00f6v\u00e4nliga material:<\/strong><strong><\/strong><\/h3>\n\n\n\n<p>3TOP vet att gamla f\u00f6rpackningar kan skada milj\u00f6n, s\u00e5 de anv\u00e4nder milj\u00f6v\u00e4nliga material ist\u00e4llet. De anv\u00e4nder biologiskt nedbrytbar plast f\u00f6r sina produktf\u00f6rpackningar. Dessa plaster bryts l\u00e4tt ned i naturen och skadar inte milj\u00f6n eller v\u00e4xterna. Biologiskt nedbrytbar plast \u00e4r ett popul\u00e4rt och v\u00e4l bepr\u00f6vat val f\u00f6r f\u00f6rpackningar. De kan bryta ner snabbt med hj\u00e4lp av speciella \u00e4mnen som p\u00e5skyndar processen. Du kan hitta biologiskt nedbrytbara f\u00f6rpackningar som p\u00e5sar, sugr\u00f6r och pennor. Sedan 2020 har 3TOP arbetat med f\u00f6rpackningar som kan \u00e5tervinnas eller bryts ner i naturen. De har gjort sm\u00e5 p\u00e5sar i resestorlek som \u00e4r 10-12 ml, och folk i Europa och USA gillar dem verkligen.<\/p>\n<\/div>\n\n\n\n<div class=\"wp-block-column is-vertically-aligned-center is-layout-flow wp-block-column-is-layout-flow\">\n<figure class=\"wp-block-image size-full\"><img loading=\"lazy\" decoding=\"async\" width=\"800\" height=\"450\" src=\"https:\/\/www.ruiqigo.com\/wp-content\/uploads\/2024\/07\/9.jpg\" alt=\"\" class=\"wp-image-730\" srcset=\"https:\/\/www.ruiqigo.com\/wp-content\/uploads\/2024\/07\/9.jpg 800w, https:\/\/www.ruiqigo.com\/wp-content\/uploads\/2024\/07\/9-768x432.jpg 768w\" sizes=\"(max-width: 800px) 100vw, 800px\" \/><\/figure>\n<\/div>\n<\/div>\n\n\n\n<div class=\"wp-block-columns are-vertically-aligned-center mb-60 is-layout-flex wp-container-core-columns-is-layout-9d6595d7 wp-block-columns-is-layout-flex\">\n<div class=\"wp-block-column is-vertically-aligned-center is-layout-flow wp-block-column-is-layout-flow\">\n<figure class=\"wp-block-image size-full\"><img loading=\"lazy\" decoding=\"async\" width=\"800\" height=\"450\" src=\"https:\/\/www.ruiqigo.com\/wp-content\/uploads\/2024\/07\/8.jpg\" alt=\"\" class=\"wp-image-736\" srcset=\"https:\/\/www.ruiqigo.com\/wp-content\/uploads\/2024\/07\/8.jpg 800w, https:\/\/www.ruiqigo.com\/wp-content\/uploads\/2024\/07\/8-768x432.jpg 768w\" sizes=\"(max-width: 800px) 100vw, 800px\" \/><\/figure>\n<\/div>\n\n\n\n<div class=\"wp-block-column is-vertically-aligned-center is-layout-flow wp-block-column-is-layout-flow\">\n<h3 class=\"wp-block-heading\"><strong>Optimera f\u00f6rpackningsdesign<\/strong><strong><\/strong><\/h3>\n\n\n\n<p>3TOP arbetar ocks\u00e5 med att g\u00f6ra f\u00f6rpackningar b\u00e4ttre och anv\u00e4nda mindre av dem. De r\u00e4knar ut hur mycket utrymme och hur tungt deras produkter beh\u00f6ver, s\u00e5 att de kan g\u00f6ra l\u00e5dor som \u00e4r mindre och l\u00e4ttare. Detta hj\u00e4lper till att h\u00e5lla produkterna s\u00e4kra n\u00e4r de flyttas runt och minskar \u00e4ven avfallet. Till exempel gjorde 3TOP en ny box f\u00f6r ett schampom\u00e4rke. Det ser snyggt ut och sparar bl\u00e4ck, kartong, stoppning och utrymmet det tar i frakt. Med de gamla l\u00e5dorna fick man plats med fyra i en stor l\u00e5da som hade en bild p\u00e5. Den nya l\u00e5dan har en speciell botten som butiksarbetare kan ta av och anv\u00e4nda f\u00f6r att hantera schampot och visa det i butiken. Den nya designen anv\u00e4nder mycket mindre material. Den har en enkel &quot;papperslock&quot; som l\u00e4tt lossnar f\u00f6r att skydda schampot under frakten och beh\u00f6ver inte skrivas ut. Denna b\u00e4ttre f\u00f6rpackning hj\u00e4lper till att spara 67 ton papper, betyder att 52 f\u00e4rre stora lastbilar beh\u00f6vs f\u00f6r att flytta schampot och minskar bl\u00e4ckanv\u00e4ndningen med upp till 80% varje \u00e5r.<\/p>\n<\/div>\n<\/div>\n\n\n\n<p>Dessutom forts\u00e4tter 3TOP ocks\u00e5 att f\u00f6rb\u00e4ttra den nya pumppressdesignen f\u00f6r andra buteljerade och konserverade produkter, vilket sparar 8 ton plast per \u00e5r och 40 ton ytterkartonger av papper per \u00e5r genom att optimera f\u00f6rpackningsprocessen. Nylanserade schampoprodukter har sparat cirka 13% f\u00f6rpackningsf\u00f6rbrukning per flaska genom att f\u00f6rb\u00e4ttra locket och flaskans design.<\/p>\n\n\n\n<div class=\"wp-block-columns are-vertically-aligned-center mb-60 is-layout-flex wp-container-core-columns-is-layout-9d6595d7 wp-block-columns-is-layout-flex\">\n<div class=\"wp-block-column is-vertically-aligned-center is-layout-flow wp-block-column-is-layout-flow\">\n<h3 class=\"wp-block-heading\"><strong>Lanserade en strategi f\u00f6r \u00e5tervinning av f\u00f6rpackningar<\/strong><strong><\/strong><\/h3>\n\n\n\n<p>Forskning fr\u00e5n American Association for the Advancement of Science (AAAS) visar att cirka 40% av de drygt 400 miljoner ton plast som produceras varje \u00e5r kommer fr\u00e5n f\u00f6rpackningar och att denna plastf\u00f6rpackning vanligtvis endast anv\u00e4nds en g\u00e5ng innan den sl\u00e4ngs. Som svar har 3TOP inf\u00f6rt ett program f\u00f6r \u00e5tervinning av f\u00f6rpackningar f\u00f6r konsumenter f\u00f6r att uppmuntra dem att delta i milj\u00f6initiativ. Kunder kan ta med tomma kosmetiska flaskor till specialbutiker f\u00f6r att \u00e5tervinna dem. I geng\u00e4ld f\u00e5r de ett gratis provpaket med kosmetika. Detta hj\u00e4lper m\u00e4nniskor att samla in och \u00e5tervinna fler flaskor, vilket minskar m\u00e4ngden skr\u00e4p. De insamlade flaskorna kommer antingen att f\u00f6rvandlas till nya saker eller anv\u00e4ndas f\u00f6r att g\u00f6ra energi.<\/p>\n<\/div>\n\n\n\n<div class=\"wp-block-column is-vertically-aligned-center is-layout-flow wp-block-column-is-layout-flow\">\n<figure class=\"wp-block-image size-full\"><img loading=\"lazy\" decoding=\"async\" width=\"800\" height=\"450\" src=\"https:\/\/www.ruiqigo.com\/wp-content\/uploads\/2024\/07\/2.jpg\" alt=\"\" class=\"wp-image-739\" srcset=\"https:\/\/www.ruiqigo.com\/wp-content\/uploads\/2024\/07\/2.jpg 800w, https:\/\/www.ruiqigo.com\/wp-content\/uploads\/2024\/07\/2-768x432.jpg 768w\" sizes=\"(max-width: 800px) 100vw, 800px\" \/><\/figure>\n<\/div>\n<\/div>\n\n\n\n<h2 class=\"wp-block-heading has-text-align-center\"><strong>Slutsats<\/strong><strong><\/strong><\/h2>\n\n\n\n<p>3TOP f\u00f6rst\u00e5r att h\u00e5llbar utveckling inte bara \u00e4r en slogan, utan ocks\u00e5 en handling. D\u00e4rf\u00f6r deltar 3TOP aktivt i olika milj\u00f6m\u00e4ssiga offentliga v\u00e4lf\u00e4rdsaktiviteter, f\u00f6respr\u00e5kar konceptet gr\u00f6n konsumtion och fr\u00e4mjar utvecklingen av branschen i en mer milj\u00f6v\u00e4nlig och h\u00e5llbar riktning. Vi hoppas att fler m\u00e4nniskor genom v\u00e5ra anstr\u00e4ngningar ska f\u00f6rst\u00e5 och uppm\u00e4rksamma h\u00e5llbar utveckling och tillsammans bidra till jordens framtid. Att v\u00e4lja v\u00e5ra dagliga kemiska produkter \u00e4r att v\u00e4lja omsorg och ansvar f\u00f6r jorden och kommande generationer. L\u00e5t oss bevittna en gr\u00f6nare och b\u00e4ttre framtid!<\/p>","protected":false},"excerpt":{"rendered":"China&#8217;s industries are focusing on the &#8216;dual-carbon&#8217; goal, which aims to reduce carbon emissions and pollution. This is important for making the economy and society more environmentally friendly and sustainable. The daily skincare industry is also working towards this goal. 3TOP supports the idea of sustainable development and has done well in saving energy, reducing [&hellip;]","protected":false},"author":9,"featured_media":717,"parent":0,"menu_order":0,"comment_status":"closed","ping_status":"closed","template":"","meta":{"footnotes":""},"class_list":["post-8","page","type-page","status-publish","has-post-thumbnail","hentry"],"acf":[],"_links":{"self":[{"href":"https:\/\/www.ruiqigo.com\/sv\/wp-json\/wp\/v2\/pages\/8","targetHints":{"allow":["GET"]}}],"collection":[{"href":"https:\/\/www.ruiqigo.com\/sv\/wp-json\/wp\/v2\/pages"}],"about":[{"href":"https:\/\/www.ruiqigo.com\/sv\/wp-json\/wp\/v2\/types\/page"}],"author":[{"embeddable":true,"href":"https:\/\/www.ruiqigo.com\/sv\/wp-json\/wp\/v2\/users\/9"}],"replies":[{"embeddable":true,"href":"https:\/\/www.ruiqigo.com\/sv\/wp-json\/wp\/v2\/comments?post=8"}],"version-history":[{"count":0,"href":"https:\/\/www.ruiqigo.com\/sv\/wp-json\/wp\/v2\/pages\/8\/revisions"}],"wp:featuredmedia":[{"embeddable":true,"href":"https:\/\/www.ruiqigo.com\/sv\/wp-json\/wp\/v2\/media\/717"}],"wp:attachment":[{"href":"https:\/\/www.ruiqigo.com\/sv\/wp-json\/wp\/v2\/media?parent=8"}],"curies":[{"name":"wp","href":"https:\/\/api.w.org\/{rel}","templated":true}]}}