{"id":835,"date":"2024-07-30T15:57:32","date_gmt":"2024-07-30T07:57:32","guid":{"rendered":"https:\/\/ruiqigo.com\/?page_id=835"},"modified":"2024-12-24T10:10:52","modified_gmt":"2024-12-24T02:10:52","slug":"cookie-policy","status":"publish","type":"page","link":"https:\/\/www.ruiqigo.com\/sv\/cookie-policy","title":{"rendered":"Cookiepolicy"},"content":{"rendered":"<h3 class=\"wp-block-heading\">Vad \u00e4r cookies?<\/h3>\n\n\n\n<p>En cookiefil ger oss inte \u00e5tkomst till din enhet eller annan information om dig \u00e4n den data du v\u00e4ljer att dela med oss, och den kan inneh\u00e5lla en anonym unik identifierare.<\/p>\n\n\n\n<h3 class=\"wp-block-heading\">Hur anv\u00e4nder vi cookies?<\/h3>\n\n\n\n<p>Vi anv\u00e4nder cookies f\u00f6r att sp\u00e5ra aktiviteten p\u00e5 Aerotechs webbplats och f\u00f6r att h\u00e5lla viss information.<\/p>\n\n\n\n<p>Exempel p\u00e5 cookies vi kan anv\u00e4nda och hur vi kan anv\u00e4nda dem inkluderar:<\/p>\n\n\n\n<ul class=\"wp-block-list\">\n<li>Sessionscookies: Dessa cookies anv\u00e4nds f\u00f6r att driva webbplatsen och tas bort fr\u00e5n din enhet i slutet av din surfsession.<\/li>\n\n\n\n<li>Preferenscookies: Dessa cookies anv\u00e4nds f\u00f6r att komma ih\u00e5g dina preferenser och olika inst\u00e4llningar.<\/li>\n\n\n\n<li>S\u00e4kerhetscookies: Dessa cookies aktiverar och st\u00f6der v\u00e5ra s\u00e4kerhetsfunktioner och hj\u00e4lper oss att uppt\u00e4cka skadlig aktivitet.<\/li>\n\n\n\n<li>Statistikkakor: Dessa cookies anv\u00e4nds f\u00f6r att identifiera vilka sidor p\u00e5 v\u00e5r webbplats som bes\u00f6ks och anv\u00e4nds. Detta hj\u00e4lper oss att analysera data om webbsidestrafik, till exempel med Google Analytics, f\u00f6r att f\u00f6rb\u00e4ttra v\u00e5r webbplats. Vi anv\u00e4nder endast denna information f\u00f6r statistisk analys och sedan tas uppgifterna bort fr\u00e5n systemet.<\/li>\n<\/ul>\n\n\n\n<h3 class=\"wp-block-heading\">Kontroll av cookies<\/h3>\n\n\n\n<p>Du kan v\u00e4lja att acceptera eller avb\u00f6ja cookies. Om du hellre inte vill anv\u00e4nda cookies p\u00e5 v\u00e5r webbplats kan du kontrollera eller v\u00e4lja bort p\u00e5 f\u00f6ljande s\u00e4tt:<\/p>\n\n\n\n<ul class=\"wp-block-list\">\n<li>Du kan ocks\u00e5 konfigurera dina webbl\u00e4sarinst\u00e4llningar f\u00f6r att avvisa cookies. Du kan ocks\u00e5 radera alla cookies som redan finns p\u00e5 din dators h\u00e5rddisk genom att s\u00f6ka efter och ta bort filer med &quot;cookie&quot; i.<\/li>\n\n\n\n<li>F\u00f6r att kontrollera insamlingen av data f\u00f6r analytiska \u00e4ndam\u00e5l av Google Analytics kan du bes\u00f6ka den h\u00e4r sidan.<\/li>\n<\/ul>\n\n\n\n<p>T\u00e4nk p\u00e5 att om du avvisar eller inaktiverar cookies kan det inneb\u00e4ra att du kanske inte har tillg\u00e5ng till vissa funktioner p\u00e5 webbplatsen. Att ta bort alla cookies fr\u00e5n din dator kan ocks\u00e5 p\u00e5verka dina efterf\u00f6ljande bes\u00f6k p\u00e5 vissa webbplatser, inklusive MugFactory-webbplatsen, genom att kr\u00e4va att du anger viss information igen n\u00e4r du kommer tillbaka.<\/p>\n\n\n\n<p>F\u00f6r information om hur annan personlig information kan samlas in och anv\u00e4ndas av 3TOP, bes\u00f6k v\u00e5r integritetspolicy.<\/p>","protected":false},"excerpt":{"rendered":"What are cookies? A cookie file does not give us access to your device or any information about you other than the data you choose to share with us, and it may include an anonymous unique identifier. How do we use cookies? We use cookies to track the activity on the Aerotech Website and hold [&hellip;]","protected":false},"author":9,"featured_media":0,"parent":0,"menu_order":0,"comment_status":"closed","ping_status":"closed","template":"","meta":{"footnotes":""},"class_list":["post-835","page","type-page","status-publish","hentry"],"acf":[],"_links":{"self":[{"href":"https:\/\/www.ruiqigo.com\/sv\/wp-json\/wp\/v2\/pages\/835","targetHints":{"allow":["GET"]}}],"collection":[{"href":"https:\/\/www.ruiqigo.com\/sv\/wp-json\/wp\/v2\/pages"}],"about":[{"href":"https:\/\/www.ruiqigo.com\/sv\/wp-json\/wp\/v2\/types\/page"}],"author":[{"embeddable":true,"href":"https:\/\/www.ruiqigo.com\/sv\/wp-json\/wp\/v2\/users\/9"}],"replies":[{"embeddable":true,"href":"https:\/\/www.ruiqigo.com\/sv\/wp-json\/wp\/v2\/comments?post=835"}],"version-history":[{"count":0,"href":"https:\/\/www.ruiqigo.com\/sv\/wp-json\/wp\/v2\/pages\/835\/revisions"}],"wp:attachment":[{"href":"https:\/\/www.ruiqigo.com\/sv\/wp-json\/wp\/v2\/media?parent=835"}],"curies":[{"name":"wp","href":"https:\/\/api.w.org\/{rel}","templated":true}]}}