{"id":895,"date":"2024-08-12T23:16:02","date_gmt":"2024-08-12T15:16:02","guid":{"rendered":"https:\/\/ruiqigo.com\/?page_id=895"},"modified":"2024-08-15T15:20:45","modified_gmt":"2024-08-15T07:20:45","slug":"contact-us-successfully","status":"publish","type":"page","link":"https:\/\/www.ruiqigo.com\/sv\/contact-us-successfully","title":{"rendered":"Kontakta oss framg\u00e5ngsrikt!"},"content":{"rendered":"<p><\/p>\n\n\n\n<p>Ditt meddelande har skickats till 3TOP-teamet och vi \u00e5terkommer till dig s\u00e5 snart som m\u00f6jligt.<\/p>","protected":false},"excerpt":{"rendered":"Ditt meddelande har skickats till 3TOP-teamet och vi \u00e5terkommer till dig s\u00e5 snart som m\u00f6jligt.","protected":false},"author":9,"featured_media":906,"parent":0,"menu_order":0,"comment_status":"closed","ping_status":"closed","template":"page-thank.php","meta":{"footnotes":""},"class_list":["post-895","page","type-page","status-publish","has-post-thumbnail","hentry"],"acf":[],"_links":{"self":[{"href":"https:\/\/www.ruiqigo.com\/sv\/wp-json\/wp\/v2\/pages\/895","targetHints":{"allow":["GET"]}}],"collection":[{"href":"https:\/\/www.ruiqigo.com\/sv\/wp-json\/wp\/v2\/pages"}],"about":[{"href":"https:\/\/www.ruiqigo.com\/sv\/wp-json\/wp\/v2\/types\/page"}],"author":[{"embeddable":true,"href":"https:\/\/www.ruiqigo.com\/sv\/wp-json\/wp\/v2\/users\/9"}],"replies":[{"embeddable":true,"href":"https:\/\/www.ruiqigo.com\/sv\/wp-json\/wp\/v2\/comments?post=895"}],"version-history":[{"count":0,"href":"https:\/\/www.ruiqigo.com\/sv\/wp-json\/wp\/v2\/pages\/895\/revisions"}],"wp:featuredmedia":[{"embeddable":true,"href":"https:\/\/www.ruiqigo.com\/sv\/wp-json\/wp\/v2\/media\/906"}],"wp:attachment":[{"href":"https:\/\/www.ruiqigo.com\/sv\/wp-json\/wp\/v2\/media?parent=895"}],"curies":[{"name":"wp","href":"https:\/\/api.w.org\/{rel}","templated":true}]}}